{"id":8287,"date":"2024-09-27T13:48:58","date_gmt":"2024-09-27T05:48:58","guid":{"rendered":"https:\/\/am-material.com\/?page_id=8287"},"modified":"2024-09-27T15:26:15","modified_gmt":"2024-09-27T07:26:15","slug":"cm247lc-spherical-nickel-based-alloy-powder","status":"publish","type":"page","link":"https:\/\/am-material.com\/tr\/nickel-based-powders\/cm247lc-spherical-nickel-based-alloy-powder\/","title":{"rendered":"CM247LC K\u00fcresel Nikel Esasl\u0131 Ala\u015f\u0131m Tozu"},"content":{"rendered":"\t\t<div data-elementor-type=\"wp-page\" data-elementor-id=\"8287\" class=\"elementor elementor-8287\" data-elementor-post-type=\"page\">\n\t\t\t\t\t\t<section data-particle_enable=\"false\" data-particle-mobile-disabled=\"false\" class=\"elementor-section elementor-top-section elementor-element elementor-element-7f5cd6ac elementor-section-content-middle elementor-section-boxed elementor-section-height-default elementor-section-height-default\" data-id=\"7f5cd6ac\" data-element_type=\"section\" data-e-type=\"section\" data-settings=\"{&quot;background_background&quot;:&quot;classic&quot;}\">\n\t\t\t\t\t\t<div class=\"elementor-container elementor-column-gap-no\">\n\t\t\t\t\t<div class=\"elementor-column elementor-col-100 elementor-top-column elementor-element elementor-element-fb19e5a\" data-id=\"fb19e5a\" data-element_type=\"column\" data-e-type=\"column\">\n\t\t\t<div class=\"elementor-widget-wrap elementor-element-populated\">\n\t\t\t\t\t\t<div class=\"elementor-element elementor-element-2b030d6b elementor-widget elementor-widget-heading\" data-id=\"2b030d6b\" data-element_type=\"widget\" data-e-type=\"widget\" data-widget_type=\"heading.default\">\n\t\t\t\t<div class=\"elementor-widget-container\">\n\t\t\t\t\t<h4 class=\"elementor-heading-title elementor-size-default\">CM247LC Spherical Nickel Based Alloy Powder<\/h4>\t\t\t\t<\/div>\n\t\t\t\t<\/div>\n\t\t\t\t<div class=\"elementor-element elementor-element-1d2374cb elementor-widget elementor-widget-heading\" data-id=\"1d2374cb\" data-element_type=\"widget\" data-e-type=\"widget\" data-widget_type=\"heading.default\">\n\t\t\t\t<div class=\"elementor-widget-container\">\n\t\t\t\t\t<h5 class=\"elementor-heading-title elementor-size-default\">Shanghai Truer Technology Co,.LTD\u00a0 <\/h5>\t\t\t\t<\/div>\n\t\t\t\t<\/div>\n\t\t\t\t<div class=\"elementor-element elementor-element-6cc0768 elementor-button-align-stretch elementor-widget elementor-widget-form\" data-id=\"6cc0768\" data-element_type=\"widget\" data-e-type=\"widget\" data-settings=\"{&quot;button_width&quot;:&quot;25&quot;,&quot;step_next_label&quot;:&quot;Next&quot;,&quot;step_previous_label&quot;:&quot;Previous&quot;,&quot;step_type&quot;:&quot;number_text&quot;,&quot;step_icon_shape&quot;:&quot;circle&quot;}\" data-widget_type=\"form.default\">\n\t\t\t\t<div class=\"elementor-widget-container\">\n\t\t\t\t\t\t\t<form class=\"elementor-form\" method=\"post\" name=\"New Form\" aria-label=\"New Form\">\n\t\t\t<input type=\"hidden\" name=\"post_id\" value=\"8287\"\/>\n\t\t\t<input type=\"hidden\" name=\"form_id\" value=\"6cc0768\"\/>\n\t\t\t<input type=\"hidden\" name=\"referer_title\" value=\"CM247LC Spherical Nickel Based Alloy Powder | Additive Manufacturing Material\" \/>\n\n\t\t\t\t\t\t\t<input type=\"hidden\" name=\"queried_id\" value=\"8287\"\/>\n\t\t\t\n\t\t\t<div class=\"elementor-form-fields-wrapper elementor-labels-\">\n\t\t\t\t\t\t\t\t<div class=\"elementor-field-type-text elementor-field-group elementor-column elementor-field-group-bbb6253 elementor-col-25\">\n\t\t\t\t\t\t\t\t\t\t\t\t<label for=\"form-field-bbb6253\" class=\"elementor-field-label elementor-screen-only\">\n\t\t\t\t\t\t\t\tFirst Name\t\t\t\t\t\t\t<\/label>\n\t\t\t\t\t\t\t\t\t\t\t\t\t\t<input size=\"1\" type=\"text\" name=\"form_fields[bbb6253]\" id=\"form-field-bbb6253\" class=\"elementor-field elementor-size-md  elementor-field-textual\" placeholder=\"First Name\">\n\t\t\t\t\t\t\t\t\t\t\t<\/div>\n\t\t\t\t\t\t\t\t<div class=\"elementor-field-type-text elementor-field-group elementor-column elementor-field-group-3bfa688 elementor-col-25\">\n\t\t\t\t\t\t\t\t\t\t\t\t<label for=\"form-field-3bfa688\" class=\"elementor-field-label elementor-screen-only\">\n\t\t\t\t\t\t\t\tTEL\t\t\t\t\t\t\t<\/label>\n\t\t\t\t\t\t\t\t\t\t\t\t\t\t<input size=\"1\" type=\"text\" name=\"form_fields[3bfa688]\" id=\"form-field-3bfa688\" class=\"elementor-field elementor-size-md  elementor-field-textual\" placeholder=\"TEL\">\n\t\t\t\t\t\t\t\t\t\t\t<\/div>\n\t\t\t\t\t\t\t\t<div class=\"elementor-field-type-email elementor-field-group elementor-column elementor-field-group-email elementor-col-25 elementor-field-required\">\n\t\t\t\t\t\t\t\t\t\t\t\t<label for=\"form-field-email\" class=\"elementor-field-label elementor-screen-only\">\n\t\t\t\t\t\t\t\tEmail\t\t\t\t\t\t\t<\/label>\n\t\t\t\t\t\t\t\t\t\t\t\t\t\t<input size=\"1\" type=\"email\" name=\"form_fields[email]\" id=\"form-field-email\" class=\"elementor-field elementor-size-md  elementor-field-textual\" placeholder=\"Your Email\" required=\"required\">\n\t\t\t\t\t\t\t\t\t\t\t<\/div>\n\t\t\t\t\t\t\t\t<div class=\"elementor-field-group elementor-column elementor-field-type-submit elementor-col-25 e-form__buttons\">\n\t\t\t\t\t<button class=\"elementor-button elementor-size-md\" type=\"submit\">\n\t\t\t\t\t\t<span class=\"elementor-button-content-wrapper\">\n\t\t\t\t\t\t\t\t\t\t\t\t\t\t\t\t\t\t\t\t\t\t<span class=\"elementor-button-text\">inquiry<\/span>\n\t\t\t\t\t\t\t\t\t\t\t\t\t<\/span>\n\t\t\t\t\t<\/button>\n\t\t\t\t<\/div>\n\t\t\t<\/div>\n\t\t<\/form>\n\t\t\t\t\t\t<\/div>\n\t\t\t\t<\/div>\n\t\t\t\t\t<\/div>\n\t\t<\/div>\n\t\t\t\t\t<\/div>\n\t\t<\/section>\n\t\t\t\t<section data-particle_enable=\"false\" data-particle-mobile-disabled=\"false\" class=\"elementor-section elementor-top-section elementor-element elementor-element-da89716 elementor-section-boxed elementor-section-height-default elementor-section-height-default\" data-id=\"da89716\" data-element_type=\"section\" data-e-type=\"section\">\n\t\t\t\t\t\t<div class=\"elementor-container elementor-column-gap-default\">\n\t\t\t\t\t<div class=\"elementor-column elementor-col-100 elementor-top-column elementor-element elementor-element-aa42861\" data-id=\"aa42861\" data-element_type=\"column\" data-e-type=\"column\">\n\t\t\t<div class=\"elementor-widget-wrap elementor-element-populated\">\n\t\t\t\t\t\t<div class=\"elementor-element elementor-element-2930b9d elementor-widget elementor-widget-shortcode\" data-id=\"2930b9d\" data-element_type=\"widget\" data-e-type=\"widget\" data-widget_type=\"shortcode.default\">\n\t\t\t\t<div class=\"elementor-widget-container\">\n\t\t\t\t\t\t\t<div class=\"elementor-shortcode\"><nav aria-label=\"breadcrumbs\" class=\"rank-math-breadcrumb\"><p><span class=\"last\">Home<\/span><\/p><\/nav><\/div>\n\t\t\t\t\t\t<\/div>\n\t\t\t\t<\/div>\n\t\t\t\t\t<\/div>\n\t\t<\/div>\n\t\t\t\t\t<\/div>\n\t\t<\/section>\n\t\t\t\t<section data-particle_enable=\"false\" data-particle-mobile-disabled=\"false\" class=\"elementor-section elementor-top-section elementor-element elementor-element-b385ffb elementor-section-boxed elementor-section-height-default elementor-section-height-default\" data-id=\"b385ffb\" data-element_type=\"section\" data-e-type=\"section\">\n\t\t\t\t\t\t<div class=\"elementor-container elementor-column-gap-default\">\n\t\t\t\t\t<div class=\"elementor-column elementor-col-100 elementor-top-column elementor-element elementor-element-e846a21\" data-id=\"e846a21\" data-element_type=\"column\" data-e-type=\"column\">\n\t\t\t<div class=\"elementor-widget-wrap elementor-element-populated\">\n\t\t\t\t\t\t<div class=\"elementor-element elementor-element-8da6b55 elementor-widget-divider--view-line_icon elementor-view-default elementor-widget-divider--element-align-center elementor-widget elementor-widget-divider\" data-id=\"8da6b55\" data-element_type=\"widget\" data-e-type=\"widget\" data-widget_type=\"divider.default\">\n\t\t\t\t<div class=\"elementor-widget-container\">\n\t\t\t\t\t\t\t<div class=\"elementor-divider\">\n\t\t\t<span class=\"elementor-divider-separator\">\n\t\t\t\t\t\t\t<div class=\"elementor-icon elementor-divider__element\">\n\t\t\t\t\t<i aria-hidden=\"true\" class=\"fas fa-star\"><\/i><\/div>\n\t\t\t\t\t\t<\/span>\n\t\t<\/div>\n\t\t\t\t\t\t<\/div>\n\t\t\t\t<\/div>\n\t\t\t\t<div class=\"elementor-element elementor-element-f592414 elementor-widget elementor-widget-heading\" data-id=\"f592414\" data-element_type=\"widget\" data-e-type=\"widget\" data-widget_type=\"heading.default\">\n\t\t\t\t<div class=\"elementor-widget-container\">\n\t\t\t\t\t<h2 class=\"elementor-heading-title elementor-size-default\">CM247LC Spherical Nickel Based Alloy Powder<\/h2>\t\t\t\t<\/div>\n\t\t\t\t<\/div>\n\t\t\t\t<div class=\"elementor-element elementor-element-357fd4e elementor-widget elementor-widget-text-editor\" data-id=\"357fd4e\" data-element_type=\"widget\" data-e-type=\"widget\" data-widget_type=\"text-editor.default\">\n\t\t\t\t<div class=\"elementor-widget-container\">\n\t\t\t\t\t\t\t\t\t<div class=\"elementor-element elementor-element-38d5c18 elementor-widget elementor-widget-text-editor\" data-id=\"38d5c18\" data-element_type=\"widget\" data-widget_type=\"text-editor.default\"><div class=\"elementor-widget-container\"><div class=\"elementor-text-editor elementor-clearfix\"><p>CM247LC Spherical Nickel Based Alloy Powder is a kind of low carbon nickel based alloy powder with nickel as the main element and adding some other elements such as cobalt, chromium, tungsten, tantalum, aluminum and hafnium which help to be precipitation hardening directional solidification columnar superalloy, and its service temperature can be reached to 1050\u00b0C. It has good creep and fatigue resistance, high strength and oxidation and corrosion resistance which is used in aerospace industry, oil and gas industry specially in applications involving high temperature and corrosive environments.<\/p><p>Truer can provide high-quality CM247LC powder at a competitive price with different particle size, 15-45um, 15-53um, 45-105um, 45-150um or customized. It can be produced by Gas tomized process with powder sphericity more than 0.92% and also by PREP (plasma rotating electrode process) for higher sphericity.<\/p><\/div><\/div><\/div>\t\t\t\t\t\t\t\t<\/div>\n\t\t\t\t<\/div>\n\t\t\t\t<div class=\"elementor-element elementor-element-8a69f6e elementor-widget elementor-widget-text-editor\" data-id=\"8a69f6e\" data-element_type=\"widget\" data-e-type=\"widget\" data-widget_type=\"text-editor.default\">\n\t\t\t\t<div class=\"elementor-widget-container\">\n\t\t\t\t\t\t\t\t\t<table style=\"text-align: center;\">\n<tbody>\n<tr>\n<td colspan=\"7\" bgcolor=\"lightblue\">CHEMICAL COMPOSITION (wt%)<\/td>\n<\/tr>\n<tr>\n<td>Cr<\/td>\n<td>Co<\/td>\n<td>W<\/td>\n<td>Mo<\/td>\n<td>Hf<\/td>\n<td>Al<\/td>\n<td>Ti<\/td>\n<\/tr>\n<tr>\n<td>8.0-8.5%<\/td>\n<td>9.1-9.4%<\/td>\n<td>9.309.7%<\/td>\n<td>0.4-0.6%<\/td>\n<td>1.3-1.6%<\/td>\n<td>5.5-5.7%<\/td>\n<td>0.6-0.8%<\/td>\n<\/tr>\n<tr>\n<td>Ta<\/td>\n<td>B<\/td>\n<td>Zr<\/td>\n<td>Mn<\/td>\n<td>Si<\/td>\n<td>Nb<\/td>\n<td>V<\/td>\n<\/tr>\n<tr>\n<td>3.1-3.3%<\/td>\n<td>0.005-0.03%<\/td>\n<td>\u22640.02%<\/td>\n<td>\u22640.03%<\/td>\n<td>\u22640.03%<\/td>\n<td>\u22640.05%<\/td>\n<td>\u22640.05%<\/td>\n<\/tr>\n<tr>\n<td>Re<\/td>\n<td>C<\/td>\n<td>N<\/td>\n<td>O<\/td>\n<td>Mg<\/td>\n<td>Ni<\/td>\n<td><\/td>\n<\/tr>\n<tr>\n<td>\u22640.05%<\/td>\n<td>0.7-0.09%<\/td>\n<td>0.01%<\/td>\n<td>0.02%<\/td>\n<td>0.007%<\/td>\n<td>Balance<\/td>\n<td><\/td>\n<\/tr>\n\n<\/tbody>\n<\/table>\t\t\t\t\t\t\t\t<\/div>\n\t\t\t\t<\/div>\n\t\t\t\t\t<\/div>\n\t\t<\/div>\n\t\t\t\t\t<\/div>\n\t\t<\/section>\n\t\t\t\t<section data-particle_enable=\"false\" data-particle-mobile-disabled=\"false\" class=\"elementor-section elementor-top-section elementor-element elementor-element-3df6f7e elementor-section-boxed elementor-section-height-default elementor-section-height-default\" data-id=\"3df6f7e\" data-element_type=\"section\" data-e-type=\"section\">\n\t\t\t\t\t\t<div class=\"elementor-container elementor-column-gap-default\">\n\t\t\t\t\t<div class=\"elementor-column elementor-col-25 elementor-top-column elementor-element elementor-element-f5d2a4f\" data-id=\"f5d2a4f\" data-element_type=\"column\" data-e-type=\"column\">\n\t\t\t<div class=\"elementor-widget-wrap\">\n\t\t\t\t\t\t\t<\/div>\n\t\t<\/div>\n\t\t\t\t<div class=\"elementor-column elementor-col-50 elementor-top-column elementor-element elementor-element-102eef7\" data-id=\"102eef7\" data-element_type=\"column\" data-e-type=\"column\">\n\t\t\t<div class=\"elementor-widget-wrap elementor-element-populated\">\n\t\t\t\t\t\t<div class=\"elementor-element elementor-element-7743dd1 elementor-widget elementor-widget-heading\" data-id=\"7743dd1\" data-element_type=\"widget\" data-e-type=\"widget\" data-widget_type=\"heading.default\">\n\t\t\t\t<div class=\"elementor-widget-container\">\n\t\t\t\t\t<h4 class=\"elementor-heading-title elementor-size-default\">SEM PHOTO PREP POWDER<\/h4>\t\t\t\t<\/div>\n\t\t\t\t<\/div>\n\t\t\t\t<div class=\"elementor-element elementor-element-505ef39 elementor-widget elementor-widget-image\" data-id=\"505ef39\" data-element_type=\"widget\" data-e-type=\"widget\" data-widget_type=\"image.default\">\n\t\t\t\t<div class=\"elementor-widget-container\">\n\t\t\t\t\t\t\t\t\t\t\t\t\t\t\t<img fetchpriority=\"high\" decoding=\"async\" width=\"1024\" height=\"768\" src=\"https:\/\/am-material.com\/wp-content\/uploads\/2024\/09\/SEM-PHOTO-PREP-POWDER-1024x768.jpg\" class=\"attachment-large size-large wp-image-8291\" alt=\"SiC Powder\" srcset=\"https:\/\/am-material.com\/wp-content\/uploads\/2024\/09\/SEM-PHOTO-PREP-POWDER-1024x768.jpg 1024w, https:\/\/am-material.com\/wp-content\/uploads\/2024\/09\/SEM-PHOTO-PREP-POWDER-300x225.jpg 300w, https:\/\/am-material.com\/wp-content\/uploads\/2024\/09\/SEM-PHOTO-PREP-POWDER-768x576.jpg 768w, https:\/\/am-material.com\/wp-content\/uploads\/2024\/09\/SEM-PHOTO-PREP-POWDER-16x12.jpg 16w, https:\/\/am-material.com\/wp-content\/uploads\/2024\/09\/SEM-PHOTO-PREP-POWDER.jpg 1280w\" sizes=\"(max-width: 1024px) 100vw, 1024px\" title=\"\">\t\t\t\t\t\t\t\t\t\t\t\t\t\t\t<\/div>\n\t\t\t\t<\/div>\n\t\t\t\t\t<\/div>\n\t\t<\/div>\n\t\t\t\t<div class=\"elementor-column elementor-col-25 elementor-top-column elementor-element elementor-element-25d7ec5\" data-id=\"25d7ec5\" data-element_type=\"column\" data-e-type=\"column\">\n\t\t\t<div class=\"elementor-widget-wrap\">\n\t\t\t\t\t\t\t<\/div>\n\t\t<\/div>\n\t\t\t\t\t<\/div>\n\t\t<\/section>\n\t\t\t\t<section data-particle_enable=\"false\" data-particle-mobile-disabled=\"false\" class=\"elementor-section elementor-top-section elementor-element elementor-element-c00a7b0 elementor-section-boxed elementor-section-height-default elementor-section-height-default\" data-id=\"c00a7b0\" data-element_type=\"section\" data-e-type=\"section\">\n\t\t\t\t\t\t<div class=\"elementor-container elementor-column-gap-default\">\n\t\t\t\t\t<div class=\"elementor-column elementor-col-100 elementor-top-column elementor-element elementor-element-2df8f98\" data-id=\"2df8f98\" data-element_type=\"column\" data-e-type=\"column\">\n\t\t\t<div class=\"elementor-widget-wrap elementor-element-populated\">\n\t\t\t\t\t\t<div class=\"elementor-element elementor-element-97427ab elementor-widget elementor-widget-button\" data-id=\"97427ab\" data-element_type=\"widget\" data-e-type=\"widget\" data-widget_type=\"button.default\">\n\t\t\t\t<div class=\"elementor-widget-container\">\n\t\t\t\t\t\t\t\t\t<div class=\"elementor-button-wrapper\">\n\t\t\t\t\t<a class=\"elementor-button elementor-button-link elementor-size-sm\" href=\"#elementor-action%3Aaction%3Dpopup%3Aopen%26settings%3DeyJpZCI6Ijc5OTUiLCJ0b2dnbGUiOmZhbHNlfQ%3D%3D\">\n\t\t\t\t\t\t<span class=\"elementor-button-content-wrapper\">\n\t\t\t\t\t\t\t\t\t<span class=\"elementor-button-text\">Technical Data Sheet<\/span>\n\t\t\t\t\t<\/span>\n\t\t\t\t\t<\/a>\n\t\t\t\t<\/div>\n\t\t\t\t\t\t\t\t<\/div>\n\t\t\t\t<\/div>\n\t\t\t\t\t<\/div>\n\t\t<\/div>\n\t\t\t\t\t<\/div>\n\t\t<\/section>\n\t\t\t\t<\/div>\n\t\t","protected":false},"excerpt":{"rendered":"<p>CM247LC Spherical Nickel Based Alloy Powder Shanghai Truer Technology Co,.LTD\u00a0 CM247LC Spherical Nickel Based Alloy Powder CM247LC Spherical Nickel Based Alloy Powder is a kind of low carbon nickel based alloy powder with nickel as the main element and adding some other elements such as cobalt, chromium, tungsten, tantalum, aluminum and hafnium which help to [&hellip;]<\/p>\n","protected":false},"author":5,"featured_media":0,"parent":6193,"menu_order":0,"comment_status":"closed","ping_status":"closed","template":"","meta":{"site-sidebar-layout":"no-sidebar","site-content-layout":"page-builder","ast-site-content-layout":"full-width-container","site-content-style":"unboxed","site-sidebar-style":"unboxed","ast-global-header-display":"","ast-banner-title-visibility":"","ast-main-header-display":"","ast-hfb-above-header-display":"","ast-hfb-below-header-display":"","ast-hfb-mobile-header-display":"","site-post-title":"disabled","ast-breadcrumbs-content":"","ast-featured-img":"disabled","footer-sml-layout":"","ast-disable-related-posts":"","theme-transparent-header-meta":"default","adv-header-id-meta":"","stick-header-meta":"default","header-above-stick-meta":"","header-main-stick-meta":"","header-below-stick-meta":"","astra-migrate-meta-layouts":"set","ast-page-background-enabled":"default","ast-page-background-meta":{"desktop":{"background-color":"","background-image":"","background-repeat":"repeat","background-position":"center center","background-size":"auto","background-attachment":"scroll","background-type":"","background-media":"","overlay-type":"","overlay-color":"","overlay-opacity":"","overlay-gradient":""},"tablet":{"background-color":"","background-image":"","background-repeat":"repeat","background-position":"center center","background-size":"auto","background-attachment":"scroll","background-type":"","background-media":"","overlay-type":"","overlay-color":"","overlay-opacity":"","overlay-gradient":""},"mobile":{"background-color":"","background-image":"","background-repeat":"repeat","background-position":"center center","background-size":"auto","background-attachment":"scroll","background-type":"","background-media":"","overlay-type":"","overlay-color":"","overlay-opacity":"","overlay-gradient":""}},"ast-content-background-meta":{"desktop":{"background-color":"var(--ast-global-color-5)","background-image":"","background-repeat":"repeat","background-position":"center center","background-size":"auto","background-attachment":"scroll","background-type":"","background-media":"","overlay-type":"","overlay-color":"","overlay-opacity":"","overlay-gradient":""},"tablet":{"background-color":"var(--ast-global-color-5)","background-image":"","background-repeat":"repeat","background-position":"center center","background-size":"auto","background-attachment":"scroll","background-type":"","background-media":"","overlay-type":"","overlay-color":"","overlay-opacity":"","overlay-gradient":""},"mobile":{"background-color":"var(--ast-global-color-5)","background-image":"","background-repeat":"repeat","background-position":"center center","background-size":"auto","background-attachment":"scroll","background-type":"","background-media":"","overlay-type":"","overlay-color":"","overlay-opacity":"","overlay-gradient":""}},"footnotes":""},"folder":[42],"class_list":["post-8287","page","type-page","status-publish","hentry"],"_links":{"self":[{"href":"https:\/\/am-material.com\/tr\/wp-json\/wp\/v2\/pages\/8287","targetHints":{"allow":["GET"]}}],"collection":[{"href":"https:\/\/am-material.com\/tr\/wp-json\/wp\/v2\/pages"}],"about":[{"href":"https:\/\/am-material.com\/tr\/wp-json\/wp\/v2\/types\/page"}],"author":[{"embeddable":true,"href":"https:\/\/am-material.com\/tr\/wp-json\/wp\/v2\/users\/5"}],"replies":[{"embeddable":true,"href":"https:\/\/am-material.com\/tr\/wp-json\/wp\/v2\/comments?post=8287"}],"version-history":[{"count":4,"href":"https:\/\/am-material.com\/tr\/wp-json\/wp\/v2\/pages\/8287\/revisions"}],"predecessor-version":[{"id":8294,"href":"https:\/\/am-material.com\/tr\/wp-json\/wp\/v2\/pages\/8287\/revisions\/8294"}],"up":[{"embeddable":true,"href":"https:\/\/am-material.com\/tr\/wp-json\/wp\/v2\/pages\/6193"}],"wp:attachment":[{"href":"https:\/\/am-material.com\/tr\/wp-json\/wp\/v2\/media?parent=8287"}],"wp:term":[{"taxonomy":"folder","embeddable":true,"href":"https:\/\/am-material.com\/tr\/wp-json\/wp\/v2\/folder?post=8287"}],"curies":[{"name":"wp","href":"https:\/\/api.w.org\/{rel}","templated":true}]}}