{"id":7457,"date":"2024-05-30T17:10:11","date_gmt":"2024-05-30T09:10:11","guid":{"rendered":"https:\/\/am-material.com\/?page_id=7457"},"modified":"2024-05-30T17:20:05","modified_gmt":"2024-05-30T09:20:05","slug":"fep18-powder-iron-phosphorus-powder","status":"publish","type":"page","link":"https:\/\/am-material.com\/tr\/fep18-powder-iron-phosphorus-powder\/","title":{"rendered":"FeP18 tozu \u2503Demir fosfor tozu"},"content":{"rendered":"<div data-elementor-type=\"wp-page\" data-elementor-id=\"7457\" class=\"elementor elementor-7457\" data-elementor-post-type=\"page\">\n\t\t\t\t\t\t<section data-particle_enable=\"false\" data-particle-mobile-disabled=\"false\" class=\"elementor-section elementor-top-section elementor-element elementor-element-05b542a elementor-section-boxed elementor-section-height-default elementor-section-height-default\" data-id=\"05b542a\" data-element_type=\"section\" data-e-type=\"section\">\n\t\t\t\t\t\t<div class=\"elementor-container elementor-column-gap-default\">\n\t\t\t\t\t<div class=\"elementor-column elementor-col-100 elementor-top-column elementor-element elementor-element-45e1996\" data-id=\"45e1996\" data-element_type=\"column\" data-e-type=\"column\">\n\t\t\t<div class=\"elementor-widget-wrap elementor-element-populated\">\n\t\t\t\t\t\t<div class=\"elementor-element elementor-element-231646e elementor-widget elementor-widget-spacer\" data-id=\"231646e\" data-element_type=\"widget\" data-e-type=\"widget\" data-widget_type=\"spacer.default\">\n\t\t\t\t<div class=\"elementor-widget-container\">\n\t\t\t\t\t\t\t<div class=\"elementor-spacer\">\n\t\t\t<div class=\"elementor-spacer-inner\"><\/div>\n\t\t<\/div>\n\t\t\t\t\t\t<\/div>\n\t\t\t\t<\/div>\n\t\t\t\t\t<\/div>\n\t\t<\/div>\n\t\t\t\t\t<\/div>\n\t\t<\/section>\n\t\t\t\t<section data-particle_enable=\"false\" data-particle-mobile-disabled=\"false\" class=\"elementor-section elementor-top-section elementor-element elementor-element-390c2d2 elementor-section-boxed elementor-section-height-default elementor-section-height-default\" data-id=\"390c2d2\" data-element_type=\"section\" data-e-type=\"section\">\n\t\t\t\t\t\t<div class=\"elementor-container elementor-column-gap-default\">\n\t\t\t\t\t<div class=\"elementor-column elementor-col-50 elementor-top-column elementor-element elementor-element-d81f461\" data-id=\"d81f461\" data-element_type=\"column\" data-e-type=\"column\">\n\t\t\t<div class=\"elementor-widget-wrap elementor-element-populated\">\n\t\t\t\t\t\t<div class=\"elementor-element elementor-element-1d67c15 elementor-widget elementor-widget-image\" data-id=\"1d67c15\" data-element_type=\"widget\" data-e-type=\"widget\" data-widget_type=\"image.default\">\n\t\t\t\t<div class=\"elementor-widget-container\">\n\t\t\t\t\t\t\t\t\t\t\t\t\t\t\t<img fetchpriority=\"high\" decoding=\"async\" width=\"550\" height=\"366\" src=\"https:\/\/am-material.com\/wp-content\/uploads\/2024\/05\/\uff26e-powder.png\" class=\"attachment-large size-large wp-image-7460\" alt=\"\" srcset=\"https:\/\/am-material.com\/wp-content\/uploads\/2024\/05\/\uff26e-powder.png 550w, https:\/\/am-material.com\/wp-content\/uploads\/2024\/05\/\uff26e-powder-300x200.png 300w, https:\/\/am-material.com\/wp-content\/uploads\/2024\/05\/\uff26e-powder-18x12.png 18w\" sizes=\"(max-width: 550px) 100vw, 550px\" title=\"\">\t\t\t\t\t\t\t\t\t\t\t\t\t\t\t<\/div>\n\t\t\t\t<\/div>\n\t\t\t\t<div class=\"elementor-element elementor-element-5e4db95 elementor-align-center elementor-widget elementor-widget-button\" data-id=\"5e4db95\" data-element_type=\"widget\" data-e-type=\"widget\" data-widget_type=\"button.default\">\n\t\t\t\t<div class=\"elementor-widget-container\">\n\t\t\t\t\t\t\t\t\t<div class=\"elementor-button-wrapper\">\n\t\t\t\t\t<a class=\"elementor-button elementor-button-link elementor-size-sm\" href=\"#elementor-action%3Aaction%3Dpopup%3Aopen%26settings%3DeyJpZCI6IjYyODgiLCJ0b2dnbGUiOmZhbHNlfQ%3D%3D\">\n\t\t\t\t\t\t<span class=\"elementor-button-content-wrapper\">\n\t\t\t\t\t\t\t\t\t<span class=\"elementor-button-text\">\u015eimdi Sorgula<\/span>\n\t\t\t\t\t<\/span>\n\t\t\t\t\t<\/a>\n\t\t\t\t<\/div>\n\t\t\t\t\t\t\t\t<\/div>\n\t\t\t\t<\/div>\n\t\t\t\t\t<\/div>\n\t\t<\/div>\n\t\t\t\t<div class=\"elementor-column elementor-col-50 elementor-top-column elementor-element elementor-element-093e26f\" data-id=\"093e26f\" data-element_type=\"column\" data-e-type=\"column\">\n\t\t\t<div class=\"elementor-widget-wrap elementor-element-populated\">\n\t\t\t\t\t\t<div class=\"elementor-element elementor-element-a5b80f1 elementor-widget elementor-widget-text-editor\" data-id=\"a5b80f1\" data-element_type=\"widget\" data-e-type=\"widget\" data-widget_type=\"text-editor.default\">\n\t\t\t\t<div class=\"elementor-widget-container\">\n\t\t\t\t\t\t\t\t\t<p>FeP18, y\u00fcksek sertlik, y\u00fcksek mukavemet, iyi plastisite, iyi tokluk, ge\u00e7 plastik k\u0131r\u0131lgan k\u0131r\u0131lma ve iyi toz metalurjisi \u00fcr\u00fcnlerinin hava ge\u00e7irmez performans\u0131 i\u00e7in gereksinimlerin \u00fcretiminde kullan\u0131labilir. Valf kanallar\u0131, otomotiv ABS fren ind\u00fcksiyon di\u015fli halkas\u0131 gibi.<\/p>\t\t\t\t\t\t\t\t<\/div>\n\t\t\t\t<\/div>\n\t\t\t\t<div class=\"elementor-element elementor-element-e6500cc elementor-widget elementor-widget-text-editor\" data-id=\"e6500cc\" data-element_type=\"widget\" data-e-type=\"widget\" data-widget_type=\"text-editor.default\">\n\t\t\t\t<div class=\"elementor-widget-container\">\n\t\t\t\t\t\t\t\t\t<p>Fe ve FeP sinterlendi\u011finde sinterlemeyi te\u015fvik eder, sinterleme s\u00fcrecini h\u0131zland\u0131r\u0131r ve \u00f6tektik reaksiyonlar olu\u015fturur.<br \/>Fe-Fe3P-L(P), P'nin s\u0131v\u0131 faz\u0131 ile br\u00fctteki s\u0131v\u0131 faz\u0131 emme etkisi alt\u0131nda demir par\u00e7ac\u0131klar\u0131n\u0131n etraf\u0131na getirilir ve k\u0131sa s\u00fcre sonra r-Fe'ye yay\u0131l\u0131r, so\u011futulduktan ve \u03b1-Fe(P) i\u00e7inde eritildikten sonra \u00fcr\u00fcn g\u00fc\u00e7lendirilir.<\/p>\t\t\t\t\t\t\t\t<\/div>\n\t\t\t\t<\/div>\n\t\t\t\t\t<\/div>\n\t\t<\/div>\n\t\t\t\t\t<\/div>\n\t\t<\/section>\n\t\t\t\t<section data-particle_enable=\"false\" data-particle-mobile-disabled=\"false\" class=\"elementor-section elementor-top-section elementor-element elementor-element-c6dbe75 elementor-section-boxed elementor-section-height-default elementor-section-height-default\" data-id=\"c6dbe75\" data-element_type=\"section\" data-e-type=\"section\">\n\t\t\t\t\t\t<div class=\"elementor-container elementor-column-gap-default\">\n\t\t\t\t\t<div class=\"elementor-column elementor-col-50 elementor-top-column elementor-element elementor-element-73d1099\" data-id=\"73d1099\" data-element_type=\"column\" data-e-type=\"column\">\n\t\t\t<div class=\"elementor-widget-wrap elementor-element-populated\">\n\t\t\t\t\t\t<div class=\"elementor-element elementor-element-0174b89 elementor-widget elementor-widget-text-editor\" data-id=\"0174b89\" data-element_type=\"widget\" data-e-type=\"widget\" data-widget_type=\"text-editor.default\">\n\t\t\t\t<div class=\"elementor-widget-container\">\n\t\t\t\t\t\t\t\t\t<p><strong>\u00d6zellikler<\/strong><\/p><p>Aktivasyon sinterlemesi, kat\u0131 \u00e7\u00f6zelti g\u00fc\u00e7lendirme, g\u00f6zeneklerin y\u00fczey gerilimini art\u0131rma rol\u00fcn\u00fc oynar, b\u00f6ylece g\u00f6zenekler k\u00fcresel bir hal al\u0131r, kapal\u0131 g\u00f6zeneklerin doldurulmas\u0131nda rol oynar, \u00fcr\u00fcnlerin yo\u011funlu\u011funu art\u0131r\u0131r, \u00fcr\u00fcn plastisitesini ve toklu\u011funu art\u0131r\u0131rken \u00fcr\u00fcn mukavemetini art\u0131r\u0131r, \u00fcr\u00fcn hava ge\u00e7irmezlik performans\u0131n\u0131 art\u0131rabilir.<br \/>Yumu\u015fak manyetik malzeme \u00fcr\u00fcn direncini art\u0131rabilir, girdap ak\u0131m\u0131 etkisini azaltabilir ve \u0131s\u0131 \u00fcretimi sa\u011flayabilir.<\/p>\t\t\t\t\t\t\t\t<\/div>\n\t\t\t\t<\/div>\n\t\t\t\t\t<\/div>\n\t\t<\/div>\n\t\t\t\t<div class=\"elementor-column elementor-col-50 elementor-top-column elementor-element elementor-element-fd336e6\" data-id=\"fd336e6\" data-element_type=\"column\" data-e-type=\"column\">\n\t\t\t<div class=\"elementor-widget-wrap elementor-element-populated\">\n\t\t\t\t\t\t<div class=\"elementor-element elementor-element-5f3e9b6 elementor-widget elementor-widget-image\" data-id=\"5f3e9b6\" data-element_type=\"widget\" data-e-type=\"widget\" data-widget_type=\"image.default\">\n\t\t\t\t<div class=\"elementor-widget-container\">\n\t\t\t\t\t\t\t\t\t\t\t\t\t\t\t<img decoding=\"async\" width=\"550\" height=\"400\" src=\"https:\/\/am-material.com\/wp-content\/uploads\/2024\/05\/FeP18-powder.png\" class=\"attachment-large size-large wp-image-7461\" alt=\"\" srcset=\"https:\/\/am-material.com\/wp-content\/uploads\/2024\/05\/FeP18-powder.png 550w, https:\/\/am-material.com\/wp-content\/uploads\/2024\/05\/FeP18-powder-300x218.png 300w, https:\/\/am-material.com\/wp-content\/uploads\/2024\/05\/FeP18-powder-18x12.png 18w\" sizes=\"(max-width: 550px) 100vw, 550px\" title=\"\">\t\t\t\t\t\t\t\t\t\t\t\t\t\t\t<\/div>\n\t\t\t\t<\/div>\n\t\t\t\t\t<\/div>\n\t\t<\/div>\n\t\t\t\t\t<\/div>\n\t\t<\/section>\n\t\t\t\t<section data-particle_enable=\"false\" data-particle-mobile-disabled=\"false\" class=\"elementor-section elementor-top-section elementor-element elementor-element-e8da684 elementor-section-boxed elementor-section-height-default elementor-section-height-default\" data-id=\"e8da684\" data-element_type=\"section\" data-e-type=\"section\">\n\t\t\t\t\t\t<div class=\"elementor-container elementor-column-gap-default\">\n\t\t\t\t\t<div class=\"elementor-column elementor-col-100 elementor-top-column elementor-element elementor-element-4756dd8\" data-id=\"4756dd8\" data-element_type=\"column\" data-e-type=\"column\">\n\t\t\t<div class=\"elementor-widget-wrap elementor-element-populated\">\n\t\t\t\t\t\t<div class=\"elementor-element elementor-element-6848ddb elementor-widget elementor-widget-text-editor\" data-id=\"6848ddb\" data-element_type=\"widget\" data-e-type=\"widget\" data-widget_type=\"text-editor.default\">\n\t\t\t\t<div class=\"elementor-widget-container\">\n\t\t\t\t\t\t\t\t\tFe-P demir bazl\u0131 \u00fcr\u00fcnler, %0,45 P i\u00e7eri\u011finde, sinterleme mukavemetine ula\u015fabilir\n300N\/mm2 \u03b4=%3-5 ak=40J\n\u03b4b=400N\/mm2 ak=20-40J Fe-P-C sisteminde.<\/br>\n\n<strong>\u00dcr\u00fcn A\u00e7\u0131klamas\u0131<\/strong>\nMarka FeP18\nKalite standard\u0131: \u2265\u2265\nG\u00f6r\u00fcn\u00fcm: g\u00fcm\u00fc\u015fi gri toz\nPartik\u00fcl boyutu: \u226410\u03bcm (ortalama partik\u00fcl boyutu)<\/br>\n\n<strong>Paketleme ve Ta\u015f\u0131ma<\/strong>\n1. ambalaj: m\u00fc\u015fteri ihtiya\u00e7lar\u0131na g\u00f6re.\n2. nakliye: Tehlikeli olmayan mallar, normal kara, deniz ve hava ta\u015f\u0131mac\u0131l\u0131\u011f\u0131 i\u00e7in uygundur.\t\t\t\t\t\t\t\t<\/div>\n\t\t\t\t<\/div>\n\t\t\t\t\t<\/div>\n\t\t<\/div>\n\t\t\t\t\t<\/div>\n\t\t<\/section>\n\t\t\t\t<section data-particle_enable=\"false\" data-particle-mobile-disabled=\"false\" class=\"elementor-section elementor-top-section elementor-element elementor-element-8479d0d elementor-section-boxed elementor-section-height-default elementor-section-height-default\" data-id=\"8479d0d\" data-element_type=\"section\" data-e-type=\"section\">\n\t\t\t\t\t\t<div class=\"elementor-container elementor-column-gap-default\">\n\t\t\t\t\t<div class=\"elementor-column elementor-col-100 elementor-top-column elementor-element elementor-element-bcc63c1\" data-id=\"bcc63c1\" data-element_type=\"column\" data-e-type=\"column\">\n\t\t\t<div class=\"elementor-widget-wrap elementor-element-populated\">\n\t\t\t\t\t\t<div class=\"elementor-element elementor-element-1210764 elementor-widget elementor-widget-image\" data-id=\"1210764\" data-element_type=\"widget\" data-e-type=\"widget\" data-widget_type=\"image.default\">\n\t\t\t\t<div class=\"elementor-widget-container\">\n\t\t\t\t\t\t\t\t\t\t\t\t\t\t\t<img decoding=\"async\" width=\"852\" height=\"1024\" src=\"https:\/\/am-material.com\/wp-content\/uploads\/2024\/05\/\uff2doS2\u3000production-852x1024.png\" class=\"attachment-large size-large wp-image-7389\" alt=\"\" srcset=\"https:\/\/am-material.com\/wp-content\/uploads\/2024\/05\/\uff2doS2\u3000production-852x1024.png 852w, https:\/\/am-material.com\/wp-content\/uploads\/2024\/05\/\uff2doS2\u3000production-249x300.png 249w, https:\/\/am-material.com\/wp-content\/uploads\/2024\/05\/\uff2doS2\u3000production-768x923.png 768w, https:\/\/am-material.com\/wp-content\/uploads\/2024\/05\/\uff2doS2\u3000production-10x12.png 10w, https:\/\/am-material.com\/wp-content\/uploads\/2024\/05\/\uff2doS2\u3000production.png 1067w\" sizes=\"(max-width: 852px) 100vw, 852px\" title=\"\">\t\t\t\t\t\t\t\t\t\t\t\t\t\t\t<\/div>\n\t\t\t\t<\/div>\n\t\t\t\t\t<\/div>\n\t\t<\/div>\n\t\t\t\t\t<\/div>\n\t\t<\/section>\n\t\t\t\t<\/div>","protected":false},"excerpt":{"rendered":"<p>Inquiry Now FeP18 can be used in the manufacture of requirements for high hardness, high strength, good plasticity, good toughness, late plastic is not brittle fracture and airtight performance of good powder metallurgy products. Such as valve ducts, automotive ABS brake induction gear ring. Promote sintering, accelerate the sintering process, and form eutectic reactions when [&hellip;]<\/p>\n","protected":false},"author":5,"featured_media":0,"parent":0,"menu_order":0,"comment_status":"closed","ping_status":"closed","template":"","meta":{"site-sidebar-layout":"no-sidebar","site-content-layout":"page-builder","ast-site-content-layout":"full-width-container","site-content-style":"default","site-sidebar-style":"default","ast-global-header-display":"","ast-banner-title-visibility":"","ast-main-header-display":"","ast-hfb-above-header-display":"","ast-hfb-below-header-display":"","ast-hfb-mobile-header-display":"","site-post-title":"disabled","ast-breadcrumbs-content":"","ast-featured-img":"disabled","footer-sml-layout":"","ast-disable-related-posts":"","theme-transparent-header-meta":"","adv-header-id-meta":"","stick-header-meta":"","header-above-stick-meta":"","header-main-stick-meta":"","header-below-stick-meta":"","astra-migrate-meta-layouts":"set","ast-page-background-enabled":"default","ast-page-background-meta":{"desktop":{"background-color":"","background-image":"","background-repeat":"repeat","background-position":"center center","background-size":"auto","background-attachment":"scroll","background-type":"","background-media":"","overlay-type":"","overlay-color":"","overlay-opacity":"","overlay-gradient":""},"tablet":{"background-color":"","background-image":"","background-repeat":"repeat","background-position":"center center","background-size":"auto","background-attachment":"scroll","background-type":"","background-media":"","overlay-type":"","overlay-color":"","overlay-opacity":"","overlay-gradient":""},"mobile":{"background-color":"","background-image":"","background-repeat":"repeat","background-position":"center center","background-size":"auto","background-attachment":"scroll","background-type":"","background-media":"","overlay-type":"","overlay-color":"","overlay-opacity":"","overlay-gradient":""}},"ast-content-background-meta":{"desktop":{"background-color":"var(--ast-global-color-5)","background-image":"","background-repeat":"repeat","background-position":"center center","background-size":"auto","background-attachment":"scroll","background-type":"","background-media":"","overlay-type":"","overlay-color":"","overlay-opacity":"","overlay-gradient":""},"tablet":{"background-color":"var(--ast-global-color-5)","background-image":"","background-repeat":"repeat","background-position":"center center","background-size":"auto","background-attachment":"scroll","background-type":"","background-media":"","overlay-type":"","overlay-color":"","overlay-opacity":"","overlay-gradient":""},"mobile":{"background-color":"var(--ast-global-color-5)","background-image":"","background-repeat":"repeat","background-position":"center center","background-size":"auto","background-attachment":"scroll","background-type":"","background-media":"","overlay-type":"","overlay-color":"","overlay-opacity":"","overlay-gradient":""}},"footnotes":""},"folder":[],"class_list":["post-7457","page","type-page","status-publish","hentry"],"_links":{"self":[{"href":"https:\/\/am-material.com\/tr\/wp-json\/wp\/v2\/pages\/7457","targetHints":{"allow":["GET"]}}],"collection":[{"href":"https:\/\/am-material.com\/tr\/wp-json\/wp\/v2\/pages"}],"about":[{"href":"https:\/\/am-material.com\/tr\/wp-json\/wp\/v2\/types\/page"}],"author":[{"embeddable":true,"href":"https:\/\/am-material.com\/tr\/wp-json\/wp\/v2\/users\/5"}],"replies":[{"embeddable":true,"href":"https:\/\/am-material.com\/tr\/wp-json\/wp\/v2\/comments?post=7457"}],"version-history":[{"count":5,"href":"https:\/\/am-material.com\/tr\/wp-json\/wp\/v2\/pages\/7457\/revisions"}],"predecessor-version":[{"id":7465,"href":"https:\/\/am-material.com\/tr\/wp-json\/wp\/v2\/pages\/7457\/revisions\/7465"}],"wp:attachment":[{"href":"https:\/\/am-material.com\/tr\/wp-json\/wp\/v2\/media?parent=7457"}],"wp:term":[{"taxonomy":"folder","embeddable":true,"href":"https:\/\/am-material.com\/tr\/wp-json\/wp\/v2\/folder?post=7457"}],"curies":[{"name":"wp","href":"https:\/\/api.w.org\/{rel}","templated":true}]}}