{"id":7443,"date":"2024-05-30T16:36:28","date_gmt":"2024-05-30T08:36:28","guid":{"rendered":"https:\/\/am-material.com\/?page_id=7443"},"modified":"2024-05-30T17:04:11","modified_gmt":"2024-05-30T09:04:11","slug":"mns-powder-manganese-sulfide","status":"publish","type":"page","link":"https:\/\/am-material.com\/tr\/mns-powder-manganese-sulfide\/","title":{"rendered":"MnS tozu \u2503manganez s\u00fclf\u00fcr"},"content":{"rendered":"<div data-elementor-type=\"wp-page\" data-elementor-id=\"7443\" class=\"elementor elementor-7443\" data-elementor-post-type=\"page\">\n\t\t\t\t\t\t<section data-particle_enable=\"false\" data-particle-mobile-disabled=\"false\" class=\"elementor-section elementor-top-section elementor-element elementor-element-ea837a0 elementor-section-boxed elementor-section-height-default elementor-section-height-default\" data-id=\"ea837a0\" data-element_type=\"section\" data-e-type=\"section\">\n\t\t\t\t\t\t<div class=\"elementor-container elementor-column-gap-default\">\n\t\t\t\t\t<div class=\"elementor-column elementor-col-100 elementor-top-column elementor-element elementor-element-79ee1fc\" data-id=\"79ee1fc\" data-element_type=\"column\" data-e-type=\"column\">\n\t\t\t<div class=\"elementor-widget-wrap elementor-element-populated\">\n\t\t\t\t\t\t<div class=\"elementor-element elementor-element-fb9d446 elementor-widget elementor-widget-spacer\" data-id=\"fb9d446\" data-element_type=\"widget\" data-e-type=\"widget\" data-widget_type=\"spacer.default\">\n\t\t\t\t<div class=\"elementor-widget-container\">\n\t\t\t\t\t\t\t<div class=\"elementor-spacer\">\n\t\t\t<div class=\"elementor-spacer-inner\"><\/div>\n\t\t<\/div>\n\t\t\t\t\t\t<\/div>\n\t\t\t\t<\/div>\n\t\t\t\t\t<\/div>\n\t\t<\/div>\n\t\t\t\t\t<\/div>\n\t\t<\/section>\n\t\t\t\t<section data-particle_enable=\"false\" data-particle-mobile-disabled=\"false\" class=\"elementor-section elementor-top-section elementor-element elementor-element-2b4dc59 elementor-section-boxed elementor-section-height-default elementor-section-height-default\" data-id=\"2b4dc59\" data-element_type=\"section\" data-e-type=\"section\">\n\t\t\t\t\t\t<div class=\"elementor-container elementor-column-gap-default\">\n\t\t\t\t\t<div class=\"elementor-column elementor-col-50 elementor-top-column elementor-element elementor-element-acf1167\" data-id=\"acf1167\" data-element_type=\"column\" data-e-type=\"column\">\n\t\t\t<div class=\"elementor-widget-wrap elementor-element-populated\">\n\t\t\t\t\t\t<div class=\"elementor-element elementor-element-da9689f elementor-widget elementor-widget-image\" data-id=\"da9689f\" data-element_type=\"widget\" data-e-type=\"widget\" data-widget_type=\"image.default\">\n\t\t\t\t<div class=\"elementor-widget-container\">\n\t\t\t\t\t\t\t\t\t\t\t\t\t\t\t<img fetchpriority=\"high\" decoding=\"async\" width=\"600\" height=\"496\" src=\"https:\/\/am-material.com\/wp-content\/uploads\/2024\/05\/\uff2dnS-powder.png\" class=\"attachment-large size-large wp-image-7446\" alt=\"\uff2dnS tozu\" srcset=\"https:\/\/am-material.com\/wp-content\/uploads\/2024\/05\/\uff2dnS-powder.png 600w, https:\/\/am-material.com\/wp-content\/uploads\/2024\/05\/\uff2dnS-powder-300x248.png 300w, https:\/\/am-material.com\/wp-content\/uploads\/2024\/05\/\uff2dnS-powder-15x12.png 15w\" sizes=\"(max-width: 600px) 100vw, 600px\" title=\"\">\t\t\t\t\t\t\t\t\t\t\t\t\t\t\t<\/div>\n\t\t\t\t<\/div>\n\t\t\t\t\t<\/div>\n\t\t<\/div>\n\t\t\t\t<div class=\"elementor-column elementor-col-50 elementor-top-column elementor-element elementor-element-edd25a7\" data-id=\"edd25a7\" data-element_type=\"column\" data-e-type=\"column\">\n\t\t\t<div class=\"elementor-widget-wrap elementor-element-populated\">\n\t\t\t\t\t\t<div class=\"elementor-element elementor-element-1456480 elementor-widget elementor-widget-heading\" data-id=\"1456480\" data-element_type=\"widget\" data-e-type=\"widget\" data-widget_type=\"heading.default\">\n\t\t\t\t<div class=\"elementor-widget-container\">\n\t\t\t\t\t<h4 class=\"elementor-heading-title elementor-size-default\">MnS \u00dcr\u00fcn \u00d6zellikleri<\/h4>\t\t\t\t<\/div>\n\t\t\t\t<\/div>\n\t\t\t\t<div class=\"elementor-element elementor-element-9915b1a elementor-widget elementor-widget-text-editor\" data-id=\"9915b1a\" data-element_type=\"widget\" data-e-type=\"widget\" data-widget_type=\"text-editor.default\">\n\t\t\t\t<div class=\"elementor-widget-container\">\n\t\t\t\t\t\t\t\t\t<p>MnS, toz metalurjisi par\u00e7alar\u0131 i\u00e7in \u00f6zel bir kesme maddesidir. Kuru halde i\u015fleme ve kesme kenar\u0131 \u00fczerinde aral\u0131kl\u0131 etki gibi \u00f6zellikler nedeniyle, toz metalurjisi par\u00e7alar\u0131n\u0131n tak\u0131m \u00f6mr\u00fc i\u015fleme s\u0131ras\u0131nda \u00f6nemli \u00f6l\u00e7\u00fcde artar.<br \/>Molibden dis\u00fclf\u00fcr, tak\u0131m \u00f6mr\u00fcn\u00fc birka\u00e7 kat uzatmak i\u00e7in kat\u0131 hal ya\u011flama ve tala\u015f k\u0131rma i\u00e7in benzersiz bir \u015fekilde tasarlanm\u0131\u015ft\u0131r. \u00dcr\u00fcn\u00fcn s\u00fclf\u00fcr varl\u0131\u011f\u0131na izin verdi\u011fi durumlarda, bu manganez s\u00fclf\u00fcr ilk tercih olacakt\u0131r ve son derece uygun maliyetlidir<\/p>\t\t\t\t\t\t\t\t<\/div>\n\t\t\t\t<\/div>\n\t\t\t\t<div class=\"elementor-element elementor-element-a758c08 elementor-align-center elementor-widget elementor-widget-button\" data-id=\"a758c08\" data-element_type=\"widget\" data-e-type=\"widget\" data-widget_type=\"button.default\">\n\t\t\t\t<div class=\"elementor-widget-container\">\n\t\t\t\t\t\t\t\t\t<div class=\"elementor-button-wrapper\">\n\t\t\t\t\t<a class=\"elementor-button elementor-button-link elementor-size-sm\" href=\"#elementor-action%3Aaction%3Dpopup%3Aopen%26settings%3DeyJpZCI6IjYyODgiLCJ0b2dnbGUiOmZhbHNlfQ%3D%3D\">\n\t\t\t\t\t\t<span class=\"elementor-button-content-wrapper\">\n\t\t\t\t\t\t\t\t\t<span class=\"elementor-button-text\">\u015eimdi Sorgula<\/span>\n\t\t\t\t\t<\/span>\n\t\t\t\t\t<\/a>\n\t\t\t\t<\/div>\n\t\t\t\t\t\t\t\t<\/div>\n\t\t\t\t<\/div>\n\t\t\t\t\t<\/div>\n\t\t<\/div>\n\t\t\t\t\t<\/div>\n\t\t<\/section>\n\t\t\t\t<section data-particle_enable=\"false\" data-particle-mobile-disabled=\"false\" class=\"elementor-section elementor-top-section elementor-element elementor-element-7e6565d elementor-section-boxed elementor-section-height-default elementor-section-height-default\" data-id=\"7e6565d\" data-element_type=\"section\" data-e-type=\"section\">\n\t\t\t\t\t\t<div class=\"elementor-container elementor-column-gap-default\">\n\t\t\t\t\t<div class=\"elementor-column elementor-col-25 elementor-top-column elementor-element elementor-element-3f92047\" data-id=\"3f92047\" data-element_type=\"column\" data-e-type=\"column\">\n\t\t\t<div class=\"elementor-widget-wrap elementor-element-populated\">\n\t\t\t\t\t\t<div class=\"elementor-element elementor-element-e188f1c elementor-widget elementor-widget-text-editor\" data-id=\"e188f1c\" data-element_type=\"widget\" data-e-type=\"widget\" data-widget_type=\"text-editor.default\">\n\t\t\t\t<div class=\"elementor-widget-container\">\n\t\t\t\t\t\t\t\t\t<h3><strong>D\u00fczg\u00fcn Par\u00e7ac\u0131k Boyutu<\/strong><\/h3><p>\u00dcr\u00fcn kimyasal olarak kararl\u0131d\u0131r ve 1200 \u2103 \u00fczerindeki y\u00fcksek s\u0131cakl\u0131\u011fa dayan\u0131kl\u0131d\u0131r; sinterleme i\u015flemi, sinterleme atmosferi ve \u00e7evresindeki matris ile kimyasal bir reaksiyon olu\u015fturmaz, b\u00f6ylece sinterlemeden sonra kesme performans\u0131n\u0131 sa\u011flar.<\/p>\t\t\t\t\t\t\t\t<\/div>\n\t\t\t\t<\/div>\n\t\t\t\t\t<\/div>\n\t\t<\/div>\n\t\t\t\t<div class=\"elementor-column elementor-col-25 elementor-top-column elementor-element elementor-element-fb8c62d\" data-id=\"fb8c62d\" data-element_type=\"column\" data-e-type=\"column\">\n\t\t\t<div class=\"elementor-widget-wrap elementor-element-populated\">\n\t\t\t\t\t\t<div class=\"elementor-element elementor-element-017916e elementor-widget elementor-widget-text-editor\" data-id=\"017916e\" data-element_type=\"widget\" data-e-type=\"widget\" data-widget_type=\"text-editor.default\">\n\t\t\t\t<div class=\"elementor-widget-container\">\n\t\t\t\t\t\t\t\t\t<h3><strong>\u0130yi Da\u011f\u0131l\u0131m<\/strong><\/h3><p>Kesme maddesi, t\u00fcm alanlarda istikrarl\u0131 ve tutarl\u0131 kesme sonu\u00e7lar\u0131 sa\u011flamak i\u00e7in tozun i\u00e7ine kolayca ve e\u015fit bir \u015fekilde da\u011f\u0131l\u0131r.<\/p>\t\t\t\t\t\t\t\t<\/div>\n\t\t\t\t<\/div>\n\t\t\t\t\t<\/div>\n\t\t<\/div>\n\t\t\t\t<div class=\"elementor-column elementor-col-25 elementor-top-column elementor-element elementor-element-a63793a\" data-id=\"a63793a\" data-element_type=\"column\" data-e-type=\"column\">\n\t\t\t<div class=\"elementor-widget-wrap elementor-element-populated\">\n\t\t\t\t\t\t<div class=\"elementor-element elementor-element-de6cdc4 elementor-widget elementor-widget-text-editor\" data-id=\"de6cdc4\" data-element_type=\"widget\" data-e-type=\"widget\" data-widget_type=\"text-editor.default\">\n\t\t\t\t<div class=\"elementor-widget-container\">\n\t\t\t\t\t\t\t\t\t<h3><b>Boyutsal Kararl\u0131l\u0131k<\/b><\/h3><p>Kesme maddesinin sinterlenmi\u015f par\u00e7alar\u0131n boyutsal de\u011fi\u015fiklikleri \u00fczerinde \u00e7ok az etkisi vard\u0131r, bu da \u00fcr\u00fcn\u00fcn boyutsal do\u011frulu\u011funun korunmas\u0131na yard\u0131mc\u0131 olur.<\/p>\t\t\t\t\t\t\t\t<\/div>\n\t\t\t\t<\/div>\n\t\t\t\t\t<\/div>\n\t\t<\/div>\n\t\t\t\t<div class=\"elementor-column elementor-col-25 elementor-top-column elementor-element elementor-element-4283954\" data-id=\"4283954\" data-element_type=\"column\" data-e-type=\"column\">\n\t\t\t<div class=\"elementor-widget-wrap elementor-element-populated\">\n\t\t\t\t\t\t<div class=\"elementor-element elementor-element-999d4a5 elementor-widget elementor-widget-text-editor\" data-id=\"999d4a5\" data-element_type=\"widget\" data-e-type=\"widget\" data-widget_type=\"text-editor.default\">\n\t\t\t\t<div class=\"elementor-widget-container\">\n\t\t\t\t\t\t\t\t\t<h3><strong>Y\u00fczey Temizli\u011fi<\/strong><\/h3><p>Sinterlenmi\u015f par\u00e7alar temiz, parlak bir g\u00f6r\u00fcn\u00fcme sahiptir ve paslanmaya yol a\u00e7abilecek ilave lekeler olu\u015fturmaz.<\/p>\t\t\t\t\t\t\t\t<\/div>\n\t\t\t\t<\/div>\n\t\t\t\t\t<\/div>\n\t\t<\/div>\n\t\t\t\t\t<\/div>\n\t\t<\/section>\n\t\t\t\t<section data-particle_enable=\"false\" data-particle-mobile-disabled=\"false\" class=\"elementor-section elementor-top-section elementor-element elementor-element-bdf4440 elementor-section-boxed elementor-section-height-default elementor-section-height-default\" data-id=\"bdf4440\" data-element_type=\"section\" data-e-type=\"section\">\n\t\t\t\t\t\t<div class=\"elementor-container elementor-column-gap-default\">\n\t\t\t\t\t<div class=\"elementor-column elementor-col-33 elementor-top-column elementor-element elementor-element-b29159e\" data-id=\"b29159e\" data-element_type=\"column\" data-e-type=\"column\">\n\t\t\t<div class=\"elementor-widget-wrap elementor-element-populated\">\n\t\t\t\t\t\t<div class=\"elementor-element elementor-element-4a49692 elementor-widget elementor-widget-text-editor\" data-id=\"4a49692\" data-element_type=\"widget\" data-e-type=\"widget\" data-widget_type=\"text-editor.default\">\n\t\t\t\t<div class=\"elementor-widget-container\">\n\t\t\t\t\t\t\t\t\t<p><strong>Y\u00fcksek Safl\u0131k<\/strong><br \/>\u00dcr\u00fcn safl\u0131\u011f\u0131 \u00e7ok y\u00fcksektir.<br \/><br \/><strong>\u00dcr\u00fcn A\u00e7\u0131klamas\u0131<\/strong><br \/>\u0130nce taneli, ye\u015fil toz.<br \/><br \/><strong>\u00dcr\u00fcn \u00d6zellikleri<\/strong><br \/>Kontrol g\u00f6stergeleri Norm\u00a0\u00a0\u00a0\u00a0\u00a0\u00a0\u00a0\u00a0\u00a0\u00a0\u00a0\u00a0\u00a0<br \/>Is\u0131 kayb\u0131 Maks %0,8\u00a0\u00a0\u00a0\u00a0\u00a0<br \/>Partik\u00fcl boyutu D90 &lt; 10 mikron\u00a0\u00a0<br \/>Aktif bile\u015fen i\u00e7eri\u011fi &gt;\u00a0<br \/>Gev\u015fek yo\u011funluk &gt;2.5g\/cm\u00b3\u00a0<\/p>\t\t\t\t\t\t\t\t<\/div>\n\t\t\t\t<\/div>\n\t\t\t\t\t<\/div>\n\t\t<\/div>\n\t\t\t\t<div class=\"elementor-column elementor-col-66 elementor-top-column elementor-element elementor-element-1fbb8dc\" data-id=\"1fbb8dc\" data-element_type=\"column\" data-e-type=\"column\">\n\t\t\t<div class=\"elementor-widget-wrap elementor-element-populated\">\n\t\t\t\t\t\t<div class=\"elementor-element elementor-element-f1ed6bd elementor-widget elementor-widget-text-editor\" data-id=\"f1ed6bd\" data-element_type=\"widget\" data-e-type=\"widget\" data-widget_type=\"text-editor.default\">\n\t\t\t\t<div class=\"elementor-widget-container\">\n\t\t\t\t\t\t\t\t\t<p><strong>Depolama Ko\u015fullar\u0131<\/strong><br \/>Nem kontrol\u00fc ve s\u0131cakl\u0131k kontrol\u00fc ('\u0131n alt\u0131nda nem, 40\u00b0C'nin alt\u0131nda s\u0131cakl\u0131k),<br \/>a\u00e7\u0131k yerle\u015ftirmeyi \u00f6nlemek i\u00e7in kullan\u0131mdan sonra kapat\u0131l\u0131r, alt\u0131 ay i\u00e7inde kullan\u0131l\u0131r.<br \/>\u00a0<br \/><strong>Kar\u0131\u015ft\u0131rma i\u00e7in \u00f6nerilir<\/strong><br \/>1. A\u011f\u0131rl\u0131k y\u00fczdesi 0,4\uff5e0,5 aras\u0131ndad\u0131r.\u00a0\u00a0\u00a0\u00a0\u00a0<br \/>2. Kapal\u0131 ortamda tart\u0131m, \u00e7ift koni ve V tipi kar\u0131\u015ft\u0131r\u0131c\u0131 i\u00e7in uygundur.<br \/><br \/><strong>Paketleme ve Ta\u015f\u0131ma<\/strong><br \/>1. ambalaj: Plastik veya demir bidonlarda 25 kg net a\u011f\u0131rl\u0131k, polietilen nem ge\u00e7irmez i\u00e7 torba.<br \/>2. nakliye: tehlikeli olmayan mallar, normal kara, deniz ve hava ta\u015f\u0131mac\u0131l\u0131\u011f\u0131 i\u00e7in uygundur.<\/p>\t\t\t\t\t\t\t\t<\/div>\n\t\t\t\t<\/div>\n\t\t\t\t\t<\/div>\n\t\t<\/div>\n\t\t\t\t\t<\/div>\n\t\t<\/section>\n\t\t\t\t<section data-particle_enable=\"false\" data-particle-mobile-disabled=\"false\" class=\"elementor-section elementor-top-section elementor-element elementor-element-dcdc900 elementor-section-boxed elementor-section-height-default elementor-section-height-default\" data-id=\"dcdc900\" data-element_type=\"section\" data-e-type=\"section\">\n\t\t\t\t\t\t<div class=\"elementor-container elementor-column-gap-default\">\n\t\t\t\t\t<div class=\"elementor-column elementor-col-100 elementor-top-column elementor-element elementor-element-88f110b\" data-id=\"88f110b\" data-element_type=\"column\" data-e-type=\"column\">\n\t\t\t<div class=\"elementor-widget-wrap elementor-element-populated\">\n\t\t\t\t\t\t<div class=\"elementor-element elementor-element-8fdc401 elementor-widget elementor-widget-image\" data-id=\"8fdc401\" data-element_type=\"widget\" data-e-type=\"widget\" data-widget_type=\"image.default\">\n\t\t\t\t<div class=\"elementor-widget-container\">\n\t\t\t\t\t\t\t\t\t\t\t\t\t\t\t<img decoding=\"async\" width=\"852\" height=\"1024\" src=\"https:\/\/am-material.com\/wp-content\/uploads\/2024\/05\/\uff2doS2\u3000production-852x1024.png\" class=\"attachment-large size-large wp-image-7389\" alt=\"\" srcset=\"https:\/\/am-material.com\/wp-content\/uploads\/2024\/05\/\uff2doS2\u3000production-852x1024.png 852w, https:\/\/am-material.com\/wp-content\/uploads\/2024\/05\/\uff2doS2\u3000production-249x300.png 249w, https:\/\/am-material.com\/wp-content\/uploads\/2024\/05\/\uff2doS2\u3000production-768x923.png 768w, https:\/\/am-material.com\/wp-content\/uploads\/2024\/05\/\uff2doS2\u3000production-10x12.png 10w, https:\/\/am-material.com\/wp-content\/uploads\/2024\/05\/\uff2doS2\u3000production.png 1067w\" sizes=\"(max-width: 852px) 100vw, 852px\" title=\"\">\t\t\t\t\t\t\t\t\t\t\t\t\t\t\t<\/div>\n\t\t\t\t<\/div>\n\t\t\t\t\t<\/div>\n\t\t<\/div>\n\t\t\t\t\t<\/div>\n\t\t<\/section>\n\t\t\t\t<\/div>","protected":false},"excerpt":{"rendered":"<p>MnS Product Features MnS is a special cutting agent for powder metallurgy parts. Due to characteristics such as dry state machining and intermittent impact on the cutting edge, the tool life of powder metallurgy parts is significantly increased during machining.Molybdenum disulfide is uniquely designed for solid-state lubrication and chip breakage to extend tool life several [&hellip;]<\/p>\n","protected":false},"author":5,"featured_media":0,"parent":0,"menu_order":0,"comment_status":"closed","ping_status":"closed","template":"","meta":{"site-sidebar-layout":"no-sidebar","site-content-layout":"page-builder","ast-site-content-layout":"full-width-container","site-content-style":"default","site-sidebar-style":"default","ast-global-header-display":"","ast-banner-title-visibility":"","ast-main-header-display":"","ast-hfb-above-header-display":"","ast-hfb-below-header-display":"","ast-hfb-mobile-header-display":"","site-post-title":"disabled","ast-breadcrumbs-content":"","ast-featured-img":"disabled","footer-sml-layout":"","ast-disable-related-posts":"","theme-transparent-header-meta":"","adv-header-id-meta":"","stick-header-meta":"","header-above-stick-meta":"","header-main-stick-meta":"","header-below-stick-meta":"","astra-migrate-meta-layouts":"set","ast-page-background-enabled":"default","ast-page-background-meta":{"desktop":{"background-color":"","background-image":"","background-repeat":"repeat","background-position":"center center","background-size":"auto","background-attachment":"scroll","background-type":"","background-media":"","overlay-type":"","overlay-color":"","overlay-opacity":"","overlay-gradient":""},"tablet":{"background-color":"","background-image":"","background-repeat":"repeat","background-position":"center center","background-size":"auto","background-attachment":"scroll","background-type":"","background-media":"","overlay-type":"","overlay-color":"","overlay-opacity":"","overlay-gradient":""},"mobile":{"background-color":"","background-image":"","background-repeat":"repeat","background-position":"center center","background-size":"auto","background-attachment":"scroll","background-type":"","background-media":"","overlay-type":"","overlay-color":"","overlay-opacity":"","overlay-gradient":""}},"ast-content-background-meta":{"desktop":{"background-color":"var(--ast-global-color-5)","background-image":"","background-repeat":"repeat","background-position":"center center","background-size":"auto","background-attachment":"scroll","background-type":"","background-media":"","overlay-type":"","overlay-color":"","overlay-opacity":"","overlay-gradient":""},"tablet":{"background-color":"var(--ast-global-color-5)","background-image":"","background-repeat":"repeat","background-position":"center center","background-size":"auto","background-attachment":"scroll","background-type":"","background-media":"","overlay-type":"","overlay-color":"","overlay-opacity":"","overlay-gradient":""},"mobile":{"background-color":"var(--ast-global-color-5)","background-image":"","background-repeat":"repeat","background-position":"center center","background-size":"auto","background-attachment":"scroll","background-type":"","background-media":"","overlay-type":"","overlay-color":"","overlay-opacity":"","overlay-gradient":""}},"footnotes":""},"folder":[],"class_list":["post-7443","page","type-page","status-publish","hentry"],"_links":{"self":[{"href":"https:\/\/am-material.com\/tr\/wp-json\/wp\/v2\/pages\/7443","targetHints":{"allow":["GET"]}}],"collection":[{"href":"https:\/\/am-material.com\/tr\/wp-json\/wp\/v2\/pages"}],"about":[{"href":"https:\/\/am-material.com\/tr\/wp-json\/wp\/v2\/types\/page"}],"author":[{"embeddable":true,"href":"https:\/\/am-material.com\/tr\/wp-json\/wp\/v2\/users\/5"}],"replies":[{"embeddable":true,"href":"https:\/\/am-material.com\/tr\/wp-json\/wp\/v2\/comments?post=7443"}],"version-history":[{"count":5,"href":"https:\/\/am-material.com\/tr\/wp-json\/wp\/v2\/pages\/7443\/revisions"}],"predecessor-version":[{"id":7450,"href":"https:\/\/am-material.com\/tr\/wp-json\/wp\/v2\/pages\/7443\/revisions\/7450"}],"wp:attachment":[{"href":"https:\/\/am-material.com\/tr\/wp-json\/wp\/v2\/media?parent=7443"}],"wp:term":[{"taxonomy":"folder","embeddable":true,"href":"https:\/\/am-material.com\/tr\/wp-json\/wp\/v2\/folder?post=7443"}],"curies":[{"name":"wp","href":"https:\/\/api.w.org\/{rel}","templated":true}]}}