{"id":7400,"date":"2024-05-30T15:40:14","date_gmt":"2024-05-30T07:40:14","guid":{"rendered":"https:\/\/am-material.com\/?page_id=7400"},"modified":"2024-05-30T16:02:57","modified_gmt":"2024-05-30T08:02:57","slug":"caf2-powder-calcium-fluoride-powder","status":"publish","type":"page","link":"https:\/\/am-material.com\/tr\/caf2-powder-calcium-fluoride-powder\/","title":{"rendered":"CaF2 tozu \u2503Kalsiyum Flor\u00fcr tozu"},"content":{"rendered":"<div data-elementor-type=\"wp-page\" data-elementor-id=\"7400\" class=\"elementor elementor-7400\" data-elementor-post-type=\"page\">\n\t\t\t\t\t\t<section data-particle_enable=\"false\" data-particle-mobile-disabled=\"false\" class=\"elementor-section elementor-top-section elementor-element elementor-element-f9dce6b elementor-section-boxed elementor-section-height-default elementor-section-height-default\" data-id=\"f9dce6b\" data-element_type=\"section\" data-e-type=\"section\">\n\t\t\t\t\t\t<div class=\"elementor-container elementor-column-gap-default\">\n\t\t\t\t\t<div class=\"elementor-column elementor-col-100 elementor-top-column elementor-element elementor-element-17cab87\" data-id=\"17cab87\" data-element_type=\"column\" data-e-type=\"column\">\n\t\t\t<div class=\"elementor-widget-wrap elementor-element-populated\">\n\t\t\t\t\t\t<div class=\"elementor-element elementor-element-2a6d728 elementor-widget elementor-widget-spacer\" data-id=\"2a6d728\" data-element_type=\"widget\" data-e-type=\"widget\" data-widget_type=\"spacer.default\">\n\t\t\t\t<div class=\"elementor-widget-container\">\n\t\t\t\t\t\t\t<div class=\"elementor-spacer\">\n\t\t\t<div class=\"elementor-spacer-inner\"><\/div>\n\t\t<\/div>\n\t\t\t\t\t\t<\/div>\n\t\t\t\t<\/div>\n\t\t\t\t\t<\/div>\n\t\t<\/div>\n\t\t\t\t\t<\/div>\n\t\t<\/section>\n\t\t\t\t<section data-particle_enable=\"false\" data-particle-mobile-disabled=\"false\" class=\"elementor-section elementor-top-section elementor-element elementor-element-8667dc6 elementor-section-boxed elementor-section-height-default elementor-section-height-default\" data-id=\"8667dc6\" data-element_type=\"section\" data-e-type=\"section\">\n\t\t\t\t\t\t<div class=\"elementor-container elementor-column-gap-default\">\n\t\t\t\t\t<div class=\"elementor-column elementor-col-50 elementor-top-column elementor-element elementor-element-dbd1840\" data-id=\"dbd1840\" data-element_type=\"column\" data-e-type=\"column\">\n\t\t\t<div class=\"elementor-widget-wrap elementor-element-populated\">\n\t\t\t\t\t\t<div class=\"elementor-element elementor-element-a4a3ba5 elementor-widget elementor-widget-spacer\" data-id=\"a4a3ba5\" data-element_type=\"widget\" data-e-type=\"widget\" data-widget_type=\"spacer.default\">\n\t\t\t\t<div class=\"elementor-widget-container\">\n\t\t\t\t\t\t\t<div class=\"elementor-spacer\">\n\t\t\t<div class=\"elementor-spacer-inner\"><\/div>\n\t\t<\/div>\n\t\t\t\t\t\t<\/div>\n\t\t\t\t<\/div>\n\t\t\t\t<div class=\"elementor-element elementor-element-1ed00fe elementor-widget elementor-widget-image\" data-id=\"1ed00fe\" data-element_type=\"widget\" data-e-type=\"widget\" data-widget_type=\"image.default\">\n\t\t\t\t<div class=\"elementor-widget-container\">\n\t\t\t\t\t\t\t\t\t\t\t\t\t\t\t<img fetchpriority=\"high\" decoding=\"async\" width=\"1024\" height=\"683\" src=\"https:\/\/am-material.com\/wp-content\/uploads\/2024\/05\/CaF2-powder-1024x683.png\" class=\"attachment-large size-large wp-image-7403\" alt=\"CaF2 toz\" srcset=\"https:\/\/am-material.com\/wp-content\/uploads\/2024\/05\/CaF2-powder-1024x683.png 1024w, https:\/\/am-material.com\/wp-content\/uploads\/2024\/05\/CaF2-powder-300x200.png 300w, https:\/\/am-material.com\/wp-content\/uploads\/2024\/05\/CaF2-powder-768x512.png 768w, https:\/\/am-material.com\/wp-content\/uploads\/2024\/05\/CaF2-powder-18x12.png 18w, https:\/\/am-material.com\/wp-content\/uploads\/2024\/05\/CaF2-powder.png 1200w\" sizes=\"(max-width: 1024px) 100vw, 1024px\" title=\"\">\t\t\t\t\t\t\t\t\t\t\t\t\t\t\t<\/div>\n\t\t\t\t<\/div>\n\t\t\t\t<div class=\"elementor-element elementor-element-84cca3a elementor-align-center elementor-widget elementor-widget-button\" data-id=\"84cca3a\" data-element_type=\"widget\" data-e-type=\"widget\" data-widget_type=\"button.default\">\n\t\t\t\t<div class=\"elementor-widget-container\">\n\t\t\t\t\t\t\t\t\t<div class=\"elementor-button-wrapper\">\n\t\t\t\t\t<a class=\"elementor-button elementor-button-link elementor-size-sm\" href=\"#elementor-action%3Aaction%3Dpopup%3Aopen%26settings%3DeyJpZCI6IjYyODgiLCJ0b2dnbGUiOmZhbHNlfQ%3D%3D\">\n\t\t\t\t\t\t<span class=\"elementor-button-content-wrapper\">\n\t\t\t\t\t\t\t\t\t<span class=\"elementor-button-text\">\u015eimdi Sorgula<\/span>\n\t\t\t\t\t<\/span>\n\t\t\t\t\t<\/a>\n\t\t\t\t<\/div>\n\t\t\t\t\t\t\t\t<\/div>\n\t\t\t\t<\/div>\n\t\t\t\t\t<\/div>\n\t\t<\/div>\n\t\t\t\t<div class=\"elementor-column elementor-col-50 elementor-top-column elementor-element elementor-element-8ac2dcb\" data-id=\"8ac2dcb\" data-element_type=\"column\" data-e-type=\"column\">\n\t\t\t<div class=\"elementor-widget-wrap elementor-element-populated\">\n\t\t\t\t\t\t<div class=\"elementor-element elementor-element-045a6af elementor-widget elementor-widget-heading\" data-id=\"045a6af\" data-element_type=\"widget\" data-e-type=\"widget\" data-widget_type=\"heading.default\">\n\t\t\t\t<div class=\"elementor-widget-container\">\n\t\t\t\t\t<h4 class=\"elementor-heading-title elementor-size-default\">Floresan Kalsiyum Flor\u00fcr\uff08-99,5\uff09<\/h4>\t\t\t\t<\/div>\n\t\t\t\t<\/div>\n\t\t\t\t<div class=\"elementor-element elementor-element-ef5b05f elementor-widget elementor-widget-text-editor\" data-id=\"ef5b05f\" data-element_type=\"widget\" data-e-type=\"widget\" data-widget_type=\"text-editor.default\">\n\t\t\t\t<div class=\"elementor-widget-container\">\n\t\t\t\t\t\t\t\t\t<p>Florit olarak da bilinen florit, florun \u00e7\u0131kar\u0131lmas\u0131nda \u00f6nemli bir mineral olan kalsiyum flor\u00fcrden (CaF2) olu\u015fan bir bile\u015fik olan yayg\u0131n bir halojen\u00fcr mineralidir. Florit bir\u00e7ok renkte bulunur ve ayr\u0131ca \u015feffaf ve renksiz olabilir. \u015eeffaf ve renksiz florit, \u00f6zel optik lensler yapmak i\u00e7in kullan\u0131labilir. Floritin \u00e7elik, al\u00fcminyum \u00fcretiminde eritme maddesi olarak, opal cam \u00fcretiminde, emaye \u00fcr\u00fcnlerinde, kataliz\u00f6rde y\u00fcksek oktanl\u0131 yak\u0131t \u00fcretiminde vb. bir\u00e7ok kullan\u0131m alan\u0131 vard\u0131r. Florit genellikle gran\u00fcler veya topakl\u0131d\u0131r, cams\u0131 bir parlakl\u0131\u011fa sahiptir, daha fazlas\u0131 i\u00e7in ye\u015fil veya mor renktedir.<br \/>\u015eekil: toz, gran\u00fcl, torbalanm\u0131\u015f bitmi\u015f.<\/p>\t\t\t\t\t\t\t\t<\/div>\n\t\t\t\t<\/div>\n\t\t\t\t\t<\/div>\n\t\t<\/div>\n\t\t\t\t\t<\/div>\n\t\t<\/section>\n\t\t\t\t<section data-particle_enable=\"false\" data-particle-mobile-disabled=\"false\" class=\"elementor-section elementor-top-section elementor-element elementor-element-ab7e05a elementor-section-boxed elementor-section-height-default elementor-section-height-default\" data-id=\"ab7e05a\" data-element_type=\"section\" data-e-type=\"section\">\n\t\t\t\t\t\t<div class=\"elementor-container elementor-column-gap-default\">\n\t\t\t\t\t<div class=\"elementor-column elementor-col-100 elementor-top-column elementor-element elementor-element-eabeed4\" data-id=\"eabeed4\" data-element_type=\"column\" data-e-type=\"column\">\n\t\t\t<div class=\"elementor-widget-wrap elementor-element-populated\">\n\t\t\t\t\t\t<div class=\"elementor-element elementor-element-b6304ad elementor-widget elementor-widget-text-editor\" data-id=\"b6304ad\" data-element_type=\"widget\" data-e-type=\"widget\" data-widget_type=\"text-editor.default\">\n\t\t\t\t<div class=\"elementor-widget-container\">\n\t\t\t\t\t\t\t\t\t<p><strong>Floresan Kalsiyum Flor\u00fcr \u00d6zellikleri<\/strong><\/p><p>Kalsiyum flor\u00fcr, esas olarak flor ve flor\u00fcr \u00fcretimi i\u00e7in ana hammadde olarak kullan\u0131lan yeni bir elektro-optik hammadde t\u00fcr\u00fcd\u00fcr. Floresan ekran, floresan lamba ve al\u00fcminyum d\u00f6k\u00fcm end\u00fcstrisi gibi fosforlar\u0131n ana malzemesi olarak do\u011frudan kullan\u0131labilir. Kalsiyum flor\u00fcrl\u00fc di\u015f macunu, optik aletler, optik cam ve y\u00fcksek safl\u0131kta kalsiyum flor\u00fcr gerektiren di\u011fer optik alet end\u00fcstrileri ve ayr\u0131ca k\u0131z\u0131l\u00f6tesi \u0131\u015f\u0131k toplama sistemi, optik lens ve do\u011frultucu gibi optik aletlerin tek kristalinin ana malzemesi.<\/p>\t\t\t\t\t\t\t\t<\/div>\n\t\t\t\t<\/div>\n\t\t\t\t\t<\/div>\n\t\t<\/div>\n\t\t\t\t\t<\/div>\n\t\t<\/section>\n\t\t\t\t<section data-particle_enable=\"false\" data-particle-mobile-disabled=\"false\" class=\"elementor-section elementor-top-section elementor-element elementor-element-8904255 elementor-section-boxed elementor-section-height-default elementor-section-height-default\" data-id=\"8904255\" data-element_type=\"section\" data-e-type=\"section\">\n\t\t\t\t\t\t<div class=\"elementor-container elementor-column-gap-default\">\n\t\t\t\t\t<div class=\"elementor-column elementor-col-100 elementor-top-column elementor-element elementor-element-38fd0d4\" data-id=\"38fd0d4\" data-element_type=\"column\" data-e-type=\"column\">\n\t\t\t<div class=\"elementor-widget-wrap elementor-element-populated\">\n\t\t\t\t\t\t<div class=\"elementor-element elementor-element-4bc8e04 elementor-widget elementor-widget-text-editor\" data-id=\"4bc8e04\" data-element_type=\"widget\" data-e-type=\"widget\" data-widget_type=\"text-editor.default\">\n\t\t\t\t<div class=\"elementor-widget-container\">\n\t\t\t\t\t\t\t\t\t<table border=\"1\" cellspacing=\"0\" cellpadding=\"0\"><tbody><tr><td>CaF2<\/td><td>\u00a098-99.5 %<\/td><\/tr><tr><td>SiO2<\/td><td>\u22640.01%<\/td><\/tr><tr><td>Flor\u00fcr<\/td><td>\u22640.008%<\/td><\/tr><tr><td>Nem<\/td><td>0.35 %<\/td><\/tr><tr><td>S\u00fclfat<\/td><td>\u22640.05%<\/td><\/tr><tr><td>Karbonat<\/td><td>Nitelikli<\/td><\/tr><tr><td>Renk<\/td><td>Ye\u015fil, mavi, kahverengi, sar\u0131, pembe, mor, renksiz vb.<\/td><\/tr><tr><td>Erime noktas\u0131<\/td><td>1270-1350 (\u00b0C)<\/td><\/tr><tr><td>Demir<\/td><td>\u22640.002%<\/td><\/tr><tr><td>A\u011f\u0131r metaller<\/td><td>\u22640.003%<\/td><\/tr><tr><td>Ortalama par\u00e7ac\u0131k boyutu<\/td><td>5-30\u03bcm<\/td><\/tr><\/tbody><\/table>\t\t\t\t\t\t\t\t<\/div>\n\t\t\t\t<\/div>\n\t\t\t\t\t<\/div>\n\t\t<\/div>\n\t\t\t\t\t<\/div>\n\t\t<\/section>\n\t\t\t\t<\/div>","protected":false},"excerpt":{"rendered":"<p>Inquiry Now Fluorescent Calcium Fluoride\uff0898-99.5%\uff09 Fluorite, also known as fluorite, is a common halide mineral that is a compound that is composed of calcium fluoride (CaF2), an important mineral in the extraction of fluorine. Fluorite comes in many colors and can also be transparent and colorless. Transparent and colorless fluorite can be used to make [&hellip;]<\/p>\n","protected":false},"author":5,"featured_media":0,"parent":0,"menu_order":0,"comment_status":"closed","ping_status":"closed","template":"","meta":{"site-sidebar-layout":"no-sidebar","site-content-layout":"page-builder","ast-site-content-layout":"full-width-container","site-content-style":"default","site-sidebar-style":"default","ast-global-header-display":"","ast-banner-title-visibility":"","ast-main-header-display":"","ast-hfb-above-header-display":"","ast-hfb-below-header-display":"","ast-hfb-mobile-header-display":"","site-post-title":"disabled","ast-breadcrumbs-content":"","ast-featured-img":"disabled","footer-sml-layout":"","ast-disable-related-posts":"","theme-transparent-header-meta":"","adv-header-id-meta":"","stick-header-meta":"","header-above-stick-meta":"","header-main-stick-meta":"","header-below-stick-meta":"","astra-migrate-meta-layouts":"set","ast-page-background-enabled":"default","ast-page-background-meta":{"desktop":{"background-color":"","background-image":"","background-repeat":"repeat","background-position":"center center","background-size":"auto","background-attachment":"scroll","background-type":"","background-media":"","overlay-type":"","overlay-color":"","overlay-opacity":"","overlay-gradient":""},"tablet":{"background-color":"","background-image":"","background-repeat":"repeat","background-position":"center center","background-size":"auto","background-attachment":"scroll","background-type":"","background-media":"","overlay-type":"","overlay-color":"","overlay-opacity":"","overlay-gradient":""},"mobile":{"background-color":"","background-image":"","background-repeat":"repeat","background-position":"center center","background-size":"auto","background-attachment":"scroll","background-type":"","background-media":"","overlay-type":"","overlay-color":"","overlay-opacity":"","overlay-gradient":""}},"ast-content-background-meta":{"desktop":{"background-color":"var(--ast-global-color-5)","background-image":"","background-repeat":"repeat","background-position":"center center","background-size":"auto","background-attachment":"scroll","background-type":"","background-media":"","overlay-type":"","overlay-color":"","overlay-opacity":"","overlay-gradient":""},"tablet":{"background-color":"var(--ast-global-color-5)","background-image":"","background-repeat":"repeat","background-position":"center center","background-size":"auto","background-attachment":"scroll","background-type":"","background-media":"","overlay-type":"","overlay-color":"","overlay-opacity":"","overlay-gradient":""},"mobile":{"background-color":"var(--ast-global-color-5)","background-image":"","background-repeat":"repeat","background-position":"center center","background-size":"auto","background-attachment":"scroll","background-type":"","background-media":"","overlay-type":"","overlay-color":"","overlay-opacity":"","overlay-gradient":""}},"footnotes":""},"folder":[],"class_list":["post-7400","page","type-page","status-publish","hentry"],"_links":{"self":[{"href":"https:\/\/am-material.com\/tr\/wp-json\/wp\/v2\/pages\/7400","targetHints":{"allow":["GET"]}}],"collection":[{"href":"https:\/\/am-material.com\/tr\/wp-json\/wp\/v2\/pages"}],"about":[{"href":"https:\/\/am-material.com\/tr\/wp-json\/wp\/v2\/types\/page"}],"author":[{"embeddable":true,"href":"https:\/\/am-material.com\/tr\/wp-json\/wp\/v2\/users\/5"}],"replies":[{"embeddable":true,"href":"https:\/\/am-material.com\/tr\/wp-json\/wp\/v2\/comments?post=7400"}],"version-history":[{"count":18,"href":"https:\/\/am-material.com\/tr\/wp-json\/wp\/v2\/pages\/7400\/revisions"}],"predecessor-version":[{"id":7423,"href":"https:\/\/am-material.com\/tr\/wp-json\/wp\/v2\/pages\/7400\/revisions\/7423"}],"wp:attachment":[{"href":"https:\/\/am-material.com\/tr\/wp-json\/wp\/v2\/media?parent=7400"}],"wp:term":[{"taxonomy":"folder","embeddable":true,"href":"https:\/\/am-material.com\/tr\/wp-json\/wp\/v2\/folder?post=7400"}],"curies":[{"name":"wp","href":"https:\/\/api.w.org\/{rel}","templated":true}]}}