{"id":7378,"date":"2024-05-30T13:27:49","date_gmt":"2024-05-30T05:27:49","guid":{"rendered":"https:\/\/am-material.com\/?page_id=7378"},"modified":"2024-05-30T13:46:24","modified_gmt":"2024-05-30T05:46:24","slug":"mos2-powder","status":"publish","type":"page","link":"https:\/\/am-material.com\/tr\/mos2-powder\/","title":{"rendered":"MoS2 tozu \u2503Molibden dis\u00fclf\u00fcr tozu"},"content":{"rendered":"<div data-elementor-type=\"wp-page\" data-elementor-id=\"7378\" class=\"elementor elementor-7378\" data-elementor-post-type=\"page\">\n\t\t\t\t\t\t<section data-particle_enable=\"false\" data-particle-mobile-disabled=\"false\" class=\"elementor-section elementor-top-section elementor-element elementor-element-77df398 elementor-section-boxed elementor-section-height-default elementor-section-height-default\" data-id=\"77df398\" data-element_type=\"section\" data-e-type=\"section\">\n\t\t\t\t\t\t<div class=\"elementor-container elementor-column-gap-default\">\n\t\t\t\t\t<div class=\"elementor-column elementor-col-100 elementor-top-column elementor-element elementor-element-3fb46a9\" data-id=\"3fb46a9\" data-element_type=\"column\" data-e-type=\"column\">\n\t\t\t<div class=\"elementor-widget-wrap elementor-element-populated\">\n\t\t\t\t\t\t<div class=\"elementor-element elementor-element-078e8f4 elementor-widget elementor-widget-spacer\" data-id=\"078e8f4\" data-element_type=\"widget\" data-e-type=\"widget\" data-widget_type=\"spacer.default\">\n\t\t\t\t<div class=\"elementor-widget-container\">\n\t\t\t\t\t\t\t<div class=\"elementor-spacer\">\n\t\t\t<div class=\"elementor-spacer-inner\"><\/div>\n\t\t<\/div>\n\t\t\t\t\t\t<\/div>\n\t\t\t\t<\/div>\n\t\t\t\t\t<\/div>\n\t\t<\/div>\n\t\t\t\t\t<\/div>\n\t\t<\/section>\n\t\t\t\t<section data-particle_enable=\"false\" data-particle-mobile-disabled=\"false\" class=\"elementor-section elementor-top-section elementor-element elementor-element-cf1dbd4 elementor-section-boxed elementor-section-height-default elementor-section-height-default\" data-id=\"cf1dbd4\" data-element_type=\"section\" data-e-type=\"section\">\n\t\t\t\t\t\t<div class=\"elementor-container elementor-column-gap-default\">\n\t\t\t\t\t<div class=\"elementor-column elementor-col-50 elementor-top-column elementor-element elementor-element-4f867c9\" data-id=\"4f867c9\" data-element_type=\"column\" data-e-type=\"column\">\n\t\t\t<div class=\"elementor-widget-wrap elementor-element-populated\">\n\t\t\t\t\t\t<div class=\"elementor-element elementor-element-2aaaaa0 elementor-widget elementor-widget-spacer\" data-id=\"2aaaaa0\" data-element_type=\"widget\" data-e-type=\"widget\" data-widget_type=\"spacer.default\">\n\t\t\t\t<div class=\"elementor-widget-container\">\n\t\t\t\t\t\t\t<div class=\"elementor-spacer\">\n\t\t\t<div class=\"elementor-spacer-inner\"><\/div>\n\t\t<\/div>\n\t\t\t\t\t\t<\/div>\n\t\t\t\t<\/div>\n\t\t\t\t<div class=\"elementor-element elementor-element-1662c99 elementor-widget elementor-widget-image\" data-id=\"1662c99\" data-element_type=\"widget\" data-e-type=\"widget\" data-widget_type=\"image.default\">\n\t\t\t\t<div class=\"elementor-widget-container\">\n\t\t\t\t\t\t\t\t\t\t\t\t\t\t\t<img fetchpriority=\"high\" decoding=\"async\" width=\"550\" height=\"366\" src=\"https:\/\/am-material.com\/wp-content\/uploads\/2024\/05\/MoS2.png\" class=\"attachment-large size-large wp-image-7380\" alt=\"MoS2\" srcset=\"https:\/\/am-material.com\/wp-content\/uploads\/2024\/05\/MoS2.png 550w, https:\/\/am-material.com\/wp-content\/uploads\/2024\/05\/MoS2-300x200.png 300w, https:\/\/am-material.com\/wp-content\/uploads\/2024\/05\/MoS2-18x12.png 18w\" sizes=\"(max-width: 550px) 100vw, 550px\" title=\"\">\t\t\t\t\t\t\t\t\t\t\t\t\t\t\t<\/div>\n\t\t\t\t<\/div>\n\t\t\t\t<div class=\"elementor-element elementor-element-41c73fe elementor-align-center elementor-widget elementor-widget-button\" data-id=\"41c73fe\" data-element_type=\"widget\" data-e-type=\"widget\" data-widget_type=\"button.default\">\n\t\t\t\t<div class=\"elementor-widget-container\">\n\t\t\t\t\t\t\t\t\t<div class=\"elementor-button-wrapper\">\n\t\t\t\t\t<a class=\"elementor-button elementor-button-link elementor-size-sm\" href=\"#elementor-action%3Aaction%3Dpopup%3Aopen%26settings%3DeyJpZCI6IjYyODgiLCJ0b2dnbGUiOmZhbHNlfQ%3D%3D\">\n\t\t\t\t\t\t<span class=\"elementor-button-content-wrapper\">\n\t\t\t\t\t\t\t\t\t<span class=\"elementor-button-text\">\u015eimdi Sorgula<\/span>\n\t\t\t\t\t<\/span>\n\t\t\t\t\t<\/a>\n\t\t\t\t<\/div>\n\t\t\t\t\t\t\t\t<\/div>\n\t\t\t\t<\/div>\n\t\t\t\t\t<\/div>\n\t\t<\/div>\n\t\t\t\t<div class=\"elementor-column elementor-col-50 elementor-top-column elementor-element elementor-element-151eaff\" data-id=\"151eaff\" data-element_type=\"column\" data-e-type=\"column\">\n\t\t\t<div class=\"elementor-widget-wrap elementor-element-populated\">\n\t\t\t\t\t\t<div class=\"elementor-element elementor-element-658c06d elementor-widget elementor-widget-heading\" data-id=\"658c06d\" data-element_type=\"widget\" data-e-type=\"widget\" data-widget_type=\"heading.default\">\n\t\t\t\t<div class=\"elementor-widget-container\">\n\t\t\t\t\t<h4 class=\"elementor-heading-title elementor-size-default\">Molibden Dis\u00fclf\u00fcr Tozu<\/h4>\t\t\t\t<\/div>\n\t\t\t\t<\/div>\n\t\t\t\t<div class=\"elementor-element elementor-element-c163ef3 elementor-widget elementor-widget-text-editor\" data-id=\"c163ef3\" data-element_type=\"widget\" data-e-type=\"widget\" data-widget_type=\"text-editor.default\">\n\t\t\t\t<div class=\"elementor-widget-container\">\n\t\t\t\t\t\t\t\t\t<p>\u0130ncelik: 325 mesh - 2500 mesh;<br \/>PH de\u011feri: 7-8;<br \/>Yo\u011funluk: 4.8-5.0g\/cm\u00b3;<br \/>Sertlik: 1-1,5;<br \/>Ate\u015fleme kayb\u0131: 18-22%;<br \/>S\u00fcrt\u00fcnme Katsay\u0131s\u0131: 0,05-0,09.<br \/>Ayr\u0131ca molibden dis\u00fclf\u00fcr transist\u00f6r yap\u0131m\u0131nda yeni bir malzeme olabilir. Molibden dis\u00fclf\u00fcr, iki boyutlu bir malzeme olan grafene k\u0131yasla 1,8 eV'luk bir enerji bant aral\u0131\u011f\u0131na sahipken, grafenin enerji bant aral\u0131\u011f\u0131 yoktur. Ayr\u0131ca, tek katmanl\u0131 molibden dis\u00fclf\u00fcr transist\u00f6rlerin elektron hareketlili\u011fi yakla\u015f\u0131k 500 cm^2\/(V-s)'ye kadar ula\u015fabilir ve mevcut anahtarlama oran\u0131 1\u00d710^8'e ula\u015fabilir.<\/p>\t\t\t\t\t\t\t\t<\/div>\n\t\t\t\t<\/div>\n\t\t\t\t\t<\/div>\n\t\t<\/div>\n\t\t\t\t\t<\/div>\n\t\t<\/section>\n\t\t\t\t<section data-particle_enable=\"false\" data-particle-mobile-disabled=\"false\" class=\"elementor-section elementor-top-section elementor-element elementor-element-047ab15 elementor-section-boxed elementor-section-height-default elementor-section-height-default\" data-id=\"047ab15\" data-element_type=\"section\" data-e-type=\"section\">\n\t\t\t\t\t\t<div class=\"elementor-container elementor-column-gap-default\">\n\t\t\t\t\t<div class=\"elementor-column elementor-col-100 elementor-top-column elementor-element elementor-element-e0d90f0\" data-id=\"e0d90f0\" data-element_type=\"column\" data-e-type=\"column\">\n\t\t\t<div class=\"elementor-widget-wrap elementor-element-populated\">\n\t\t\t\t\t\t<div class=\"elementor-element elementor-element-ffeaef3 elementor-widget elementor-widget-text-editor\" data-id=\"ffeaef3\" data-element_type=\"widget\" data-e-type=\"widget\" data-widget_type=\"text-editor.default\">\n\t\t\t\t<div class=\"elementor-widget-container\">\n\t\t\t\t\t\t\t\t\t<p>Molibden dis\u00fclf\u00fcr, \u00f6zellikle y\u00fcksek s\u0131cakl\u0131k ve y\u00fcksek bas\u0131n\u00e7 uygulamalar\u0131 i\u00e7in uygun olan \u00f6nemli bir kat\u0131 ya\u011flay\u0131c\u0131d\u0131r. Ayn\u0131 zamanda anti-manyetiktir ve do\u011frusal bir fotoiletken olarak ve P veya N tipi iletken \u00f6zellikler g\u00f6steren, do\u011frultma ve enerji aktar\u0131m\u0131 olan bir yar\u0131 iletken olarak kullan\u0131labilir. Molibden dis\u00fclf\u00fcr ayr\u0131ca karma\u015f\u0131k hidrokarbonlar\u0131n dehidrojenasyonu i\u00e7in bir kataliz\u00f6r olarak kullan\u0131l\u0131r.<br \/>\"Geli\u015fmi\u015f Kat\u0131 Ya\u011flay\u0131c\u0131lar\u0131n Kral\u0131\" olarak da bilinir. Molibden dis\u00fclf\u00fcr, kimyasal olarak safla\u015ft\u0131r\u0131lm\u0131\u015f ve molek\u00fcler yap\u0131s\u0131 de\u011fi\u015ftirilmi\u015f do\u011fal molibden konsantresi tozundan yap\u0131lan kat\u0131 bir tozdur.<br \/>\u00dcr\u00fcn hafif g\u00fcm\u00fc\u015fi gri renkli, metalik parlakl\u0131\u011fa sahip, dokunuldu\u011funda p\u00fcr\u00fczs\u00fcz, suda \u00e7\u00f6z\u00fcnmeyen siyah renktedir.<br \/>\u00dcr\u00fcn iyi da\u011f\u0131l\u0131m avantajlar\u0131na sahiptir, ba\u011f yapmaz, her t\u00fcrl\u00fc grese eklenebilir, kolloidal bir durum olu\u015fturur, asla ba\u011f yapmaz, gresin ya\u011flay\u0131c\u0131l\u0131\u011f\u0131n\u0131 ve a\u015f\u0131r\u0131 bas\u0131nc\u0131 art\u0131rabilir. Ekipman\u0131n \u00f6mr\u00fcn\u00fc uzatmak i\u00e7in y\u00fcksek s\u0131cakl\u0131k, y\u00fcksek bas\u0131n\u00e7, y\u00fcksek h\u0131z ve y\u00fcksek y\u00fck mekanik \u00e7al\u0131\u015fma ko\u015fullar\u0131na da uygulanabilir.<br \/>Molibden dis\u00fclf\u00fcr s\u00fcrt\u00fcnme malzemeleri i\u00e7in kullan\u0131l\u0131r, ana i\u015flevi d\u00fc\u015f\u00fck s\u0131cakl\u0131klarda s\u00fcrt\u00fcnmeyi azaltmakt\u0131r, y\u00fcksek s\u0131cakl\u0131k s\u00fcrt\u00fcnmesi, yanma kayb\u0131 miktar\u0131 azd\u0131r, s\u00fcrt\u00fcnme malzemelerinde u\u00e7mas\u0131 kolayd\u0131r.<br \/>S\u00fcrt\u00fcnme azaltma: molibden dis\u00fclf\u00fcr partik\u00fcl boyutu s\u00fcpersonik hava ak\u0131m\u0131 k\u0131rma i\u015flemi ile 325-2500 mesh'e ula\u015ft\u0131, mikro partik\u00fcl sertli\u011fi 1-1.5, s\u00fcrt\u00fcnme katsay\u0131s\u0131 0.05-0.1, bu nedenle s\u00fcrt\u00fcnme malzemelerinde kullan\u0131labilir s\u00fcrt\u00fcnmeyi azaltmada rol oynayabilir.<br \/>S\u00fcrt\u00fcnme: Molibden dis\u00fclf\u00fcr iletken de\u011fildir ve molibden dis\u00fclf\u00fcr, molibden tris\u00fclf\u00fcr ve molibden trioksitten olu\u015fan bir kopolimer olarak bulunur. Bir s\u00fcrt\u00fcnme malzemesinin s\u0131cakl\u0131\u011f\u0131 s\u00fcrt\u00fcnme nedeniyle keskin bir \u015fekilde y\u00fckseldi\u011finde, kopolimerdeki molibden trioksit par\u00e7ac\u0131klar\u0131 \u0131s\u0131nd\u0131k\u00e7a geni\u015fler ve s\u00fcrt\u00fcnmeyi art\u0131r\u0131r.<br \/>Anti-oksidasyon: Molibden dis\u00fclf\u00fcr, kapsaml\u0131 bir kimyasal safla\u015ft\u0131rma reaksiyonu ile elde edilir, pH de\u011feri 7-8, hafif<\/p>\t\t\t\t\t\t\t\t<\/div>\n\t\t\t\t<\/div>\n\t\t\t\t\t<\/div>\n\t\t<\/div>\n\t\t\t\t\t<\/div>\n\t\t<\/section>\n\t\t\t\t<section data-particle_enable=\"false\" data-particle-mobile-disabled=\"false\" class=\"elementor-section elementor-top-section elementor-element elementor-element-0714863 elementor-section-boxed elementor-section-height-default elementor-section-height-default\" data-id=\"0714863\" data-element_type=\"section\" data-e-type=\"section\">\n\t\t\t\t\t\t<div class=\"elementor-container elementor-column-gap-default\">\n\t\t\t\t\t<div class=\"elementor-column elementor-col-100 elementor-top-column elementor-element elementor-element-e02242b\" data-id=\"e02242b\" data-element_type=\"column\" data-e-type=\"column\">\n\t\t\t<div class=\"elementor-widget-wrap elementor-element-populated\">\n\t\t\t\t\t\t<div class=\"elementor-element elementor-element-01824ea elementor-widget elementor-widget-text-editor\" data-id=\"01824ea\" data-element_type=\"widget\" data-e-type=\"widget\" data-widget_type=\"text-editor.default\">\n\t\t\t\t<div class=\"elementor-widget-container\">\n\t\t\t\t\t\t\t\t\t<table border=\"1\" cellspacing=\"0\" cellpadding=\"0\"><tbody><tr><td>\u015eartname<\/td><td>M01<\/td><td>M02<\/td><td>M03<\/td><td>M04<\/td><\/tr><tr><td><br \/>MoS2(%) \u2265<\/td><td colspan=\"4\">\u00a0\u00a0\u00a0\u00a0\u00a0 \u00a0<br \/>98.5<\/td><\/tr><tr><td>Ortalama par\u00e7ac\u0131k boyutu<\/td><td>16.0-30.0<\/td><td>12.0-16<\/td><td>3.0-6.0<\/td><td>1.3-1.5<\/td><\/tr><tr><td>Asitte \u00e7\u00f6z\u00fcnmeyen madde\uff08%\uff09\u2264<\/td><td>0.50<\/td><td>0.50<\/td><td>0.50<\/td><td>0.50<\/td><\/tr><tr><td>Molibden trioksit\uff08%\uff09\u2264<\/td><td>0.05<\/td><td>0.05<\/td><td>0.10<\/td><td>0.10<\/td><\/tr><tr><td>Silikon dioksit (SiO2)\uff08%\uff09\u2264<\/td><td>0.10<\/td><td>0.10<\/td><td>0.10<\/td><td>0.10<\/td><\/tr><tr><td>Demir (%) \u2264<\/td><td>0.25<\/td><td>0.25<\/td><td>0.25<\/td><td>0.25<\/td><\/tr><tr><td>Su (%) \u2264<\/td><td>0.10<\/td><td>0.10<\/td><td>0.10<\/td><td>0.10<\/td><\/tr><tr><td>Ya\u011f(%)\u2264<\/td><td>0.05<\/td><td>0.20<\/td><td>0.25<\/td><td>0.25<\/td><\/tr><tr><td>Karbon (%)\u2264<\/td><td>0.50<\/td><td>0.50<\/td><td>0.50<\/td><td>0.50<\/td><\/tr><tr><td>Asit de\u011feri \u2264<\/td><td>0.05<\/td><td>0.30<\/td><td>0.30<\/td><td>0.50<\/td><\/tr><\/tbody><\/table>\t\t\t\t\t\t\t\t<\/div>\n\t\t\t\t<\/div>\n\t\t\t\t\t<\/div>\n\t\t<\/div>\n\t\t\t\t\t<\/div>\n\t\t<\/section>\n\t\t\t\t<section data-particle_enable=\"false\" data-particle-mobile-disabled=\"false\" class=\"elementor-section elementor-top-section elementor-element elementor-element-50dfaf4 elementor-section-boxed elementor-section-height-default elementor-section-height-default\" data-id=\"50dfaf4\" data-element_type=\"section\" data-e-type=\"section\">\n\t\t\t\t\t\t<div class=\"elementor-container elementor-column-gap-default\">\n\t\t\t\t\t<div class=\"elementor-column elementor-col-100 elementor-top-column elementor-element elementor-element-d2df5ad\" data-id=\"d2df5ad\" data-element_type=\"column\" data-e-type=\"column\">\n\t\t\t<div class=\"elementor-widget-wrap elementor-element-populated\">\n\t\t\t\t\t\t<div class=\"elementor-element elementor-element-3f1b3c5 elementor-widget elementor-widget-image\" data-id=\"3f1b3c5\" data-element_type=\"widget\" data-e-type=\"widget\" data-widget_type=\"image.default\">\n\t\t\t\t<div class=\"elementor-widget-container\">\n\t\t\t\t\t\t\t\t\t\t\t\t\t\t\t<img decoding=\"async\" width=\"1067\" height=\"1283\" src=\"https:\/\/am-material.com\/wp-content\/uploads\/2024\/05\/\uff2doS2\u3000production.png\" class=\"attachment-full size-full wp-image-7389\" alt=\"\" srcset=\"https:\/\/am-material.com\/wp-content\/uploads\/2024\/05\/\uff2doS2\u3000production.png 1067w, https:\/\/am-material.com\/wp-content\/uploads\/2024\/05\/\uff2doS2\u3000production-249x300.png 249w, https:\/\/am-material.com\/wp-content\/uploads\/2024\/05\/\uff2doS2\u3000production-852x1024.png 852w, https:\/\/am-material.com\/wp-content\/uploads\/2024\/05\/\uff2doS2\u3000production-768x923.png 768w, https:\/\/am-material.com\/wp-content\/uploads\/2024\/05\/\uff2doS2\u3000production-10x12.png 10w\" sizes=\"(max-width: 1067px) 100vw, 1067px\" title=\"\">\t\t\t\t\t\t\t\t\t\t\t\t\t\t\t<\/div>\n\t\t\t\t<\/div>\n\t\t\t\t\t<\/div>\n\t\t<\/div>\n\t\t\t\t\t<\/div>\n\t\t<\/section>\n\t\t\t\t<\/div>","protected":false},"excerpt":{"rendered":"<p>Inquiry Now Molybdenum Disulfide Powder Fineness: 325 mesh \u2013 2500 mesh;PH value: 7-8;Density: 4.8-5.0g\/cm\u00b3;Hardness: 1-1.5;Loss on Ignition: 18-22%;Friction Coefficient: 0.05-0.09.Besides, molybdenum disulfide can be new material for making transistors. Molybdenum disulfide has an energy band gap of 1.8 eV compared to graphene, which is a two-dimensional material, while graphene has no energy bandgap. Moreover, the [&hellip;]<\/p>\n","protected":false},"author":5,"featured_media":0,"parent":0,"menu_order":0,"comment_status":"closed","ping_status":"closed","template":"","meta":{"site-sidebar-layout":"no-sidebar","site-content-layout":"page-builder","ast-site-content-layout":"full-width-container","site-content-style":"default","site-sidebar-style":"default","ast-global-header-display":"","ast-banner-title-visibility":"","ast-main-header-display":"","ast-hfb-above-header-display":"","ast-hfb-below-header-display":"","ast-hfb-mobile-header-display":"","site-post-title":"disabled","ast-breadcrumbs-content":"","ast-featured-img":"disabled","footer-sml-layout":"","ast-disable-related-posts":"","theme-transparent-header-meta":"","adv-header-id-meta":"","stick-header-meta":"","header-above-stick-meta":"","header-main-stick-meta":"","header-below-stick-meta":"","astra-migrate-meta-layouts":"set","ast-page-background-enabled":"default","ast-page-background-meta":{"desktop":{"background-color":"","background-image":"","background-repeat":"repeat","background-position":"center center","background-size":"auto","background-attachment":"scroll","background-type":"","background-media":"","overlay-type":"","overlay-color":"","overlay-opacity":"","overlay-gradient":""},"tablet":{"background-color":"","background-image":"","background-repeat":"repeat","background-position":"center center","background-size":"auto","background-attachment":"scroll","background-type":"","background-media":"","overlay-type":"","overlay-color":"","overlay-opacity":"","overlay-gradient":""},"mobile":{"background-color":"","background-image":"","background-repeat":"repeat","background-position":"center center","background-size":"auto","background-attachment":"scroll","background-type":"","background-media":"","overlay-type":"","overlay-color":"","overlay-opacity":"","overlay-gradient":""}},"ast-content-background-meta":{"desktop":{"background-color":"var(--ast-global-color-5)","background-image":"","background-repeat":"repeat","background-position":"center center","background-size":"auto","background-attachment":"scroll","background-type":"","background-media":"","overlay-type":"","overlay-color":"","overlay-opacity":"","overlay-gradient":""},"tablet":{"background-color":"var(--ast-global-color-5)","background-image":"","background-repeat":"repeat","background-position":"center center","background-size":"auto","background-attachment":"scroll","background-type":"","background-media":"","overlay-type":"","overlay-color":"","overlay-opacity":"","overlay-gradient":""},"mobile":{"background-color":"var(--ast-global-color-5)","background-image":"","background-repeat":"repeat","background-position":"center center","background-size":"auto","background-attachment":"scroll","background-type":"","background-media":"","overlay-type":"","overlay-color":"","overlay-opacity":"","overlay-gradient":""}},"footnotes":""},"folder":[],"class_list":["post-7378","page","type-page","status-publish","hentry"],"_links":{"self":[{"href":"https:\/\/am-material.com\/tr\/wp-json\/wp\/v2\/pages\/7378","targetHints":{"allow":["GET"]}}],"collection":[{"href":"https:\/\/am-material.com\/tr\/wp-json\/wp\/v2\/pages"}],"about":[{"href":"https:\/\/am-material.com\/tr\/wp-json\/wp\/v2\/types\/page"}],"author":[{"embeddable":true,"href":"https:\/\/am-material.com\/tr\/wp-json\/wp\/v2\/users\/5"}],"replies":[{"embeddable":true,"href":"https:\/\/am-material.com\/tr\/wp-json\/wp\/v2\/comments?post=7378"}],"version-history":[{"count":10,"href":"https:\/\/am-material.com\/tr\/wp-json\/wp\/v2\/pages\/7378\/revisions"}],"predecessor-version":[{"id":7393,"href":"https:\/\/am-material.com\/tr\/wp-json\/wp\/v2\/pages\/7378\/revisions\/7393"}],"wp:attachment":[{"href":"https:\/\/am-material.com\/tr\/wp-json\/wp\/v2\/media?parent=7378"}],"wp:term":[{"taxonomy":"folder","embeddable":true,"href":"https:\/\/am-material.com\/tr\/wp-json\/wp\/v2\/folder?post=7378"}],"curies":[{"name":"wp","href":"https:\/\/api.w.org\/{rel}","templated":true}]}}