{"id":7443,"date":"2024-05-30T16:36:28","date_gmt":"2024-05-30T08:36:28","guid":{"rendered":"https:\/\/am-material.com\/?page_id=7443"},"modified":"2024-05-30T17:04:11","modified_gmt":"2024-05-30T09:04:11","slug":"mns-powder-manganese-sulfide","status":"publish","type":"page","link":"https:\/\/am-material.com\/pt\/mns-powder-manganese-sulfide\/","title":{"rendered":"MnS em p\u00f3 \u2503sulfeto de mangan\u00eas"},"content":{"rendered":"<div data-elementor-type=\"wp-page\" data-elementor-id=\"7443\" class=\"elementor elementor-7443\" data-elementor-post-type=\"page\">\n\t\t\t\t\t\t<section data-particle_enable=\"false\" data-particle-mobile-disabled=\"false\" class=\"elementor-section elementor-top-section elementor-element elementor-element-ea837a0 elementor-section-boxed elementor-section-height-default elementor-section-height-default\" data-id=\"ea837a0\" data-element_type=\"section\" data-e-type=\"section\">\n\t\t\t\t\t\t<div class=\"elementor-container elementor-column-gap-default\">\n\t\t\t\t\t<div class=\"elementor-column elementor-col-100 elementor-top-column elementor-element elementor-element-79ee1fc\" data-id=\"79ee1fc\" data-element_type=\"column\" data-e-type=\"column\">\n\t\t\t<div class=\"elementor-widget-wrap elementor-element-populated\">\n\t\t\t\t\t\t<div class=\"elementor-element elementor-element-fb9d446 elementor-widget elementor-widget-spacer\" data-id=\"fb9d446\" data-element_type=\"widget\" data-e-type=\"widget\" data-widget_type=\"spacer.default\">\n\t\t\t\t<div class=\"elementor-widget-container\">\n\t\t\t\t\t\t\t<div class=\"elementor-spacer\">\n\t\t\t<div class=\"elementor-spacer-inner\"><\/div>\n\t\t<\/div>\n\t\t\t\t\t\t<\/div>\n\t\t\t\t<\/div>\n\t\t\t\t\t<\/div>\n\t\t<\/div>\n\t\t\t\t\t<\/div>\n\t\t<\/section>\n\t\t\t\t<section data-particle_enable=\"false\" data-particle-mobile-disabled=\"false\" class=\"elementor-section elementor-top-section elementor-element elementor-element-2b4dc59 elementor-section-boxed elementor-section-height-default elementor-section-height-default\" data-id=\"2b4dc59\" data-element_type=\"section\" data-e-type=\"section\">\n\t\t\t\t\t\t<div class=\"elementor-container elementor-column-gap-default\">\n\t\t\t\t\t<div class=\"elementor-column elementor-col-50 elementor-top-column elementor-element elementor-element-acf1167\" data-id=\"acf1167\" data-element_type=\"column\" data-e-type=\"column\">\n\t\t\t<div class=\"elementor-widget-wrap elementor-element-populated\">\n\t\t\t\t\t\t<div class=\"elementor-element elementor-element-da9689f elementor-widget elementor-widget-image\" data-id=\"da9689f\" data-element_type=\"widget\" data-e-type=\"widget\" data-widget_type=\"image.default\">\n\t\t\t\t<div class=\"elementor-widget-container\">\n\t\t\t\t\t\t\t\t\t\t\t\t\t\t\t<img fetchpriority=\"high\" decoding=\"async\" width=\"600\" height=\"496\" src=\"https:\/\/am-material.com\/wp-content\/uploads\/2024\/05\/\uff2dnS-powder.png\" class=\"attachment-large size-large wp-image-7446\" alt=\"\uff2dnS p\u00f3\" srcset=\"https:\/\/am-material.com\/wp-content\/uploads\/2024\/05\/\uff2dnS-powder.png 600w, https:\/\/am-material.com\/wp-content\/uploads\/2024\/05\/\uff2dnS-powder-300x248.png 300w, https:\/\/am-material.com\/wp-content\/uploads\/2024\/05\/\uff2dnS-powder-15x12.png 15w\" sizes=\"(max-width: 600px) 100vw, 600px\" title=\"\">\t\t\t\t\t\t\t\t\t\t\t\t\t\t\t<\/div>\n\t\t\t\t<\/div>\n\t\t\t\t\t<\/div>\n\t\t<\/div>\n\t\t\t\t<div class=\"elementor-column elementor-col-50 elementor-top-column elementor-element elementor-element-edd25a7\" data-id=\"edd25a7\" data-element_type=\"column\" data-e-type=\"column\">\n\t\t\t<div class=\"elementor-widget-wrap elementor-element-populated\">\n\t\t\t\t\t\t<div class=\"elementor-element elementor-element-1456480 elementor-widget elementor-widget-heading\" data-id=\"1456480\" data-element_type=\"widget\" data-e-type=\"widget\" data-widget_type=\"heading.default\">\n\t\t\t\t<div class=\"elementor-widget-container\">\n\t\t\t\t\t<h4 class=\"elementor-heading-title elementor-size-default\">Recursos do produto MnS<\/h4>\t\t\t\t<\/div>\n\t\t\t\t<\/div>\n\t\t\t\t<div class=\"elementor-element elementor-element-9915b1a elementor-widget elementor-widget-text-editor\" data-id=\"9915b1a\" data-element_type=\"widget\" data-e-type=\"widget\" data-widget_type=\"text-editor.default\">\n\t\t\t\t<div class=\"elementor-widget-container\">\n\t\t\t\t\t\t\t\t\t<p>O MnS \u00e9 um agente de corte especial para pe\u00e7as de metalurgia do p\u00f3. Devido a caracter\u00edsticas como a usinagem em estado seco e o impacto intermitente na aresta de corte, a vida \u00fatil da ferramenta das pe\u00e7as de metalurgia do p\u00f3 aumenta significativamente durante a usinagem.<br \/>O dissulfeto de molibd\u00eanio foi projetado exclusivamente para lubrifica\u00e7\u00e3o em estado s\u00f3lido e quebra de cavacos para aumentar v\u00e1rias vezes a vida \u00fatil da ferramenta. Quando o produto permite a presen\u00e7a de enxofre, esse sulfeto de mangan\u00eas ser\u00e1 a primeira op\u00e7\u00e3o e \u00e9 extremamente econ\u00f4mico<\/p>\t\t\t\t\t\t\t\t<\/div>\n\t\t\t\t<\/div>\n\t\t\t\t<div class=\"elementor-element elementor-element-a758c08 elementor-align-center elementor-widget elementor-widget-button\" data-id=\"a758c08\" data-element_type=\"widget\" data-e-type=\"widget\" data-widget_type=\"button.default\">\n\t\t\t\t<div class=\"elementor-widget-container\">\n\t\t\t\t\t\t\t\t\t<div class=\"elementor-button-wrapper\">\n\t\t\t\t\t<a class=\"elementor-button elementor-button-link elementor-size-sm\" href=\"#elementor-action%3Aaction%3Dpopup%3Aopen%26settings%3DeyJpZCI6IjYyODgiLCJ0b2dnbGUiOmZhbHNlfQ%3D%3D\">\n\t\t\t\t\t\t<span class=\"elementor-button-content-wrapper\">\n\t\t\t\t\t\t\t\t\t<span class=\"elementor-button-text\">Solicite agora<\/span>\n\t\t\t\t\t<\/span>\n\t\t\t\t\t<\/a>\n\t\t\t\t<\/div>\n\t\t\t\t\t\t\t\t<\/div>\n\t\t\t\t<\/div>\n\t\t\t\t\t<\/div>\n\t\t<\/div>\n\t\t\t\t\t<\/div>\n\t\t<\/section>\n\t\t\t\t<section data-particle_enable=\"false\" data-particle-mobile-disabled=\"false\" class=\"elementor-section elementor-top-section elementor-element elementor-element-7e6565d elementor-section-boxed elementor-section-height-default elementor-section-height-default\" data-id=\"7e6565d\" data-element_type=\"section\" data-e-type=\"section\">\n\t\t\t\t\t\t<div class=\"elementor-container elementor-column-gap-default\">\n\t\t\t\t\t<div class=\"elementor-column elementor-col-25 elementor-top-column elementor-element elementor-element-3f92047\" data-id=\"3f92047\" data-element_type=\"column\" data-e-type=\"column\">\n\t\t\t<div class=\"elementor-widget-wrap elementor-element-populated\">\n\t\t\t\t\t\t<div class=\"elementor-element elementor-element-e188f1c elementor-widget elementor-widget-text-editor\" data-id=\"e188f1c\" data-element_type=\"widget\" data-e-type=\"widget\" data-widget_type=\"text-editor.default\">\n\t\t\t\t<div class=\"elementor-widget-container\">\n\t\t\t\t\t\t\t\t\t<h3><strong>Tamanho de part\u00edcula uniforme<\/strong><\/h3><p>O produto \u00e9 quimicamente est\u00e1vel e resistente a altas temperaturas acima de 1200\u00b0C; o processo de sinteriza\u00e7\u00e3o n\u00e3o produzir\u00e1 uma rea\u00e7\u00e3o qu\u00edmica com a atmosfera de sinteriza\u00e7\u00e3o e a matriz circundante, garantindo assim o desempenho de corte ap\u00f3s a sinteriza\u00e7\u00e3o.<\/p>\t\t\t\t\t\t\t\t<\/div>\n\t\t\t\t<\/div>\n\t\t\t\t\t<\/div>\n\t\t<\/div>\n\t\t\t\t<div class=\"elementor-column elementor-col-25 elementor-top-column elementor-element elementor-element-fb8c62d\" data-id=\"fb8c62d\" data-element_type=\"column\" data-e-type=\"column\">\n\t\t\t<div class=\"elementor-widget-wrap elementor-element-populated\">\n\t\t\t\t\t\t<div class=\"elementor-element elementor-element-017916e elementor-widget elementor-widget-text-editor\" data-id=\"017916e\" data-element_type=\"widget\" data-e-type=\"widget\" data-widget_type=\"text-editor.default\">\n\t\t\t\t<div class=\"elementor-widget-container\">\n\t\t\t\t\t\t\t\t\t<h3><strong>Boa dispers\u00e3o<\/strong><\/h3><p>O agente de corte \u00e9 f\u00e1cil e uniformemente disperso no p\u00f3 para garantir resultados de corte est\u00e1veis e consistentes em todas as \u00e1reas.<\/p>\t\t\t\t\t\t\t\t<\/div>\n\t\t\t\t<\/div>\n\t\t\t\t\t<\/div>\n\t\t<\/div>\n\t\t\t\t<div class=\"elementor-column elementor-col-25 elementor-top-column elementor-element elementor-element-a63793a\" data-id=\"a63793a\" data-element_type=\"column\" data-e-type=\"column\">\n\t\t\t<div class=\"elementor-widget-wrap elementor-element-populated\">\n\t\t\t\t\t\t<div class=\"elementor-element elementor-element-de6cdc4 elementor-widget elementor-widget-text-editor\" data-id=\"de6cdc4\" data-element_type=\"widget\" data-e-type=\"widget\" data-widget_type=\"text-editor.default\">\n\t\t\t\t<div class=\"elementor-widget-container\">\n\t\t\t\t\t\t\t\t\t<h3><b>Estabilidade dimensional<\/b><\/h3><p>O agente de corte tem pouco efeito sobre as altera\u00e7\u00f5es dimensionais das pe\u00e7as sinterizadas, o que ajuda a manter a precis\u00e3o dimensional do produto.<\/p>\t\t\t\t\t\t\t\t<\/div>\n\t\t\t\t<\/div>\n\t\t\t\t\t<\/div>\n\t\t<\/div>\n\t\t\t\t<div class=\"elementor-column elementor-col-25 elementor-top-column elementor-element elementor-element-4283954\" data-id=\"4283954\" data-element_type=\"column\" data-e-type=\"column\">\n\t\t\t<div class=\"elementor-widget-wrap elementor-element-populated\">\n\t\t\t\t\t\t<div class=\"elementor-element elementor-element-999d4a5 elementor-widget elementor-widget-text-editor\" data-id=\"999d4a5\" data-element_type=\"widget\" data-e-type=\"widget\" data-widget_type=\"text-editor.default\">\n\t\t\t\t<div class=\"elementor-widget-container\">\n\t\t\t\t\t\t\t\t\t<h3><strong>Limpeza da superf\u00edcie<\/strong><\/h3><p>As pe\u00e7as sinterizadas t\u00eam uma apar\u00eancia limpa e brilhante e n\u00e3o produzem manchas adicionais, que podem levar \u00e0 ferrugem.<\/p>\t\t\t\t\t\t\t\t<\/div>\n\t\t\t\t<\/div>\n\t\t\t\t\t<\/div>\n\t\t<\/div>\n\t\t\t\t\t<\/div>\n\t\t<\/section>\n\t\t\t\t<section data-particle_enable=\"false\" data-particle-mobile-disabled=\"false\" class=\"elementor-section elementor-top-section elementor-element elementor-element-bdf4440 elementor-section-boxed elementor-section-height-default elementor-section-height-default\" data-id=\"bdf4440\" data-element_type=\"section\" data-e-type=\"section\">\n\t\t\t\t\t\t<div class=\"elementor-container elementor-column-gap-default\">\n\t\t\t\t\t<div class=\"elementor-column elementor-col-33 elementor-top-column elementor-element elementor-element-b29159e\" data-id=\"b29159e\" data-element_type=\"column\" data-e-type=\"column\">\n\t\t\t<div class=\"elementor-widget-wrap elementor-element-populated\">\n\t\t\t\t\t\t<div class=\"elementor-element elementor-element-4a49692 elementor-widget elementor-widget-text-editor\" data-id=\"4a49692\" data-element_type=\"widget\" data-e-type=\"widget\" data-widget_type=\"text-editor.default\">\n\t\t\t\t<div class=\"elementor-widget-container\">\n\t\t\t\t\t\t\t\t\t<p><strong>Alta pureza<\/strong><br \/>A pureza do produto \u00e9 muito alta.<br \/><br \/><strong>Descri\u00e7\u00e3o do produto<\/strong><br \/>Granularidade fina, p\u00f3 verde.<br \/><br \/><strong>Especifica\u00e7\u00e3o do produto<\/strong><br \/>Indicadores de controle Norma\u00a0\u00a0\u00a0\u00a0\u00a0\u00a0\u00a0\u00a0\u00a0\u00a0\u00a0\u00a0\u00a0<br \/>Perda de calor M\u00e1ximo 0,8%\u00a0\u00a0\u00a0\u00a0\u00a0<br \/>Tamanho da part\u00edcula D90 &lt; 10 m\u00edcrons\u00a0\u00a0<br \/>Conte\u00fado do ingrediente ativo &gt;99%\u00a0<br \/>Densidade solta &gt;2,5g\/cm\u00b3\u00a0<\/p>\t\t\t\t\t\t\t\t<\/div>\n\t\t\t\t<\/div>\n\t\t\t\t\t<\/div>\n\t\t<\/div>\n\t\t\t\t<div class=\"elementor-column elementor-col-66 elementor-top-column elementor-element elementor-element-1fbb8dc\" data-id=\"1fbb8dc\" data-element_type=\"column\" data-e-type=\"column\">\n\t\t\t<div class=\"elementor-widget-wrap elementor-element-populated\">\n\t\t\t\t\t\t<div class=\"elementor-element elementor-element-f1ed6bd elementor-widget elementor-widget-text-editor\" data-id=\"f1ed6bd\" data-element_type=\"widget\" data-e-type=\"widget\" data-widget_type=\"text-editor.default\">\n\t\t\t\t<div class=\"elementor-widget-container\">\n\t\t\t\t\t\t\t\t\t<p><strong>Condi\u00e7\u00f5es de armazenamento<\/strong><br \/>Controle de umidade e controle de temperatura (umidade abaixo de 60%, temperatura abaixo de 40\u00b0C),<br \/>selado ap\u00f3s o uso para evitar a coloca\u00e7\u00e3o aberta, usado dentro de seis meses.<br \/>\u00a0<br \/><strong>Recomendado para mistura<\/strong><br \/>1. A porcentagem de peso est\u00e1 entre 0,4 e 0,5.\u00a0\u00a0\u00a0\u00a0\u00a0<br \/>2. Pesagem em um ambiente fechado, adequado para misturadores de cone duplo e tipo V.<br \/><br \/><strong>Embalagem e transporte<\/strong><br \/>1. embalagem: 25 kg de peso l\u00edquido em tambores de pl\u00e1stico ou ferro, saco interno de polietileno \u00e0 prova de umidade.<br \/>2. transporte: mercadorias n\u00e3o perigosas, adequadas para o transporte terrestre, mar\u00edtimo e a\u00e9reo normal.<\/p>\t\t\t\t\t\t\t\t<\/div>\n\t\t\t\t<\/div>\n\t\t\t\t\t<\/div>\n\t\t<\/div>\n\t\t\t\t\t<\/div>\n\t\t<\/section>\n\t\t\t\t<section data-particle_enable=\"false\" data-particle-mobile-disabled=\"false\" class=\"elementor-section elementor-top-section elementor-element elementor-element-dcdc900 elementor-section-boxed elementor-section-height-default elementor-section-height-default\" data-id=\"dcdc900\" data-element_type=\"section\" data-e-type=\"section\">\n\t\t\t\t\t\t<div class=\"elementor-container elementor-column-gap-default\">\n\t\t\t\t\t<div class=\"elementor-column elementor-col-100 elementor-top-column elementor-element elementor-element-88f110b\" data-id=\"88f110b\" data-element_type=\"column\" data-e-type=\"column\">\n\t\t\t<div class=\"elementor-widget-wrap elementor-element-populated\">\n\t\t\t\t\t\t<div class=\"elementor-element elementor-element-8fdc401 elementor-widget elementor-widget-image\" data-id=\"8fdc401\" data-element_type=\"widget\" data-e-type=\"widget\" data-widget_type=\"image.default\">\n\t\t\t\t<div class=\"elementor-widget-container\">\n\t\t\t\t\t\t\t\t\t\t\t\t\t\t\t<img decoding=\"async\" width=\"852\" height=\"1024\" src=\"https:\/\/am-material.com\/wp-content\/uploads\/2024\/05\/\uff2doS2\u3000production-852x1024.png\" class=\"attachment-large size-large wp-image-7389\" alt=\"\" srcset=\"\" sizes=\"(max-width: 852px) 100vw, 852px\" title=\"\" data-srcset=\"\">\t\t\t\t\t\t\t\t\t\t\t\t\t\t\t<\/div>\n\t\t\t\t<\/div>\n\t\t\t\t\t<\/div>\n\t\t<\/div>\n\t\t\t\t\t<\/div>\n\t\t<\/section>\n\t\t\t\t<\/div>","protected":false},"excerpt":{"rendered":"<p>MnS Product Features MnS is a special cutting agent for powder metallurgy parts. Due to characteristics such as dry state machining and intermittent impact on the cutting edge, the tool life of powder metallurgy parts is significantly increased during machining.Molybdenum disulfide is uniquely designed for solid-state lubrication and chip breakage to extend tool life several [&hellip;]<\/p>\n","protected":false},"author":5,"featured_media":0,"parent":0,"menu_order":0,"comment_status":"closed","ping_status":"closed","template":"","meta":{"site-sidebar-layout":"no-sidebar","site-content-layout":"page-builder","ast-site-content-layout":"full-width-container","site-content-style":"default","site-sidebar-style":"default","ast-global-header-display":"","ast-banner-title-visibility":"","ast-main-header-display":"","ast-hfb-above-header-display":"","ast-hfb-below-header-display":"","ast-hfb-mobile-header-display":"","site-post-title":"disabled","ast-breadcrumbs-content":"","ast-featured-img":"disabled","footer-sml-layout":"","ast-disable-related-posts":"","theme-transparent-header-meta":"","adv-header-id-meta":"","stick-header-meta":"","header-above-stick-meta":"","header-main-stick-meta":"","header-below-stick-meta":"","astra-migrate-meta-layouts":"set","ast-page-background-enabled":"default","ast-page-background-meta":{"desktop":{"background-color":"","background-image":"","background-repeat":"repeat","background-position":"center center","background-size":"auto","background-attachment":"scroll","background-type":"","background-media":"","overlay-type":"","overlay-color":"","overlay-opacity":"","overlay-gradient":""},"tablet":{"background-color":"","background-image":"","background-repeat":"repeat","background-position":"center center","background-size":"auto","background-attachment":"scroll","background-type":"","background-media":"","overlay-type":"","overlay-color":"","overlay-opacity":"","overlay-gradient":""},"mobile":{"background-color":"","background-image":"","background-repeat":"repeat","background-position":"center center","background-size":"auto","background-attachment":"scroll","background-type":"","background-media":"","overlay-type":"","overlay-color":"","overlay-opacity":"","overlay-gradient":""}},"ast-content-background-meta":{"desktop":{"background-color":"var(--ast-global-color-5)","background-image":"","background-repeat":"repeat","background-position":"center center","background-size":"auto","background-attachment":"scroll","background-type":"","background-media":"","overlay-type":"","overlay-color":"","overlay-opacity":"","overlay-gradient":""},"tablet":{"background-color":"var(--ast-global-color-5)","background-image":"","background-repeat":"repeat","background-position":"center center","background-size":"auto","background-attachment":"scroll","background-type":"","background-media":"","overlay-type":"","overlay-color":"","overlay-opacity":"","overlay-gradient":""},"mobile":{"background-color":"var(--ast-global-color-5)","background-image":"","background-repeat":"repeat","background-position":"center center","background-size":"auto","background-attachment":"scroll","background-type":"","background-media":"","overlay-type":"","overlay-color":"","overlay-opacity":"","overlay-gradient":""}},"footnotes":""},"folder":[],"class_list":["post-7443","page","type-page","status-publish","hentry"],"_links":{"self":[{"href":"https:\/\/am-material.com\/pt\/wp-json\/wp\/v2\/pages\/7443","targetHints":{"allow":["GET"]}}],"collection":[{"href":"https:\/\/am-material.com\/pt\/wp-json\/wp\/v2\/pages"}],"about":[{"href":"https:\/\/am-material.com\/pt\/wp-json\/wp\/v2\/types\/page"}],"author":[{"embeddable":true,"href":"https:\/\/am-material.com\/pt\/wp-json\/wp\/v2\/users\/5"}],"replies":[{"embeddable":true,"href":"https:\/\/am-material.com\/pt\/wp-json\/wp\/v2\/comments?post=7443"}],"version-history":[{"count":5,"href":"https:\/\/am-material.com\/pt\/wp-json\/wp\/v2\/pages\/7443\/revisions"}],"predecessor-version":[{"id":7450,"href":"https:\/\/am-material.com\/pt\/wp-json\/wp\/v2\/pages\/7443\/revisions\/7450"}],"wp:attachment":[{"href":"https:\/\/am-material.com\/pt\/wp-json\/wp\/v2\/media?parent=7443"}],"wp:term":[{"taxonomy":"folder","embeddable":true,"href":"https:\/\/am-material.com\/pt\/wp-json\/wp\/v2\/folder?post=7443"}],"curies":[{"name":"wp","href":"https:\/\/api.w.org\/{rel}","templated":true}]}}