{"id":7378,"date":"2024-05-30T13:27:49","date_gmt":"2024-05-30T05:27:49","guid":{"rendered":"https:\/\/am-material.com\/?page_id=7378"},"modified":"2024-05-30T13:46:24","modified_gmt":"2024-05-30T05:46:24","slug":"mos2-powder","status":"publish","type":"page","link":"https:\/\/am-material.com\/pt\/mos2-powder\/","title":{"rendered":"P\u00f3 de MoS2 \u2503P\u00f3 de dissulfeto de molibd\u00eanio"},"content":{"rendered":"<div data-elementor-type=\"wp-page\" data-elementor-id=\"7378\" class=\"elementor elementor-7378\" data-elementor-post-type=\"page\">\n\t\t\t\t\t\t<section data-particle_enable=\"false\" data-particle-mobile-disabled=\"false\" class=\"elementor-section elementor-top-section elementor-element elementor-element-77df398 elementor-section-boxed elementor-section-height-default elementor-section-height-default\" data-id=\"77df398\" data-element_type=\"section\" data-e-type=\"section\">\n\t\t\t\t\t\t<div class=\"elementor-container elementor-column-gap-default\">\n\t\t\t\t\t<div class=\"elementor-column elementor-col-100 elementor-top-column elementor-element elementor-element-3fb46a9\" data-id=\"3fb46a9\" data-element_type=\"column\" data-e-type=\"column\">\n\t\t\t<div class=\"elementor-widget-wrap elementor-element-populated\">\n\t\t\t\t\t\t<div class=\"elementor-element elementor-element-078e8f4 elementor-widget elementor-widget-spacer\" data-id=\"078e8f4\" data-element_type=\"widget\" data-e-type=\"widget\" data-widget_type=\"spacer.default\">\n\t\t\t\t<div class=\"elementor-widget-container\">\n\t\t\t\t\t\t\t<div class=\"elementor-spacer\">\n\t\t\t<div class=\"elementor-spacer-inner\"><\/div>\n\t\t<\/div>\n\t\t\t\t\t\t<\/div>\n\t\t\t\t<\/div>\n\t\t\t\t\t<\/div>\n\t\t<\/div>\n\t\t\t\t\t<\/div>\n\t\t<\/section>\n\t\t\t\t<section data-particle_enable=\"false\" data-particle-mobile-disabled=\"false\" class=\"elementor-section elementor-top-section elementor-element elementor-element-cf1dbd4 elementor-section-boxed elementor-section-height-default elementor-section-height-default\" data-id=\"cf1dbd4\" data-element_type=\"section\" data-e-type=\"section\">\n\t\t\t\t\t\t<div class=\"elementor-container elementor-column-gap-default\">\n\t\t\t\t\t<div class=\"elementor-column elementor-col-50 elementor-top-column elementor-element elementor-element-4f867c9\" data-id=\"4f867c9\" data-element_type=\"column\" data-e-type=\"column\">\n\t\t\t<div class=\"elementor-widget-wrap elementor-element-populated\">\n\t\t\t\t\t\t<div class=\"elementor-element elementor-element-2aaaaa0 elementor-widget elementor-widget-spacer\" data-id=\"2aaaaa0\" data-element_type=\"widget\" data-e-type=\"widget\" data-widget_type=\"spacer.default\">\n\t\t\t\t<div class=\"elementor-widget-container\">\n\t\t\t\t\t\t\t<div class=\"elementor-spacer\">\n\t\t\t<div class=\"elementor-spacer-inner\"><\/div>\n\t\t<\/div>\n\t\t\t\t\t\t<\/div>\n\t\t\t\t<\/div>\n\t\t\t\t<div class=\"elementor-element elementor-element-1662c99 elementor-widget elementor-widget-image\" data-id=\"1662c99\" data-element_type=\"widget\" data-e-type=\"widget\" data-widget_type=\"image.default\">\n\t\t\t\t<div class=\"elementor-widget-container\">\n\t\t\t\t\t\t\t\t\t\t\t\t\t\t\t<img fetchpriority=\"high\" decoding=\"async\" width=\"550\" height=\"366\" src=\"https:\/\/am-material.com\/wp-content\/uploads\/2024\/05\/MoS2.png\" class=\"attachment-large size-large wp-image-7380\" alt=\"MoS2\" srcset=\"https:\/\/am-material.com\/wp-content\/uploads\/2024\/05\/MoS2.png 550w, https:\/\/am-material.com\/wp-content\/uploads\/2024\/05\/MoS2-300x200.png 300w, https:\/\/am-material.com\/wp-content\/uploads\/2024\/05\/MoS2-18x12.png 18w\" sizes=\"(max-width: 550px) 100vw, 550px\" title=\"\">\t\t\t\t\t\t\t\t\t\t\t\t\t\t\t<\/div>\n\t\t\t\t<\/div>\n\t\t\t\t<div class=\"elementor-element elementor-element-41c73fe elementor-align-center elementor-widget elementor-widget-button\" data-id=\"41c73fe\" data-element_type=\"widget\" data-e-type=\"widget\" data-widget_type=\"button.default\">\n\t\t\t\t<div class=\"elementor-widget-container\">\n\t\t\t\t\t\t\t\t\t<div class=\"elementor-button-wrapper\">\n\t\t\t\t\t<a class=\"elementor-button elementor-button-link elementor-size-sm\" href=\"#elementor-action%3Aaction%3Dpopup%3Aopen%26settings%3DeyJpZCI6IjYyODgiLCJ0b2dnbGUiOmZhbHNlfQ%3D%3D\">\n\t\t\t\t\t\t<span class=\"elementor-button-content-wrapper\">\n\t\t\t\t\t\t\t\t\t<span class=\"elementor-button-text\">Solicite agora<\/span>\n\t\t\t\t\t<\/span>\n\t\t\t\t\t<\/a>\n\t\t\t\t<\/div>\n\t\t\t\t\t\t\t\t<\/div>\n\t\t\t\t<\/div>\n\t\t\t\t\t<\/div>\n\t\t<\/div>\n\t\t\t\t<div class=\"elementor-column elementor-col-50 elementor-top-column elementor-element elementor-element-151eaff\" data-id=\"151eaff\" data-element_type=\"column\" data-e-type=\"column\">\n\t\t\t<div class=\"elementor-widget-wrap elementor-element-populated\">\n\t\t\t\t\t\t<div class=\"elementor-element elementor-element-658c06d elementor-widget elementor-widget-heading\" data-id=\"658c06d\" data-element_type=\"widget\" data-e-type=\"widget\" data-widget_type=\"heading.default\">\n\t\t\t\t<div class=\"elementor-widget-container\">\n\t\t\t\t\t<h4 class=\"elementor-heading-title elementor-size-default\">Dissulfeto de molibd\u00eanio em p\u00f3<\/h4>\t\t\t\t<\/div>\n\t\t\t\t<\/div>\n\t\t\t\t<div class=\"elementor-element elementor-element-c163ef3 elementor-widget elementor-widget-text-editor\" data-id=\"c163ef3\" data-element_type=\"widget\" data-e-type=\"widget\" data-widget_type=\"text-editor.default\">\n\t\t\t\t<div class=\"elementor-widget-container\">\n\t\t\t\t\t\t\t\t\t<p>Finura: 325 mesh - 2500 mesh;<br \/>Valor de PH: 7-8;<br \/>Densidade: 4,8-5,0g\/cm\u00b3;<br \/>Dureza: 1-1,5;<br \/>Perda na igni\u00e7\u00e3o: 18-22%;<br \/>Coeficiente de atrito: 0,05-0,09.<br \/>Al\u00e9m disso, o dissulfeto de molibd\u00eanio pode ser um novo material para a fabrica\u00e7\u00e3o de transistores. O dissulfeto de molibd\u00eanio tem um intervalo de banda de energia de 1,8 eV em compara\u00e7\u00e3o com o grafeno, que \u00e9 um material bidimensional, enquanto o grafeno n\u00e3o tem intervalo de banda de energia. Al\u00e9m disso, a mobilidade de el\u00e9trons dos transistores de dissulfeto de molibd\u00eanio em monocamada pode chegar a cerca de 500 cm^2\/(V-s), e a taxa de comuta\u00e7\u00e3o atual pode chegar a 1\u00d710^8.<\/p>\t\t\t\t\t\t\t\t<\/div>\n\t\t\t\t<\/div>\n\t\t\t\t\t<\/div>\n\t\t<\/div>\n\t\t\t\t\t<\/div>\n\t\t<\/section>\n\t\t\t\t<section data-particle_enable=\"false\" data-particle-mobile-disabled=\"false\" class=\"elementor-section elementor-top-section elementor-element elementor-element-047ab15 elementor-section-boxed elementor-section-height-default elementor-section-height-default\" data-id=\"047ab15\" data-element_type=\"section\" data-e-type=\"section\">\n\t\t\t\t\t\t<div class=\"elementor-container elementor-column-gap-default\">\n\t\t\t\t\t<div class=\"elementor-column elementor-col-100 elementor-top-column elementor-element elementor-element-e0d90f0\" data-id=\"e0d90f0\" data-element_type=\"column\" data-e-type=\"column\">\n\t\t\t<div class=\"elementor-widget-wrap elementor-element-populated\">\n\t\t\t\t\t\t<div class=\"elementor-element elementor-element-ffeaef3 elementor-widget elementor-widget-text-editor\" data-id=\"ffeaef3\" data-element_type=\"widget\" data-e-type=\"widget\" data-widget_type=\"text-editor.default\">\n\t\t\t\t<div class=\"elementor-widget-container\">\n\t\t\t\t\t\t\t\t\t<p>O dissulfeto de molibd\u00eanio \u00e9 um importante lubrificante s\u00f3lido, especialmente adequado para aplica\u00e7\u00f5es de alta temperatura e alta press\u00e3o. Ele tamb\u00e9m \u00e9 antimagn\u00e9tico e pode ser usado como fotocondutor linear e como semicondutor com propriedades condutoras do tipo P ou N, com retifica\u00e7\u00e3o e transfer\u00eancia de energia. O dissulfeto de molibd\u00eanio tamb\u00e9m \u00e9 usado como catalisador para a desidrogena\u00e7\u00e3o de hidrocarbonetos complexos.<br \/>Ele tamb\u00e9m \u00e9 conhecido como o \"Rei dos Lubrificantes S\u00f3lidos Avan\u00e7ados\". O dissulfeto de molibd\u00eanio \u00e9 um p\u00f3 s\u00f3lido feito de p\u00f3 concentrado de molibd\u00eanio natural que foi quimicamente purificado e teve sua estrutura molecular alterada.<br \/>O produto \u00e9 preto com uma cor cinza levemente prateada, com brilho met\u00e1lico, suave ao toque e insol\u00favel em \u00e1gua.<br \/>O produto tem as vantagens de boa dispers\u00e3o, sem liga\u00e7\u00e3o, pode ser adicionado a todos os tipos de graxa, formando um estado coloidal sem liga\u00e7\u00e3o, podendo aumentar a lubricidade da graxa e a press\u00e3o extrema. Tamb\u00e9m \u00e9 aplic\u00e1vel a condi\u00e7\u00f5es de trabalho mec\u00e2nico de alta temperatura, alta press\u00e3o, alta velocidade e alta carga, para prolongar a vida \u00fatil do equipamento.<br \/>O dissulfeto de molibd\u00eanio \u00e9 usado para materiais de fric\u00e7\u00e3o, a principal fun\u00e7\u00e3o \u00e9 reduzir o atrito em baixas temperaturas, o atrito em altas temperaturas, a quantidade de perda por queima \u00e9 pequena, f\u00e1cil de volatilizar nos materiais de fric\u00e7\u00e3o.<br \/>Redu\u00e7\u00e3o de atrito: o tamanho da part\u00edcula de dissulfeto de molibd\u00eanio atingiu 325-2500 mesh por meio do processamento de esmagamento de fluxo de ar supers\u00f4nico, dureza de micropart\u00edculas de 1-1,5, coeficiente de atrito de 0,05-0,1, de modo que pode ser usado em materiais de atrito e pode desempenhar um papel na redu\u00e7\u00e3o do atrito.<br \/>Atrito: O dissulfeto de molibd\u00eanio n\u00e3o \u00e9 condutor e existe como um copol\u00edmero de dissulfeto de molibd\u00eanio, trissulfeto de molibd\u00eanio e tri\u00f3xido de molibd\u00eanio. Quando a temperatura de um material de atrito aumenta muito devido ao atrito, as part\u00edculas de tri\u00f3xido de molibd\u00eanio no copol\u00edmero se expandem \u00e0 medida que se aquecem, aumentando o atrito.<br \/>Anti-oxida\u00e7\u00e3o: O dissulfeto de molibd\u00eanio \u00e9 obtido por meio de uma rea\u00e7\u00e3o abrangente de purifica\u00e7\u00e3o qu\u00edmica, seu valor de pH \u00e9 de 7-8, levemente<\/p>\t\t\t\t\t\t\t\t<\/div>\n\t\t\t\t<\/div>\n\t\t\t\t\t<\/div>\n\t\t<\/div>\n\t\t\t\t\t<\/div>\n\t\t<\/section>\n\t\t\t\t<section data-particle_enable=\"false\" data-particle-mobile-disabled=\"false\" class=\"elementor-section elementor-top-section elementor-element elementor-element-0714863 elementor-section-boxed elementor-section-height-default elementor-section-height-default\" data-id=\"0714863\" data-element_type=\"section\" data-e-type=\"section\">\n\t\t\t\t\t\t<div class=\"elementor-container elementor-column-gap-default\">\n\t\t\t\t\t<div class=\"elementor-column elementor-col-100 elementor-top-column elementor-element elementor-element-e02242b\" data-id=\"e02242b\" data-element_type=\"column\" data-e-type=\"column\">\n\t\t\t<div class=\"elementor-widget-wrap elementor-element-populated\">\n\t\t\t\t\t\t<div class=\"elementor-element elementor-element-01824ea elementor-widget elementor-widget-text-editor\" data-id=\"01824ea\" data-element_type=\"widget\" data-e-type=\"widget\" data-widget_type=\"text-editor.default\">\n\t\t\t\t<div class=\"elementor-widget-container\">\n\t\t\t\t\t\t\t\t\t<table border=\"1\" cellspacing=\"0\" cellpadding=\"0\"><tbody><tr><td>Especifica\u00e7\u00e3o<\/td><td>M01<\/td><td>M02<\/td><td>M03<\/td><td>M04<\/td><\/tr><tr><td><br \/>MoS2 (%) \u2265<\/td><td colspan=\"4\">\u00a0\u00a0\u00a0\u00a0\u00a0 \u00a0<br \/>98.5<\/td><\/tr><tr><td>Tamanho m\u00e9dio das part\u00edculas<\/td><td>16.0-30.0<\/td><td>12.0-16<\/td><td>3.0-6.0<\/td><td>1.3-1.5<\/td><\/tr><tr><td>Subst\u00e2ncia insol\u00favel em \u00e1cido\uff08%\uff09\u2264<\/td><td>0.50<\/td><td>0.50<\/td><td>0.50<\/td><td>0.50<\/td><\/tr><tr><td>Tri\u00f3xido de molibd\u00eanio\uff08%\uff09\u2264<\/td><td>0.05<\/td><td>0.05<\/td><td>0.10<\/td><td>0.10<\/td><\/tr><tr><td>Di\u00f3xido de sil\u00edcio (SiO2)\uff08%\uff09\u2264<\/td><td>0.10<\/td><td>0.10<\/td><td>0.10<\/td><td>0.10<\/td><\/tr><tr><td>Ferro (%) \u2264<\/td><td>0.25<\/td><td>0.25<\/td><td>0.25<\/td><td>0.25<\/td><\/tr><tr><td>\u00c1gua (%) \u2264<\/td><td>0.10<\/td><td>0.10<\/td><td>0.10<\/td><td>0.10<\/td><\/tr><tr><td>\u00d3leo (%)\u2264<\/td><td>0.05<\/td><td>0.20<\/td><td>0.25<\/td><td>0.25<\/td><\/tr><tr><td>Carbono (%)\u2264<\/td><td>0.50<\/td><td>0.50<\/td><td>0.50<\/td><td>0.50<\/td><\/tr><tr><td>Valor de acidez \u2264<\/td><td>0.05<\/td><td>0.30<\/td><td>0.30<\/td><td>0.50<\/td><\/tr><\/tbody><\/table>\t\t\t\t\t\t\t\t<\/div>\n\t\t\t\t<\/div>\n\t\t\t\t\t<\/div>\n\t\t<\/div>\n\t\t\t\t\t<\/div>\n\t\t<\/section>\n\t\t\t\t<section data-particle_enable=\"false\" data-particle-mobile-disabled=\"false\" class=\"elementor-section elementor-top-section elementor-element elementor-element-50dfaf4 elementor-section-boxed elementor-section-height-default elementor-section-height-default\" data-id=\"50dfaf4\" data-element_type=\"section\" data-e-type=\"section\">\n\t\t\t\t\t\t<div class=\"elementor-container elementor-column-gap-default\">\n\t\t\t\t\t<div class=\"elementor-column elementor-col-100 elementor-top-column elementor-element elementor-element-d2df5ad\" data-id=\"d2df5ad\" data-element_type=\"column\" data-e-type=\"column\">\n\t\t\t<div class=\"elementor-widget-wrap elementor-element-populated\">\n\t\t\t\t\t\t<div class=\"elementor-element elementor-element-3f1b3c5 elementor-widget elementor-widget-image\" data-id=\"3f1b3c5\" data-element_type=\"widget\" data-e-type=\"widget\" data-widget_type=\"image.default\">\n\t\t\t\t<div class=\"elementor-widget-container\">\n\t\t\t\t\t\t\t\t\t\t\t\t\t\t\t<img decoding=\"async\" width=\"1067\" height=\"1283\" src=\"https:\/\/am-material.com\/wp-content\/uploads\/2024\/05\/\uff2doS2\u3000production.png\" class=\"attachment-full size-full wp-image-7389\" alt=\"\" srcset=\"https:\/\/am-material.com\/wp-content\/uploads\/2024\/05\/\uff2doS2\u3000production.png 1067w, https:\/\/am-material.com\/wp-content\/uploads\/2024\/05\/\uff2doS2\u3000production-249x300.png 249w, https:\/\/am-material.com\/wp-content\/uploads\/2024\/05\/\uff2doS2\u3000production-852x1024.png 852w, https:\/\/am-material.com\/wp-content\/uploads\/2024\/05\/\uff2doS2\u3000production-768x923.png 768w, https:\/\/am-material.com\/wp-content\/uploads\/2024\/05\/\uff2doS2\u3000production-10x12.png 10w\" sizes=\"(max-width: 1067px) 100vw, 1067px\" title=\"\">\t\t\t\t\t\t\t\t\t\t\t\t\t\t\t<\/div>\n\t\t\t\t<\/div>\n\t\t\t\t\t<\/div>\n\t\t<\/div>\n\t\t\t\t\t<\/div>\n\t\t<\/section>\n\t\t\t\t<\/div>","protected":false},"excerpt":{"rendered":"<p>Inquiry Now Molybdenum Disulfide Powder Fineness: 325 mesh \u2013 2500 mesh;PH value: 7-8;Density: 4.8-5.0g\/cm\u00b3;Hardness: 1-1.5;Loss on Ignition: 18-22%;Friction Coefficient: 0.05-0.09.Besides, molybdenum disulfide can be new material for making transistors. Molybdenum disulfide has an energy band gap of 1.8 eV compared to graphene, which is a two-dimensional material, while graphene has no energy bandgap. Moreover, the [&hellip;]<\/p>\n","protected":false},"author":5,"featured_media":0,"parent":0,"menu_order":0,"comment_status":"closed","ping_status":"closed","template":"","meta":{"site-sidebar-layout":"no-sidebar","site-content-layout":"page-builder","ast-site-content-layout":"full-width-container","site-content-style":"default","site-sidebar-style":"default","ast-global-header-display":"","ast-banner-title-visibility":"","ast-main-header-display":"","ast-hfb-above-header-display":"","ast-hfb-below-header-display":"","ast-hfb-mobile-header-display":"","site-post-title":"disabled","ast-breadcrumbs-content":"","ast-featured-img":"disabled","footer-sml-layout":"","ast-disable-related-posts":"","theme-transparent-header-meta":"","adv-header-id-meta":"","stick-header-meta":"","header-above-stick-meta":"","header-main-stick-meta":"","header-below-stick-meta":"","astra-migrate-meta-layouts":"set","ast-page-background-enabled":"default","ast-page-background-meta":{"desktop":{"background-color":"","background-image":"","background-repeat":"repeat","background-position":"center center","background-size":"auto","background-attachment":"scroll","background-type":"","background-media":"","overlay-type":"","overlay-color":"","overlay-opacity":"","overlay-gradient":""},"tablet":{"background-color":"","background-image":"","background-repeat":"repeat","background-position":"center center","background-size":"auto","background-attachment":"scroll","background-type":"","background-media":"","overlay-type":"","overlay-color":"","overlay-opacity":"","overlay-gradient":""},"mobile":{"background-color":"","background-image":"","background-repeat":"repeat","background-position":"center center","background-size":"auto","background-attachment":"scroll","background-type":"","background-media":"","overlay-type":"","overlay-color":"","overlay-opacity":"","overlay-gradient":""}},"ast-content-background-meta":{"desktop":{"background-color":"var(--ast-global-color-5)","background-image":"","background-repeat":"repeat","background-position":"center center","background-size":"auto","background-attachment":"scroll","background-type":"","background-media":"","overlay-type":"","overlay-color":"","overlay-opacity":"","overlay-gradient":""},"tablet":{"background-color":"var(--ast-global-color-5)","background-image":"","background-repeat":"repeat","background-position":"center center","background-size":"auto","background-attachment":"scroll","background-type":"","background-media":"","overlay-type":"","overlay-color":"","overlay-opacity":"","overlay-gradient":""},"mobile":{"background-color":"var(--ast-global-color-5)","background-image":"","background-repeat":"repeat","background-position":"center center","background-size":"auto","background-attachment":"scroll","background-type":"","background-media":"","overlay-type":"","overlay-color":"","overlay-opacity":"","overlay-gradient":""}},"footnotes":""},"folder":[],"class_list":["post-7378","page","type-page","status-publish","hentry"],"_links":{"self":[{"href":"https:\/\/am-material.com\/pt\/wp-json\/wp\/v2\/pages\/7378","targetHints":{"allow":["GET"]}}],"collection":[{"href":"https:\/\/am-material.com\/pt\/wp-json\/wp\/v2\/pages"}],"about":[{"href":"https:\/\/am-material.com\/pt\/wp-json\/wp\/v2\/types\/page"}],"author":[{"embeddable":true,"href":"https:\/\/am-material.com\/pt\/wp-json\/wp\/v2\/users\/5"}],"replies":[{"embeddable":true,"href":"https:\/\/am-material.com\/pt\/wp-json\/wp\/v2\/comments?post=7378"}],"version-history":[{"count":10,"href":"https:\/\/am-material.com\/pt\/wp-json\/wp\/v2\/pages\/7378\/revisions"}],"predecessor-version":[{"id":7393,"href":"https:\/\/am-material.com\/pt\/wp-json\/wp\/v2\/pages\/7378\/revisions\/7393"}],"wp:attachment":[{"href":"https:\/\/am-material.com\/pt\/wp-json\/wp\/v2\/media?parent=7378"}],"wp:term":[{"taxonomy":"folder","embeddable":true,"href":"https:\/\/am-material.com\/pt\/wp-json\/wp\/v2\/folder?post=7378"}],"curies":[{"name":"wp","href":"https:\/\/api.w.org\/{rel}","templated":true}]}}