{"id":7176,"date":"2024-03-28T17:15:18","date_gmt":"2024-03-28T09:15:18","guid":{"rendered":"https:\/\/am-material.com\/?page_id=7176"},"modified":"2024-09-27T16:07:57","modified_gmt":"2024-09-27T08:07:57","slug":"stainless-steel-powder","status":"publish","type":"page","link":"https:\/\/am-material.com\/pt\/stainless-steel-powder\/","title":{"rendered":"P\u00f3 de a\u00e7o inoxid\u00e1vel"},"content":{"rendered":"\t\t<div data-elementor-type=\"wp-page\" data-elementor-id=\"7176\" class=\"elementor elementor-7176\" data-elementor-post-type=\"page\">\n\t\t\t\t\t\t<section data-particle_enable=\"false\" data-particle-mobile-disabled=\"false\" class=\"elementor-section elementor-top-section elementor-element elementor-element-7f5cd6ac elementor-section-content-middle elementor-section-boxed elementor-section-height-default elementor-section-height-default\" data-id=\"7f5cd6ac\" data-element_type=\"section\" data-e-type=\"section\" data-settings=\"{&quot;background_background&quot;:&quot;classic&quot;}\">\n\t\t\t\t\t\t<div class=\"elementor-container elementor-column-gap-no\">\n\t\t\t\t\t<div class=\"elementor-column elementor-col-100 elementor-top-column elementor-element elementor-element-fb19e5a\" data-id=\"fb19e5a\" data-element_type=\"column\" data-e-type=\"column\">\n\t\t\t<div class=\"elementor-widget-wrap elementor-element-populated\">\n\t\t\t\t\t\t<div class=\"elementor-element elementor-element-2b030d6b elementor-widget elementor-widget-heading\" data-id=\"2b030d6b\" data-element_type=\"widget\" data-e-type=\"widget\" data-widget_type=\"heading.default\">\n\t\t\t\t<div class=\"elementor-widget-container\">\n\t\t\t\t\t<h4 class=\"elementor-heading-title elementor-size-default\">Stainless Steel Powder<\/h4>\t\t\t\t<\/div>\n\t\t\t\t<\/div>\n\t\t\t\t<div class=\"elementor-element elementor-element-1d2374cb elementor-widget elementor-widget-heading\" data-id=\"1d2374cb\" data-element_type=\"widget\" data-e-type=\"widget\" data-widget_type=\"heading.default\">\n\t\t\t\t<div class=\"elementor-widget-container\">\n\t\t\t\t\t<h5 class=\"elementor-heading-title elementor-size-default\">Shanghai Truer Technology Co,.LTD\u00a0 <\/h5>\t\t\t\t<\/div>\n\t\t\t\t<\/div>\n\t\t\t\t<div class=\"elementor-element elementor-element-5500 elementor-button-align-stretch elementor-widget elementor-widget-global elementor-global-5500 elementor-widget-form\" data-id=\"5500\" data-element_type=\"widget\" data-e-type=\"widget\" data-settings=\"{&quot;button_width&quot;:&quot;25&quot;,&quot;step_next_label&quot;:&quot;Next&quot;,&quot;step_previous_label&quot;:&quot;Previous&quot;,&quot;step_type&quot;:&quot;none&quot;,&quot;step_icon_shape&quot;:&quot;circle&quot;}\" data-widget_type=\"form.default\">\n\t\t\t\t<div class=\"elementor-widget-container\">\n\t\t\t\t\t\t\t<form class=\"elementor-form\" method=\"post\" name=\"New Form\" aria-label=\"New Form\">\n\t\t\t<input type=\"hidden\" name=\"post_id\" value=\"7176\"\/>\n\t\t\t<input type=\"hidden\" name=\"form_id\" value=\"5500\"\/>\n\t\t\t<input type=\"hidden\" name=\"referer_title\" value=\"\" \/>\n\n\t\t\t\n\t\t\t<div class=\"elementor-form-fields-wrapper elementor-labels-\">\n\t\t\t\t\t\t\t\t<div class=\"elementor-field-type-email elementor-field-group elementor-column elementor-field-group-field_f75bc07 elementor-col-20\">\n\t\t\t\t\t\t\t\t\t\t\t\t<label for=\"form-field-field_f75bc07\" class=\"elementor-field-label elementor-screen-only\">\n\t\t\t\t\t\t\t\tEmail\t\t\t\t\t\t\t<\/label>\n\t\t\t\t\t\t\t\t\t\t\t\t\t\t<input size=\"1\" type=\"email\" name=\"form_fields[field_f75bc07]\" id=\"form-field-field_f75bc07\" class=\"elementor-field elementor-size-md  elementor-field-textual\" placeholder=\"Email\">\n\t\t\t\t\t\t\t\t\t\t\t<\/div>\n\t\t\t\t\t\t\t\t<div class=\"elementor-field-type-text elementor-field-group elementor-column elementor-field-group-3bfa688 elementor-col-20\">\n\t\t\t\t\t\t\t\t\t\t\t\t<label for=\"form-field-3bfa688\" class=\"elementor-field-label elementor-screen-only\">\n\t\t\t\t\t\t\t\tTel\t\t\t\t\t\t\t<\/label>\n\t\t\t\t\t\t\t\t\t\t\t\t\t\t<input size=\"1\" type=\"text\" name=\"form_fields[3bfa688]\" id=\"form-field-3bfa688\" class=\"elementor-field elementor-size-md  elementor-field-textual\" placeholder=\"Tel\">\n\t\t\t\t\t\t\t\t\t\t\t<\/div>\n\t\t\t\t\t\t\t\t<div class=\"elementor-field-type-textarea elementor-field-group elementor-column elementor-field-group-email elementor-col-33 elementor-field-required\">\n\t\t\t\t\t\t\t\t\t\t\t\t<label for=\"form-field-email\" class=\"elementor-field-label elementor-screen-only\">\n\t\t\t\t\t\t\t\tMessage\t\t\t\t\t\t\t<\/label>\n\t\t\t\t\t\t<textarea class=\"elementor-field-textual elementor-field  elementor-size-md\" name=\"form_fields[email]\" id=\"form-field-email\" rows=\"1\" placeholder=\"Leave Message Here\" required=\"required\"><\/textarea>\t\t\t\t<\/div>\n\t\t\t\t\t\t\t\t<div class=\"elementor-field-group elementor-column elementor-field-type-submit elementor-col-25 e-form__buttons\">\n\t\t\t\t\t<button class=\"elementor-button elementor-size-md\" type=\"submit\">\n\t\t\t\t\t\t<span class=\"elementor-button-content-wrapper\">\n\t\t\t\t\t\t\t\t\t\t\t\t\t\t\t\t\t\t\t\t\t\t<span class=\"elementor-button-text\">inquiry<\/span>\n\t\t\t\t\t\t\t\t\t\t\t\t\t<\/span>\n\t\t\t\t\t<\/button>\n\t\t\t\t<\/div>\n\t\t\t<\/div>\n\t\t<\/form>\n\t\t\t\t\t\t<\/div>\n\t\t\t\t<\/div>\n\t\t\t\t\t<\/div>\n\t\t<\/div>\n\t\t\t\t\t<\/div>\n\t\t<\/section>\n\t\t\t\t<section data-particle_enable=\"false\" data-particle-mobile-disabled=\"false\" class=\"elementor-section elementor-top-section elementor-element elementor-element-da89716 elementor-section-boxed elementor-section-height-default elementor-section-height-default\" data-id=\"da89716\" data-element_type=\"section\" data-e-type=\"section\">\n\t\t\t\t\t\t<div class=\"elementor-container elementor-column-gap-default\">\n\t\t\t\t\t<div class=\"elementor-column elementor-col-100 elementor-top-column elementor-element elementor-element-aa42861\" data-id=\"aa42861\" data-element_type=\"column\" data-e-type=\"column\">\n\t\t\t<div class=\"elementor-widget-wrap elementor-element-populated\">\n\t\t\t\t\t\t<div class=\"elementor-element elementor-element-2930b9d elementor-widget elementor-widget-shortcode\" data-id=\"2930b9d\" data-element_type=\"widget\" data-e-type=\"widget\" data-widget_type=\"shortcode.default\">\n\t\t\t\t<div class=\"elementor-widget-container\">\n\t\t\t\t\t\t\t<div class=\"elementor-shortcode\"><nav aria-label=\"breadcrumbs\" class=\"rank-math-breadcrumb\"><p><span class=\"last\">Home<\/span><\/p><\/nav><\/div>\n\t\t\t\t\t\t<\/div>\n\t\t\t\t<\/div>\n\t\t\t\t\t<\/div>\n\t\t<\/div>\n\t\t\t\t\t<\/div>\n\t\t<\/section>\n\t\t\t\t<section data-particle_enable=\"false\" data-particle-mobile-disabled=\"false\" class=\"elementor-section elementor-top-section elementor-element elementor-element-b385ffb elementor-section-boxed elementor-section-height-default elementor-section-height-default\" data-id=\"b385ffb\" data-element_type=\"section\" data-e-type=\"section\">\n\t\t\t\t\t\t<div class=\"elementor-container elementor-column-gap-default\">\n\t\t\t\t\t<div class=\"elementor-column elementor-col-100 elementor-top-column elementor-element elementor-element-e846a21\" data-id=\"e846a21\" data-element_type=\"column\" data-e-type=\"column\">\n\t\t\t<div class=\"elementor-widget-wrap elementor-element-populated\">\n\t\t\t\t\t\t<div class=\"elementor-element elementor-element-8da6b55 elementor-widget-divider--view-line_icon elementor-view-default elementor-widget-divider--element-align-center elementor-widget elementor-widget-divider\" data-id=\"8da6b55\" data-element_type=\"widget\" data-e-type=\"widget\" data-widget_type=\"divider.default\">\n\t\t\t\t<div class=\"elementor-widget-container\">\n\t\t\t\t\t\t\t<div class=\"elementor-divider\">\n\t\t\t<span class=\"elementor-divider-separator\">\n\t\t\t\t\t\t\t<div class=\"elementor-icon elementor-divider__element\">\n\t\t\t\t\t<i aria-hidden=\"true\" class=\"fas fa-star\"><\/i><\/div>\n\t\t\t\t\t\t<\/span>\n\t\t<\/div>\n\t\t\t\t\t\t<\/div>\n\t\t\t\t<\/div>\n\t\t\t\t<div class=\"elementor-element elementor-element-f592414 elementor-widget elementor-widget-heading\" data-id=\"f592414\" data-element_type=\"widget\" data-e-type=\"widget\" data-widget_type=\"heading.default\">\n\t\t\t\t<div class=\"elementor-widget-container\">\n\t\t\t\t\t<h2 class=\"elementor-heading-title elementor-size-default\">Stainless Steel Powder<\/h2>\t\t\t\t<\/div>\n\t\t\t\t<\/div>\n\t\t\t\t<div class=\"elementor-element elementor-element-357fd4e elementor-widget elementor-widget-text-editor\" data-id=\"357fd4e\" data-element_type=\"widget\" data-e-type=\"widget\" data-widget_type=\"text-editor.default\">\n\t\t\t\t<div class=\"elementor-widget-container\">\n\t\t\t\t\t\t\t\t\t<p><strong>Stainless steel <\/strong>generally contains chromium content greater than 12%, which has good weldability&amp; chemical stability, and excellent corrosion resistance to air, water, salt aqueous solutions, and other media. It is widely used in construction, transportation, energy, packaging, household appliances, and industrial fields.<\/p><p><strong>Stainless steel powders<\/strong> include <strong>316L, 304L, 17-4PH, 15-5PH, 410L, 420, 430L, 440C, 1.4091, 904L &amp; CX<\/strong>. The grades can be categorized in four groups: <strong>ferritic, austenitic, martensitic and precipitation hardening<\/strong> types. Ferritic and martensitic type have a very attractive cost\/performance ratio but a somewhat lower corrosion resistance comparable with austenitic type. <strong>17-4<\/strong><strong>PH and 316L powder <\/strong>are two kinds of most commonly used stainless steel powders.<\/p><p><strong>17-4PH<\/strong>is one kind of low-carbon, high chromium precipitation hardening stainless steel with good corrosion resistance, improved hardness and strength by adding strengthening elements such as Cu&amp; Nb to precipitate second phase strengthening particles such as \u03b5-Cu &amp; NbC during the aging process.<\/p><p><strong>316<\/strong><strong>Lstainless <\/strong><strong>steel<\/strong> is an austenitic chromium-nickel stainless steel that contains between 2% and 3% molybdenum. The molybdenum content increases corrosion resistance, improves resistance to pitting in chloride ion solutions, and increases strength at high temperatures. Type 316L grade stainless steel is particularly effective in acidic environments. Common uses for type 316 stainless steel powder include in the construction of exhaust manifolds, furnace parts, heat exchangers, jet engine parts, pharmaceutical and photographic equipment, valve and pump parts, chemical processing equipment, tanks, and evaporators.<\/p><p>Our particlesize range normally can be 5-200um, including common range 0-22um, 15-53um, 20-65um, 53-106um and 53-150um. Other particle size distribution also can be provided per customer specification.<\/p><p><strong>Welcome to inquire about prices and technical specifications <\/strong>(including powder morphology and particle size etc.).<\/p>\t\t\t\t\t\t\t\t<\/div>\n\t\t\t\t<\/div>\n\t\t\t\t<div class=\"elementor-element elementor-element-5be1a08 elementor-widget elementor-widget-text-editor\" data-id=\"5be1a08\" data-element_type=\"widget\" data-e-type=\"widget\" data-widget_type=\"text-editor.default\">\n\t\t\t\t<div class=\"elementor-widget-container\">\n\t\t\t\t\t\t\t\t\t<table style=\"vertical-align: middle; text-align: center;\" width=\"648\">\n<tbody>\n<tr bgcolor=\"lightgrey\">\n<td colspan=\"9\" width=\"648\"><strong>CHEMICAL COMPOSITION (wt%)<\/strong><\/td>\n<\/tr>\n<tr bgcolor=\"lightgrey\">\n<td width=\"72\"><strong>Grade<\/strong><\/td>\n<td width=\"39\"><strong>Fe<\/strong><\/td>\n<td width=\"64\"><strong>C<\/strong><\/td>\n<td width=\"82\"><strong>Cr<\/strong><\/td>\n<td width=\"82\"><strong>Ni<\/strong><\/td>\n<td width=\"63\"><strong>Mo<\/strong><\/td>\n<td width=\"72\"><strong>Cu<\/strong><\/td>\n<td width=\"80\"><strong>Nb<\/strong><\/td>\n<td width=\"93\"><strong>Other<\/strong><\/td>\n<\/tr>\n<tr>\n<td width=\"72\">316L<\/td>\n<td width=\"39\">Bal<\/td>\n<td width=\"64\">&lt;0.03<\/td>\n<td width=\"82\">16.0-18.0<\/td>\n<td width=\"82\">11.0-14.0<\/td>\n<td width=\"63\">2.0-3.0<\/td>\n<td width=\"72\">\/<\/td>\n<td width=\"80\">\/<\/td>\n<td width=\"93\">\/<\/td>\n<\/tr>\n<tr>\n<td width=\"72\">304L<\/td>\n<td width=\"39\">Bal<\/td>\n<td width=\"64\">&lt;0.03<\/td>\n<td width=\"82\">18.0-20.0<\/td>\n<td width=\"82\">8.0-12.0<\/td>\n<td width=\"63\">\/<\/td>\n<td width=\"72\">\/<\/td>\n<td width=\"80\">\/<\/td>\n<td width=\"93\">\/<\/td>\n<\/tr>\n<tr>\n<td width=\"72\">310S<\/td>\n<td width=\"39\">Bal<\/td>\n<td width=\"64\">&lt;0.07<\/td>\n<td width=\"82\">23.0-27.0<\/td>\n<td width=\"82\">19.0-22.0<\/td>\n<td width=\"63\">\/<\/td>\n<td width=\"72\">\/<\/td>\n<td width=\"80\">\/<\/td>\n<td width=\"93\">\/<\/td>\n<\/tr>\n<tr>\n<td width=\"72\">317L<\/td>\n<td width=\"39\">Bal<\/td>\n<td width=\"64\">&lt;0.03<\/td>\n<td width=\"82\">18.0-20.0<\/td>\n<td width=\"82\">12.0-15.0<\/td>\n<td width=\"63\">3.0-4.0<\/td>\n<td width=\"72\">\/<\/td>\n<td width=\"80\">\/<\/td>\n<td width=\"93\">\/<\/td>\n<\/tr>\n<tr>\n<td width=\"72\">410L<\/td>\n<td width=\"39\">Bal<\/td>\n<td width=\"64\">&lt;0.03<\/td>\n<td width=\"82\">11.0-14.0<\/td>\n<td width=\"82\">\/<\/td>\n<td width=\"63\">\/<\/td>\n<td width=\"72\">\/<\/td>\n<td width=\"80\">\/<\/td>\n<td width=\"93\">\/<\/td>\n<\/tr>\n<tr>\n<td width=\"72\">420<\/td>\n<td width=\"39\">Bal<\/td>\n<td width=\"64\">0.5-0.7<\/td>\n<td width=\"82\">12.0-14.0<\/td>\n<td width=\"82\">\/<\/td>\n<td width=\"63\">\/<\/td>\n<td width=\"72\">\/<\/td>\n<td width=\"80\">\/<\/td>\n<td width=\"93\">\/<\/td>\n<\/tr>\n<tr>\n<td width=\"72\">430L<\/td>\n<td width=\"39\">Bal<\/td>\n<td width=\"64\">&lt;0.03<\/td>\n<td width=\"82\">16.0-18.0<\/td>\n<td width=\"82\">\/<\/td>\n<td width=\"63\">\/<\/td>\n<td width=\"72\">\/<\/td>\n<td width=\"80\">\/<\/td>\n<td width=\"93\">\/<\/td>\n<\/tr>\n<tr>\n<td width=\"72\">431<\/td>\n<td width=\"39\">Bal<\/td>\n<td width=\"64\">&lt;0.20<\/td>\n<td width=\"82\">15.0-17.0<\/td>\n<td width=\"82\">1.25-2.5<\/td>\n<td width=\"63\">\/<\/td>\n<td width=\"72\">\/<\/td>\n<td width=\"80\">\/<\/td>\n<td width=\"93\">\/<\/td>\n<\/tr>\n<tr>\n<td width=\"72\">440C<\/td>\n<td width=\"39\">Bal<\/td>\n<td width=\"64\">1.0-1.2<\/td>\n<td width=\"82\">16.0-18.0<\/td>\n<td width=\"82\">\/<\/td>\n<td width=\"63\">0.4-0.8<\/td>\n<td width=\"72\">\/<\/td>\n<td width=\"80\">\/<\/td>\n<td width=\"93\">\/<\/td>\n<\/tr>\n<tr>\n<td width=\"72\">17-4PH<\/td>\n<td width=\"39\">Bal<\/td>\n<td width=\"64\">&lt;0.07<\/td>\n<td width=\"82\">15.0-17.5<\/td>\n<td width=\"82\">3.0-5.0<\/td>\n<td width=\"63\">\/<\/td>\n<td width=\"72\">3.0-5.0<\/td>\n<td width=\"80\">0.15-0.45<\/td>\n<td width=\"93\">\/<\/td>\n<\/tr>\n<tr>\n<td width=\"72\">15-5PH<\/td>\n<td width=\"39\">Bal<\/td>\n<td width=\"64\">&lt;0.07<\/td>\n<td width=\"82\">14.5-15.5<\/td>\n<td width=\"82\">3.5-5.5<\/td>\n<td width=\"63\">\/<\/td>\n<td width=\"72\">2.5-4.5<\/td>\n<td width=\"80\">0.15-0.45<\/td>\n<td width=\"93\">\/<\/td>\n<\/tr>\n<tr>\n<td width=\"72\">TRC1.4<\/td>\n<td width=\"39\">Bal<\/td>\n<td width=\"64\">1.0-1.3<\/td>\n<td width=\"82\">33.0-35.0<\/td>\n<td width=\"82\">14.0-16.0<\/td>\n<td width=\"63\">2.5-3.5<\/td>\n<td width=\"72\">W 0.6-1<\/td>\n<td width=\"80\">N 0.1-0.3<\/td>\n<td width=\"93\">\/<\/td>\n<\/tr>\n<tr>\n<td width=\"72\">904L<\/td>\n<td width=\"39\">Bal<\/td>\n<td width=\"64\">&lt;0.02<\/td>\n<td width=\"82\">19.0-23.0<\/td>\n<td width=\"82\">23.0-28.0<\/td>\n<td width=\"63\">4.0-5.0<\/td>\n<td width=\"72\">1.0-2.0<\/td>\n<td width=\"80\">\/<\/td>\n<td width=\"93\">\/<\/td>\n<\/tr>\n<tr>\n<td width=\"72\">CX<\/td>\n<td width=\"39\">Bal<\/td>\n<td width=\"64\">\/<\/td>\n<td width=\"82\">12.0-13.0<\/td>\n<td width=\"82\">9.0-10.0<\/td>\n<td width=\"63\">1.0-1.7<\/td>\n<td width=\"72\">\/<\/td>\n<td width=\"80\">\/<\/td>\n<td width=\"93\">Al 1.0-2.0<\/td>\n<\/tr>\n<tr>\n<td width=\"72\">18Ni300<\/td>\n<td width=\"39\">Bal<\/td>\n<td width=\"64\">&lt;0.03<\/td>\n<td width=\"82\">\/<\/td>\n<td width=\"82\">18.0-19.0<\/td>\n<td width=\"63\">4.6-5.2<\/td>\n<td width=\"72\">\/<\/td>\n<td width=\"80\">\/<\/td>\n<td width=\"93\">Co 8.5-10.0\n\nTi 0.5-0.8<\/td>\n<\/tr>\n<tr>\n<td width=\"72\">2205<\/td>\n<td width=\"39\">\/<\/td>\n<td width=\"64\">\u22640.03<\/td>\n<td width=\"82\">22.0-23.0<\/td>\n<td width=\"82\">4.5-6.5<\/td>\n<td width=\"63\">3.0-3.5<\/td>\n<td width=\"72\">\/<\/td>\n<td width=\"80\">\/<\/td>\n<td width=\"93\">\/<\/td>\n<\/tr>\n<tr>\n<td width=\"72\">2507<\/td>\n<td width=\"39\">\/<\/td>\n<td width=\"64\">\u22640.03<\/td>\n<td width=\"82\">24.0-26.0<\/td>\n<td width=\"82\">6.0-8.0<\/td>\n<td width=\"63\">3.0-5.0<\/td>\n<td width=\"72\">\u22640.5<\/td>\n<td width=\"80\">\/<\/td>\n<td width=\"93\">\/<\/td>\n<\/tr>\n<tr>\n<td width=\"72\">2707<\/td>\n<td width=\"39\">\/<\/td>\n<td width=\"64\">\u22640.03<\/td>\n<td width=\"82\">26.0-29.0<\/td>\n<td width=\"82\">5.5-9.5<\/td>\n<td width=\"63\">4.0-5.0<\/td>\n<td width=\"72\">\u22640.1<\/td>\n<td width=\"80\">\/<\/td>\n<td width=\"93\">\/<\/td>\n<\/tr>\n<\/tbody>\n<\/table>\t\t\t\t\t\t\t\t<\/div>\n\t\t\t\t<\/div>\n\t\t\t\t<div class=\"elementor-element elementor-element-680910f elementor-widget elementor-widget-spacer\" data-id=\"680910f\" data-element_type=\"widget\" data-e-type=\"widget\" data-widget_type=\"spacer.default\">\n\t\t\t\t<div class=\"elementor-widget-container\">\n\t\t\t\t\t\t\t<div class=\"elementor-spacer\">\n\t\t\t<div class=\"elementor-spacer-inner\"><\/div>\n\t\t<\/div>\n\t\t\t\t\t\t<\/div>\n\t\t\t\t<\/div>\n\t\t\t\t<div class=\"elementor-element elementor-element-3ee9e59 elementor-widget elementor-widget-heading\" data-id=\"3ee9e59\" data-element_type=\"widget\" data-e-type=\"widget\" data-widget_type=\"heading.default\">\n\t\t\t\t<div class=\"elementor-widget-container\">\n\t\t\t\t\t<h2 class=\"elementor-heading-title elementor-size-default\">SEM Photos<\/h2>\t\t\t\t<\/div>\n\t\t\t\t<\/div>\n\t\t\t\t<section data-particle_enable=\"false\" data-particle-mobile-disabled=\"false\" class=\"elementor-section elementor-inner-section elementor-element elementor-element-ccb84d4 elementor-section-boxed elementor-section-height-default elementor-section-height-default\" data-id=\"ccb84d4\" data-element_type=\"section\" data-e-type=\"section\">\n\t\t\t\t\t\t<div class=\"elementor-container elementor-column-gap-default\">\n\t\t\t\t\t<div class=\"elementor-column elementor-col-50 elementor-inner-column elementor-element elementor-element-29e255c\" data-id=\"29e255c\" data-element_type=\"column\" data-e-type=\"column\">\n\t\t\t<div class=\"elementor-widget-wrap elementor-element-populated\">\n\t\t\t\t\t\t<div class=\"elementor-element elementor-element-d1b963f elementor-widget elementor-widget-image\" data-id=\"d1b963f\" data-element_type=\"widget\" data-e-type=\"widget\" data-widget_type=\"image.default\">\n\t\t\t\t<div class=\"elementor-widget-container\">\n\t\t\t\t\t\t\t\t\t\t\t\t\t\t\t<img fetchpriority=\"high\" decoding=\"async\" width=\"500\" height=\"383\" src=\"https:\/\/am-material.com\/wp-content\/uploads\/2024\/03\/316L-powder.png\" class=\"attachment-full size-full wp-image-7178\" alt=\"MoS2 Powder\" srcset=\"https:\/\/am-material.com\/wp-content\/uploads\/2024\/03\/316L-powder.png 500w, https:\/\/am-material.com\/wp-content\/uploads\/2024\/03\/316L-powder-300x230.png 300w, https:\/\/am-material.com\/wp-content\/uploads\/2024\/03\/316L-powder-16x12.png 16w\" sizes=\"(max-width: 500px) 100vw, 500px\" title=\"\">\t\t\t\t\t\t\t\t\t\t\t\t\t\t\t<\/div>\n\t\t\t\t<\/div>\n\t\t\t\t<div class=\"elementor-element elementor-element-4b15088 elementor-widget elementor-widget-heading\" data-id=\"4b15088\" data-element_type=\"widget\" data-e-type=\"widget\" data-widget_type=\"heading.default\">\n\t\t\t\t<div class=\"elementor-widget-container\">\n\t\t\t\t\t<h3 class=\"elementor-heading-title elementor-size-default\">316L Powder by PREP<\/h3>\t\t\t\t<\/div>\n\t\t\t\t<\/div>\n\t\t\t\t\t<\/div>\n\t\t<\/div>\n\t\t\t\t<div class=\"elementor-column elementor-col-50 elementor-inner-column elementor-element elementor-element-d0d98c4\" data-id=\"d0d98c4\" data-element_type=\"column\" data-e-type=\"column\">\n\t\t\t<div class=\"elementor-widget-wrap elementor-element-populated\">\n\t\t\t\t\t\t<div class=\"elementor-element elementor-element-2cbdcb8 elementor-widget elementor-widget-image\" data-id=\"2cbdcb8\" data-element_type=\"widget\" data-e-type=\"widget\" data-widget_type=\"image.default\">\n\t\t\t\t<div class=\"elementor-widget-container\">\n\t\t\t\t\t\t\t\t\t\t\t\t\t\t\t<img decoding=\"async\" width=\"500\" height=\"383\" src=\"https:\/\/am-material.com\/wp-content\/uploads\/2024\/03\/18Ni300-Powder.jpg\" class=\"attachment-full size-full wp-image-7179\" alt=\"TiH2 Powder\" srcset=\"https:\/\/am-material.com\/wp-content\/uploads\/2024\/03\/18Ni300-Powder.jpg 500w, https:\/\/am-material.com\/wp-content\/uploads\/2024\/03\/18Ni300-Powder-300x230.jpg 300w, https:\/\/am-material.com\/wp-content\/uploads\/2024\/03\/18Ni300-Powder-16x12.jpg 16w\" sizes=\"(max-width: 500px) 100vw, 500px\" title=\"\">\t\t\t\t\t\t\t\t\t\t\t\t\t\t\t<\/div>\n\t\t\t\t<\/div>\n\t\t\t\t<div class=\"elementor-element elementor-element-4f2052b elementor-widget elementor-widget-heading\" data-id=\"4f2052b\" data-element_type=\"widget\" data-e-type=\"widget\" data-widget_type=\"heading.default\">\n\t\t\t\t<div class=\"elementor-widget-container\">\n\t\t\t\t\t<h3 class=\"elementor-heading-title elementor-size-default\">18Ni300 Powder by Gas Atomizing<\/h3>\t\t\t\t<\/div>\n\t\t\t\t<\/div>\n\t\t\t\t\t<\/div>\n\t\t<\/div>\n\t\t\t\t\t<\/div>\n\t\t<\/section>\n\t\t\t\t\t<\/div>\n\t\t<\/div>\n\t\t\t\t\t<\/div>\n\t\t<\/section>\n\t\t\t\t<\/div>\n\t\t","protected":false},"excerpt":{"rendered":"<p>Stainless Steel Powder Shanghai Truer Technology Co,.LTD\u00a0 Stainless Steel Powder Stainless steel generally contains chromium content greater than 12%, which has good weldability&amp; chemical stability, and excellent corrosion resistance to air, water, salt aqueous solutions, and other media. It is widely used in construction, transportation, energy, packaging, household appliances, and industrial fields. Stainless steel powders [&hellip;]<\/p>\n","protected":false},"author":5,"featured_media":0,"parent":0,"menu_order":0,"comment_status":"closed","ping_status":"closed","template":"","meta":{"site-sidebar-layout":"no-sidebar","site-content-layout":"page-builder","ast-site-content-layout":"full-width-container","site-content-style":"unboxed","site-sidebar-style":"unboxed","ast-global-header-display":"","ast-banner-title-visibility":"","ast-main-header-display":"","ast-hfb-above-header-display":"","ast-hfb-below-header-display":"","ast-hfb-mobile-header-display":"","site-post-title":"disabled","ast-breadcrumbs-content":"","ast-featured-img":"disabled","footer-sml-layout":"","ast-disable-related-posts":"","theme-transparent-header-meta":"default","adv-header-id-meta":"","stick-header-meta":"default","header-above-stick-meta":"","header-main-stick-meta":"","header-below-stick-meta":"","astra-migrate-meta-layouts":"set","ast-page-background-enabled":"default","ast-page-background-meta":{"desktop":{"background-color":"","background-image":"","background-repeat":"repeat","background-position":"center center","background-size":"auto","background-attachment":"scroll","background-type":"","background-media":"","overlay-type":"","overlay-color":"","overlay-opacity":"","overlay-gradient":""},"tablet":{"background-color":"","background-image":"","background-repeat":"repeat","background-position":"center center","background-size":"auto","background-attachment":"scroll","background-type":"","background-media":"","overlay-type":"","overlay-color":"","overlay-opacity":"","overlay-gradient":""},"mobile":{"background-color":"","background-image":"","background-repeat":"repeat","background-position":"center center","background-size":"auto","background-attachment":"scroll","background-type":"","background-media":"","overlay-type":"","overlay-color":"","overlay-opacity":"","overlay-gradient":""}},"ast-content-background-meta":{"desktop":{"background-color":"var(--ast-global-color-5)","background-image":"","background-repeat":"repeat","background-position":"center center","background-size":"auto","background-attachment":"scroll","background-type":"","background-media":"","overlay-type":"","overlay-color":"","overlay-opacity":"","overlay-gradient":""},"tablet":{"background-color":"var(--ast-global-color-5)","background-image":"","background-repeat":"repeat","background-position":"center center","background-size":"auto","background-attachment":"scroll","background-type":"","background-media":"","overlay-type":"","overlay-color":"","overlay-opacity":"","overlay-gradient":""},"mobile":{"background-color":"var(--ast-global-color-5)","background-image":"","background-repeat":"repeat","background-position":"center center","background-size":"auto","background-attachment":"scroll","background-type":"","background-media":"","overlay-type":"","overlay-color":"","overlay-opacity":"","overlay-gradient":""}},"footnotes":""},"folder":[42],"class_list":["post-7176","page","type-page","status-publish","hentry"],"_links":{"self":[{"href":"https:\/\/am-material.com\/pt\/wp-json\/wp\/v2\/pages\/7176","targetHints":{"allow":["GET"]}}],"collection":[{"href":"https:\/\/am-material.com\/pt\/wp-json\/wp\/v2\/pages"}],"about":[{"href":"https:\/\/am-material.com\/pt\/wp-json\/wp\/v2\/types\/page"}],"author":[{"embeddable":true,"href":"https:\/\/am-material.com\/pt\/wp-json\/wp\/v2\/users\/5"}],"replies":[{"embeddable":true,"href":"https:\/\/am-material.com\/pt\/wp-json\/wp\/v2\/comments?post=7176"}],"version-history":[{"count":11,"href":"https:\/\/am-material.com\/pt\/wp-json\/wp\/v2\/pages\/7176\/revisions"}],"predecessor-version":[{"id":8496,"href":"https:\/\/am-material.com\/pt\/wp-json\/wp\/v2\/pages\/7176\/revisions\/8496"}],"wp:attachment":[{"href":"https:\/\/am-material.com\/pt\/wp-json\/wp\/v2\/media?parent=7176"}],"wp:term":[{"taxonomy":"folder","embeddable":true,"href":"https:\/\/am-material.com\/pt\/wp-json\/wp\/v2\/folder?post=7176"}],"curies":[{"name":"wp","href":"https:\/\/api.w.org\/{rel}","templated":true}]}}