{"id":7049,"date":"2024-03-21T16:52:48","date_gmt":"2024-03-21T08:52:48","guid":{"rendered":"https:\/\/am-material.com\/?page_id=7049"},"modified":"2024-03-21T16:56:58","modified_gmt":"2024-03-21T08:56:58","slug":"reference-price","status":"publish","type":"page","link":"https:\/\/am-material.com\/pt\/reference-price\/","title":{"rendered":"Pre\u00e7o de refer\u00eancia"},"content":{"rendered":"<div data-elementor-type=\"wp-page\" data-elementor-id=\"7049\" class=\"elementor elementor-7049\" data-elementor-post-type=\"page\">\n\t\t\t\t\t\t<section data-particle_enable=\"false\" data-particle-mobile-disabled=\"false\" class=\"elementor-section elementor-top-section elementor-element elementor-element-13c67d8 elementor-section-boxed elementor-section-height-default elementor-section-height-default\" data-id=\"13c67d8\" data-element_type=\"section\" data-e-type=\"section\">\n\t\t\t\t\t\t<div class=\"elementor-container elementor-column-gap-default\">\n\t\t\t\t\t<div class=\"elementor-column elementor-col-100 elementor-top-column elementor-element elementor-element-ebebfae\" data-id=\"ebebfae\" data-element_type=\"column\" data-e-type=\"column\">\n\t\t\t<div class=\"elementor-widget-wrap elementor-element-populated\">\n\t\t\t\t\t\t<div class=\"elementor-element elementor-element-df5ce55 elementor-widget elementor-widget-spacer\" data-id=\"df5ce55\" data-element_type=\"widget\" data-e-type=\"widget\" data-widget_type=\"spacer.default\">\n\t\t\t\t<div class=\"elementor-widget-container\">\n\t\t\t\t\t\t\t<div class=\"elementor-spacer\">\n\t\t\t<div class=\"elementor-spacer-inner\"><\/div>\n\t\t<\/div>\n\t\t\t\t\t\t<\/div>\n\t\t\t\t<\/div>\n\t\t\t\t<div class=\"elementor-element elementor-element-b507ba2 elementor-widget elementor-widget-heading\" data-id=\"b507ba2\" data-element_type=\"widget\" data-e-type=\"widget\" data-widget_type=\"heading.default\">\n\t\t\t\t<div class=\"elementor-widget-container\">\n\t\t\t\t\t<h1 class=\"elementor-heading-title elementor-size-default\">Pre\u00e7o de refer\u00eancia<\/h1>\t\t\t\t<\/div>\n\t\t\t\t<\/div>\n\t\t\t\t<div class=\"elementor-element elementor-element-49d8afb elementor-widget-divider--view-line elementor-widget elementor-widget-divider\" data-id=\"49d8afb\" data-element_type=\"widget\" data-e-type=\"widget\" data-widget_type=\"divider.default\">\n\t\t\t\t<div class=\"elementor-widget-container\">\n\t\t\t\t\t\t\t<div class=\"elementor-divider\">\n\t\t\t<span class=\"elementor-divider-separator\">\n\t\t\t\t\t\t<\/span>\n\t\t<\/div>\n\t\t\t\t\t\t<\/div>\n\t\t\t\t<\/div>\n\t\t\t\t<div class=\"elementor-element elementor-element-75c6a29 elementor-widget elementor-widget-text-editor\" data-id=\"75c6a29\" data-element_type=\"widget\" data-e-type=\"widget\" data-widget_type=\"text-editor.default\">\n\t\t\t\t<div class=\"elementor-widget-container\">\n\t\t\t\t\t\t\t\t\t<p><strong>Observa\u00e7\u00f5es:<\/strong> <br \/>- Os pre\u00e7os nesta tabela s\u00e3o apenas pre\u00e7os de refer\u00eancia.<br \/>- O pre\u00e7o varia de acordo com o pre\u00e7o de mercado das mat\u00e9rias-primas, a disponibilidade de estoque e o volume de compras.<br \/>- Se forem necess\u00e1rias cota\u00e7\u00f5es espec\u00edficas, entre em contato conosco pelo e-mail sales@am-material.com<\/p>\t\t\t\t\t\t\t\t<\/div>\n\t\t\t\t<\/div>\n\t\t\t\t<div class=\"elementor-element elementor-element-8e3b252 elementor-widget elementor-widget-text-editor\" data-id=\"8e3b252\" data-element_type=\"widget\" data-e-type=\"widget\" data-widget_type=\"text-editor.default\">\n\t\t\t\t<div class=\"elementor-widget-container\">\n\t\t\t\t\t\t\t\t\t<table style=\"text-align: center; vertical-align: middle;\">\n<tbody>\n<tr bgcolor=\"lightgrey\">\n<td><strong>Metal<\/strong>\n<strong>Matriz<\/strong><\/td>\n<td><strong>C\u00f3digo<\/strong><\/td>\n<td><strong>Tamanho da part\u00edcula<\/strong>\n<strong>(um)<\/strong><\/td>\n<td><strong>Part\u00edcula<\/strong>\n<strong>Forma<\/strong><\/td>\n<td><strong>Processo<\/strong><\/td>\n<td><strong>Pre\u00e7o de refer\u00eancia<\/strong>\n<strong>(USD\/kg)<\/strong><\/td>\n<\/tr>\n<tr>\n<td style=\"vertical-align: middle;\" rowspan=\"25\">N\u00edquel<\/td>\n<td>P\u00f3 de Ni<\/td>\n<td>15-53<\/td>\n<td>Esf\u00e9rico<\/td>\n<td>GA<\/td>\n<td>61.5<\/td>\n<\/tr>\n<tr>\n<td>P\u00f3 de Ni<\/td>\n<td>50-150<\/td>\n<td>Irregular<\/td>\n<td>WA<\/td>\n<td>50.5<\/td>\n<\/tr>\n<tr>\n<td>In718<\/td>\n<td>15-53<\/td>\n<td>Esf\u00e9rico<\/td>\n<td>GA<\/td>\n<td>64.4<\/td>\n<\/tr>\n<tr>\n<td>In718<\/td>\n<td>45-106<\/td>\n<td>Esf\u00e9rico<\/td>\n<td>GA<\/td>\n<td>36.8<\/td>\n<\/tr>\n<tr>\n<td>In718<\/td>\n<td>80-130<\/td>\n<td>Esf\u00e9rico<\/td>\n<td>GA<\/td>\n<td>44.2<\/td>\n<\/tr>\n<tr>\n<td>Em625<\/td>\n<td>0-45<\/td>\n<td>Esf\u00e9rico<\/td>\n<td>GA<\/td>\n<td>68.6<\/td>\n<\/tr>\n<tr>\n<td>Em625<\/td>\n<td>15-53<\/td>\n<td>Esf\u00e9rico<\/td>\n<td>GA<\/td>\n<td>63.7<\/td>\n<\/tr>\n<tr>\n<td>Em625<\/td>\n<td>53-150<\/td>\n<td>Esf\u00e9rico<\/td>\n<td>GA<\/td>\n<td>37.9<\/td>\n<\/tr>\n<tr>\n<td>Em738<\/td>\n<td>15-53<\/td>\n<td>Esf\u00e9rico<\/td>\n<td>GA<\/td>\n<td>125.7<\/td>\n<\/tr>\n<tr>\n<td>Em738<\/td>\n<td>45-106<\/td>\n<td>Esf\u00e9rico<\/td>\n<td>GA<\/td>\n<td>73.8<\/td>\n<\/tr>\n<tr>\n<td>In738LC<\/td>\n<td>45-150<\/td>\n<td>Esf\u00e9rico<\/td>\n<td>GA<\/td>\n<td>75.8<\/td>\n<\/tr>\n<tr>\n<td>Em939<\/td>\n<td>15-53<\/td>\n<td>Esf\u00e9rico<\/td>\n<td>GA<\/td>\n<td>108.2<\/td>\n<\/tr>\n<tr>\n<td>Em939<\/td>\n<td>45-106<\/td>\n<td>Esf\u00e9rico<\/td>\n<td>GA<\/td>\n<td>75.3<\/td>\n<\/tr>\n<tr>\n<td>Em939<\/td>\n<td>53-150<\/td>\n<td>Esf\u00e9rico<\/td>\n<td>GA<\/td>\n<td>71.5<\/td>\n<\/tr>\n<tr>\n<td>Haynes 230<\/td>\n<td>45-150<\/td>\n<td>Esf\u00e9rico<\/td>\n<td>GA<\/td>\n<td>63.8<\/td>\n<\/tr>\n<tr>\n<td>Hastelloy N<\/td>\n<td>45-106<\/td>\n<td>Esf\u00e9rico<\/td>\n<td>GA<\/td>\n<td>56.8<\/td>\n<\/tr>\n<tr>\n<td>Hastelloy X<\/td>\n<td>0-25<\/td>\n<td>Esf\u00e9rico<\/td>\n<td>GA<\/td>\n<td>38.2<\/td>\n<\/tr>\n<tr>\n<td>CMSX-4<\/td>\n<td>20-50<\/td>\n<td>Esf\u00e9rico<\/td>\n<td>GA<\/td>\n<td>450<\/td>\n<\/tr>\n<tr>\n<td>CMSX-4<\/td>\n<td>50-90<\/td>\n<td>Esf\u00e9rico<\/td>\n<td>GA<\/td>\n<td>500<\/td>\n<\/tr>\n<tr>\n<td>CMSX-4<\/td>\n<td>90-150<\/td>\n<td>Esf\u00e9rico<\/td>\n<td>GA<\/td>\n<td>300<\/td>\n<\/tr>\n<tr>\n<td>Ni80Cr20<\/td>\n<td>40-100<\/td>\n<td>Esf\u00e9rico<\/td>\n<td>GA<\/td>\n<td>46.7<\/td>\n<\/tr>\n<tr>\n<td>Ni50Ti50<\/td>\n<td>15-53<\/td>\n<td>Esf\u00e9rico<\/td>\n<td>GA<\/td>\n<td>471.4<\/td>\n<\/tr>\n<tr>\n<td>BNi-7<\/td>\n<td>0-30<\/td>\n<td>Esf\u00e9rico<\/td>\n<td>GA<\/td>\n<td>39.9<\/td>\n<\/tr>\n<tr>\n<td width=\"287\">Ni61Cr26Mo11SiNb<\/td>\n<td>0-45<\/td>\n<td>Esf\u00e9rico<\/td>\n<td>GA<\/td>\n<td>62.0<\/td>\n<\/tr>\n<tr>\n<td width=\"287\">Ni61Cr26Mo11SiNb<\/td>\n<td>80-130<\/td>\n<td>Esf\u00e9rico<\/td>\n<td>GA<\/td>\n<td>46.9<\/td>\n<\/tr>\n<tr>\n<td style=\"vertical-align: middle;\" rowspan=\"19\">Alum\u00ednio<\/td>\n<td>P\u00f3 de alum\u00ednio<\/td>\n<td>0-200<\/td>\n<td>Esf\u00e9rico<\/td>\n<td>GA<\/td>\n<td>11.5<\/td>\n<\/tr>\n<tr>\n<td>P\u00f3 de alum\u00ednio<\/td>\n<td>50-150<\/td>\n<td>Irregular<\/td>\n<td>WA<\/td>\n<td>10.8<\/td>\n<\/tr>\n<tr>\n<td>P\u00f3 de alum\u00ednio<\/td>\n<td>0-20<\/td>\n<td>Esf\u00e9rico<\/td>\n<td>GA<\/td>\n<td>13.5<\/td>\n<\/tr>\n<tr>\n<td>Al 6061<\/td>\n<td>15-53<\/td>\n<td>Esf\u00e9rico<\/td>\n<td>GA<\/td>\n<td>31.3<\/td>\n<\/tr>\n<tr>\n<td>Al 6061<\/td>\n<td>50-100<\/td>\n<td>Esf\u00e9rico<\/td>\n<td>GA<\/td>\n<td>55.8<\/td>\n<\/tr>\n<tr>\n<td>Al 6061<\/td>\n<td>200-250<\/td>\n<td>Esf\u00e9rico<\/td>\n<td>GA<\/td>\n<td>59.8<\/td>\n<\/tr>\n<tr>\n<td>Al 6063<\/td>\n<td>15-53<\/td>\n<td>Esf\u00e9rico<\/td>\n<td>GA<\/td>\n<td>29.9<\/td>\n<\/tr>\n<tr>\n<td>Al 2024<\/td>\n<td>15-53<\/td>\n<td>Esf\u00e9rico<\/td>\n<td>GA<\/td>\n<td>38.2<\/td>\n<\/tr>\n<tr>\n<td>Al 2024<\/td>\n<td>45-106<\/td>\n<td>Esf\u00e9rico<\/td>\n<td>GA<\/td>\n<td>32.9<\/td>\n<\/tr>\n<tr>\n<td>Al 7075<\/td>\n<td>15-53<\/td>\n<td>Esf\u00e9rico<\/td>\n<td>GA<\/td>\n<td>22.2<\/td>\n<\/tr>\n<tr>\n<td>Al 7075<\/td>\n<td>50-150<\/td>\n<td>Esf\u00e9rico<\/td>\n<td>GA<\/td>\n<td>14.8<\/td>\n<\/tr>\n<tr>\n<td>AlSi12<\/td>\n<td>0-45<\/td>\n<td>Esf\u00e9rico<\/td>\n<td>GA<\/td>\n<td>8.5<\/td>\n<\/tr>\n<tr>\n<td>AlSi12<\/td>\n<td>45-150<\/td>\n<td>Esf\u00e9rico<\/td>\n<td>GA<\/td>\n<td>8.1<\/td>\n<\/tr>\n<tr>\n<td>AlSi7Mg<\/td>\n<td>15-53<\/td>\n<td>Esf\u00e9rico<\/td>\n<td>GA<\/td>\n<td>31.8<\/td>\n<\/tr>\n<tr>\n<td>AlSi10Mg<\/td>\n<td>15-53<\/td>\n<td>Esf\u00e9rico<\/td>\n<td>GA<\/td>\n<td>35.8<\/td>\n<\/tr>\n<tr>\n<td>AlSi10Mg<\/td>\n<td>20-63<\/td>\n<td>Esf\u00e9rico<\/td>\n<td>GA<\/td>\n<td>27.2<\/td>\n<\/tr>\n<tr>\n<td>AlSi10Mg<\/td>\n<td>45-106<\/td>\n<td>Esf\u00e9rico<\/td>\n<td>GA<\/td>\n<td>19.5<\/td>\n<\/tr>\n<tr>\n<td>AlSi10Mg<\/td>\n<td>53-150<\/td>\n<td>Esf\u00e9rico<\/td>\n<td>GA<\/td>\n<td>18.8<\/td>\n<\/tr>\n<tr>\n<td>AlSi10Mg<\/td>\n<td>200-250<\/td>\n<td>Esf\u00e9rico<\/td>\n<td>GA<\/td>\n<td>51.8<\/td>\n<\/tr>\n<tr>\n<td style=\"vertical-align: middle;\" rowspan=\"46\">Ferro<\/td>\n<td>\uff26e p\u00f3<\/td>\n<td>53-150<\/td>\n<td>Esf\u00e9rico<\/td>\n<td>GA<\/td>\n<td>23.9<\/td>\n<\/tr>\n<tr>\n<td>\uff26e p\u00f3<\/td>\n<td>50-150<\/td>\n<td>Irregular<\/td>\n<td>CN<\/td>\n<td>6.5<\/td>\n<\/tr>\n<tr>\n<td>\uff26e p\u00f3<\/td>\n<td>53-150<\/td>\n<td>Esf\u00e9rico<\/td>\n<td>PREPARA\u00c7\u00c3O<\/td>\n<td>40.7<\/td>\n<\/tr>\n<tr>\n<td>316L<\/td>\n<td>15-45<\/td>\n<td>Esf\u00e9rico<\/td>\n<td>GA<\/td>\n<td>14.0<\/td>\n<\/tr>\n<tr>\n<td>316L<\/td>\n<td>15-53<\/td>\n<td>Esf\u00e9rico<\/td>\n<td>GA<\/td>\n<td>12.0<\/td>\n<\/tr>\n<tr>\n<td>316L<\/td>\n<td>15-53<\/td>\n<td>Esf\u00e9rico<\/td>\n<td>PREPARA\u00c7\u00c3O<\/td>\n<td>58<\/td>\n<\/tr>\n<tr>\n<td>316L<\/td>\n<td>0-75<\/td>\n<td>Esf\u00e9rico<\/td>\n<td>GA<\/td>\n<td>11.2<\/td>\n<\/tr>\n<tr>\n<td>316L<\/td>\n<td>45-106<\/td>\n<td>Esf\u00e9rico<\/td>\n<td>GA<\/td>\n<td>9.2<\/td>\n<\/tr>\n<tr>\n<td>316L<\/td>\n<td>53-150<\/td>\n<td>Esf\u00e9rico<\/td>\n<td>GA<\/td>\n<td>8.9<\/td>\n<\/tr>\n<tr>\n<td>304L<\/td>\n<td>15-53<\/td>\n<td>Esf\u00e9rico<\/td>\n<td>GA<\/td>\n<td>11.6<\/td>\n<\/tr>\n<tr>\n<td>304L<\/td>\n<td>15-53<\/td>\n<td>Esf\u00e9rico<\/td>\n<td>PREPARA\u00c7\u00c3O<\/td>\n<td>51.0<\/td>\n<\/tr>\n<tr>\n<td>304L<\/td>\n<td>45-106<\/td>\n<td>Esf\u00e9rico<\/td>\n<td>GA<\/td>\n<td>8.9<\/td>\n<\/tr>\n<tr>\n<td>304L<\/td>\n<td>53-150<\/td>\n<td>Esf\u00e9rico<\/td>\n<td>GA<\/td>\n<td>8.3<\/td>\n<\/tr>\n<tr>\n<td>420<\/td>\n<td>53-150<\/td>\n<td>Esf\u00e9rico<\/td>\n<td>GA<\/td>\n<td>11.5<\/td>\n<\/tr>\n<tr>\n<td>430<\/td>\n<td>53-150<\/td>\n<td>Esf\u00e9rico<\/td>\n<td>GA<\/td>\n<td>14.9<\/td>\n<\/tr>\n<tr>\n<td>440<\/td>\n<td>53-150<\/td>\n<td>Esf\u00e9rico<\/td>\n<td>GA<\/td>\n<td>17.5<\/td>\n<\/tr>\n<tr>\n<td>17-4PH<\/td>\n<td>15-53<\/td>\n<td>Esf\u00e9rico<\/td>\n<td>GA<\/td>\n<td>12.9<\/td>\n<\/tr>\n<tr>\n<td>17-4PH<\/td>\n<td>15-53<\/td>\n<td>Esf\u00e9rico<\/td>\n<td>PREPARA\u00c7\u00c3O<\/td>\n<td>83<\/td>\n<\/tr>\n<tr>\n<td>17-4PH<\/td>\n<td>0-150<\/td>\n<td>Esf\u00e9rico<\/td>\n<td>PREPARA\u00c7\u00c3O<\/td>\n<td>53.5<\/td>\n<\/tr>\n<tr>\n<td>15-5PH<\/td>\n<td>0-150<\/td>\n<td>Esf\u00e9rico<\/td>\n<td>PREPARA\u00c7\u00c3O<\/td>\n<td>68.3<\/td>\n<\/tr>\n<tr>\n<td>H13<\/td>\n<td>0-20<\/td>\n<td>Esf\u00e9rico<\/td>\n<td>GA<\/td>\n<td>19.0<\/td>\n<\/tr>\n<tr>\n<td>H13<\/td>\n<td>10-45<\/td>\n<td>Esf\u00e9rico<\/td>\n<td>VIGA<\/td>\n<td>23.9<\/td>\n<\/tr>\n<tr>\n<td>H13<\/td>\n<td>15-53<\/td>\n<td>Esf\u00e9rico<\/td>\n<td>GA<\/td>\n<td>19.7<\/td>\n<\/tr>\n<tr>\n<td>H13<\/td>\n<td>53-105<\/td>\n<td>Esf\u00e9rico<\/td>\n<td>GA<\/td>\n<td>14.0<\/td>\n<\/tr>\n<tr>\n<td>H13<\/td>\n<td>\u00a080-130<\/td>\n<td>Esf\u00e9rico<\/td>\n<td>GA<\/td>\n<td>19.7<\/td>\n<\/tr>\n<tr>\n<td>H13<\/td>\n<td>50-150<\/td>\n<td>Esf\u00e9rico<\/td>\n<td>GA<\/td>\n<td>12.7<\/td>\n<\/tr>\n<tr>\n<td>H13<\/td>\n<td>100-150<\/td>\n<td>Esf\u00e9rico<\/td>\n<td>PREPARA\u00c7\u00c3O<\/td>\n<td>42.4<\/td>\n<\/tr>\n<tr>\n<td>H13<\/td>\n<td>45-150<\/td>\n<td>Esf\u00e9rico<\/td>\n<td>PREPARA\u00c7\u00c3O<\/td>\n<td>32.7<\/td>\n<\/tr>\n<tr>\n<td>18Ni300<\/td>\n<td>10-45<\/td>\n<td>Esf\u00e9rico<\/td>\n<td>VIGA<\/td>\n<td>34.8<\/td>\n<\/tr>\n<tr>\n<td>18Ni300<\/td>\n<td>45-106<\/td>\n<td>Esf\u00e9rico<\/td>\n<td>GA<\/td>\n<td>25.2<\/td>\n<\/tr>\n<tr>\n<td>4140<\/td>\n<td>0-20<\/td>\n<td>Irregular<\/td>\n<td>WA<\/td>\n<td>12.9<\/td>\n<\/tr>\n<tr>\n<td>4340<\/td>\n<td>15-53<\/td>\n<td>Esf\u00e9rico<\/td>\n<td>GA<\/td>\n<td>19<\/td>\n<\/tr>\n<tr>\n<td>4340<\/td>\n<td>45-150<\/td>\n<td>Esf\u00e9rico<\/td>\n<td>GA<\/td>\n<td>17<\/td>\n<\/tr>\n<tr>\n<td>CK67<\/td>\n<td>0-20<\/td>\n<td>Irregular<\/td>\n<td>WA<\/td>\n<td>10.5<\/td>\n<\/tr>\n<tr>\n<td>1045<\/td>\n<td>45-150<\/td>\n<td>Esf\u00e9rico<\/td>\n<td>PREPARA\u00c7\u00c3O<\/td>\n<td>29.2<\/td>\n<\/tr>\n<tr>\n<td>1.4091<\/td>\n<td>0-30<\/td>\n<td>Esf\u00e9rico<\/td>\n<td>GA<\/td>\n<td>82.8<\/td>\n<\/tr>\n<tr>\n<td>CX P\u00f3 de a\u00e7o fundido<\/td>\n<td>20-65<\/td>\n<td>Esf\u00e9rico<\/td>\n<td>GA<\/td>\n<td>21.0<\/td>\n<\/tr>\n<tr>\n<td>SKD61<\/td>\n<td>0-200<\/td>\n<td>Esf\u00e9rico<\/td>\n<td>GA<\/td>\n<td>19.0<\/td>\n<\/tr>\n<tr>\n<td>FeNi36<\/td>\n<td>0-53<\/td>\n<td>Esf\u00e9rico<\/td>\n<td>GA<\/td>\n<td>46.2<\/td>\n<\/tr>\n<tr>\n<td>FeNi36<\/td>\n<td>0-53<\/td>\n<td>Esf\u00e9rico<\/td>\n<td>GA<\/td>\n<td>32.6<\/td>\n<\/tr>\n<tr>\n<td>FeSi4.5<\/td>\n<td>63-150<\/td>\n<td>Esf\u00e9rico<\/td>\n<td>GA<\/td>\n<td>6.9<\/td>\n<\/tr>\n<tr>\n<td>FeSi4.5<\/td>\n<td>10-45<\/td>\n<td>Esf\u00e9rico<\/td>\n<td>GA<\/td>\n<td>7.9<\/td>\n<\/tr>\n<tr>\n<td>FeSi6,5<\/td>\n<td>63-150<\/td>\n<td>Esf\u00e9rico<\/td>\n<td>GA<\/td>\n<td>6.9<\/td>\n<\/tr>\n<tr>\n<td>FeSi6,5<\/td>\n<td>10-45<\/td>\n<td>Esf\u00e9rico<\/td>\n<td>GA<\/td>\n<td>7.9<\/td>\n<\/tr>\n<tr>\n<td>Fe49Co49V2<\/td>\n<td>63-150<\/td>\n<td>Esf\u00e9rico<\/td>\n<td>GA<\/td>\n<td>57<\/td>\n<\/tr>\n<tr>\n<td>Fe49Co49V2<\/td>\n<td>10-45<\/td>\n<td>Esf\u00e9rico<\/td>\n<td>GA<\/td>\n<td>57<\/td>\n<\/tr>\n<tr>\n<td style=\"vertical-align: middle;\" rowspan=\"9\">Cobre<\/td>\n<td>P\u00f3 de cobre<\/td>\n<td>15-53<\/td>\n<td>Esf\u00e9rico<\/td>\n<td>GA<\/td>\n<td>45.5<\/td>\n<\/tr>\n<tr>\n<td>P\u00f3 de cobre<\/td>\n<td>0-45<\/td>\n<td>Irregular<\/td>\n<td>WA<\/td>\n<td>15.8<\/td>\n<\/tr>\n<tr>\n<td>CuZn30<\/td>\n<td>0-150<\/td>\n<td>Irregular<\/td>\n<td>PM<\/td>\n<td>16.0<\/td>\n<\/tr>\n<tr>\n<td>CuZn30<\/td>\n<td>0-75<\/td>\n<td>Irregular<\/td>\n<td>PM<\/td>\n<td>14.0<\/td>\n<\/tr>\n<tr>\n<td>CuSn10<\/td>\n<td>0-150<\/td>\n<td>Irregular<\/td>\n<td>PM<\/td>\n<td>19.3<\/td>\n<\/tr>\n<tr>\n<td>CuSn10<\/td>\n<td>15-53<\/td>\n<td>Esf\u00e9rico<\/td>\n<td>GA<\/td>\n<td>49.4<\/td>\n<\/tr>\n<tr>\n<td>CuCrZr<\/td>\n<td>15-53<\/td>\n<td>Esf\u00e9rico<\/td>\n<td>GA<\/td>\n<td>89.6<\/td>\n<\/tr>\n<tr>\n<td>CuCrNb<\/td>\n<td>15-53<\/td>\n<td>Esf\u00e9rico<\/td>\n<td>GA<\/td>\n<td>357<\/td>\n<\/tr>\n<tr>\n<td>Cu 9,5Al 1Fe<\/td>\n<td>80-130<\/td>\n<td>Esf\u00e9rico<\/td>\n<td>GA<\/td>\n<td>79.9<\/td>\n<\/tr>\n<tr>\n<td style=\"vertical-align: middle;\" rowspan=\"9\">Cobalto<\/td>\n<td>P\u00f3 de cobre<\/td>\n<td>FSSS 2-5<\/td>\n<td>Irregular<\/td>\n<td>EM<\/td>\n<td>53.1<\/td>\n<\/tr>\n<tr>\n<td>P\u00f3 de cobre<\/td>\n<td>15-45<\/td>\n<td>Esf\u00e9rico<\/td>\n<td>GA<\/td>\n<td>169<\/td>\n<\/tr>\n<tr>\n<td>Stellite 6<\/td>\n<td>45-106<\/td>\n<td>Esf\u00e9rico<\/td>\n<td>GA<\/td>\n<td>49.8<\/td>\n<\/tr>\n<tr>\n<td>Stellite 6<\/td>\n<td>70-250<\/td>\n<td>Esf\u00e9rico<\/td>\n<td>GA<\/td>\n<td>42.8<\/td>\n<\/tr>\n<tr>\n<td>Stellite 21<\/td>\n<td>45-106<\/td>\n<td>Esf\u00e9rico<\/td>\n<td>GA<\/td>\n<td>52.1<\/td>\n<\/tr>\n<tr>\n<td>CoCrW<\/td>\n<td>10-45<\/td>\n<td>Esf\u00e9rico<\/td>\n<td>GA<\/td>\n<td>55.1<\/td>\n<\/tr>\n<tr>\n<td>CoCrWMo<\/td>\n<td>53-150<\/td>\n<td>Esf\u00e9rico<\/td>\n<td>GA<\/td>\n<td>59.3<\/td>\n<\/tr>\n<tr>\n<td>Haynes 25<\/td>\n<td>45-106<\/td>\n<td>Esf\u00e9rico<\/td>\n<td>PREPARA\u00c7\u00c3O<\/td>\n<td>206<\/td>\n<\/tr>\n<tr>\n<td>Haynes 25<\/td>\n<td>45-106<\/td>\n<td>Esf\u00e9rico<\/td>\n<td>GA<\/td>\n<td>99.8<\/td>\n<\/tr>\n<tr>\n<td style=\"vertical-align: middle;\" rowspan=\"12\">Tit\u00e2nio<\/td>\n<td>P\u00f3 de Ti<\/td>\n<td>0-63<\/td>\n<td>Esf\u00e9rico<\/td>\n<td>EIGA<\/td>\n<td>94.8<\/td>\n<\/tr>\n<tr>\n<td>P\u00f3 de Ti<\/td>\n<td>45-90<\/td>\n<td>Esf\u00e9rico<\/td>\n<td>EIGA<\/td>\n<td>35.7<\/td>\n<\/tr>\n<tr>\n<td>P\u00f3 de Ti<\/td>\n<td>63-150<\/td>\n<td>Esf\u00e9rico<\/td>\n<td>EIGA<\/td>\n<td>31.4<\/td>\n<\/tr>\n<tr>\n<td>P\u00f3 de Ti Gr.23<\/td>\n<td>15-53<\/td>\n<td>Esf\u00e9rico<\/td>\n<td>EIGA<\/td>\n<td>100.0<\/td>\n<\/tr>\n<tr>\n<td>Ti6Al4V<\/td>\n<td>15-53<\/td>\n<td>Esf\u00e9rico<\/td>\n<td>EIGA<\/td>\n<td>110.6<\/td>\n<\/tr>\n<tr>\n<td>Ti6Al4V<\/td>\n<td>45-106<\/td>\n<td>Esf\u00e9rico<\/td>\n<td>EIGA<\/td>\n<td>25.3<\/td>\n<\/tr>\n<tr>\n<td>Ti811<\/td>\n<td>15-53<\/td>\n<td>Esf\u00e9rico<\/td>\n<td>EIGA<\/td>\n<td>485.7<\/td>\n<\/tr>\n<tr>\n<td>Ti811<\/td>\n<td>45-150<\/td>\n<td>Esf\u00e9rico<\/td>\n<td>PREPARA\u00c7\u00c3O<\/td>\n<td>158.8<\/td>\n<\/tr>\n<tr>\n<td>TA15<\/td>\n<td>15-53<\/td>\n<td>Esf\u00e9rico<\/td>\n<td>EIGA<\/td>\n<td>89.9<\/td>\n<\/tr>\n<tr>\n<td>IMI829<\/td>\n<td>45-150<\/td>\n<td>Esf\u00e9rico<\/td>\n<td>PREPARA\u00c7\u00c3O<\/td>\n<td>176.3<\/td>\n<\/tr>\n<tr>\n<td>Ti4822<\/td>\n<td>45-150<\/td>\n<td>Esf\u00e9rico<\/td>\n<td>PREPARA\u00c7\u00c3O<\/td>\n<td>479.9<\/td>\n<\/tr>\n<tr>\n<td>Ti22Al25Nb<\/td>\n<td>45-150<\/td>\n<td>Esf\u00e9rico<\/td>\n<td>EIGA<\/td>\n<td>342.8<\/td>\n<\/tr>\n<tr>\n<td style=\"vertical-align: middle;\" rowspan=\"5\">HEA<\/td>\n<td>Al18.4Co20.4Cr20.4Fe20.4Ni20.4<\/td>\n<td>5-25<\/td>\n<td>Esf\u00e9rico<\/td>\n<td>GA<\/td>\n<td>217.9<\/td>\n<\/tr>\n<tr>\n<td>Al18.4Co20.4Cr20.4Fe20.4Ni20.4<\/td>\n<td>15-53<\/td>\n<td>Esf\u00e9rico<\/td>\n<td>GA<\/td>\n<td>217.9<\/td>\n<\/tr>\n<tr>\n<td>Al20Co20Cr20Fe20Ni20<\/td>\n<td>5-25<\/td>\n<td>Esf\u00e9rico<\/td>\n<td>GA<\/td>\n<td>188.7<\/td>\n<\/tr>\n<tr>\n<td>Al20Co20Cr20Fe20Ni20<\/td>\n<td>15-53<\/td>\n<td>Esf\u00e9rico<\/td>\n<td>GA<\/td>\n<td>188.7<\/td>\n<\/tr>\n<tr>\n<td>AlTi16.6Cr16.6Fe16.6Co16.6Ni16.6<\/td>\n<td>45-105<\/td>\n<td>Esf\u00e9rico<\/td>\n<td>GA<\/td>\n<td>236<\/td>\n<\/tr>\n<tr>\n<td style=\"vertical-align: middle;\" rowspan=\"26\">Outros<\/td>\n<td>Mn em p\u00f3<\/td>\n<td>53-150<\/td>\n<td>Esf\u00e9rico<\/td>\n<td>GA<\/td>\n<td>95.2<\/td>\n<\/tr>\n<tr>\n<td>Mn em p\u00f3<\/td>\n<td>53-105<\/td>\n<td>Esf\u00e9rico<\/td>\n<td>PA<\/td>\n<td>428.5<\/td>\n<\/tr>\n<tr>\n<td>Mn em p\u00f3<\/td>\n<td>50-150<\/td>\n<td>Irregular<\/td>\n<td>WA<\/td>\n<td>34.5<\/td>\n<\/tr>\n<tr>\n<td>P\u00f3 de cr<\/td>\n<td>15-53<\/td>\n<td>Esf\u00e9rico<\/td>\n<td>PA<\/td>\n<td>197<\/td>\n<\/tr>\n<tr>\n<td>P\u00f3 de cr<\/td>\n<td>53-150<\/td>\n<td>Esf\u00e9rico<\/td>\n<td>PA<\/td>\n<td>173<\/td>\n<\/tr>\n<tr>\n<td>P\u00f3 de cr<\/td>\n<td>50-150<\/td>\n<td>Irregular<\/td>\n<td>WA<\/td>\n<td>29.8<\/td>\n<\/tr>\n<tr>\n<td>P\u00f3 de cr<\/td>\n<td>0-45<\/td>\n<td>Irregular<\/td>\n<td>WA<\/td>\n<td>25.1<\/td>\n<\/tr>\n<tr>\n<td>P\u00f3 de Nb<\/td>\n<td>10-25<\/td>\n<td>Esf\u00e9rico<\/td>\n<td>PS<\/td>\n<td>285.7<\/td>\n<\/tr>\n<tr>\n<td>P\u00f3 de Nb<\/td>\n<td>45-106<\/td>\n<td>Esf\u00e9rico<\/td>\n<td>PS<\/td>\n<td>336.6<\/td>\n<\/tr>\n<tr>\n<td>Nb C103<\/td>\n<td>0-45<\/td>\n<td>Esf\u00e9rico<\/td>\n<td>PREPARA\u00c7\u00c3O<\/td>\n<td>2571<\/td>\n<\/tr>\n<tr>\n<td>Nb C103<\/td>\n<td>\u00a080-130<\/td>\n<td>Esf\u00e9rico<\/td>\n<td>PREPARA\u00c7\u00c3O<\/td>\n<td>1829<\/td>\n<\/tr>\n<tr>\n<td>Nb 521<\/td>\n<td>0-45<\/td>\n<td>Esf\u00e9rico<\/td>\n<td>PREPARA\u00c7\u00c3O<\/td>\n<td>1771.4<\/td>\n<\/tr>\n<tr>\n<td>Nb 521<\/td>\n<td>\u00a080-130<\/td>\n<td>Esf\u00e9rico<\/td>\n<td>PREPARA\u00c7\u00c3O<\/td>\n<td>1459<\/td>\n<\/tr>\n<tr>\n<td>P\u00f3 de Mo<\/td>\n<td>50-150<\/td>\n<td>Irregular<\/td>\n<td>MC<\/td>\n<td>120.9<\/td>\n<\/tr>\n<tr>\n<td>P\u00f3 de Mo<\/td>\n<td>FSSS 2-3<\/td>\n<td>Irregular<\/td>\n<td>EM<\/td>\n<td>99.8<\/td>\n<\/tr>\n<tr>\n<td>P\u00f3 de Mo<\/td>\n<td>0-22<\/td>\n<td>Esf\u00e9rico<\/td>\n<td>WGA<\/td>\n<td>378<\/td>\n<\/tr>\n<tr>\n<td>P\u00f3 de Mo<\/td>\n<td>15-45<\/td>\n<td>Esf\u00e9rico<\/td>\n<td>PA<\/td>\n<td>277<\/td>\n<\/tr>\n<tr>\n<td>P\u00f3 de ta<\/td>\n<td>15-53<\/td>\n<td>Esf\u00e9rico<\/td>\n<td>PA<\/td>\n<td>971<\/td>\n<\/tr>\n<tr>\n<td>P\u00f3 de ta<\/td>\n<td>45-106<\/td>\n<td>Esf\u00e9rico<\/td>\n<td>PA<\/td>\n<td>885.7<\/td>\n<\/tr>\n<tr>\n<td>P\u00f3 V<\/td>\n<td>50-150<\/td>\n<td>Esf\u00e9rico<\/td>\n<td>PA<\/td>\n<td>1095<\/td>\n<\/tr>\n<tr>\n<td>P\u00f3 de W<\/td>\n<td>15-45<\/td>\n<td>Esf\u00e9rico<\/td>\n<td>PA<\/td>\n<td>154.9<\/td>\n<\/tr>\n<tr>\n<td>P\u00f3 de W<\/td>\n<td>0-25<\/td>\n<td>Irregular<\/td>\n<td>EM<\/td>\n<td>69.2<\/td>\n<\/tr>\n<tr>\n<td>TiH2<\/td>\n<td>0-20<\/td>\n<td>Irregular<\/td>\n<td>HP<\/td>\n<td>99.9<\/td>\n<\/tr>\n<tr>\n<td>Carbeto de tungst\u00eanio<\/td>\n<td>\u00a080-130<\/td>\n<td>Esf\u00e9rico<\/td>\n<td>VIGA<\/td>\n<td>55.4<\/td>\n<\/tr>\n<tr>\n<td>Carbeto de tungst\u00eanio<\/td>\n<td>\u00a080-130<\/td>\n<td>Irregular<\/td>\n<td>WA<\/td>\n<td>52.4<\/td>\n<\/tr>\n<tr>\n<td>Carbeto de h\u00e1fnio<\/td>\n<td>40-150<\/td>\n<td>Esf\u00e9rico<\/td>\n<td>PA<\/td>\n<td>1988<\/td>\n<\/tr>\n<\/tbody>\n<\/table>\t\t\t\t\t\t\t\t<\/div>\n\t\t\t\t<\/div>\n\t\t\t\t\t<\/div>\n\t\t<\/div>\n\t\t\t\t\t<\/div>\n\t\t<\/section>\n\t\t\t\t<\/div>","protected":false},"excerpt":{"rendered":"<p>Reference Price Notes: &#8211; The prices in this table are only reference prices.&#8211; The price varies with the market price of raw materials, availability of inventory, and purchase volume.&#8211; If specific quotes are needed, please contact us by sales@am-material.com Metal Matrix Code Particle Size (um) Particle Shape Process Reference Price (USD\/kg) Nickel Ni powder 15-53 [&hellip;]<\/p>\n","protected":false},"author":5,"featured_media":0,"parent":0,"menu_order":0,"comment_status":"closed","ping_status":"closed","template":"","meta":{"site-sidebar-layout":"no-sidebar","site-content-layout":"page-builder","ast-site-content-layout":"full-width-container","site-content-style":"default","site-sidebar-style":"default","ast-global-header-display":"","ast-banner-title-visibility":"","ast-main-header-display":"","ast-hfb-above-header-display":"","ast-hfb-below-header-display":"","ast-hfb-mobile-header-display":"","site-post-title":"disabled","ast-breadcrumbs-content":"","ast-featured-img":"disabled","footer-sml-layout":"","ast-disable-related-posts":"","theme-transparent-header-meta":"","adv-header-id-meta":"","stick-header-meta":"","header-above-stick-meta":"","header-main-stick-meta":"","header-below-stick-meta":"","astra-migrate-meta-layouts":"set","ast-page-background-enabled":"default","ast-page-background-meta":{"desktop":{"background-color":"","background-image":"","background-repeat":"repeat","background-position":"center center","background-size":"auto","background-attachment":"scroll","background-type":"","background-media":"","overlay-type":"","overlay-color":"","overlay-opacity":"","overlay-gradient":""},"tablet":{"background-color":"","background-image":"","background-repeat":"repeat","background-position":"center center","background-size":"auto","background-attachment":"scroll","background-type":"","background-media":"","overlay-type":"","overlay-color":"","overlay-opacity":"","overlay-gradient":""},"mobile":{"background-color":"","background-image":"","background-repeat":"repeat","background-position":"center center","background-size":"auto","background-attachment":"scroll","background-type":"","background-media":"","overlay-type":"","overlay-color":"","overlay-opacity":"","overlay-gradient":""}},"ast-content-background-meta":{"desktop":{"background-color":"var(--ast-global-color-5)","background-image":"","background-repeat":"repeat","background-position":"center center","background-size":"auto","background-attachment":"scroll","background-type":"","background-media":"","overlay-type":"","overlay-color":"","overlay-opacity":"","overlay-gradient":""},"tablet":{"background-color":"var(--ast-global-color-5)","background-image":"","background-repeat":"repeat","background-position":"center center","background-size":"auto","background-attachment":"scroll","background-type":"","background-media":"","overlay-type":"","overlay-color":"","overlay-opacity":"","overlay-gradient":""},"mobile":{"background-color":"var(--ast-global-color-5)","background-image":"","background-repeat":"repeat","background-position":"center center","background-size":"auto","background-attachment":"scroll","background-type":"","background-media":"","overlay-type":"","overlay-color":"","overlay-opacity":"","overlay-gradient":""}},"footnotes":""},"folder":[],"class_list":["post-7049","page","type-page","status-publish","hentry"],"_links":{"self":[{"href":"https:\/\/am-material.com\/pt\/wp-json\/wp\/v2\/pages\/7049","targetHints":{"allow":["GET"]}}],"collection":[{"href":"https:\/\/am-material.com\/pt\/wp-json\/wp\/v2\/pages"}],"about":[{"href":"https:\/\/am-material.com\/pt\/wp-json\/wp\/v2\/types\/page"}],"author":[{"embeddable":true,"href":"https:\/\/am-material.com\/pt\/wp-json\/wp\/v2\/users\/5"}],"replies":[{"embeddable":true,"href":"https:\/\/am-material.com\/pt\/wp-json\/wp\/v2\/comments?post=7049"}],"version-history":[{"count":4,"href":"https:\/\/am-material.com\/pt\/wp-json\/wp\/v2\/pages\/7049\/revisions"}],"predecessor-version":[{"id":7053,"href":"https:\/\/am-material.com\/pt\/wp-json\/wp\/v2\/pages\/7049\/revisions\/7053"}],"wp:attachment":[{"href":"https:\/\/am-material.com\/pt\/wp-json\/wp\/v2\/media?parent=7049"}],"wp:term":[{"taxonomy":"folder","embeddable":true,"href":"https:\/\/am-material.com\/pt\/wp-json\/wp\/v2\/folder?post=7049"}],"curies":[{"name":"wp","href":"https:\/\/api.w.org\/{rel}","templated":true}]}}