{"id":6326,"date":"2024-01-26T15:04:49","date_gmt":"2024-01-26T07:04:49","guid":{"rendered":"https:\/\/am-material.com\/?page_id=6326"},"modified":"2024-11-12T14:14:19","modified_gmt":"2024-11-12T06:14:19","slug":"nickel-based-brazing-alloy-powder","status":"publish","type":"page","link":"https:\/\/am-material.com\/pt\/nickel-based-powders\/nickel-based-brazing-alloy-powder\/","title":{"rendered":"P\u00f3 de liga de brasagem \u00e0 base de n\u00edquel"},"content":{"rendered":"\t\t<div data-elementor-type=\"wp-page\" data-elementor-id=\"6326\" class=\"elementor elementor-6326\" data-elementor-post-type=\"page\">\n\t\t\t\t\t\t<section data-particle_enable=\"false\" data-particle-mobile-disabled=\"false\" class=\"elementor-section elementor-top-section elementor-element elementor-element-7f5cd6ac elementor-section-content-middle elementor-section-boxed elementor-section-height-default elementor-section-height-default\" data-id=\"7f5cd6ac\" data-element_type=\"section\" data-e-type=\"section\" data-settings=\"{&quot;background_background&quot;:&quot;classic&quot;}\">\n\t\t\t\t\t\t<div class=\"elementor-container elementor-column-gap-no\">\n\t\t\t\t\t<div class=\"elementor-column elementor-col-100 elementor-top-column elementor-element elementor-element-fb19e5a\" data-id=\"fb19e5a\" data-element_type=\"column\" data-e-type=\"column\">\n\t\t\t<div class=\"elementor-widget-wrap elementor-element-populated\">\n\t\t\t\t\t\t<div class=\"elementor-element elementor-element-2b030d6b elementor-widget elementor-widget-heading\" data-id=\"2b030d6b\" data-element_type=\"widget\" data-e-type=\"widget\" data-widget_type=\"heading.default\">\n\t\t\t\t<div class=\"elementor-widget-container\">\n\t\t\t\t\t<h4 class=\"elementor-heading-title elementor-size-default\">Nickel-based Brazing Alloy Powder<\/h4>\t\t\t\t<\/div>\n\t\t\t\t<\/div>\n\t\t\t\t<div class=\"elementor-element elementor-element-1d2374cb elementor-widget elementor-widget-heading\" data-id=\"1d2374cb\" data-element_type=\"widget\" data-e-type=\"widget\" data-widget_type=\"heading.default\">\n\t\t\t\t<div class=\"elementor-widget-container\">\n\t\t\t\t\t<h5 class=\"elementor-heading-title elementor-size-default\">Shanghai Truer Technology Co,.LTD\u00a0 <\/h5>\t\t\t\t<\/div>\n\t\t\t\t<\/div>\n\t\t\t\t<div class=\"elementor-element elementor-element-6cc0768 elementor-button-align-stretch elementor-widget elementor-widget-form\" data-id=\"6cc0768\" data-element_type=\"widget\" data-e-type=\"widget\" data-settings=\"{&quot;button_width&quot;:&quot;25&quot;,&quot;step_next_label&quot;:&quot;Next&quot;,&quot;step_previous_label&quot;:&quot;Previous&quot;,&quot;step_type&quot;:&quot;number_text&quot;,&quot;step_icon_shape&quot;:&quot;circle&quot;}\" data-widget_type=\"form.default\">\n\t\t\t\t<div class=\"elementor-widget-container\">\n\t\t\t\t\t\t\t<form class=\"elementor-form\" method=\"post\" name=\"New Form\" aria-label=\"New Form\">\n\t\t\t<input type=\"hidden\" name=\"post_id\" value=\"6326\"\/>\n\t\t\t<input type=\"hidden\" name=\"form_id\" value=\"6cc0768\"\/>\n\t\t\t<input type=\"hidden\" name=\"referer_title\" value=\"Nickel-based Brazing Alloy Powder | Additive Manufacturing Material\" \/>\n\n\t\t\t\t\t\t\t<input type=\"hidden\" name=\"queried_id\" value=\"6326\"\/>\n\t\t\t\n\t\t\t<div class=\"elementor-form-fields-wrapper elementor-labels-\">\n\t\t\t\t\t\t\t\t<div class=\"elementor-field-type-text elementor-field-group elementor-column elementor-field-group-bbb6253 elementor-col-25\">\n\t\t\t\t\t\t\t\t\t\t\t\t<label for=\"form-field-bbb6253\" class=\"elementor-field-label elementor-screen-only\">\n\t\t\t\t\t\t\t\tFirst Name\t\t\t\t\t\t\t<\/label>\n\t\t\t\t\t\t\t\t\t\t\t\t\t\t<input size=\"1\" type=\"text\" name=\"form_fields[bbb6253]\" id=\"form-field-bbb6253\" class=\"elementor-field elementor-size-md  elementor-field-textual\" placeholder=\"First Name\">\n\t\t\t\t\t\t\t\t\t\t\t<\/div>\n\t\t\t\t\t\t\t\t<div class=\"elementor-field-type-text elementor-field-group elementor-column elementor-field-group-3bfa688 elementor-col-25\">\n\t\t\t\t\t\t\t\t\t\t\t\t<label for=\"form-field-3bfa688\" class=\"elementor-field-label elementor-screen-only\">\n\t\t\t\t\t\t\t\tTEL\t\t\t\t\t\t\t<\/label>\n\t\t\t\t\t\t\t\t\t\t\t\t\t\t<input size=\"1\" type=\"text\" name=\"form_fields[3bfa688]\" id=\"form-field-3bfa688\" class=\"elementor-field elementor-size-md  elementor-field-textual\" placeholder=\"TEL\">\n\t\t\t\t\t\t\t\t\t\t\t<\/div>\n\t\t\t\t\t\t\t\t<div class=\"elementor-field-type-email elementor-field-group elementor-column elementor-field-group-email elementor-col-25 elementor-field-required\">\n\t\t\t\t\t\t\t\t\t\t\t\t<label for=\"form-field-email\" class=\"elementor-field-label elementor-screen-only\">\n\t\t\t\t\t\t\t\tEmail\t\t\t\t\t\t\t<\/label>\n\t\t\t\t\t\t\t\t\t\t\t\t\t\t<input size=\"1\" type=\"email\" name=\"form_fields[email]\" id=\"form-field-email\" class=\"elementor-field elementor-size-md  elementor-field-textual\" placeholder=\"Your Email\" required=\"required\">\n\t\t\t\t\t\t\t\t\t\t\t<\/div>\n\t\t\t\t\t\t\t\t<div class=\"elementor-field-group elementor-column elementor-field-type-submit elementor-col-25 e-form__buttons\">\n\t\t\t\t\t<button class=\"elementor-button elementor-size-md\" type=\"submit\">\n\t\t\t\t\t\t<span class=\"elementor-button-content-wrapper\">\n\t\t\t\t\t\t\t\t\t\t\t\t\t\t\t\t\t\t\t\t\t\t<span class=\"elementor-button-text\">inquiry<\/span>\n\t\t\t\t\t\t\t\t\t\t\t\t\t<\/span>\n\t\t\t\t\t<\/button>\n\t\t\t\t<\/div>\n\t\t\t<\/div>\n\t\t<\/form>\n\t\t\t\t\t\t<\/div>\n\t\t\t\t<\/div>\n\t\t\t\t\t<\/div>\n\t\t<\/div>\n\t\t\t\t\t<\/div>\n\t\t<\/section>\n\t\t\t\t<section data-particle_enable=\"false\" data-particle-mobile-disabled=\"false\" class=\"elementor-section elementor-top-section elementor-element elementor-element-da89716 elementor-section-boxed elementor-section-height-default elementor-section-height-default\" data-id=\"da89716\" data-element_type=\"section\" data-e-type=\"section\">\n\t\t\t\t\t\t<div class=\"elementor-container elementor-column-gap-default\">\n\t\t\t\t\t<div class=\"elementor-column elementor-col-100 elementor-top-column elementor-element elementor-element-aa42861\" data-id=\"aa42861\" data-element_type=\"column\" data-e-type=\"column\">\n\t\t\t<div class=\"elementor-widget-wrap elementor-element-populated\">\n\t\t\t\t\t\t<div class=\"elementor-element elementor-element-2930b9d elementor-widget elementor-widget-shortcode\" data-id=\"2930b9d\" data-element_type=\"widget\" data-e-type=\"widget\" data-widget_type=\"shortcode.default\">\n\t\t\t\t<div class=\"elementor-widget-container\">\n\t\t\t\t\t\t\t<div class=\"elementor-shortcode\"><nav aria-label=\"breadcrumbs\" class=\"rank-math-breadcrumb\"><p><span class=\"last\">Home<\/span><\/p><\/nav><\/div>\n\t\t\t\t\t\t<\/div>\n\t\t\t\t<\/div>\n\t\t\t\t\t<\/div>\n\t\t<\/div>\n\t\t\t\t\t<\/div>\n\t\t<\/section>\n\t\t\t\t<section data-particle_enable=\"false\" data-particle-mobile-disabled=\"false\" class=\"elementor-section elementor-top-section elementor-element elementor-element-b385ffb elementor-section-boxed elementor-section-height-default elementor-section-height-default\" data-id=\"b385ffb\" data-element_type=\"section\" data-e-type=\"section\">\n\t\t\t\t\t\t<div class=\"elementor-container elementor-column-gap-default\">\n\t\t\t\t\t<div class=\"elementor-column elementor-col-100 elementor-top-column elementor-element elementor-element-e846a21\" data-id=\"e846a21\" data-element_type=\"column\" data-e-type=\"column\">\n\t\t\t<div class=\"elementor-widget-wrap elementor-element-populated\">\n\t\t\t\t\t\t<div class=\"elementor-element elementor-element-8da6b55 elementor-widget-divider--view-line_icon elementor-view-default elementor-widget-divider--element-align-center elementor-widget elementor-widget-divider\" data-id=\"8da6b55\" data-element_type=\"widget\" data-e-type=\"widget\" data-widget_type=\"divider.default\">\n\t\t\t\t<div class=\"elementor-widget-container\">\n\t\t\t\t\t\t\t<div class=\"elementor-divider\">\n\t\t\t<span class=\"elementor-divider-separator\">\n\t\t\t\t\t\t\t<div class=\"elementor-icon elementor-divider__element\">\n\t\t\t\t\t<i aria-hidden=\"true\" class=\"fas fa-star\"><\/i><\/div>\n\t\t\t\t\t\t<\/span>\n\t\t<\/div>\n\t\t\t\t\t\t<\/div>\n\t\t\t\t<\/div>\n\t\t\t\t<div class=\"elementor-element elementor-element-f592414 elementor-widget elementor-widget-heading\" data-id=\"f592414\" data-element_type=\"widget\" data-e-type=\"widget\" data-widget_type=\"heading.default\">\n\t\t\t\t<div class=\"elementor-widget-container\">\n\t\t\t\t\t<h2 class=\"elementor-heading-title elementor-size-default\">Nickel-based Brazing Alloy Powder<\/h2>\t\t\t\t<\/div>\n\t\t\t\t<\/div>\n\t\t\t\t<div class=\"elementor-element elementor-element-a01d632 elementor-widget elementor-widget-text-editor\" data-id=\"a01d632\" data-element_type=\"widget\" data-e-type=\"widget\" data-widget_type=\"text-editor.default\">\n\t\t\t\t<div class=\"elementor-widget-container\">\n\t\t\t\t\t\t\t\t\t<p><strong>Nickel-based brazing alloy powders (from BNi-1 to BNi-7 and NiCrPSi)<\/strong> are low-melting, free-flowing filler metal powders with excellent strength. It is typically used in brazing processes to join two or more metal components together. It can be used in various brazing techniques such as torch brazing, furnace brazing, and induction brazing.<\/p><p><strong>BNi-1<\/strong> and <strong>BNi-2<\/strong> are Ni-Cr-B-Si-Fe alloy. <strong>BNi-2<\/strong>\u00a0has lower chromium content than\u00a0<strong>BNi-1<\/strong>. Therefore, it has a lower melting point range. <strong>BNi-2<\/strong> also is called as B-Ni82CrSiBFe, Ni620 or N99620.<br \/><strong>BNi-3<\/strong> and <strong>BNi-4<\/strong> are Ni-B-Si alloy. <strong>BNi-4<\/strong> has a higher melting point range than\u00a0<strong>BNi-3<\/strong> Powder.<br \/><strong>BNi-5<\/strong>\u00a0is Ni-Cr-Si alloy. It is suitable for narrow and deep joints.<br \/><strong>BNi-6<\/strong> is Ni-P alloy powder, like all eutectic alloys, which has excellent flow characteristics when joints are narrow or deep. It is used to produce joints with high strength and good oxidation resistance even at elevated temperatures.<br \/><strong>BNi-7<\/strong>\u00a0is Ni-Cr-P alloy. It widely used in the brazing of honeycomb structures, thin-walled tube assemblies, and nuclear applications where additions of boron are not permitted.<br \/>NiCrPSi powder with higher chromium which is used in brazing fields as bonding materials.<\/p>\t\t\t\t\t\t\t\t<\/div>\n\t\t\t\t<\/div>\n\t\t\t\t<section data-particle_enable=\"false\" data-particle-mobile-disabled=\"false\" class=\"elementor-section elementor-inner-section elementor-element elementor-element-31a6bcd elementor-section-boxed elementor-section-height-default elementor-section-height-default\" data-id=\"31a6bcd\" data-element_type=\"section\" data-e-type=\"section\">\n\t\t\t\t\t\t<div class=\"elementor-container elementor-column-gap-default\">\n\t\t\t\t\t<div class=\"elementor-column elementor-col-50 elementor-inner-column elementor-element elementor-element-f1bfeca\" data-id=\"f1bfeca\" data-element_type=\"column\" data-e-type=\"column\">\n\t\t\t<div class=\"elementor-widget-wrap elementor-element-populated\">\n\t\t\t\t\t\t<div class=\"elementor-element elementor-element-5d8f1b3 elementor-widget elementor-widget-text-editor\" data-id=\"5d8f1b3\" data-element_type=\"widget\" data-e-type=\"widget\" data-widget_type=\"text-editor.default\">\n\t\t\t\t<div class=\"elementor-widget-container\">\n\t\t\t\t\t\t\t\t\t<table style=\"text-align: center;\">\n<tbody>\n<tr>\n<td colspan=\"7\" bgcolor=\"lightblue\">CHEMICAL COMPOSITION (typical wt%)<\/td>\n<\/tr>\n<tr>\n<td>Item<\/td>\n<td>Ni<\/td>\n<td>Cr<\/td>\n<td>B<\/td>\n<td>Si<\/td>\n<td>Fe<\/td>\n<td>P<\/td>\n<\/tr>\n<tr>\n<td>BNi-1<\/td>\n<td>Bal<\/td>\n<td>14<\/td>\n<td>3.2<\/td>\n<td>4.5<\/td>\n<td>4.5<\/td>\n<td>\/<\/td>\n<\/tr>\n<tr>\n<td>BNi-2<\/td>\n<td>Bal<\/td>\n<td>7<\/td>\n<td>3.1<\/td>\n<td>4.5<\/td>\n<td>3<\/td>\n<td>\/<\/td>\n<\/tr>\n<tr>\n<td>BNi-3<\/td>\n<td>Bal<\/td>\n<td>\/<\/td>\n<td>3.2<\/td>\n<td>4.5<\/td>\n<td>\/<\/td>\n<td>\/<\/td>\n<\/tr>\n<tr>\n<td>BNi-4<\/td>\n<td>Bal<\/td>\n<td>\/<\/td>\n<td>2.0<\/td>\n<td>3.5<\/td>\n<td>\/<\/td>\n<td>\/<\/td>\n<\/tr>\n<tr>\n<td>BNi-5<\/td>\n<td>Bal<\/td>\n<td>19<\/td>\n<td>\/<\/td>\n<td>10.1<\/td>\n<td>\/<\/td>\n<td>\/<\/td>\n<\/tr>\n<tr>\n<td>BNi-6<\/td>\n<td>Bal<\/td>\n<td>\/<\/td>\n<td>\/<\/td>\n<td>\/<\/td>\n<td>\/<\/td>\n<td>11<\/td>\n<\/tr>\n<tr>\n<td>BNi-7<\/td>\n<td>Bal<\/td>\n<td>14<\/td>\n<td>\/<\/td>\n<td>\/<\/td>\n<td>\/<\/td>\n<td>10.1<\/td>\n<\/tr>\n<tr>\n<td>NiCrPSi<\/td>\n<td>Bal<\/td>\n<td>29<\/td>\n<td>\/<\/td>\n<td>4.0<\/td>\n<td>\/<\/td>\n<td>6.0<\/td>\n<\/tr>\n<\/tbody>\n<\/table>\t\t\t\t\t\t\t\t<\/div>\n\t\t\t\t<\/div>\n\t\t\t\t\t<\/div>\n\t\t<\/div>\n\t\t\t\t<div class=\"elementor-column elementor-col-50 elementor-inner-column elementor-element elementor-element-c7986b3\" data-id=\"c7986b3\" data-element_type=\"column\" data-e-type=\"column\">\n\t\t\t<div class=\"elementor-widget-wrap elementor-element-populated\">\n\t\t\t\t\t\t<div class=\"elementor-element elementor-element-268a3b7 elementor-widget elementor-widget-spacer\" data-id=\"268a3b7\" data-element_type=\"widget\" data-e-type=\"widget\" data-widget_type=\"spacer.default\">\n\t\t\t\t<div class=\"elementor-widget-container\">\n\t\t\t\t\t\t\t<div class=\"elementor-spacer\">\n\t\t\t<div class=\"elementor-spacer-inner\"><\/div>\n\t\t<\/div>\n\t\t\t\t\t\t<\/div>\n\t\t\t\t<\/div>\n\t\t\t\t<div class=\"elementor-element elementor-element-e42dd32 elementor-widget elementor-widget-image\" data-id=\"e42dd32\" data-element_type=\"widget\" data-e-type=\"widget\" data-widget_type=\"image.default\">\n\t\t\t\t<div class=\"elementor-widget-container\">\n\t\t\t\t\t\t\t\t\t\t\t\t\t\t\t<img fetchpriority=\"high\" decoding=\"async\" width=\"446\" height=\"433\" src=\"https:\/\/am-material.com\/wp-content\/uploads\/2024\/01\/gas-atomized-nicrpsi-powder.png\" class=\"attachment-full size-full wp-image-6329\" alt=\"\" srcset=\"https:\/\/am-material.com\/wp-content\/uploads\/2024\/01\/gas-atomized-nicrpsi-powder.png 446w, https:\/\/am-material.com\/wp-content\/uploads\/2024\/01\/gas-atomized-nicrpsi-powder-300x291.png 300w, https:\/\/am-material.com\/wp-content\/uploads\/2024\/01\/gas-atomized-nicrpsi-powder-12x12.png 12w\" sizes=\"(max-width: 446px) 100vw, 446px\" title=\"\">\t\t\t\t\t\t\t\t\t\t\t\t\t\t\t<\/div>\n\t\t\t\t<\/div>\n\t\t\t\t<div class=\"elementor-element elementor-element-b89ec9b elementor-widget elementor-widget-heading\" data-id=\"b89ec9b\" data-element_type=\"widget\" data-e-type=\"widget\" data-widget_type=\"heading.default\">\n\t\t\t\t<div class=\"elementor-widget-container\">\n\t\t\t\t\t<h3 class=\"elementor-heading-title elementor-size-default\">Gas Atomized NiCrPSi powder<\/h3>\t\t\t\t<\/div>\n\t\t\t\t<\/div>\n\t\t\t\t\t<\/div>\n\t\t<\/div>\n\t\t\t\t\t<\/div>\n\t\t<\/section>\n\t\t\t\t<div class=\"elementor-element elementor-element-59a6a62 elementor-widget elementor-widget-text-editor\" data-id=\"59a6a62\" data-element_type=\"widget\" data-e-type=\"widget\" data-widget_type=\"text-editor.default\">\n\t\t\t\t<div class=\"elementor-widget-container\">\n\t\t\t\t\t\t\t\t\t<p><strong>Particle Size Distribution<\/strong> (PSD): 0-25, 15-45, 15-53, 45-105, 45-150um or sieved as required.<br \/><strong>Shape<\/strong>: Spherical <br \/><strong>Process<\/strong>: Gas atomized (GA)<br \/><strong>Packing<\/strong>: 5kg, 10kg, 25kg or as required; plastic bottle\/can.<br \/><strong>Application<\/strong>: Brazing, bonding<\/p>\t\t\t\t\t\t\t\t<\/div>\n\t\t\t\t<\/div>\n\t\t\t\t\t<\/div>\n\t\t<\/div>\n\t\t\t\t\t<\/div>\n\t\t<\/section>\n\t\t\t\t<section data-particle_enable=\"false\" data-particle-mobile-disabled=\"false\" class=\"elementor-section elementor-top-section elementor-element elementor-element-c00a7b0 elementor-section-boxed elementor-section-height-default elementor-section-height-default\" data-id=\"c00a7b0\" data-element_type=\"section\" data-e-type=\"section\">\n\t\t\t\t\t\t<div class=\"elementor-container elementor-column-gap-default\">\n\t\t\t\t\t<div class=\"elementor-column elementor-col-100 elementor-top-column elementor-element elementor-element-2df8f98\" data-id=\"2df8f98\" data-element_type=\"column\" data-e-type=\"column\">\n\t\t\t<div class=\"elementor-widget-wrap elementor-element-populated\">\n\t\t\t\t\t\t<div class=\"elementor-element elementor-element-97427ab elementor-widget elementor-widget-button\" data-id=\"97427ab\" data-element_type=\"widget\" data-e-type=\"widget\" data-widget_type=\"button.default\">\n\t\t\t\t<div class=\"elementor-widget-container\">\n\t\t\t\t\t\t\t\t\t<div class=\"elementor-button-wrapper\">\n\t\t\t\t\t<a class=\"elementor-button elementor-button-link elementor-size-sm\" href=\"#elementor-action%3Aaction%3Dpopup%3Aopen%26settings%3DeyJpZCI6Ijc5OTUiLCJ0b2dnbGUiOmZhbHNlfQ%3D%3D\">\n\t\t\t\t\t\t<span class=\"elementor-button-content-wrapper\">\n\t\t\t\t\t\t\t\t\t<span class=\"elementor-button-text\">Technical Data Sheet<\/span>\n\t\t\t\t\t<\/span>\n\t\t\t\t\t<\/a>\n\t\t\t\t<\/div>\n\t\t\t\t\t\t\t\t<\/div>\n\t\t\t\t<\/div>\n\t\t\t\t\t<\/div>\n\t\t<\/div>\n\t\t\t\t\t<\/div>\n\t\t<\/section>\n\t\t\t\t<\/div>\n\t\t","protected":false},"excerpt":{"rendered":"<p>Nickel-based Brazing Alloy Powder Shanghai Truer Technology Co,.LTD\u00a0 Nickel-based Brazing Alloy Powder Nickel-based brazing alloy powders (from BNi-1 to BNi-7 and NiCrPSi) are low-melting, free-flowing filler metal powders with excellent strength. It is typically used in brazing processes to join two or more metal components together. It can be used in various brazing techniques such [&hellip;]<\/p>\n","protected":false},"author":5,"featured_media":0,"parent":6193,"menu_order":0,"comment_status":"closed","ping_status":"closed","template":"","meta":{"site-sidebar-layout":"no-sidebar","site-content-layout":"page-builder","ast-site-content-layout":"full-width-container","site-content-style":"unboxed","site-sidebar-style":"unboxed","ast-global-header-display":"","ast-banner-title-visibility":"","ast-main-header-display":"","ast-hfb-above-header-display":"","ast-hfb-below-header-display":"","ast-hfb-mobile-header-display":"","site-post-title":"disabled","ast-breadcrumbs-content":"","ast-featured-img":"disabled","footer-sml-layout":"","ast-disable-related-posts":"","theme-transparent-header-meta":"default","adv-header-id-meta":"","stick-header-meta":"default","header-above-stick-meta":"","header-main-stick-meta":"","header-below-stick-meta":"","astra-migrate-meta-layouts":"set","ast-page-background-enabled":"default","ast-page-background-meta":{"desktop":{"background-color":"","background-image":"","background-repeat":"repeat","background-position":"center center","background-size":"auto","background-attachment":"scroll","background-type":"","background-media":"","overlay-type":"","overlay-color":"","overlay-opacity":"","overlay-gradient":""},"tablet":{"background-color":"","background-image":"","background-repeat":"repeat","background-position":"center center","background-size":"auto","background-attachment":"scroll","background-type":"","background-media":"","overlay-type":"","overlay-color":"","overlay-opacity":"","overlay-gradient":""},"mobile":{"background-color":"","background-image":"","background-repeat":"repeat","background-position":"center center","background-size":"auto","background-attachment":"scroll","background-type":"","background-media":"","overlay-type":"","overlay-color":"","overlay-opacity":"","overlay-gradient":""}},"ast-content-background-meta":{"desktop":{"background-color":"var(--ast-global-color-5)","background-image":"","background-repeat":"repeat","background-position":"center center","background-size":"auto","background-attachment":"scroll","background-type":"","background-media":"","overlay-type":"","overlay-color":"","overlay-opacity":"","overlay-gradient":""},"tablet":{"background-color":"var(--ast-global-color-5)","background-image":"","background-repeat":"repeat","background-position":"center center","background-size":"auto","background-attachment":"scroll","background-type":"","background-media":"","overlay-type":"","overlay-color":"","overlay-opacity":"","overlay-gradient":""},"mobile":{"background-color":"var(--ast-global-color-5)","background-image":"","background-repeat":"repeat","background-position":"center center","background-size":"auto","background-attachment":"scroll","background-type":"","background-media":"","overlay-type":"","overlay-color":"","overlay-opacity":"","overlay-gradient":""}},"footnotes":""},"folder":[42],"class_list":["post-6326","page","type-page","status-publish","hentry"],"_links":{"self":[{"href":"https:\/\/am-material.com\/pt\/wp-json\/wp\/v2\/pages\/6326","targetHints":{"allow":["GET"]}}],"collection":[{"href":"https:\/\/am-material.com\/pt\/wp-json\/wp\/v2\/pages"}],"about":[{"href":"https:\/\/am-material.com\/pt\/wp-json\/wp\/v2\/types\/page"}],"author":[{"embeddable":true,"href":"https:\/\/am-material.com\/pt\/wp-json\/wp\/v2\/users\/5"}],"replies":[{"embeddable":true,"href":"https:\/\/am-material.com\/pt\/wp-json\/wp\/v2\/comments?post=6326"}],"version-history":[{"count":13,"href":"https:\/\/am-material.com\/pt\/wp-json\/wp\/v2\/pages\/6326\/revisions"}],"predecessor-version":[{"id":8462,"href":"https:\/\/am-material.com\/pt\/wp-json\/wp\/v2\/pages\/6326\/revisions\/8462"}],"up":[{"embeddable":true,"href":"https:\/\/am-material.com\/pt\/wp-json\/wp\/v2\/pages\/6193"}],"wp:attachment":[{"href":"https:\/\/am-material.com\/pt\/wp-json\/wp\/v2\/media?parent=6326"}],"wp:term":[{"taxonomy":"folder","embeddable":true,"href":"https:\/\/am-material.com\/pt\/wp-json\/wp\/v2\/folder?post=6326"}],"curies":[{"name":"wp","href":"https:\/\/api.w.org\/{rel}","templated":true}]}}