{"id":7471,"date":"2024-05-30T17:21:14","date_gmt":"2024-05-30T09:21:14","guid":{"rendered":"https:\/\/am-material.com\/?page_id=7471"},"modified":"2024-05-31T09:06:24","modified_gmt":"2024-05-31T01:06:24","slug":"graphite-powder-powder-metallurgy-additive","status":"publish","type":"page","link":"https:\/\/am-material.com\/fr\/graphite-powder-powder-metallurgy-additive\/","title":{"rendered":"Poudre de graphite \u2503Poudre Additif pour la m\u00e9tallurgie"},"content":{"rendered":"<div data-elementor-type=\"wp-page\" data-elementor-id=\"7471\" class=\"elementor elementor-7471\" data-elementor-post-type=\"page\">\n\t\t\t\t\t\t<section data-particle_enable=\"false\" data-particle-mobile-disabled=\"false\" class=\"elementor-section elementor-top-section elementor-element elementor-element-9f87e87 elementor-section-boxed elementor-section-height-default elementor-section-height-default\" data-id=\"9f87e87\" data-element_type=\"section\" data-e-type=\"section\">\n\t\t\t\t\t\t<div class=\"elementor-container elementor-column-gap-default\">\n\t\t\t\t\t<div class=\"elementor-column elementor-col-100 elementor-top-column elementor-element elementor-element-47404b2\" data-id=\"47404b2\" data-element_type=\"column\" data-e-type=\"column\">\n\t\t\t<div class=\"elementor-widget-wrap elementor-element-populated\">\n\t\t\t\t\t\t<div class=\"elementor-element elementor-element-2bd5ea3 elementor-widget elementor-widget-spacer\" data-id=\"2bd5ea3\" data-element_type=\"widget\" data-e-type=\"widget\" data-widget_type=\"spacer.default\">\n\t\t\t\t<div class=\"elementor-widget-container\">\n\t\t\t\t\t\t\t<div class=\"elementor-spacer\">\n\t\t\t<div class=\"elementor-spacer-inner\"><\/div>\n\t\t<\/div>\n\t\t\t\t\t\t<\/div>\n\t\t\t\t<\/div>\n\t\t\t\t\t<\/div>\n\t\t<\/div>\n\t\t\t\t\t<\/div>\n\t\t<\/section>\n\t\t\t\t<section data-particle_enable=\"false\" data-particle-mobile-disabled=\"false\" class=\"elementor-section elementor-top-section elementor-element elementor-element-f6a112e elementor-section-boxed elementor-section-height-default elementor-section-height-default\" data-id=\"f6a112e\" data-element_type=\"section\" data-e-type=\"section\">\n\t\t\t\t\t\t<div class=\"elementor-container elementor-column-gap-default\">\n\t\t\t\t\t<div class=\"elementor-column elementor-col-50 elementor-top-column elementor-element elementor-element-bef0384\" data-id=\"bef0384\" data-element_type=\"column\" data-e-type=\"column\">\n\t\t\t<div class=\"elementor-widget-wrap elementor-element-populated\">\n\t\t\t\t\t\t<div class=\"elementor-element elementor-element-40938e6 elementor-widget elementor-widget-image\" data-id=\"40938e6\" data-element_type=\"widget\" data-e-type=\"widget\" data-widget_type=\"image.default\">\n\t\t\t\t<div class=\"elementor-widget-container\">\n\t\t\t\t\t\t\t\t\t\t\t\t\t\t\t<img fetchpriority=\"high\" decoding=\"async\" width=\"550\" height=\"400\" src=\"https:\/\/am-material.com\/wp-content\/uploads\/2024\/05\/FeP18-powder.png\" class=\"attachment-large size-large wp-image-7461\" alt=\"\" srcset=\"https:\/\/am-material.com\/wp-content\/uploads\/2024\/05\/FeP18-powder.png 550w, https:\/\/am-material.com\/wp-content\/uploads\/2024\/05\/FeP18-powder-300x218.png 300w, https:\/\/am-material.com\/wp-content\/uploads\/2024\/05\/FeP18-powder-18x12.png 18w\" sizes=\"(max-width: 550px) 100vw, 550px\" title=\"\">\t\t\t\t\t\t\t\t\t\t\t\t\t\t\t<\/div>\n\t\t\t\t<\/div>\n\t\t\t\t\t<\/div>\n\t\t<\/div>\n\t\t\t\t<div class=\"elementor-column elementor-col-50 elementor-top-column elementor-element elementor-element-6686958\" data-id=\"6686958\" data-element_type=\"column\" data-e-type=\"column\">\n\t\t\t<div class=\"elementor-widget-wrap elementor-element-populated\">\n\t\t\t\t\t\t<div class=\"elementor-element elementor-element-bd0bd6e elementor-widget elementor-widget-text-editor\" data-id=\"bd0bd6e\" data-element_type=\"widget\" data-e-type=\"widget\" data-widget_type=\"text-editor.default\">\n\t\t\t\t<div class=\"elementor-widget-container\">\n\t\t\t\t\t\t\t\t\t<p>La poudre de graphite pour la m\u00e9tallurgie des poudres est fabriqu\u00e9e \u00e0 partir de graphite naturel de haute qualit\u00e9 avec un \u00e9quipement de traitement sp\u00e9cial et une technologie de production avanc\u00e9e. Par cons\u00e9quent, la poudre de graphite obtenue pr\u00e9sente les avantages de particules uniformes, d'un m\u00e9lange facile, d'une r\u00e9sistance aux temp\u00e9ratures \u00e9lev\u00e9es et d'une r\u00e9sistance accrue des pi\u00e8ces d'origine. Grade\uff1a-399 -399.9TF<\/p>\t\t\t\t\t\t\t\t<\/div>\n\t\t\t\t<\/div>\n\t\t\t\t<div class=\"elementor-element elementor-element-ab17123 elementor-widget elementor-widget-text-editor\" data-id=\"ab17123\" data-element_type=\"widget\" data-e-type=\"widget\" data-widget_type=\"text-editor.default\">\n\t\t\t\t<div class=\"elementor-widget-container\">\n\t\t\t\t\t\t\t\t\t<p>r\u00e9sistance sp\u00e9ciale \u00e0 l'oxydation, autolubrification et plasticit\u00e9 dans des conditions de haute temp\u00e9rature, tout en augmentant la r\u00e9sistance des pi\u00e8ces d'origine.<\/p>\t\t\t\t\t\t\t\t<\/div>\n\t\t\t\t<\/div>\n\t\t\t\t<div class=\"elementor-element elementor-element-dd9f73c elementor-align-center elementor-widget elementor-widget-button\" data-id=\"dd9f73c\" data-element_type=\"widget\" data-e-type=\"widget\" data-widget_type=\"button.default\">\n\t\t\t\t<div class=\"elementor-widget-container\">\n\t\t\t\t\t\t\t\t\t<div class=\"elementor-button-wrapper\">\n\t\t\t\t\t<a class=\"elementor-button elementor-button-link elementor-size-sm\" href=\"#elementor-action%3Aaction%3Dpopup%3Aopen%26settings%3DeyJpZCI6IjYyODgiLCJ0b2dnbGUiOmZhbHNlfQ%3D%3D\">\n\t\t\t\t\t\t<span class=\"elementor-button-content-wrapper\">\n\t\t\t\t\t\t\t\t\t<span class=\"elementor-button-text\">Demande de renseignements<\/span>\n\t\t\t\t\t<\/span>\n\t\t\t\t\t<\/a>\n\t\t\t\t<\/div>\n\t\t\t\t\t\t\t\t<\/div>\n\t\t\t\t<\/div>\n\t\t\t\t\t<\/div>\n\t\t<\/div>\n\t\t\t\t\t<\/div>\n\t\t<\/section>\n\t\t\t\t<section data-particle_enable=\"false\" data-particle-mobile-disabled=\"false\" class=\"elementor-section elementor-top-section elementor-element elementor-element-8dd7f0a elementor-section-boxed elementor-section-height-default elementor-section-height-default\" data-id=\"8dd7f0a\" data-element_type=\"section\" data-e-type=\"section\">\n\t\t\t\t\t\t<div class=\"elementor-container elementor-column-gap-default\">\n\t\t\t\t\t<div class=\"elementor-column elementor-col-50 elementor-top-column elementor-element elementor-element-c7e46e0\" data-id=\"c7e46e0\" data-element_type=\"column\" data-e-type=\"column\">\n\t\t\t<div class=\"elementor-widget-wrap elementor-element-populated\">\n\t\t\t\t\t\t<div class=\"elementor-element elementor-element-a7083e3 elementor-widget elementor-widget-text-editor\" data-id=\"a7083e3\" data-element_type=\"widget\" data-e-type=\"widget\" data-widget_type=\"text-editor.default\">\n\t\t\t\t<div class=\"elementor-widget-container\">\n\t\t\t\t\t\t\t\t\t<table border=\"1\" cellspacing=\"0\" cellpadding=\"0\"><tbody><tr><td>Notes<\/td><td>Teneur en carbone fixe \u2265\uff08%\uff09<\/td><td>Proportion de substances volatiles\u2264\uff08%)<\/td><td>Teneur en eau \u2264\uff08%\uff09<\/td><td>Taille des particules<\/td><\/tr><tr><td>-399<\/td><td>99<\/td><td>1<\/td><td>0.3<\/td><td>90<\/td><\/tr><tr><td>-399.9<\/td><td>99.99<\/td><td>1<\/td><td>0.2<\/td><td>90<\/td><\/tr><tr><td>TF-1.<\/td><td>99<\/td><td>1<\/td><td>0.3<\/td><td>6\u03bcm70<\/td><\/tr><tr><td>TF-2.<\/td><td>99<\/td><td>1<\/td><td>0.3<\/td><td>10\u03bcm70<\/td><\/tr><\/tbody><\/table>\t\t\t\t\t\t\t\t<\/div>\n\t\t\t\t<\/div>\n\t\t\t\t\t<\/div>\n\t\t<\/div>\n\t\t\t\t<div class=\"elementor-column elementor-col-50 elementor-top-column elementor-element elementor-element-91b46ac\" data-id=\"91b46ac\" data-element_type=\"column\" data-e-type=\"column\">\n\t\t\t<div class=\"elementor-widget-wrap elementor-element-populated\">\n\t\t\t\t\t\t<div class=\"elementor-element elementor-element-03596b5 elementor-widget elementor-widget-spacer\" data-id=\"03596b5\" data-element_type=\"widget\" data-e-type=\"widget\" data-widget_type=\"spacer.default\">\n\t\t\t\t<div class=\"elementor-widget-container\">\n\t\t\t\t\t\t\t<div class=\"elementor-spacer\">\n\t\t\t<div class=\"elementor-spacer-inner\"><\/div>\n\t\t<\/div>\n\t\t\t\t\t\t<\/div>\n\t\t\t\t<\/div>\n\t\t\t\t<div class=\"elementor-element elementor-element-2459851 elementor-widget elementor-widget-image\" data-id=\"2459851\" data-element_type=\"widget\" data-e-type=\"widget\" data-widget_type=\"image.default\">\n\t\t\t\t<div class=\"elementor-widget-container\">\n\t\t\t\t\t\t\t\t\t\t\t\t\t\t\t<img decoding=\"async\" width=\"550\" height=\"366\" src=\"https:\/\/am-material.com\/wp-content\/uploads\/2024\/05\/\uff26e-powder.png\" class=\"attachment-large size-large wp-image-7460\" alt=\"\" srcset=\"https:\/\/am-material.com\/wp-content\/uploads\/2024\/05\/\uff26e-powder.png 550w, https:\/\/am-material.com\/wp-content\/uploads\/2024\/05\/\uff26e-powder-300x200.png 300w, https:\/\/am-material.com\/wp-content\/uploads\/2024\/05\/\uff26e-powder-18x12.png 18w\" sizes=\"(max-width: 550px) 100vw, 550px\" title=\"\">\t\t\t\t\t\t\t\t\t\t\t\t\t\t\t<\/div>\n\t\t\t\t<\/div>\n\t\t\t\t\t<\/div>\n\t\t<\/div>\n\t\t\t\t\t<\/div>\n\t\t<\/section>\n\t\t\t\t<section data-particle_enable=\"false\" data-particle-mobile-disabled=\"false\" class=\"elementor-section elementor-top-section elementor-element elementor-element-e2a9209 elementor-section-boxed elementor-section-height-default elementor-section-height-default\" data-id=\"e2a9209\" data-element_type=\"section\" data-e-type=\"section\">\n\t\t\t\t\t\t<div class=\"elementor-container elementor-column-gap-default\">\n\t\t\t\t\t<div class=\"elementor-column elementor-col-100 elementor-top-column elementor-element elementor-element-4402b68\" data-id=\"4402b68\" data-element_type=\"column\" data-e-type=\"column\">\n\t\t\t<div class=\"elementor-widget-wrap elementor-element-populated\">\n\t\t\t\t\t\t<div class=\"elementor-element elementor-element-ca8a59b elementor-widget elementor-widget-image\" data-id=\"ca8a59b\" data-element_type=\"widget\" data-e-type=\"widget\" data-widget_type=\"image.default\">\n\t\t\t\t<div class=\"elementor-widget-container\">\n\t\t\t\t\t\t\t\t\t\t\t\t\t\t\t<img decoding=\"async\" width=\"852\" height=\"1024\" src=\"https:\/\/am-material.com\/wp-content\/uploads\/2024\/05\/\uff2doS2\u3000production-852x1024.png\" class=\"attachment-large size-large wp-image-7389\" alt=\"\" srcset=\"\" sizes=\"(max-width: 852px) 100vw, 852px\" title=\"\" data-srcset=\"\">\t\t\t\t\t\t\t\t\t\t\t\t\t\t\t<\/div>\n\t\t\t\t<\/div>\n\t\t\t\t\t<\/div>\n\t\t<\/div>\n\t\t\t\t\t<\/div>\n\t\t<\/section>\n\t\t\t\t<\/div>","protected":false},"excerpt":{"rendered":"<p>The graphite powder for powder metallurgy is made of high quality natural flake graphite with special processing equipment and advanced production technology. Therefore, the resulting graphite powder has the advantages of uniform particles, easy mixing, high temperature resistance, and increased strength of the original parts. Grade\uff1a-399 -399.9TF special oxidation resistance, self-lubricating, and plasticity under high-temperature [&hellip;]<\/p>\n","protected":false},"author":5,"featured_media":0,"parent":0,"menu_order":0,"comment_status":"closed","ping_status":"closed","template":"","meta":{"site-sidebar-layout":"no-sidebar","site-content-layout":"page-builder","ast-site-content-layout":"full-width-container","site-content-style":"default","site-sidebar-style":"default","ast-global-header-display":"","ast-banner-title-visibility":"","ast-main-header-display":"","ast-hfb-above-header-display":"","ast-hfb-below-header-display":"","ast-hfb-mobile-header-display":"","site-post-title":"disabled","ast-breadcrumbs-content":"","ast-featured-img":"disabled","footer-sml-layout":"","ast-disable-related-posts":"","theme-transparent-header-meta":"","adv-header-id-meta":"","stick-header-meta":"","header-above-stick-meta":"","header-main-stick-meta":"","header-below-stick-meta":"","astra-migrate-meta-layouts":"set","ast-page-background-enabled":"default","ast-page-background-meta":{"desktop":{"background-color":"","background-image":"","background-repeat":"repeat","background-position":"center center","background-size":"auto","background-attachment":"scroll","background-type":"","background-media":"","overlay-type":"","overlay-color":"","overlay-opacity":"","overlay-gradient":""},"tablet":{"background-color":"","background-image":"","background-repeat":"repeat","background-position":"center center","background-size":"auto","background-attachment":"scroll","background-type":"","background-media":"","overlay-type":"","overlay-color":"","overlay-opacity":"","overlay-gradient":""},"mobile":{"background-color":"","background-image":"","background-repeat":"repeat","background-position":"center center","background-size":"auto","background-attachment":"scroll","background-type":"","background-media":"","overlay-type":"","overlay-color":"","overlay-opacity":"","overlay-gradient":""}},"ast-content-background-meta":{"desktop":{"background-color":"var(--ast-global-color-5)","background-image":"","background-repeat":"repeat","background-position":"center center","background-size":"auto","background-attachment":"scroll","background-type":"","background-media":"","overlay-type":"","overlay-color":"","overlay-opacity":"","overlay-gradient":""},"tablet":{"background-color":"var(--ast-global-color-5)","background-image":"","background-repeat":"repeat","background-position":"center center","background-size":"auto","background-attachment":"scroll","background-type":"","background-media":"","overlay-type":"","overlay-color":"","overlay-opacity":"","overlay-gradient":""},"mobile":{"background-color":"var(--ast-global-color-5)","background-image":"","background-repeat":"repeat","background-position":"center center","background-size":"auto","background-attachment":"scroll","background-type":"","background-media":"","overlay-type":"","overlay-color":"","overlay-opacity":"","overlay-gradient":""}},"footnotes":""},"folder":[],"class_list":["post-7471","page","type-page","status-publish","hentry"],"_links":{"self":[{"href":"https:\/\/am-material.com\/fr\/wp-json\/wp\/v2\/pages\/7471","targetHints":{"allow":["GET"]}}],"collection":[{"href":"https:\/\/am-material.com\/fr\/wp-json\/wp\/v2\/pages"}],"about":[{"href":"https:\/\/am-material.com\/fr\/wp-json\/wp\/v2\/types\/page"}],"author":[{"embeddable":true,"href":"https:\/\/am-material.com\/fr\/wp-json\/wp\/v2\/users\/5"}],"replies":[{"embeddable":true,"href":"https:\/\/am-material.com\/fr\/wp-json\/wp\/v2\/comments?post=7471"}],"version-history":[{"count":8,"href":"https:\/\/am-material.com\/fr\/wp-json\/wp\/v2\/pages\/7471\/revisions"}],"predecessor-version":[{"id":7484,"href":"https:\/\/am-material.com\/fr\/wp-json\/wp\/v2\/pages\/7471\/revisions\/7484"}],"wp:attachment":[{"href":"https:\/\/am-material.com\/fr\/wp-json\/wp\/v2\/media?parent=7471"}],"wp:term":[{"taxonomy":"folder","embeddable":true,"href":"https:\/\/am-material.com\/fr\/wp-json\/wp\/v2\/folder?post=7471"}],"curies":[{"name":"wp","href":"https:\/\/api.w.org\/{rel}","templated":true}]}}