{"id":7443,"date":"2024-05-30T16:36:28","date_gmt":"2024-05-30T08:36:28","guid":{"rendered":"https:\/\/am-material.com\/?page_id=7443"},"modified":"2024-05-30T17:04:11","modified_gmt":"2024-05-30T09:04:11","slug":"mns-powder-manganese-sulfide","status":"publish","type":"page","link":"https:\/\/am-material.com\/fr\/mns-powder-manganese-sulfide\/","title":{"rendered":"Poudre de MnS \u2503sulfure de mangan\u00e8se"},"content":{"rendered":"<div data-elementor-type=\"wp-page\" data-elementor-id=\"7443\" class=\"elementor elementor-7443\" data-elementor-post-type=\"page\">\n\t\t\t\t\t\t<section data-particle_enable=\"false\" data-particle-mobile-disabled=\"false\" class=\"elementor-section elementor-top-section elementor-element elementor-element-ea837a0 elementor-section-boxed elementor-section-height-default elementor-section-height-default\" data-id=\"ea837a0\" data-element_type=\"section\" data-e-type=\"section\">\n\t\t\t\t\t\t<div class=\"elementor-container elementor-column-gap-default\">\n\t\t\t\t\t<div class=\"elementor-column elementor-col-100 elementor-top-column elementor-element elementor-element-79ee1fc\" data-id=\"79ee1fc\" data-element_type=\"column\" data-e-type=\"column\">\n\t\t\t<div class=\"elementor-widget-wrap elementor-element-populated\">\n\t\t\t\t\t\t<div class=\"elementor-element elementor-element-fb9d446 elementor-widget elementor-widget-spacer\" data-id=\"fb9d446\" data-element_type=\"widget\" data-e-type=\"widget\" data-widget_type=\"spacer.default\">\n\t\t\t\t<div class=\"elementor-widget-container\">\n\t\t\t\t\t\t\t<div class=\"elementor-spacer\">\n\t\t\t<div class=\"elementor-spacer-inner\"><\/div>\n\t\t<\/div>\n\t\t\t\t\t\t<\/div>\n\t\t\t\t<\/div>\n\t\t\t\t\t<\/div>\n\t\t<\/div>\n\t\t\t\t\t<\/div>\n\t\t<\/section>\n\t\t\t\t<section data-particle_enable=\"false\" data-particle-mobile-disabled=\"false\" class=\"elementor-section elementor-top-section elementor-element elementor-element-2b4dc59 elementor-section-boxed elementor-section-height-default elementor-section-height-default\" data-id=\"2b4dc59\" data-element_type=\"section\" data-e-type=\"section\">\n\t\t\t\t\t\t<div class=\"elementor-container elementor-column-gap-default\">\n\t\t\t\t\t<div class=\"elementor-column elementor-col-50 elementor-top-column elementor-element elementor-element-acf1167\" data-id=\"acf1167\" data-element_type=\"column\" data-e-type=\"column\">\n\t\t\t<div class=\"elementor-widget-wrap elementor-element-populated\">\n\t\t\t\t\t\t<div class=\"elementor-element elementor-element-da9689f elementor-widget elementor-widget-image\" data-id=\"da9689f\" data-element_type=\"widget\" data-e-type=\"widget\" data-widget_type=\"image.default\">\n\t\t\t\t<div class=\"elementor-widget-container\">\n\t\t\t\t\t\t\t\t\t\t\t\t\t\t\t<img fetchpriority=\"high\" decoding=\"async\" width=\"600\" height=\"496\" src=\"https:\/\/am-material.com\/wp-content\/uploads\/2024\/05\/\uff2dnS-powder.png\" class=\"attachment-large size-large wp-image-7446\" alt=\"\uff2dnS poudre\" srcset=\"https:\/\/am-material.com\/wp-content\/uploads\/2024\/05\/\uff2dnS-powder.png 600w, https:\/\/am-material.com\/wp-content\/uploads\/2024\/05\/\uff2dnS-powder-300x248.png 300w, https:\/\/am-material.com\/wp-content\/uploads\/2024\/05\/\uff2dnS-powder-15x12.png 15w\" sizes=\"(max-width: 600px) 100vw, 600px\" title=\"\">\t\t\t\t\t\t\t\t\t\t\t\t\t\t\t<\/div>\n\t\t\t\t<\/div>\n\t\t\t\t\t<\/div>\n\t\t<\/div>\n\t\t\t\t<div class=\"elementor-column elementor-col-50 elementor-top-column elementor-element elementor-element-edd25a7\" data-id=\"edd25a7\" data-element_type=\"column\" data-e-type=\"column\">\n\t\t\t<div class=\"elementor-widget-wrap elementor-element-populated\">\n\t\t\t\t\t\t<div class=\"elementor-element elementor-element-1456480 elementor-widget elementor-widget-heading\" data-id=\"1456480\" data-element_type=\"widget\" data-e-type=\"widget\" data-widget_type=\"heading.default\">\n\t\t\t\t<div class=\"elementor-widget-container\">\n\t\t\t\t\t<h4 class=\"elementor-heading-title elementor-size-default\">Caract\u00e9ristiques du produit MnS<\/h4>\t\t\t\t<\/div>\n\t\t\t\t<\/div>\n\t\t\t\t<div class=\"elementor-element elementor-element-9915b1a elementor-widget elementor-widget-text-editor\" data-id=\"9915b1a\" data-element_type=\"widget\" data-e-type=\"widget\" data-widget_type=\"text-editor.default\">\n\t\t\t\t<div class=\"elementor-widget-container\">\n\t\t\t\t\t\t\t\t\t<p>Le MnS est un agent de coupe sp\u00e9cial pour les pi\u00e8ces en m\u00e9tallurgie des poudres. Gr\u00e2ce \u00e0 des caract\u00e9ristiques telles que l'usinage \u00e0 sec et l'impact intermittent sur l'ar\u00eate de coupe, la dur\u00e9e de vie de l'outil des pi\u00e8ces en m\u00e9tallurgie des poudres est consid\u00e9rablement accrue pendant l'usinage.<br \/>Le disulfure de molybd\u00e8ne est sp\u00e9cialement con\u00e7u pour la lubrification \u00e0 l'\u00e9tat solide et l'\u00e9limination des copeaux afin de prolonger plusieurs fois la dur\u00e9e de vie des outils. Lorsque le produit permet la pr\u00e9sence de soufre, ce sulfure de mangan\u00e8se sera le premier choix et est extr\u00eamement rentable.<\/p>\t\t\t\t\t\t\t\t<\/div>\n\t\t\t\t<\/div>\n\t\t\t\t<div class=\"elementor-element elementor-element-a758c08 elementor-align-center elementor-widget elementor-widget-button\" data-id=\"a758c08\" data-element_type=\"widget\" data-e-type=\"widget\" data-widget_type=\"button.default\">\n\t\t\t\t<div class=\"elementor-widget-container\">\n\t\t\t\t\t\t\t\t\t<div class=\"elementor-button-wrapper\">\n\t\t\t\t\t<a class=\"elementor-button elementor-button-link elementor-size-sm\" href=\"#elementor-action%3Aaction%3Dpopup%3Aopen%26settings%3DeyJpZCI6IjYyODgiLCJ0b2dnbGUiOmZhbHNlfQ%3D%3D\">\n\t\t\t\t\t\t<span class=\"elementor-button-content-wrapper\">\n\t\t\t\t\t\t\t\t\t<span class=\"elementor-button-text\">Demande de renseignements<\/span>\n\t\t\t\t\t<\/span>\n\t\t\t\t\t<\/a>\n\t\t\t\t<\/div>\n\t\t\t\t\t\t\t\t<\/div>\n\t\t\t\t<\/div>\n\t\t\t\t\t<\/div>\n\t\t<\/div>\n\t\t\t\t\t<\/div>\n\t\t<\/section>\n\t\t\t\t<section data-particle_enable=\"false\" data-particle-mobile-disabled=\"false\" class=\"elementor-section elementor-top-section elementor-element elementor-element-7e6565d elementor-section-boxed elementor-section-height-default elementor-section-height-default\" data-id=\"7e6565d\" data-element_type=\"section\" data-e-type=\"section\">\n\t\t\t\t\t\t<div class=\"elementor-container elementor-column-gap-default\">\n\t\t\t\t\t<div class=\"elementor-column elementor-col-25 elementor-top-column elementor-element elementor-element-3f92047\" data-id=\"3f92047\" data-element_type=\"column\" data-e-type=\"column\">\n\t\t\t<div class=\"elementor-widget-wrap elementor-element-populated\">\n\t\t\t\t\t\t<div class=\"elementor-element elementor-element-e188f1c elementor-widget elementor-widget-text-editor\" data-id=\"e188f1c\" data-element_type=\"widget\" data-e-type=\"widget\" data-widget_type=\"text-editor.default\">\n\t\t\t\t<div class=\"elementor-widget-container\">\n\t\t\t\t\t\t\t\t\t<h3><strong>Taille uniforme des particules<\/strong><\/h3><p>Le produit est chimiquement stable et r\u00e9sistant \u00e0 une temp\u00e9rature \u00e9lev\u00e9e sup\u00e9rieure \u00e0 1200\u2103 ; le processus de frittage ne produira pas de r\u00e9action chimique avec l'atmosph\u00e8re de frittage et la matrice environnante, garantissant ainsi la performance de coupe apr\u00e8s le frittage.<\/p>\t\t\t\t\t\t\t\t<\/div>\n\t\t\t\t<\/div>\n\t\t\t\t\t<\/div>\n\t\t<\/div>\n\t\t\t\t<div class=\"elementor-column elementor-col-25 elementor-top-column elementor-element elementor-element-fb8c62d\" data-id=\"fb8c62d\" data-element_type=\"column\" data-e-type=\"column\">\n\t\t\t<div class=\"elementor-widget-wrap elementor-element-populated\">\n\t\t\t\t\t\t<div class=\"elementor-element elementor-element-017916e elementor-widget elementor-widget-text-editor\" data-id=\"017916e\" data-element_type=\"widget\" data-e-type=\"widget\" data-widget_type=\"text-editor.default\">\n\t\t\t\t<div class=\"elementor-widget-container\">\n\t\t\t\t\t\t\t\t\t<h3><strong>Bonne dispersion<\/strong><\/h3><p>L'agent de coupe est facilement et uniform\u00e9ment dispers\u00e9 dans la poudre pour garantir des r\u00e9sultats de coupe stables et coh\u00e9rents dans toutes les zones.<\/p>\t\t\t\t\t\t\t\t<\/div>\n\t\t\t\t<\/div>\n\t\t\t\t\t<\/div>\n\t\t<\/div>\n\t\t\t\t<div class=\"elementor-column elementor-col-25 elementor-top-column elementor-element elementor-element-a63793a\" data-id=\"a63793a\" data-element_type=\"column\" data-e-type=\"column\">\n\t\t\t<div class=\"elementor-widget-wrap elementor-element-populated\">\n\t\t\t\t\t\t<div class=\"elementor-element elementor-element-de6cdc4 elementor-widget elementor-widget-text-editor\" data-id=\"de6cdc4\" data-element_type=\"widget\" data-e-type=\"widget\" data-widget_type=\"text-editor.default\">\n\t\t\t\t<div class=\"elementor-widget-container\">\n\t\t\t\t\t\t\t\t\t<h3><b>Stabilit\u00e9 dimensionnelle<\/b><\/h3><p>L'agent de coupe a peu d'effet sur les changements dimensionnels des pi\u00e8ces fritt\u00e9es, ce qui permet de maintenir la pr\u00e9cision dimensionnelle du produit.<\/p>\t\t\t\t\t\t\t\t<\/div>\n\t\t\t\t<\/div>\n\t\t\t\t\t<\/div>\n\t\t<\/div>\n\t\t\t\t<div class=\"elementor-column elementor-col-25 elementor-top-column elementor-element elementor-element-4283954\" data-id=\"4283954\" data-element_type=\"column\" data-e-type=\"column\">\n\t\t\t<div class=\"elementor-widget-wrap elementor-element-populated\">\n\t\t\t\t\t\t<div class=\"elementor-element elementor-element-999d4a5 elementor-widget elementor-widget-text-editor\" data-id=\"999d4a5\" data-element_type=\"widget\" data-e-type=\"widget\" data-widget_type=\"text-editor.default\">\n\t\t\t\t<div class=\"elementor-widget-container\">\n\t\t\t\t\t\t\t\t\t<h3><strong>Propret\u00e9 de la surface<\/strong><\/h3><p>Les pi\u00e8ces fritt\u00e9es ont un aspect propre et brillant et ne produisent pas de taches suppl\u00e9mentaires susceptibles de provoquer de la rouille.<\/p>\t\t\t\t\t\t\t\t<\/div>\n\t\t\t\t<\/div>\n\t\t\t\t\t<\/div>\n\t\t<\/div>\n\t\t\t\t\t<\/div>\n\t\t<\/section>\n\t\t\t\t<section data-particle_enable=\"false\" data-particle-mobile-disabled=\"false\" class=\"elementor-section elementor-top-section elementor-element elementor-element-bdf4440 elementor-section-boxed elementor-section-height-default elementor-section-height-default\" data-id=\"bdf4440\" data-element_type=\"section\" data-e-type=\"section\">\n\t\t\t\t\t\t<div class=\"elementor-container elementor-column-gap-default\">\n\t\t\t\t\t<div class=\"elementor-column elementor-col-33 elementor-top-column elementor-element elementor-element-b29159e\" data-id=\"b29159e\" data-element_type=\"column\" data-e-type=\"column\">\n\t\t\t<div class=\"elementor-widget-wrap elementor-element-populated\">\n\t\t\t\t\t\t<div class=\"elementor-element elementor-element-4a49692 elementor-widget elementor-widget-text-editor\" data-id=\"4a49692\" data-element_type=\"widget\" data-e-type=\"widget\" data-widget_type=\"text-editor.default\">\n\t\t\t\t<div class=\"elementor-widget-container\">\n\t\t\t\t\t\t\t\t\t<p><strong>Haute puret\u00e9<\/strong><br \/>La puret\u00e9 du produit est tr\u00e8s \u00e9lev\u00e9e.<br \/><br \/><strong>Description du produit<\/strong><br \/>Granularit\u00e9 fine, poudre verte.<br \/><br \/><strong>Sp\u00e9cification du produit<\/strong><br \/>Indicateurs de contr\u00f4le Norme\u00a0\u00a0\u00a0\u00a0\u00a0\u00a0\u00a0\u00a0\u00a0\u00a0\u00a0\u00a0\u00a0<br \/>Perte de chaleur max. 0,8\u00a0\u00a0\u00a0\u00a0\u00a0<br \/>Taille des particules D90 &amp;lt ; 10microns\u00a0\u00a0<br \/>Teneur en ingr\u00e9dients actifs &gt;99%\u00a0<br \/>Densit\u00e9 libre &gt;2,5g\/cm\u00b3\u00a0<\/p>\t\t\t\t\t\t\t\t<\/div>\n\t\t\t\t<\/div>\n\t\t\t\t\t<\/div>\n\t\t<\/div>\n\t\t\t\t<div class=\"elementor-column elementor-col-66 elementor-top-column elementor-element elementor-element-1fbb8dc\" data-id=\"1fbb8dc\" data-element_type=\"column\" data-e-type=\"column\">\n\t\t\t<div class=\"elementor-widget-wrap elementor-element-populated\">\n\t\t\t\t\t\t<div class=\"elementor-element elementor-element-f1ed6bd elementor-widget elementor-widget-text-editor\" data-id=\"f1ed6bd\" data-element_type=\"widget\" data-e-type=\"widget\" data-widget_type=\"text-editor.default\">\n\t\t\t\t<div class=\"elementor-widget-container\">\n\t\t\t\t\t\t\t\t\t<p><strong>Conditions de stockage<\/strong><br \/>Contr\u00f4le de l'humidit\u00e9 et de la temp\u00e9rature (humidit\u00e9 inf\u00e9rieure \u00e0 60%, temp\u00e9rature inf\u00e9rieure \u00e0 40\u00b0C),<br \/>scell\u00e9 apr\u00e8s utilisation pour \u00e9viter un placement ouvert, utilis\u00e9 dans les six mois.<br \/>\u00a0<br \/><strong>Recommand\u00e9 pour le m\u00e9lange<\/strong><br \/>1. Le pourcentage de poids est compris entre 0,4\uff5e0,5.\u00a0\u00a0\u00a0\u00a0\u00a0<br \/>2. Pesage dans un environnement ferm\u00e9, adapt\u00e9 au m\u00e9langeur \u00e0 double c\u00f4ne et au m\u00e9langeur de type V.<br \/><br \/><strong>Emballage et transport<\/strong><br \/>1. emballage : poids net de 25 kg dans des f\u00fbts en plastique ou en fer, sac int\u00e9rieur en poly\u00e9thyl\u00e8ne r\u00e9sistant \u00e0 l'humidit\u00e9.<br \/>2. transport : marchandises non dangereuses, adapt\u00e9es aux transports terrestres, maritimes et a\u00e9riens normaux.<\/p>\t\t\t\t\t\t\t\t<\/div>\n\t\t\t\t<\/div>\n\t\t\t\t\t<\/div>\n\t\t<\/div>\n\t\t\t\t\t<\/div>\n\t\t<\/section>\n\t\t\t\t<section data-particle_enable=\"false\" data-particle-mobile-disabled=\"false\" class=\"elementor-section elementor-top-section elementor-element elementor-element-dcdc900 elementor-section-boxed elementor-section-height-default elementor-section-height-default\" data-id=\"dcdc900\" data-element_type=\"section\" data-e-type=\"section\">\n\t\t\t\t\t\t<div class=\"elementor-container elementor-column-gap-default\">\n\t\t\t\t\t<div class=\"elementor-column elementor-col-100 elementor-top-column elementor-element elementor-element-88f110b\" data-id=\"88f110b\" data-element_type=\"column\" data-e-type=\"column\">\n\t\t\t<div class=\"elementor-widget-wrap elementor-element-populated\">\n\t\t\t\t\t\t<div class=\"elementor-element elementor-element-8fdc401 elementor-widget elementor-widget-image\" data-id=\"8fdc401\" data-element_type=\"widget\" data-e-type=\"widget\" data-widget_type=\"image.default\">\n\t\t\t\t<div class=\"elementor-widget-container\">\n\t\t\t\t\t\t\t\t\t\t\t\t\t\t\t<img decoding=\"async\" width=\"852\" height=\"1024\" src=\"https:\/\/am-material.com\/wp-content\/uploads\/2024\/05\/\uff2doS2\u3000production-852x1024.png\" class=\"attachment-large size-large wp-image-7389\" alt=\"\" srcset=\"\" sizes=\"(max-width: 852px) 100vw, 852px\" title=\"\" data-srcset=\"\">\t\t\t\t\t\t\t\t\t\t\t\t\t\t\t<\/div>\n\t\t\t\t<\/div>\n\t\t\t\t\t<\/div>\n\t\t<\/div>\n\t\t\t\t\t<\/div>\n\t\t<\/section>\n\t\t\t\t<\/div>","protected":false},"excerpt":{"rendered":"<p>MnS Product Features MnS is a special cutting agent for powder metallurgy parts. Due to characteristics such as dry state machining and intermittent impact on the cutting edge, the tool life of powder metallurgy parts is significantly increased during machining.Molybdenum disulfide is uniquely designed for solid-state lubrication and chip breakage to extend tool life several [&hellip;]<\/p>\n","protected":false},"author":5,"featured_media":0,"parent":0,"menu_order":0,"comment_status":"closed","ping_status":"closed","template":"","meta":{"site-sidebar-layout":"no-sidebar","site-content-layout":"page-builder","ast-site-content-layout":"full-width-container","site-content-style":"default","site-sidebar-style":"default","ast-global-header-display":"","ast-banner-title-visibility":"","ast-main-header-display":"","ast-hfb-above-header-display":"","ast-hfb-below-header-display":"","ast-hfb-mobile-header-display":"","site-post-title":"disabled","ast-breadcrumbs-content":"","ast-featured-img":"disabled","footer-sml-layout":"","ast-disable-related-posts":"","theme-transparent-header-meta":"","adv-header-id-meta":"","stick-header-meta":"","header-above-stick-meta":"","header-main-stick-meta":"","header-below-stick-meta":"","astra-migrate-meta-layouts":"set","ast-page-background-enabled":"default","ast-page-background-meta":{"desktop":{"background-color":"","background-image":"","background-repeat":"repeat","background-position":"center center","background-size":"auto","background-attachment":"scroll","background-type":"","background-media":"","overlay-type":"","overlay-color":"","overlay-opacity":"","overlay-gradient":""},"tablet":{"background-color":"","background-image":"","background-repeat":"repeat","background-position":"center center","background-size":"auto","background-attachment":"scroll","background-type":"","background-media":"","overlay-type":"","overlay-color":"","overlay-opacity":"","overlay-gradient":""},"mobile":{"background-color":"","background-image":"","background-repeat":"repeat","background-position":"center center","background-size":"auto","background-attachment":"scroll","background-type":"","background-media":"","overlay-type":"","overlay-color":"","overlay-opacity":"","overlay-gradient":""}},"ast-content-background-meta":{"desktop":{"background-color":"var(--ast-global-color-5)","background-image":"","background-repeat":"repeat","background-position":"center center","background-size":"auto","background-attachment":"scroll","background-type":"","background-media":"","overlay-type":"","overlay-color":"","overlay-opacity":"","overlay-gradient":""},"tablet":{"background-color":"var(--ast-global-color-5)","background-image":"","background-repeat":"repeat","background-position":"center center","background-size":"auto","background-attachment":"scroll","background-type":"","background-media":"","overlay-type":"","overlay-color":"","overlay-opacity":"","overlay-gradient":""},"mobile":{"background-color":"var(--ast-global-color-5)","background-image":"","background-repeat":"repeat","background-position":"center center","background-size":"auto","background-attachment":"scroll","background-type":"","background-media":"","overlay-type":"","overlay-color":"","overlay-opacity":"","overlay-gradient":""}},"footnotes":""},"folder":[],"class_list":["post-7443","page","type-page","status-publish","hentry"],"_links":{"self":[{"href":"https:\/\/am-material.com\/fr\/wp-json\/wp\/v2\/pages\/7443","targetHints":{"allow":["GET"]}}],"collection":[{"href":"https:\/\/am-material.com\/fr\/wp-json\/wp\/v2\/pages"}],"about":[{"href":"https:\/\/am-material.com\/fr\/wp-json\/wp\/v2\/types\/page"}],"author":[{"embeddable":true,"href":"https:\/\/am-material.com\/fr\/wp-json\/wp\/v2\/users\/5"}],"replies":[{"embeddable":true,"href":"https:\/\/am-material.com\/fr\/wp-json\/wp\/v2\/comments?post=7443"}],"version-history":[{"count":5,"href":"https:\/\/am-material.com\/fr\/wp-json\/wp\/v2\/pages\/7443\/revisions"}],"predecessor-version":[{"id":7450,"href":"https:\/\/am-material.com\/fr\/wp-json\/wp\/v2\/pages\/7443\/revisions\/7450"}],"wp:attachment":[{"href":"https:\/\/am-material.com\/fr\/wp-json\/wp\/v2\/media?parent=7443"}],"wp:term":[{"taxonomy":"folder","embeddable":true,"href":"https:\/\/am-material.com\/fr\/wp-json\/wp\/v2\/folder?post=7443"}],"curies":[{"name":"wp","href":"https:\/\/api.w.org\/{rel}","templated":true}]}}