{"id":7457,"date":"2024-05-30T17:10:11","date_gmt":"2024-05-30T09:10:11","guid":{"rendered":"https:\/\/am-material.com\/?page_id=7457"},"modified":"2024-05-30T17:20:05","modified_gmt":"2024-05-30T09:20:05","slug":"fep18-powder-iron-phosphorus-powder","status":"publish","type":"page","link":"https:\/\/am-material.com\/es\/fep18-powder-iron-phosphorus-powder\/","title":{"rendered":"FeP18 polvo \u2503Polvo de f\u00f3sforo de hierro"},"content":{"rendered":"<div data-elementor-type=\"wp-page\" data-elementor-id=\"7457\" class=\"elementor elementor-7457\" data-elementor-post-type=\"page\">\n\t\t\t\t\t\t<section data-particle_enable=\"false\" data-particle-mobile-disabled=\"false\" class=\"elementor-section elementor-top-section elementor-element elementor-element-05b542a elementor-section-boxed elementor-section-height-default elementor-section-height-default\" data-id=\"05b542a\" data-element_type=\"section\" data-e-type=\"section\">\n\t\t\t\t\t\t<div class=\"elementor-container elementor-column-gap-default\">\n\t\t\t\t\t<div class=\"elementor-column elementor-col-100 elementor-top-column elementor-element elementor-element-45e1996\" data-id=\"45e1996\" data-element_type=\"column\" data-e-type=\"column\">\n\t\t\t<div class=\"elementor-widget-wrap elementor-element-populated\">\n\t\t\t\t\t\t<div class=\"elementor-element elementor-element-231646e elementor-widget elementor-widget-spacer\" data-id=\"231646e\" data-element_type=\"widget\" data-e-type=\"widget\" data-widget_type=\"spacer.default\">\n\t\t\t\t<div class=\"elementor-widget-container\">\n\t\t\t\t\t\t\t<div class=\"elementor-spacer\">\n\t\t\t<div class=\"elementor-spacer-inner\"><\/div>\n\t\t<\/div>\n\t\t\t\t\t\t<\/div>\n\t\t\t\t<\/div>\n\t\t\t\t\t<\/div>\n\t\t<\/div>\n\t\t\t\t\t<\/div>\n\t\t<\/section>\n\t\t\t\t<section data-particle_enable=\"false\" data-particle-mobile-disabled=\"false\" class=\"elementor-section elementor-top-section elementor-element elementor-element-390c2d2 elementor-section-boxed elementor-section-height-default elementor-section-height-default\" data-id=\"390c2d2\" data-element_type=\"section\" data-e-type=\"section\">\n\t\t\t\t\t\t<div class=\"elementor-container elementor-column-gap-default\">\n\t\t\t\t\t<div class=\"elementor-column elementor-col-50 elementor-top-column elementor-element elementor-element-d81f461\" data-id=\"d81f461\" data-element_type=\"column\" data-e-type=\"column\">\n\t\t\t<div class=\"elementor-widget-wrap elementor-element-populated\">\n\t\t\t\t\t\t<div class=\"elementor-element elementor-element-1d67c15 elementor-widget elementor-widget-image\" data-id=\"1d67c15\" data-element_type=\"widget\" data-e-type=\"widget\" data-widget_type=\"image.default\">\n\t\t\t\t<div class=\"elementor-widget-container\">\n\t\t\t\t\t\t\t\t\t\t\t\t\t\t\t<img fetchpriority=\"high\" decoding=\"async\" width=\"550\" height=\"366\" src=\"https:\/\/am-material.com\/wp-content\/uploads\/2024\/05\/\uff26e-powder.png\" class=\"attachment-large size-large wp-image-7460\" alt=\"\" srcset=\"https:\/\/am-material.com\/wp-content\/uploads\/2024\/05\/\uff26e-powder.png 550w, https:\/\/am-material.com\/wp-content\/uploads\/2024\/05\/\uff26e-powder-300x200.png 300w, https:\/\/am-material.com\/wp-content\/uploads\/2024\/05\/\uff26e-powder-18x12.png 18w\" sizes=\"(max-width: 550px) 100vw, 550px\" title=\"\">\t\t\t\t\t\t\t\t\t\t\t\t\t\t\t<\/div>\n\t\t\t\t<\/div>\n\t\t\t\t<div class=\"elementor-element elementor-element-5e4db95 elementor-align-center elementor-widget elementor-widget-button\" data-id=\"5e4db95\" data-element_type=\"widget\" data-e-type=\"widget\" data-widget_type=\"button.default\">\n\t\t\t\t<div class=\"elementor-widget-container\">\n\t\t\t\t\t\t\t\t\t<div class=\"elementor-button-wrapper\">\n\t\t\t\t\t<a class=\"elementor-button elementor-button-link elementor-size-sm\" href=\"#elementor-action%3Aaction%3Dpopup%3Aopen%26settings%3DeyJpZCI6IjYyODgiLCJ0b2dnbGUiOmZhbHNlfQ%3D%3D\">\n\t\t\t\t\t\t<span class=\"elementor-button-content-wrapper\">\n\t\t\t\t\t\t\t\t\t<span class=\"elementor-button-text\">Consulta<\/span>\n\t\t\t\t\t<\/span>\n\t\t\t\t\t<\/a>\n\t\t\t\t<\/div>\n\t\t\t\t\t\t\t\t<\/div>\n\t\t\t\t<\/div>\n\t\t\t\t\t<\/div>\n\t\t<\/div>\n\t\t\t\t<div class=\"elementor-column elementor-col-50 elementor-top-column elementor-element elementor-element-093e26f\" data-id=\"093e26f\" data-element_type=\"column\" data-e-type=\"column\">\n\t\t\t<div class=\"elementor-widget-wrap elementor-element-populated\">\n\t\t\t\t\t\t<div class=\"elementor-element elementor-element-a5b80f1 elementor-widget elementor-widget-text-editor\" data-id=\"a5b80f1\" data-element_type=\"widget\" data-e-type=\"widget\" data-widget_type=\"text-editor.default\">\n\t\t\t\t<div class=\"elementor-widget-container\">\n\t\t\t\t\t\t\t\t\t<p>FeP18 se puede utilizar en la fabricaci\u00f3n de los requisitos de alta dureza, alta resistencia, buena plasticidad, buena tenacidad, pl\u00e1stico tarde no es fr\u00e1gil fractura y el rendimiento herm\u00e9tico de los buenos productos de pulvimetalurgia. Tales como conductos de v\u00e1lvulas, ABS de automoci\u00f3n anillo de engranaje de inducci\u00f3n de freno.<\/p>\t\t\t\t\t\t\t\t<\/div>\n\t\t\t\t<\/div>\n\t\t\t\t<div class=\"elementor-element elementor-element-e6500cc elementor-widget elementor-widget-text-editor\" data-id=\"e6500cc\" data-element_type=\"widget\" data-e-type=\"widget\" data-widget_type=\"text-editor.default\">\n\t\t\t\t<div class=\"elementor-widget-container\">\n\t\t\t\t\t\t\t\t\t<p>Promueven la sinterizaci\u00f3n, aceleran el proceso de sinterizaci\u00f3n y forman reacciones eut\u00e9cticas cuando se sinterizan Fe y FeP.<br \/>Fe-Fe3P-L(P), la fase l\u00edquida de P con la fase l\u00edquida en bruto bajo la acci\u00f3n de la succi\u00f3n llevada alrededor de las part\u00edculas de hierro, y pronto difundido en el r-Fe, despu\u00e9s de enfriar y fundido en el \u03b1-Fe(P), de modo que el producto se fortalece.<\/p>\t\t\t\t\t\t\t\t<\/div>\n\t\t\t\t<\/div>\n\t\t\t\t\t<\/div>\n\t\t<\/div>\n\t\t\t\t\t<\/div>\n\t\t<\/section>\n\t\t\t\t<section data-particle_enable=\"false\" data-particle-mobile-disabled=\"false\" class=\"elementor-section elementor-top-section elementor-element elementor-element-c6dbe75 elementor-section-boxed elementor-section-height-default elementor-section-height-default\" data-id=\"c6dbe75\" data-element_type=\"section\" data-e-type=\"section\">\n\t\t\t\t\t\t<div class=\"elementor-container elementor-column-gap-default\">\n\t\t\t\t\t<div class=\"elementor-column elementor-col-50 elementor-top-column elementor-element elementor-element-73d1099\" data-id=\"73d1099\" data-element_type=\"column\" data-e-type=\"column\">\n\t\t\t<div class=\"elementor-widget-wrap elementor-element-populated\">\n\t\t\t\t\t\t<div class=\"elementor-element elementor-element-0174b89 elementor-widget elementor-widget-text-editor\" data-id=\"0174b89\" data-element_type=\"widget\" data-e-type=\"widget\" data-widget_type=\"text-editor.default\">\n\t\t\t\t<div class=\"elementor-widget-container\">\n\t\t\t\t\t\t\t\t\t<p><strong>Caracteristicas<\/strong><\/p><p>Sinterizaci\u00f3n de activaci\u00f3n desempe\u00f1a el papel de fortalecimiento de la soluci\u00f3n s\u00f3lida, el aumento de la tensi\u00f3n superficial de los poros, de modo que los poros eran un estado esf\u00e9rico, desempe\u00f1ar un papel en el llenado de los poros cerrados, mejorar la densidad de los productos, mejorar la resistencia del producto al tiempo que mejora la plasticidad y dureza del producto, puede mejorar el rendimiento de hermeticidad del producto.<br \/>El material magn\u00e9tico blando puede mejorar la resistencia del producto, reducir el efecto de las corrientes par\u00e1sitas y producir generaci\u00f3n de calor.<\/p>\t\t\t\t\t\t\t\t<\/div>\n\t\t\t\t<\/div>\n\t\t\t\t\t<\/div>\n\t\t<\/div>\n\t\t\t\t<div class=\"elementor-column elementor-col-50 elementor-top-column elementor-element elementor-element-fd336e6\" data-id=\"fd336e6\" data-element_type=\"column\" data-e-type=\"column\">\n\t\t\t<div class=\"elementor-widget-wrap elementor-element-populated\">\n\t\t\t\t\t\t<div class=\"elementor-element elementor-element-5f3e9b6 elementor-widget elementor-widget-image\" data-id=\"5f3e9b6\" data-element_type=\"widget\" data-e-type=\"widget\" data-widget_type=\"image.default\">\n\t\t\t\t<div class=\"elementor-widget-container\">\n\t\t\t\t\t\t\t\t\t\t\t\t\t\t\t<img decoding=\"async\" width=\"550\" height=\"400\" src=\"https:\/\/am-material.com\/wp-content\/uploads\/2024\/05\/FeP18-powder.png\" class=\"attachment-large size-large wp-image-7461\" alt=\"\" srcset=\"https:\/\/am-material.com\/wp-content\/uploads\/2024\/05\/FeP18-powder.png 550w, https:\/\/am-material.com\/wp-content\/uploads\/2024\/05\/FeP18-powder-300x218.png 300w, https:\/\/am-material.com\/wp-content\/uploads\/2024\/05\/FeP18-powder-18x12.png 18w\" sizes=\"(max-width: 550px) 100vw, 550px\" title=\"\">\t\t\t\t\t\t\t\t\t\t\t\t\t\t\t<\/div>\n\t\t\t\t<\/div>\n\t\t\t\t\t<\/div>\n\t\t<\/div>\n\t\t\t\t\t<\/div>\n\t\t<\/section>\n\t\t\t\t<section data-particle_enable=\"false\" data-particle-mobile-disabled=\"false\" class=\"elementor-section elementor-top-section elementor-element elementor-element-e8da684 elementor-section-boxed elementor-section-height-default elementor-section-height-default\" data-id=\"e8da684\" data-element_type=\"section\" data-e-type=\"section\">\n\t\t\t\t\t\t<div class=\"elementor-container elementor-column-gap-default\">\n\t\t\t\t\t<div class=\"elementor-column elementor-col-100 elementor-top-column elementor-element elementor-element-4756dd8\" data-id=\"4756dd8\" data-element_type=\"column\" data-e-type=\"column\">\n\t\t\t<div class=\"elementor-widget-wrap elementor-element-populated\">\n\t\t\t\t\t\t<div class=\"elementor-element elementor-element-6848ddb elementor-widget elementor-widget-text-editor\" data-id=\"6848ddb\" data-element_type=\"widget\" data-e-type=\"widget\" data-widget_type=\"text-editor.default\">\n\t\t\t\t<div class=\"elementor-widget-container\">\n\t\t\t\t\t\t\t\t\tLos productos a base de hierro Fe-P, en el contenido de P de 0,45%, la resistencia a la sinterizaci\u00f3n puede alcanzar\n300N\/mm2 \u03b4=3-5% ak=40J\n\u03b4b=400N\/mm2 ak=20-40J en el sistema Fe-P-C.<\/br>\n\n<strong>Descripci\u00f3n del producto<\/strong>\nMarca: FeP18\nNorma de calidad: 20%\u2265\u226517%\nAspecto: polvo gris plateado\nTama\u00f1o de las part\u00edculas: \u226410\u03bcm (tama\u00f1o medio de las part\u00edculas)<\/br>\n\n<strong>Embalaje y transporte<\/strong>\n1. embalaje: seg\u00fan los requisitos del cliente.\n2. transporte: mercanc\u00edas no peligrosas, aptas para el transporte normal por tierra, mar y aire.\t\t\t\t\t\t\t\t<\/div>\n\t\t\t\t<\/div>\n\t\t\t\t\t<\/div>\n\t\t<\/div>\n\t\t\t\t\t<\/div>\n\t\t<\/section>\n\t\t\t\t<section data-particle_enable=\"false\" data-particle-mobile-disabled=\"false\" class=\"elementor-section elementor-top-section elementor-element elementor-element-8479d0d elementor-section-boxed elementor-section-height-default elementor-section-height-default\" data-id=\"8479d0d\" data-element_type=\"section\" data-e-type=\"section\">\n\t\t\t\t\t\t<div class=\"elementor-container elementor-column-gap-default\">\n\t\t\t\t\t<div class=\"elementor-column elementor-col-100 elementor-top-column elementor-element elementor-element-bcc63c1\" data-id=\"bcc63c1\" data-element_type=\"column\" data-e-type=\"column\">\n\t\t\t<div class=\"elementor-widget-wrap elementor-element-populated\">\n\t\t\t\t\t\t<div class=\"elementor-element elementor-element-1210764 elementor-widget elementor-widget-image\" data-id=\"1210764\" data-element_type=\"widget\" data-e-type=\"widget\" data-widget_type=\"image.default\">\n\t\t\t\t<div class=\"elementor-widget-container\">\n\t\t\t\t\t\t\t\t\t\t\t\t\t\t\t<img decoding=\"async\" width=\"852\" height=\"1024\" src=\"https:\/\/am-material.com\/wp-content\/uploads\/2024\/05\/\uff2doS2\u3000production-852x1024.png\" class=\"attachment-large size-large wp-image-7389\" alt=\"\" srcset=\"\" sizes=\"(max-width: 852px) 100vw, 852px\" title=\"\" data-srcset=\"\">\t\t\t\t\t\t\t\t\t\t\t\t\t\t\t<\/div>\n\t\t\t\t<\/div>\n\t\t\t\t\t<\/div>\n\t\t<\/div>\n\t\t\t\t\t<\/div>\n\t\t<\/section>\n\t\t\t\t<\/div>","protected":false},"excerpt":{"rendered":"<p>Inquiry Now FeP18 can be used in the manufacture of requirements for high hardness, high strength, good plasticity, good toughness, late plastic is not brittle fracture and airtight performance of good powder metallurgy products. Such as valve ducts, automotive ABS brake induction gear ring. Promote sintering, accelerate the sintering process, and form eutectic reactions when [&hellip;]<\/p>\n","protected":false},"author":5,"featured_media":0,"parent":0,"menu_order":0,"comment_status":"closed","ping_status":"closed","template":"","meta":{"site-sidebar-layout":"no-sidebar","site-content-layout":"page-builder","ast-site-content-layout":"full-width-container","site-content-style":"default","site-sidebar-style":"default","ast-global-header-display":"","ast-banner-title-visibility":"","ast-main-header-display":"","ast-hfb-above-header-display":"","ast-hfb-below-header-display":"","ast-hfb-mobile-header-display":"","site-post-title":"disabled","ast-breadcrumbs-content":"","ast-featured-img":"disabled","footer-sml-layout":"","ast-disable-related-posts":"","theme-transparent-header-meta":"","adv-header-id-meta":"","stick-header-meta":"","header-above-stick-meta":"","header-main-stick-meta":"","header-below-stick-meta":"","astra-migrate-meta-layouts":"set","ast-page-background-enabled":"default","ast-page-background-meta":{"desktop":{"background-color":"","background-image":"","background-repeat":"repeat","background-position":"center center","background-size":"auto","background-attachment":"scroll","background-type":"","background-media":"","overlay-type":"","overlay-color":"","overlay-opacity":"","overlay-gradient":""},"tablet":{"background-color":"","background-image":"","background-repeat":"repeat","background-position":"center center","background-size":"auto","background-attachment":"scroll","background-type":"","background-media":"","overlay-type":"","overlay-color":"","overlay-opacity":"","overlay-gradient":""},"mobile":{"background-color":"","background-image":"","background-repeat":"repeat","background-position":"center center","background-size":"auto","background-attachment":"scroll","background-type":"","background-media":"","overlay-type":"","overlay-color":"","overlay-opacity":"","overlay-gradient":""}},"ast-content-background-meta":{"desktop":{"background-color":"var(--ast-global-color-5)","background-image":"","background-repeat":"repeat","background-position":"center center","background-size":"auto","background-attachment":"scroll","background-type":"","background-media":"","overlay-type":"","overlay-color":"","overlay-opacity":"","overlay-gradient":""},"tablet":{"background-color":"var(--ast-global-color-5)","background-image":"","background-repeat":"repeat","background-position":"center center","background-size":"auto","background-attachment":"scroll","background-type":"","background-media":"","overlay-type":"","overlay-color":"","overlay-opacity":"","overlay-gradient":""},"mobile":{"background-color":"var(--ast-global-color-5)","background-image":"","background-repeat":"repeat","background-position":"center center","background-size":"auto","background-attachment":"scroll","background-type":"","background-media":"","overlay-type":"","overlay-color":"","overlay-opacity":"","overlay-gradient":""}},"footnotes":""},"folder":[],"class_list":["post-7457","page","type-page","status-publish","hentry"],"_links":{"self":[{"href":"https:\/\/am-material.com\/es\/wp-json\/wp\/v2\/pages\/7457","targetHints":{"allow":["GET"]}}],"collection":[{"href":"https:\/\/am-material.com\/es\/wp-json\/wp\/v2\/pages"}],"about":[{"href":"https:\/\/am-material.com\/es\/wp-json\/wp\/v2\/types\/page"}],"author":[{"embeddable":true,"href":"https:\/\/am-material.com\/es\/wp-json\/wp\/v2\/users\/5"}],"replies":[{"embeddable":true,"href":"https:\/\/am-material.com\/es\/wp-json\/wp\/v2\/comments?post=7457"}],"version-history":[{"count":5,"href":"https:\/\/am-material.com\/es\/wp-json\/wp\/v2\/pages\/7457\/revisions"}],"predecessor-version":[{"id":7465,"href":"https:\/\/am-material.com\/es\/wp-json\/wp\/v2\/pages\/7457\/revisions\/7465"}],"wp:attachment":[{"href":"https:\/\/am-material.com\/es\/wp-json\/wp\/v2\/media?parent=7457"}],"wp:term":[{"taxonomy":"folder","embeddable":true,"href":"https:\/\/am-material.com\/es\/wp-json\/wp\/v2\/folder?post=7457"}],"curies":[{"name":"wp","href":"https:\/\/api.w.org\/{rel}","templated":true}]}}