{"id":7522,"date":"2024-06-21T16:25:22","date_gmt":"2024-06-21T08:25:22","guid":{"rendered":"https:\/\/am-material.com\/?page_id=7522"},"modified":"2024-06-21T16:41:16","modified_gmt":"2024-06-21T08:41:16","slug":"invar-36-powder","status":"publish","type":"page","link":"https:\/\/am-material.com\/de\/invar-36-powder\/","title":{"rendered":"Invar 36 Pulver"},"content":{"rendered":"<div data-elementor-type=\"wp-page\" data-elementor-id=\"7522\" class=\"elementor elementor-7522\" data-elementor-post-type=\"page\">\n\t\t\t\t\t\t<section data-particle_enable=\"false\" data-particle-mobile-disabled=\"false\" class=\"elementor-section elementor-top-section elementor-element elementor-element-4746ff6 elementor-section-boxed elementor-section-height-default elementor-section-height-default\" data-id=\"4746ff6\" data-element_type=\"section\" data-e-type=\"section\">\n\t\t\t\t\t\t<div class=\"elementor-container elementor-column-gap-default\">\n\t\t\t\t\t<div class=\"elementor-column elementor-col-100 elementor-top-column elementor-element elementor-element-9b3b2c8\" data-id=\"9b3b2c8\" data-element_type=\"column\" data-e-type=\"column\">\n\t\t\t<div class=\"elementor-widget-wrap elementor-element-populated\">\n\t\t\t\t\t\t<div class=\"elementor-element elementor-element-c14bcda elementor-widget elementor-widget-spacer\" data-id=\"c14bcda\" data-element_type=\"widget\" data-e-type=\"widget\" data-widget_type=\"spacer.default\">\n\t\t\t\t<div class=\"elementor-widget-container\">\n\t\t\t\t\t\t\t<div class=\"elementor-spacer\">\n\t\t\t<div class=\"elementor-spacer-inner\"><\/div>\n\t\t<\/div>\n\t\t\t\t\t\t<\/div>\n\t\t\t\t<\/div>\n\t\t\t\t\t<\/div>\n\t\t<\/div>\n\t\t\t\t\t<\/div>\n\t\t<\/section>\n\t\t\t\t<section data-particle_enable=\"false\" data-particle-mobile-disabled=\"false\" class=\"elementor-section elementor-top-section elementor-element elementor-element-59353c2 elementor-section-boxed elementor-section-height-default elementor-section-height-default\" data-id=\"59353c2\" data-element_type=\"section\" data-e-type=\"section\">\n\t\t\t\t\t\t<div class=\"elementor-container elementor-column-gap-default\">\n\t\t\t\t\t<div class=\"elementor-column elementor-col-100 elementor-top-column elementor-element elementor-element-847d4ff\" data-id=\"847d4ff\" data-element_type=\"column\" data-e-type=\"column\">\n\t\t\t<div class=\"elementor-widget-wrap elementor-element-populated\">\n\t\t\t\t\t\t<div class=\"elementor-element elementor-element-39b19ff elementor-widget elementor-widget-heading\" data-id=\"39b19ff\" data-element_type=\"widget\" data-e-type=\"widget\" data-widget_type=\"heading.default\">\n\t\t\t\t<div class=\"elementor-widget-container\">\n\t\t\t\t\t<h3 class=\"elementor-heading-title elementor-size-default\">Die Mikrostruktur und die Anisotropie der mechanischen Eigenschaften der Legierung Invar36 durch LPBF<\/h3>\t\t\t\t<\/div>\n\t\t\t\t<\/div>\n\t\t\t\t<div class=\"elementor-element elementor-element-8986485 elementor-widget elementor-widget-text-editor\" data-id=\"8986485\" data-element_type=\"widget\" data-e-type=\"widget\" data-widget_type=\"text-editor.default\">\n\t\t\t\t<div class=\"elementor-widget-container\">\n\t\t\t\t\t\t\t\t\t<p><strong>Invar 36<\/strong> ist in der Luft- und Raumfahrt und bei Pr\u00e4zisionsinstrumenten weit verbreitet. Das Team von Truer RD hat die Proben der Legierung Invar36 im Laser-Pulverbett-Schmelzverfahren (LPBF) hergestellt, um die Mikrostruktur und die mechanischen Eigenschaften zu untersuchen. Die Ergebnisse zeigten, dass die Mikrostruktur und die mechanischen Eigenschaften in den drei Orientierungen eine Anisotropie aufweisen.<\/p><p>\u00a0<\/p><p><strong>Tabelle 1<\/strong> Die nominelle Zusammensetzung der Legierung Invar 36 besteht aus 36 % Ni und 64 % Fe, wobei andere Elemente als unvermeidliche Spurenverunreinigungen w\u00e4hrend des Pulveraufbereitungsprozesses vorhanden sind. Daher ist eine gewisse Eigenspannung, die durch Spurenverunreinigungen verursacht wird, vernachl\u00e4ssigbar.<\/p><p><strong>Abb. 1<\/strong> zeigte ein SEM-Foto von Pulverpartikeln, die mit D10: 19,1\u03bcm, D50: 37,3\u03bcm und D90: 63,7\u03bcm getestet wurden.<\/p>\t\t\t\t\t\t\t\t<\/div>\n\t\t\t\t<\/div>\n\t\t\t\t<div class=\"elementor-element elementor-element-377a338 elementor-widget elementor-widget-text-editor\" data-id=\"377a338\" data-element_type=\"widget\" data-e-type=\"widget\" data-widget_type=\"text-editor.default\">\n\t\t\t\t<div class=\"elementor-widget-container\">\n\t\t\t\t\t\t\t\t\t<table style=\"vertical-align: middle; text-align: center;\">\n<tbody>\n<tr style=\"background-color: lightgrey;\">\n<td colspan=\"8\">Tabelle 1 Chemische Zusammensetzung des untersuchten Invar 36-Pulvers<\/td>\n<\/tr>\n<tr>\n<td>Elements<\/td>\n<td>Fe<\/td>\n<td>Ni<\/td>\n<td>Cr<\/td>\n<td>Mn<\/td>\n<td>Co<\/td>\n<td>P<\/td>\n<td>C<\/td>\n<\/tr>\n<tr>\n<td>Gew.-%<\/td>\n<td>Bal<\/td>\n<td>36.02<\/td>\n<td>0.005<\/td>\n<td>0.029<\/td>\n<td>0.030<\/td>\n<td>0.001<\/td>\n<td>0.0011<\/td>\n<\/tr>\n<\/tbody>\n<\/table>\t\t\t\t\t\t\t\t<\/div>\n\t\t\t\t<\/div>\n\t\t\t\t<div class=\"elementor-element elementor-element-f970dfa elementor-widget elementor-widget-image\" data-id=\"f970dfa\" data-element_type=\"widget\" data-e-type=\"widget\" data-widget_type=\"image.default\">\n\t\t\t\t<div class=\"elementor-widget-container\">\n\t\t\t\t\t\t\t\t\t\t\t\t\t\t\t<img fetchpriority=\"high\" decoding=\"async\" width=\"735\" height=\"538\" src=\"https:\/\/am-material.com\/wp-content\/uploads\/2024\/06\/7-metal-powder-particle-sem-photo.png\" class=\"attachment-large size-large wp-image-7525\" alt=\"TiC-Pulver\" srcset=\"https:\/\/am-material.com\/wp-content\/uploads\/2024\/06\/7-metal-powder-particle-sem-photo.png 735w, https:\/\/am-material.com\/wp-content\/uploads\/2024\/06\/7-metal-powder-particle-sem-photo-300x220.png 300w, https:\/\/am-material.com\/wp-content\/uploads\/2024\/06\/7-metal-powder-particle-sem-photo-16x12.png 16w\" sizes=\"(max-width: 735px) 100vw, 735px\" title=\"\">\t\t\t\t\t\t\t\t\t\t\t\t\t\t\t<\/div>\n\t\t\t\t<\/div>\n\t\t\t\t<div class=\"elementor-element elementor-element-904072e elementor-widget elementor-widget-text-editor\" data-id=\"904072e\" data-element_type=\"widget\" data-e-type=\"widget\" data-widget_type=\"text-editor.default\">\n\t\t\t\t<div class=\"elementor-widget-container\">\n\t\t\t\t\t\t\t\t\t<p><strong>Charakterisierung des Mikrogef\u00fcges<\/strong> von Invar-36-Legierungen, die durch LPBF mit Invar-36-Pulver von Truer hergestellt wurden, zeigt eine klare einzelne Gamma-Phase mit kubisch-fl\u00e4chenzentriertem Gitter und starken Orientierungen. Dies deutet darauf hin, dass in den Proben die M\u00f6glichkeit einer optimalen Kornorientierung besteht.<\/p><p>Zur Untersuchung der Mikrostrukturanisotropie von Invar-36-Legierungen mit unterschiedlichen Orientierungen, die durch LPBF hergestellt wurden, wurden die Kornmorphologie und -gr\u00f6\u00dfe analysiert. Die Mikrostrukturanisotropie von Invar 36-Legierungen (<strong>Abb. 2<\/strong>), die mit LPBF in den Orientierungen 0\u00b0, 45\u00b0 und 90\u00b0 hergestellt wurden, sind \u00e4hnlich wie bei Inconel 718 und AlSi10Mg-Legierungen, die mit LPBF hergestellt wurden.<\/p>\t\t\t\t\t\t\t\t<\/div>\n\t\t\t\t<\/div>\n\t\t\t\t<div class=\"elementor-element elementor-element-5686641 elementor-widget elementor-widget-image\" data-id=\"5686641\" data-element_type=\"widget\" data-e-type=\"widget\" data-widget_type=\"image.default\">\n\t\t\t\t<div class=\"elementor-widget-container\">\n\t\t\t\t\t\t\t\t\t\t\t\t\t\t\t<img decoding=\"async\" width=\"941\" height=\"394\" src=\"https:\/\/am-material.com\/wp-content\/uploads\/2024\/06\/8-metal-powder-particle-sem-photo.png\" class=\"attachment-large size-large wp-image-7526\" alt=\"\" srcset=\"https:\/\/am-material.com\/wp-content\/uploads\/2024\/06\/8-metal-powder-particle-sem-photo.png 941w, https:\/\/am-material.com\/wp-content\/uploads\/2024\/06\/8-metal-powder-particle-sem-photo-300x126.png 300w, https:\/\/am-material.com\/wp-content\/uploads\/2024\/06\/8-metal-powder-particle-sem-photo-768x322.png 768w, https:\/\/am-material.com\/wp-content\/uploads\/2024\/06\/8-metal-powder-particle-sem-photo-18x8.png 18w\" sizes=\"(max-width: 941px) 100vw, 941px\" title=\"\">\t\t\t\t\t\t\t\t\t\t\t\t\t\t\t<\/div>\n\t\t\t\t<\/div>\n\t\t\t\t<div class=\"elementor-element elementor-element-b106fcd elementor-widget elementor-widget-text-editor\" data-id=\"b106fcd\" data-element_type=\"widget\" data-e-type=\"widget\" data-widget_type=\"text-editor.default\">\n\t\t\t\t<div class=\"elementor-widget-container\">\n\t\t\t\t\t\t\t\t\t<p>Bei 0\u00b0, 45\u00b0 und 90\u00b0 ist das Gef\u00fcge der durch LPBF hergestellten Legierung Invar 36 ebenfalls \u00e4hnlich dem der durch LPBF hergestellten Legierung Ti15Mo. 0\u00b0- und 45\u00b0-Proben sind gleichachsig, die Korngr\u00f6\u00dfe von 90\u00b0 unterscheidet sich deutlich in Korngr\u00f6\u00dfe und -form im Vergleich zu den anderen beiden Proben.<\/p><p>Nach der Regel ist die Kornintensit\u00e4t die Quadratwurzel aus dem Kornindex, der die Kornorientierung angibt. So nach einigen Berechnungen, Invar36-Legierung durch LPBF, die Textur St\u00e4rke von 0 \u00b0, 45 \u00b0 und 90\u00b0 Proben k\u00f6nnen als 2,46, 2,90 und 2,61 berechnet werden, jeweils. Der Texturindex und die Texturst\u00e4rke der durch LPBF hergestellten Invar-36-Legierung sind in den Richtungen 0\u00b0, 45\u00b0 und 90\u00b0 gr\u00f6\u00dfer als 1, was darauf hinweist, dass die Mikrostruktur des Materials eine deutliche Anisotropie aufweist.<\/p><p><sup>\u00a0<\/sup><\/p><p>Die Spannungs-Dehnungs-Kurven der Invar36-Legierung, die von LPBF in verschiedenen Baurichtungen hergestellt wurde, wurden getestet. Offensichtlich weisen die drei Proben unterschiedliche mechanische Eigenschaften auf: Die Probe 90\u00b0 hat eine Streckgrenze von 364MPa, w\u00e4hrend die Proben 0\u00b0 und 45\u00b0 h\u00f6here Werte von 392MPa und 401MPa aufweisen. Auch die Zugfestigkeit der einzelnen Proben folgt diesem Trend, mit Werten von 397MPa, 485MPa und 496MPa f\u00fcr 90\u00b0 , 0\u00b0 und 45\u00b0 . Schlie\u00dflich zeigt die Dehnungsmessung, dass die Dehnung bei 90\u00b0 62,70% betr\u00e4gt, was darauf hindeutet, dass die durch LPBF hergestellte Invar 36-Legierung eine gute Anwendungsperspektive hat.<\/p><p><strong>Abb. 3<\/strong> liefert eine umfassendere Erkl\u00e4rung f\u00fcr die Anisotropie des Gef\u00fcges in Legierungen, die durch LPBF hergestellt werden. Bei 90\u00b0 ist der Temperaturgradient G zwischen dem Schmelzbad und dem erstarrten Festk\u00f6rper deutlich gr\u00f6\u00dfer, was die Bildung s\u00e4ulenf\u00f6rmiger K\u00f6rner in Richtung des W\u00e4rmeflusses beg\u00fcnstigt. Bei 0\u00b0-Proben flie\u00dft die W\u00e4rme vom Zentrum des Schmelzbades zu beiden Seiten, was zu einem geringeren G f\u00fchrt, so dass sich leichter gleichachsige K\u00f6rner bilden. Die geometrische Beziehung des Mikrogef\u00fcges der 45\u00b0-Probe ist in Abb. 3 (c) dargestellt. Die beobachtete Oberfl\u00e4che entspricht der Oberfl\u00e4che, die man durch Schneiden der 90\u00b0-Probe mit einer 45\u00b0-Tangente erh\u00e4lt, und der Projektion der 0\u00b0-Probe. Daher weisen sowohl die 0\u00b0- als auch die 45\u00b0-Probe eine gleichachsige Morphologie auf, wobei letztere eine Dehnung aufweist.<\/p>\t\t\t\t\t\t\t\t<\/div>\n\t\t\t\t<\/div>\n\t\t\t\t<div class=\"elementor-element elementor-element-8187d14 elementor-widget elementor-widget-image\" data-id=\"8187d14\" data-element_type=\"widget\" data-e-type=\"widget\" data-widget_type=\"image.default\">\n\t\t\t\t<div class=\"elementor-widget-container\">\n\t\t\t\t\t\t\t\t\t\t\t\t\t\t\t<img decoding=\"async\" width=\"991\" height=\"550\" src=\"https:\/\/am-material.com\/wp-content\/uploads\/2024\/06\/9-3Microstructure-anisotropyexplanation-of.png\" class=\"attachment-large size-large wp-image-7527\" alt=\"\" srcset=\"https:\/\/am-material.com\/wp-content\/uploads\/2024\/06\/9-3Microstructure-anisotropyexplanation-of.png 991w, https:\/\/am-material.com\/wp-content\/uploads\/2024\/06\/9-3Microstructure-anisotropyexplanation-of-300x166.png 300w, https:\/\/am-material.com\/wp-content\/uploads\/2024\/06\/9-3Microstructure-anisotropyexplanation-of-768x426.png 768w, https:\/\/am-material.com\/wp-content\/uploads\/2024\/06\/9-3Microstructure-anisotropyexplanation-of-18x10.png 18w\" sizes=\"(max-width: 991px) 100vw, 991px\" title=\"\">\t\t\t\t\t\t\t\t\t\t\t\t\t\t\t<\/div>\n\t\t\t\t<\/div>\n\t\t\t\t<div class=\"elementor-element elementor-element-7d5ea3b elementor-widget elementor-widget-text-editor\" data-id=\"7d5ea3b\" data-element_type=\"widget\" data-e-type=\"widget\" data-widget_type=\"text-editor.default\">\n\t\t\t\t<div class=\"elementor-widget-container\">\n\t\t\t\t\t\t\t\t\t<p><strong>Fig. 4<\/strong> zeigt die Zugbruchmorphologie der 0\u00b0-, 45\u00b0- und 90\u00b0-Proben bei Raumtemperatur, die die Art des Zugversagens verdeutlicht. In den 0\u00b0- und 45\u00b0-Proben gibt es gro\u00dfe Poren, die auf die Bildung schwacher Bereiche mit besch\u00e4digter metallurgischer Bindung zur\u00fcckgef\u00fchrt werden k\u00f6nnen. W\u00e4hrend des Zugversuchs bricht der schwache Bereich bevorzugt, was zur Bildung von Abrisskanten f\u00fchrt. Im Gegensatz dazu weist die 90\u00b0-Probe keine gro\u00dfen Hohlr\u00e4ume auf und zeigt eine ausgezeichnete Dehnung, was mit den Ergebnissen des Zugversuchs \u00fcbereinstimmt.<\/p>\t\t\t\t\t\t\t\t<\/div>\n\t\t\t\t<\/div>\n\t\t\t\t<div class=\"elementor-element elementor-element-d33ecaa elementor-widget elementor-widget-image\" data-id=\"d33ecaa\" data-element_type=\"widget\" data-e-type=\"widget\" data-widget_type=\"image.default\">\n\t\t\t\t<div class=\"elementor-widget-container\">\n\t\t\t\t\t\t\t\t\t\t\t\t\t\t\t<img loading=\"lazy\" decoding=\"async\" width=\"1024\" height=\"571\" src=\"https:\/\/am-material.com\/wp-content\/uploads\/2024\/06\/10-metal-powder-particle-sem-photo-1024x571.png\" class=\"attachment-large size-large wp-image-7528\" alt=\"\" srcset=\"\" sizes=\"(max-width: 1024px) 100vw, 1024px\" title=\"\" data-srcset=\"\">\t\t\t\t\t\t\t\t\t\t\t\t\t\t\t<\/div>\n\t\t\t\t<\/div>\n\t\t\t\t<div class=\"elementor-element elementor-element-20c63a9 elementor-widget elementor-widget-text-editor\" data-id=\"20c63a9\" data-element_type=\"widget\" data-e-type=\"widget\" data-widget_type=\"text-editor.default\">\n\t\t\t\t<div class=\"elementor-widget-container\">\n\t\t\t\t\t\t\t\t\t<p>Nach einigen Tests und Analysen von Truer f\u00fcr Invar36-Legierungen, die durch das Schmelzen von Laser-Pulver-Betten hergestellt wurden, kamen wir zu dem Schluss, dass die Mikrostruktur und die mechanischen Eigenschaften von Invar36-Legierungen, die durch LPBF hergestellt wurden, bei verschiedenen Bauorientierungen von 0\u00b0, 45\u00b0 und 90\u00b0 eine deutliche Anisotropie in drei Richtungen aufweisen. Die Proben in 90\u00b0-Richtung zeigten s\u00e4ulenf\u00f6rmiges Kornwachstum in mehreren Pools. Die in 0\u00b0- und 45\u00b0-Richtung hergestellten Strukturen weisen jedoch gleichachsige K\u00f6rner auf. Die mechanischen Eigenschaften der durch LPBF hergestellten Invar36-Legierung sind empfindlich gegen\u00fcber der Mikrostruktur und zeigen daher eine deutliche Anisotropie. Die durch LPBF hergestellte Invar36-Legierung zeigte einen duktilen Bruch, und die in 90\u00b0-Richtung hergestellte Probe wies die gr\u00f6\u00dfte Gr\u00fcbchengr\u00f6\u00dfe und die beste Dehnung (62,70%) auf.<\/p><p>\u00a0<\/p><p>Diese Arbeit liefert wertvolle Erkenntnisse und eine solide Grundlage f\u00fcr die Herstellung von Invar36-Legierungen mittels LPBF und auch von Invar 36-Pulvern.<\/p>\t\t\t\t\t\t\t\t<\/div>\n\t\t\t\t<\/div>\n\t\t\t\t\t<\/div>\n\t\t<\/div>\n\t\t\t\t\t<\/div>\n\t\t<\/section>\n\t\t\t\t<section data-particle_enable=\"false\" data-particle-mobile-disabled=\"false\" class=\"elementor-section elementor-top-section elementor-element elementor-element-d1dfa14 elementor-section-boxed elementor-section-height-default elementor-section-height-default\" data-id=\"d1dfa14\" data-element_type=\"section\" data-e-type=\"section\">\n\t\t\t\t\t\t<div class=\"elementor-container elementor-column-gap-default\">\n\t\t\t\t\t<div class=\"elementor-column elementor-col-100 elementor-top-column elementor-element elementor-element-0059621\" data-id=\"0059621\" data-element_type=\"column\" data-e-type=\"column\">\n\t\t\t<div class=\"elementor-widget-wrap elementor-element-populated\">\n\t\t\t\t\t\t<div class=\"elementor-element elementor-element-ca12f81 elementor-align-center elementor-widget elementor-widget-button\" data-id=\"ca12f81\" data-element_type=\"widget\" data-e-type=\"widget\" data-widget_type=\"button.default\">\n\t\t\t\t<div class=\"elementor-widget-container\">\n\t\t\t\t\t\t\t\t\t<div class=\"elementor-button-wrapper\">\n\t\t\t\t\t<a class=\"elementor-button elementor-button-link elementor-size-sm\" href=\"#elementor-action%3Aaction%3Dpopup%3Aopen%26settings%3DeyJpZCI6IjYyODgiLCJ0b2dnbGUiOmZhbHNlfQ%3D%3D\">\n\t\t\t\t\t\t<span class=\"elementor-button-content-wrapper\">\n\t\t\t\t\t\t\t\t\t<span class=\"elementor-button-text\">Jetzt kontaktieren<\/span>\n\t\t\t\t\t<\/span>\n\t\t\t\t\t<\/a>\n\t\t\t\t<\/div>\n\t\t\t\t\t\t\t\t<\/div>\n\t\t\t\t<\/div>\n\t\t\t\t\t<\/div>\n\t\t<\/div>\n\t\t\t\t\t<\/div>\n\t\t<\/section>\n\t\t\t\t<\/div>","protected":false},"excerpt":{"rendered":"<p>The microstructure and mechanicalproperty anisotropy of Invar36 alloy by LPBF Invar 36 is widely used in aerospace and precision instruments. Truer RD team prepared the samples of Invar36 alloy through a laser powder bed fusion (LPBF) process to do some investigation for its microstructure&amp; mechanical properties. The results showed its microstructure and mechannical \u00a0properties of [&hellip;]<\/p>\n","protected":false},"author":5,"featured_media":0,"parent":0,"menu_order":0,"comment_status":"closed","ping_status":"closed","template":"","meta":{"site-sidebar-layout":"no-sidebar","site-content-layout":"page-builder","ast-site-content-layout":"full-width-container","site-content-style":"default","site-sidebar-style":"default","ast-global-header-display":"","ast-banner-title-visibility":"","ast-main-header-display":"","ast-hfb-above-header-display":"","ast-hfb-below-header-display":"","ast-hfb-mobile-header-display":"","site-post-title":"disabled","ast-breadcrumbs-content":"","ast-featured-img":"disabled","footer-sml-layout":"","ast-disable-related-posts":"","theme-transparent-header-meta":"","adv-header-id-meta":"","stick-header-meta":"","header-above-stick-meta":"","header-main-stick-meta":"","header-below-stick-meta":"","astra-migrate-meta-layouts":"set","ast-page-background-enabled":"default","ast-page-background-meta":{"desktop":{"background-color":"","background-image":"","background-repeat":"repeat","background-position":"center center","background-size":"auto","background-attachment":"scroll","background-type":"","background-media":"","overlay-type":"","overlay-color":"","overlay-opacity":"","overlay-gradient":""},"tablet":{"background-color":"","background-image":"","background-repeat":"repeat","background-position":"center center","background-size":"auto","background-attachment":"scroll","background-type":"","background-media":"","overlay-type":"","overlay-color":"","overlay-opacity":"","overlay-gradient":""},"mobile":{"background-color":"","background-image":"","background-repeat":"repeat","background-position":"center center","background-size":"auto","background-attachment":"scroll","background-type":"","background-media":"","overlay-type":"","overlay-color":"","overlay-opacity":"","overlay-gradient":""}},"ast-content-background-meta":{"desktop":{"background-color":"var(--ast-global-color-5)","background-image":"","background-repeat":"repeat","background-position":"center center","background-size":"auto","background-attachment":"scroll","background-type":"","background-media":"","overlay-type":"","overlay-color":"","overlay-opacity":"","overlay-gradient":""},"tablet":{"background-color":"var(--ast-global-color-5)","background-image":"","background-repeat":"repeat","background-position":"center center","background-size":"auto","background-attachment":"scroll","background-type":"","background-media":"","overlay-type":"","overlay-color":"","overlay-opacity":"","overlay-gradient":""},"mobile":{"background-color":"var(--ast-global-color-5)","background-image":"","background-repeat":"repeat","background-position":"center center","background-size":"auto","background-attachment":"scroll","background-type":"","background-media":"","overlay-type":"","overlay-color":"","overlay-opacity":"","overlay-gradient":""}},"footnotes":""},"folder":[],"class_list":["post-7522","page","type-page","status-publish","hentry"],"_links":{"self":[{"href":"https:\/\/am-material.com\/de\/wp-json\/wp\/v2\/pages\/7522","targetHints":{"allow":["GET"]}}],"collection":[{"href":"https:\/\/am-material.com\/de\/wp-json\/wp\/v2\/pages"}],"about":[{"href":"https:\/\/am-material.com\/de\/wp-json\/wp\/v2\/types\/page"}],"author":[{"embeddable":true,"href":"https:\/\/am-material.com\/de\/wp-json\/wp\/v2\/users\/5"}],"replies":[{"embeddable":true,"href":"https:\/\/am-material.com\/de\/wp-json\/wp\/v2\/comments?post=7522"}],"version-history":[{"count":10,"href":"https:\/\/am-material.com\/de\/wp-json\/wp\/v2\/pages\/7522\/revisions"}],"predecessor-version":[{"id":7537,"href":"https:\/\/am-material.com\/de\/wp-json\/wp\/v2\/pages\/7522\/revisions\/7537"}],"wp:attachment":[{"href":"https:\/\/am-material.com\/de\/wp-json\/wp\/v2\/media?parent=7522"}],"wp:term":[{"taxonomy":"folder","embeddable":true,"href":"https:\/\/am-material.com\/de\/wp-json\/wp\/v2\/folder?post=7522"}],"curies":[{"name":"wp","href":"https:\/\/api.w.org\/{rel}","templated":true}]}}