{"id":7457,"date":"2024-05-30T17:10:11","date_gmt":"2024-05-30T09:10:11","guid":{"rendered":"https:\/\/am-material.com\/?page_id=7457"},"modified":"2024-05-30T17:20:05","modified_gmt":"2024-05-30T09:20:05","slug":"fep18-powder-iron-phosphorus-powder","status":"publish","type":"page","link":"https:\/\/am-material.com\/de\/fep18-powder-iron-phosphorus-powder\/","title":{"rendered":"FeP18-Pulver \u2503Eisenphosphor-Pulver"},"content":{"rendered":"<div data-elementor-type=\"wp-page\" data-elementor-id=\"7457\" class=\"elementor elementor-7457\" data-elementor-post-type=\"page\">\n\t\t\t\t\t\t<section data-particle_enable=\"false\" data-particle-mobile-disabled=\"false\" class=\"elementor-section elementor-top-section elementor-element elementor-element-05b542a elementor-section-boxed elementor-section-height-default elementor-section-height-default\" data-id=\"05b542a\" data-element_type=\"section\" data-e-type=\"section\">\n\t\t\t\t\t\t<div class=\"elementor-container elementor-column-gap-default\">\n\t\t\t\t\t<div class=\"elementor-column elementor-col-100 elementor-top-column elementor-element elementor-element-45e1996\" data-id=\"45e1996\" data-element_type=\"column\" data-e-type=\"column\">\n\t\t\t<div class=\"elementor-widget-wrap elementor-element-populated\">\n\t\t\t\t\t\t<div class=\"elementor-element elementor-element-231646e elementor-widget elementor-widget-spacer\" data-id=\"231646e\" data-element_type=\"widget\" data-e-type=\"widget\" data-widget_type=\"spacer.default\">\n\t\t\t\t<div class=\"elementor-widget-container\">\n\t\t\t\t\t\t\t<div class=\"elementor-spacer\">\n\t\t\t<div class=\"elementor-spacer-inner\"><\/div>\n\t\t<\/div>\n\t\t\t\t\t\t<\/div>\n\t\t\t\t<\/div>\n\t\t\t\t\t<\/div>\n\t\t<\/div>\n\t\t\t\t\t<\/div>\n\t\t<\/section>\n\t\t\t\t<section data-particle_enable=\"false\" data-particle-mobile-disabled=\"false\" class=\"elementor-section elementor-top-section elementor-element elementor-element-390c2d2 elementor-section-boxed elementor-section-height-default elementor-section-height-default\" data-id=\"390c2d2\" data-element_type=\"section\" data-e-type=\"section\">\n\t\t\t\t\t\t<div class=\"elementor-container elementor-column-gap-default\">\n\t\t\t\t\t<div class=\"elementor-column elementor-col-50 elementor-top-column elementor-element elementor-element-d81f461\" data-id=\"d81f461\" data-element_type=\"column\" data-e-type=\"column\">\n\t\t\t<div class=\"elementor-widget-wrap elementor-element-populated\">\n\t\t\t\t\t\t<div class=\"elementor-element elementor-element-1d67c15 elementor-widget elementor-widget-image\" data-id=\"1d67c15\" data-element_type=\"widget\" data-e-type=\"widget\" data-widget_type=\"image.default\">\n\t\t\t\t<div class=\"elementor-widget-container\">\n\t\t\t\t\t\t\t\t\t\t\t\t\t\t\t<img fetchpriority=\"high\" decoding=\"async\" width=\"550\" height=\"366\" src=\"https:\/\/am-material.com\/wp-content\/uploads\/2024\/05\/\uff26e-powder.png\" class=\"attachment-large size-large wp-image-7460\" alt=\"\" srcset=\"https:\/\/am-material.com\/wp-content\/uploads\/2024\/05\/\uff26e-powder.png 550w, https:\/\/am-material.com\/wp-content\/uploads\/2024\/05\/\uff26e-powder-300x200.png 300w, https:\/\/am-material.com\/wp-content\/uploads\/2024\/05\/\uff26e-powder-18x12.png 18w\" sizes=\"(max-width: 550px) 100vw, 550px\" title=\"\">\t\t\t\t\t\t\t\t\t\t\t\t\t\t\t<\/div>\n\t\t\t\t<\/div>\n\t\t\t\t<div class=\"elementor-element elementor-element-5e4db95 elementor-align-center elementor-widget elementor-widget-button\" data-id=\"5e4db95\" data-element_type=\"widget\" data-e-type=\"widget\" data-widget_type=\"button.default\">\n\t\t\t\t<div class=\"elementor-widget-container\">\n\t\t\t\t\t\t\t\t\t<div class=\"elementor-button-wrapper\">\n\t\t\t\t\t<a class=\"elementor-button elementor-button-link elementor-size-sm\" href=\"#elementor-action%3Aaction%3Dpopup%3Aopen%26settings%3DeyJpZCI6IjYyODgiLCJ0b2dnbGUiOmZhbHNlfQ%3D%3D\">\n\t\t\t\t\t\t<span class=\"elementor-button-content-wrapper\">\n\t\t\t\t\t\t\t\t\t<span class=\"elementor-button-text\">Jetzt anfragen<\/span>\n\t\t\t\t\t<\/span>\n\t\t\t\t\t<\/a>\n\t\t\t\t<\/div>\n\t\t\t\t\t\t\t\t<\/div>\n\t\t\t\t<\/div>\n\t\t\t\t\t<\/div>\n\t\t<\/div>\n\t\t\t\t<div class=\"elementor-column elementor-col-50 elementor-top-column elementor-element elementor-element-093e26f\" data-id=\"093e26f\" data-element_type=\"column\" data-e-type=\"column\">\n\t\t\t<div class=\"elementor-widget-wrap elementor-element-populated\">\n\t\t\t\t\t\t<div class=\"elementor-element elementor-element-a5b80f1 elementor-widget elementor-widget-text-editor\" data-id=\"a5b80f1\" data-element_type=\"widget\" data-e-type=\"widget\" data-widget_type=\"text-editor.default\">\n\t\t\t\t<div class=\"elementor-widget-container\">\n\t\t\t\t\t\t\t\t\t<p>FeP18 kann bei der Herstellung von Anforderungen f\u00fcr hohe H\u00e4rte, hohe Festigkeit, gute Plastizit\u00e4t, gute Z\u00e4higkeit, sp\u00e4ten Kunststoff ist nicht spr\u00f6de Bruch und luftdicht Leistung der guten Pulvermetallurgie Produkte verwendet werden. Wie Ventilkan\u00e4le, Automobil-ABS-Bremse Induktion Zahnkranz.<\/p>\t\t\t\t\t\t\t\t<\/div>\n\t\t\t\t<\/div>\n\t\t\t\t<div class=\"elementor-element elementor-element-e6500cc elementor-widget elementor-widget-text-editor\" data-id=\"e6500cc\" data-element_type=\"widget\" data-e-type=\"widget\" data-widget_type=\"text-editor.default\">\n\t\t\t\t<div class=\"elementor-widget-container\">\n\t\t\t\t\t\t\t\t\t<p>Sie f\u00f6rdern die Sinterung, beschleunigen den Sinterprozess und bilden eutektische Reaktionen, wenn Fe und FeP gesintert werden.<br \/>Fe-Fe3P-L(P), die fl\u00fcssige Phase von P mit der fl\u00fcssigen Phase in der Brutto unter der Wirkung der Saugkraft um die Eisen-Teilchen gebracht, und bald in die r-Fe diffundiert, nach dem Abk\u00fchlen und geschmolzen in der \u03b1-Fe(P), so dass das Produkt gest\u00e4rkt wird.<\/p>\t\t\t\t\t\t\t\t<\/div>\n\t\t\t\t<\/div>\n\t\t\t\t\t<\/div>\n\t\t<\/div>\n\t\t\t\t\t<\/div>\n\t\t<\/section>\n\t\t\t\t<section data-particle_enable=\"false\" data-particle-mobile-disabled=\"false\" class=\"elementor-section elementor-top-section elementor-element elementor-element-c6dbe75 elementor-section-boxed elementor-section-height-default elementor-section-height-default\" data-id=\"c6dbe75\" data-element_type=\"section\" data-e-type=\"section\">\n\t\t\t\t\t\t<div class=\"elementor-container elementor-column-gap-default\">\n\t\t\t\t\t<div class=\"elementor-column elementor-col-50 elementor-top-column elementor-element elementor-element-73d1099\" data-id=\"73d1099\" data-element_type=\"column\" data-e-type=\"column\">\n\t\t\t<div class=\"elementor-widget-wrap elementor-element-populated\">\n\t\t\t\t\t\t<div class=\"elementor-element elementor-element-0174b89 elementor-widget elementor-widget-text-editor\" data-id=\"0174b89\" data-element_type=\"widget\" data-e-type=\"widget\" data-widget_type=\"text-editor.default\">\n\t\t\t\t<div class=\"elementor-widget-container\">\n\t\t\t\t\t\t\t\t\t<p><strong>Merkmale<\/strong><\/p><p>Aktivierungssintern spielt die Rolle der festen L\u00f6sung St\u00e4rkung, die Erh\u00f6hung der Oberfl\u00e4chenspannung der Poren, so dass die Poren waren eine kugelf\u00f6rmige Zustand, spielen eine Rolle bei der F\u00fcllung geschlossener Poren, verbessern die Dichte der Produkte, verbessern die Produkt-St\u00e4rke bei gleichzeitiger Verbesserung der Produkt-Plastizit\u00e4t und Z\u00e4higkeit, kann Produkt Luftdichtheit Leistung zu verbessern.<br \/>Das weichmagnetische Material kann die Widerstandsf\u00e4higkeit des Produkts verbessern, den Wirbelstromeffekt verringern und die W\u00e4rmeentwicklung f\u00f6rdern.<\/p>\t\t\t\t\t\t\t\t<\/div>\n\t\t\t\t<\/div>\n\t\t\t\t\t<\/div>\n\t\t<\/div>\n\t\t\t\t<div class=\"elementor-column elementor-col-50 elementor-top-column elementor-element elementor-element-fd336e6\" data-id=\"fd336e6\" data-element_type=\"column\" data-e-type=\"column\">\n\t\t\t<div class=\"elementor-widget-wrap elementor-element-populated\">\n\t\t\t\t\t\t<div class=\"elementor-element elementor-element-5f3e9b6 elementor-widget elementor-widget-image\" data-id=\"5f3e9b6\" data-element_type=\"widget\" data-e-type=\"widget\" data-widget_type=\"image.default\">\n\t\t\t\t<div class=\"elementor-widget-container\">\n\t\t\t\t\t\t\t\t\t\t\t\t\t\t\t<img decoding=\"async\" width=\"550\" height=\"400\" src=\"https:\/\/am-material.com\/wp-content\/uploads\/2024\/05\/FeP18-powder.png\" class=\"attachment-large size-large wp-image-7461\" alt=\"\" srcset=\"https:\/\/am-material.com\/wp-content\/uploads\/2024\/05\/FeP18-powder.png 550w, https:\/\/am-material.com\/wp-content\/uploads\/2024\/05\/FeP18-powder-300x218.png 300w, https:\/\/am-material.com\/wp-content\/uploads\/2024\/05\/FeP18-powder-18x12.png 18w\" sizes=\"(max-width: 550px) 100vw, 550px\" title=\"\">\t\t\t\t\t\t\t\t\t\t\t\t\t\t\t<\/div>\n\t\t\t\t<\/div>\n\t\t\t\t\t<\/div>\n\t\t<\/div>\n\t\t\t\t\t<\/div>\n\t\t<\/section>\n\t\t\t\t<section data-particle_enable=\"false\" data-particle-mobile-disabled=\"false\" class=\"elementor-section elementor-top-section elementor-element elementor-element-e8da684 elementor-section-boxed elementor-section-height-default elementor-section-height-default\" data-id=\"e8da684\" data-element_type=\"section\" data-e-type=\"section\">\n\t\t\t\t\t\t<div class=\"elementor-container elementor-column-gap-default\">\n\t\t\t\t\t<div class=\"elementor-column elementor-col-100 elementor-top-column elementor-element elementor-element-4756dd8\" data-id=\"4756dd8\" data-element_type=\"column\" data-e-type=\"column\">\n\t\t\t<div class=\"elementor-widget-wrap elementor-element-populated\">\n\t\t\t\t\t\t<div class=\"elementor-element elementor-element-6848ddb elementor-widget elementor-widget-text-editor\" data-id=\"6848ddb\" data-element_type=\"widget\" data-e-type=\"widget\" data-widget_type=\"text-editor.default\">\n\t\t\t\t<div class=\"elementor-widget-container\">\n\t\t\t\t\t\t\t\t\tFe-P-Eisen-basierte Produkte, in der P-Gehalt von 0,45%, Sinterfestigkeit erreichen kann\n300N\/mm2 \u03b4=3-5% ak=40J\n\u03b4b=400N\/mm2 ak=20-40J im Fe-P-C-System.<\/br>\n\n<strong>Beschreibung des Produkts<\/strong>\nMarke: FeP18\nQualit\u00e4tsstandard: 20%\u2265\u226517%\nErscheinungsbild: silbrig-graues Pulver\nPartikelgr\u00f6\u00dfe: \u226410\u03bcm (durchschnittliche Partikelgr\u00f6\u00dfe)<\/br>\n\n<strong>Verpackung und Transport<\/strong>\n1. Verpackung: entsprechend den Kundenanforderungen.\n2. Transport: nicht gef\u00e4hrliche Waren, geeignet f\u00fcr normale Land-, See- und Lufttransport.\t\t\t\t\t\t\t\t<\/div>\n\t\t\t\t<\/div>\n\t\t\t\t\t<\/div>\n\t\t<\/div>\n\t\t\t\t\t<\/div>\n\t\t<\/section>\n\t\t\t\t<section data-particle_enable=\"false\" data-particle-mobile-disabled=\"false\" class=\"elementor-section elementor-top-section elementor-element elementor-element-8479d0d elementor-section-boxed elementor-section-height-default elementor-section-height-default\" data-id=\"8479d0d\" data-element_type=\"section\" data-e-type=\"section\">\n\t\t\t\t\t\t<div class=\"elementor-container elementor-column-gap-default\">\n\t\t\t\t\t<div class=\"elementor-column elementor-col-100 elementor-top-column elementor-element elementor-element-bcc63c1\" data-id=\"bcc63c1\" data-element_type=\"column\" data-e-type=\"column\">\n\t\t\t<div class=\"elementor-widget-wrap elementor-element-populated\">\n\t\t\t\t\t\t<div class=\"elementor-element elementor-element-1210764 elementor-widget elementor-widget-image\" data-id=\"1210764\" data-element_type=\"widget\" data-e-type=\"widget\" data-widget_type=\"image.default\">\n\t\t\t\t<div class=\"elementor-widget-container\">\n\t\t\t\t\t\t\t\t\t\t\t\t\t\t\t<img decoding=\"async\" width=\"852\" height=\"1024\" src=\"https:\/\/am-material.com\/wp-content\/uploads\/2024\/05\/\uff2doS2\u3000production-852x1024.png\" class=\"attachment-large size-large wp-image-7389\" alt=\"\" srcset=\"\" sizes=\"(max-width: 852px) 100vw, 852px\" title=\"\" data-srcset=\"\">\t\t\t\t\t\t\t\t\t\t\t\t\t\t\t<\/div>\n\t\t\t\t<\/div>\n\t\t\t\t\t<\/div>\n\t\t<\/div>\n\t\t\t\t\t<\/div>\n\t\t<\/section>\n\t\t\t\t<\/div>","protected":false},"excerpt":{"rendered":"<p>Inquiry Now FeP18 can be used in the manufacture of requirements for high hardness, high strength, good plasticity, good toughness, late plastic is not brittle fracture and airtight performance of good powder metallurgy products. Such as valve ducts, automotive ABS brake induction gear ring. Promote sintering, accelerate the sintering process, and form eutectic reactions when [&hellip;]<\/p>\n","protected":false},"author":5,"featured_media":0,"parent":0,"menu_order":0,"comment_status":"closed","ping_status":"closed","template":"","meta":{"site-sidebar-layout":"no-sidebar","site-content-layout":"page-builder","ast-site-content-layout":"full-width-container","site-content-style":"default","site-sidebar-style":"default","ast-global-header-display":"","ast-banner-title-visibility":"","ast-main-header-display":"","ast-hfb-above-header-display":"","ast-hfb-below-header-display":"","ast-hfb-mobile-header-display":"","site-post-title":"disabled","ast-breadcrumbs-content":"","ast-featured-img":"disabled","footer-sml-layout":"","ast-disable-related-posts":"","theme-transparent-header-meta":"","adv-header-id-meta":"","stick-header-meta":"","header-above-stick-meta":"","header-main-stick-meta":"","header-below-stick-meta":"","astra-migrate-meta-layouts":"set","ast-page-background-enabled":"default","ast-page-background-meta":{"desktop":{"background-color":"","background-image":"","background-repeat":"repeat","background-position":"center center","background-size":"auto","background-attachment":"scroll","background-type":"","background-media":"","overlay-type":"","overlay-color":"","overlay-opacity":"","overlay-gradient":""},"tablet":{"background-color":"","background-image":"","background-repeat":"repeat","background-position":"center center","background-size":"auto","background-attachment":"scroll","background-type":"","background-media":"","overlay-type":"","overlay-color":"","overlay-opacity":"","overlay-gradient":""},"mobile":{"background-color":"","background-image":"","background-repeat":"repeat","background-position":"center center","background-size":"auto","background-attachment":"scroll","background-type":"","background-media":"","overlay-type":"","overlay-color":"","overlay-opacity":"","overlay-gradient":""}},"ast-content-background-meta":{"desktop":{"background-color":"var(--ast-global-color-5)","background-image":"","background-repeat":"repeat","background-position":"center center","background-size":"auto","background-attachment":"scroll","background-type":"","background-media":"","overlay-type":"","overlay-color":"","overlay-opacity":"","overlay-gradient":""},"tablet":{"background-color":"var(--ast-global-color-5)","background-image":"","background-repeat":"repeat","background-position":"center center","background-size":"auto","background-attachment":"scroll","background-type":"","background-media":"","overlay-type":"","overlay-color":"","overlay-opacity":"","overlay-gradient":""},"mobile":{"background-color":"var(--ast-global-color-5)","background-image":"","background-repeat":"repeat","background-position":"center center","background-size":"auto","background-attachment":"scroll","background-type":"","background-media":"","overlay-type":"","overlay-color":"","overlay-opacity":"","overlay-gradient":""}},"footnotes":""},"folder":[],"class_list":["post-7457","page","type-page","status-publish","hentry"],"_links":{"self":[{"href":"https:\/\/am-material.com\/de\/wp-json\/wp\/v2\/pages\/7457","targetHints":{"allow":["GET"]}}],"collection":[{"href":"https:\/\/am-material.com\/de\/wp-json\/wp\/v2\/pages"}],"about":[{"href":"https:\/\/am-material.com\/de\/wp-json\/wp\/v2\/types\/page"}],"author":[{"embeddable":true,"href":"https:\/\/am-material.com\/de\/wp-json\/wp\/v2\/users\/5"}],"replies":[{"embeddable":true,"href":"https:\/\/am-material.com\/de\/wp-json\/wp\/v2\/comments?post=7457"}],"version-history":[{"count":5,"href":"https:\/\/am-material.com\/de\/wp-json\/wp\/v2\/pages\/7457\/revisions"}],"predecessor-version":[{"id":7465,"href":"https:\/\/am-material.com\/de\/wp-json\/wp\/v2\/pages\/7457\/revisions\/7465"}],"wp:attachment":[{"href":"https:\/\/am-material.com\/de\/wp-json\/wp\/v2\/media?parent=7457"}],"wp:term":[{"taxonomy":"folder","embeddable":true,"href":"https:\/\/am-material.com\/de\/wp-json\/wp\/v2\/folder?post=7457"}],"curies":[{"name":"wp","href":"https:\/\/api.w.org\/{rel}","templated":true}]}}