{"id":7443,"date":"2024-05-30T16:36:28","date_gmt":"2024-05-30T08:36:28","guid":{"rendered":"https:\/\/am-material.com\/?page_id=7443"},"modified":"2024-05-30T17:04:11","modified_gmt":"2024-05-30T09:04:11","slug":"mns-powder-manganese-sulfide","status":"publish","type":"page","link":"https:\/\/am-material.com\/de\/mns-powder-manganese-sulfide\/","title":{"rendered":"MnS-Pulver \u2503Mangan-Sulfid"},"content":{"rendered":"<div data-elementor-type=\"wp-page\" data-elementor-id=\"7443\" class=\"elementor elementor-7443\" data-elementor-post-type=\"page\">\n\t\t\t\t\t\t<section data-particle_enable=\"false\" data-particle-mobile-disabled=\"false\" class=\"elementor-section elementor-top-section elementor-element elementor-element-ea837a0 elementor-section-boxed elementor-section-height-default elementor-section-height-default\" data-id=\"ea837a0\" data-element_type=\"section\" data-e-type=\"section\">\n\t\t\t\t\t\t<div class=\"elementor-container elementor-column-gap-default\">\n\t\t\t\t\t<div class=\"elementor-column elementor-col-100 elementor-top-column elementor-element elementor-element-79ee1fc\" data-id=\"79ee1fc\" data-element_type=\"column\" data-e-type=\"column\">\n\t\t\t<div class=\"elementor-widget-wrap elementor-element-populated\">\n\t\t\t\t\t\t<div class=\"elementor-element elementor-element-fb9d446 elementor-widget elementor-widget-spacer\" data-id=\"fb9d446\" data-element_type=\"widget\" data-e-type=\"widget\" data-widget_type=\"spacer.default\">\n\t\t\t\t<div class=\"elementor-widget-container\">\n\t\t\t\t\t\t\t<div class=\"elementor-spacer\">\n\t\t\t<div class=\"elementor-spacer-inner\"><\/div>\n\t\t<\/div>\n\t\t\t\t\t\t<\/div>\n\t\t\t\t<\/div>\n\t\t\t\t\t<\/div>\n\t\t<\/div>\n\t\t\t\t\t<\/div>\n\t\t<\/section>\n\t\t\t\t<section data-particle_enable=\"false\" data-particle-mobile-disabled=\"false\" class=\"elementor-section elementor-top-section elementor-element elementor-element-2b4dc59 elementor-section-boxed elementor-section-height-default elementor-section-height-default\" data-id=\"2b4dc59\" data-element_type=\"section\" data-e-type=\"section\">\n\t\t\t\t\t\t<div class=\"elementor-container elementor-column-gap-default\">\n\t\t\t\t\t<div class=\"elementor-column elementor-col-50 elementor-top-column elementor-element elementor-element-acf1167\" data-id=\"acf1167\" data-element_type=\"column\" data-e-type=\"column\">\n\t\t\t<div class=\"elementor-widget-wrap elementor-element-populated\">\n\t\t\t\t\t\t<div class=\"elementor-element elementor-element-da9689f elementor-widget elementor-widget-image\" data-id=\"da9689f\" data-element_type=\"widget\" data-e-type=\"widget\" data-widget_type=\"image.default\">\n\t\t\t\t<div class=\"elementor-widget-container\">\n\t\t\t\t\t\t\t\t\t\t\t\t\t\t\t<img fetchpriority=\"high\" decoding=\"async\" width=\"600\" height=\"496\" src=\"https:\/\/am-material.com\/wp-content\/uploads\/2024\/05\/\uff2dnS-powder.png\" class=\"attachment-large size-large wp-image-7446\" alt=\"\uff2dnS-Pulver\" srcset=\"https:\/\/am-material.com\/wp-content\/uploads\/2024\/05\/\uff2dnS-powder.png 600w, https:\/\/am-material.com\/wp-content\/uploads\/2024\/05\/\uff2dnS-powder-300x248.png 300w, https:\/\/am-material.com\/wp-content\/uploads\/2024\/05\/\uff2dnS-powder-15x12.png 15w\" sizes=\"(max-width: 600px) 100vw, 600px\" title=\"\">\t\t\t\t\t\t\t\t\t\t\t\t\t\t\t<\/div>\n\t\t\t\t<\/div>\n\t\t\t\t\t<\/div>\n\t\t<\/div>\n\t\t\t\t<div class=\"elementor-column elementor-col-50 elementor-top-column elementor-element elementor-element-edd25a7\" data-id=\"edd25a7\" data-element_type=\"column\" data-e-type=\"column\">\n\t\t\t<div class=\"elementor-widget-wrap elementor-element-populated\">\n\t\t\t\t\t\t<div class=\"elementor-element elementor-element-1456480 elementor-widget elementor-widget-heading\" data-id=\"1456480\" data-element_type=\"widget\" data-e-type=\"widget\" data-widget_type=\"heading.default\">\n\t\t\t\t<div class=\"elementor-widget-container\">\n\t\t\t\t\t<h4 class=\"elementor-heading-title elementor-size-default\">MnS Produkteigenschaften<\/h4>\t\t\t\t<\/div>\n\t\t\t\t<\/div>\n\t\t\t\t<div class=\"elementor-element elementor-element-9915b1a elementor-widget elementor-widget-text-editor\" data-id=\"9915b1a\" data-element_type=\"widget\" data-e-type=\"widget\" data-widget_type=\"text-editor.default\">\n\t\t\t\t<div class=\"elementor-widget-container\">\n\t\t\t\t\t\t\t\t\t<p>MnS ist ein spezielles Schneidmittel f\u00fcr pulvermetallurgische Teile. Aufgrund von Eigenschaften wie der Trockenbearbeitung und der intermittierenden Einwirkung auf die Schneide wird die Standzeit von pulvermetallurgischen Teilen w\u00e4hrend der Bearbeitung deutlich erh\u00f6ht.<br \/>Molybd\u00e4ndisulfid wurde speziell f\u00fcr die Festk\u00f6rperschmierung und den Spanbruch entwickelt, um die Lebensdauer der Werkzeuge um ein Vielfaches zu verl\u00e4ngern. Wo das Produkt das Vorhandensein von Schwefel zul\u00e4sst, ist dieses Mangansulfid die erste Wahl und extrem kosteng\u00fcnstig<\/p>\t\t\t\t\t\t\t\t<\/div>\n\t\t\t\t<\/div>\n\t\t\t\t<div class=\"elementor-element elementor-element-a758c08 elementor-align-center elementor-widget elementor-widget-button\" data-id=\"a758c08\" data-element_type=\"widget\" data-e-type=\"widget\" data-widget_type=\"button.default\">\n\t\t\t\t<div class=\"elementor-widget-container\">\n\t\t\t\t\t\t\t\t\t<div class=\"elementor-button-wrapper\">\n\t\t\t\t\t<a class=\"elementor-button elementor-button-link elementor-size-sm\" href=\"#elementor-action%3Aaction%3Dpopup%3Aopen%26settings%3DeyJpZCI6IjYyODgiLCJ0b2dnbGUiOmZhbHNlfQ%3D%3D\">\n\t\t\t\t\t\t<span class=\"elementor-button-content-wrapper\">\n\t\t\t\t\t\t\t\t\t<span class=\"elementor-button-text\">Jetzt anfragen<\/span>\n\t\t\t\t\t<\/span>\n\t\t\t\t\t<\/a>\n\t\t\t\t<\/div>\n\t\t\t\t\t\t\t\t<\/div>\n\t\t\t\t<\/div>\n\t\t\t\t\t<\/div>\n\t\t<\/div>\n\t\t\t\t\t<\/div>\n\t\t<\/section>\n\t\t\t\t<section data-particle_enable=\"false\" data-particle-mobile-disabled=\"false\" class=\"elementor-section elementor-top-section elementor-element elementor-element-7e6565d elementor-section-boxed elementor-section-height-default elementor-section-height-default\" data-id=\"7e6565d\" data-element_type=\"section\" data-e-type=\"section\">\n\t\t\t\t\t\t<div class=\"elementor-container elementor-column-gap-default\">\n\t\t\t\t\t<div class=\"elementor-column elementor-col-25 elementor-top-column elementor-element elementor-element-3f92047\" data-id=\"3f92047\" data-element_type=\"column\" data-e-type=\"column\">\n\t\t\t<div class=\"elementor-widget-wrap elementor-element-populated\">\n\t\t\t\t\t\t<div class=\"elementor-element elementor-element-e188f1c elementor-widget elementor-widget-text-editor\" data-id=\"e188f1c\" data-element_type=\"widget\" data-e-type=\"widget\" data-widget_type=\"text-editor.default\">\n\t\t\t\t<div class=\"elementor-widget-container\">\n\t\t\t\t\t\t\t\t\t<h3><strong>Gleichm\u00e4\u00dfige Partikelgr\u00f6\u00dfe<\/strong><\/h3><p>Das Produkt ist chemisch stabil und widerstandsf\u00e4hig gegen hohe Temperaturen \u00fcber 1200 \u00b0C; beim Sintern kommt es zu keiner chemischen Reaktion mit der Sinteratmosph\u00e4re und der umgebenden Matrix, so dass die Schneidleistung nach dem Sintern gew\u00e4hrleistet ist.<\/p>\t\t\t\t\t\t\t\t<\/div>\n\t\t\t\t<\/div>\n\t\t\t\t\t<\/div>\n\t\t<\/div>\n\t\t\t\t<div class=\"elementor-column elementor-col-25 elementor-top-column elementor-element elementor-element-fb8c62d\" data-id=\"fb8c62d\" data-element_type=\"column\" data-e-type=\"column\">\n\t\t\t<div class=\"elementor-widget-wrap elementor-element-populated\">\n\t\t\t\t\t\t<div class=\"elementor-element elementor-element-017916e elementor-widget elementor-widget-text-editor\" data-id=\"017916e\" data-element_type=\"widget\" data-e-type=\"widget\" data-widget_type=\"text-editor.default\">\n\t\t\t\t<div class=\"elementor-widget-container\">\n\t\t\t\t\t\t\t\t\t<h3><strong>Gute Dispersion<\/strong><\/h3><p>Das Schneidmittel wird leicht und gleichm\u00e4\u00dfig im Pulver dispergiert, um stabile und gleichm\u00e4\u00dfige Schneidergebnisse in allen Bereichen zu gew\u00e4hrleisten.<\/p>\t\t\t\t\t\t\t\t<\/div>\n\t\t\t\t<\/div>\n\t\t\t\t\t<\/div>\n\t\t<\/div>\n\t\t\t\t<div class=\"elementor-column elementor-col-25 elementor-top-column elementor-element elementor-element-a63793a\" data-id=\"a63793a\" data-element_type=\"column\" data-e-type=\"column\">\n\t\t\t<div class=\"elementor-widget-wrap elementor-element-populated\">\n\t\t\t\t\t\t<div class=\"elementor-element elementor-element-de6cdc4 elementor-widget elementor-widget-text-editor\" data-id=\"de6cdc4\" data-element_type=\"widget\" data-e-type=\"widget\" data-widget_type=\"text-editor.default\">\n\t\t\t\t<div class=\"elementor-widget-container\">\n\t\t\t\t\t\t\t\t\t<h3><b>Stabilit\u00e4t der Abmessungen<\/b><\/h3><p>Das Schneidmittel hat nur geringe Auswirkungen auf die Ma\u00df\u00e4nderungen der gesinterten Teile, was dazu beitr\u00e4gt, dass die Ma\u00dfgenauigkeit des Produkts erhalten bleibt.<\/p>\t\t\t\t\t\t\t\t<\/div>\n\t\t\t\t<\/div>\n\t\t\t\t\t<\/div>\n\t\t<\/div>\n\t\t\t\t<div class=\"elementor-column elementor-col-25 elementor-top-column elementor-element elementor-element-4283954\" data-id=\"4283954\" data-element_type=\"column\" data-e-type=\"column\">\n\t\t\t<div class=\"elementor-widget-wrap elementor-element-populated\">\n\t\t\t\t\t\t<div class=\"elementor-element elementor-element-999d4a5 elementor-widget elementor-widget-text-editor\" data-id=\"999d4a5\" data-element_type=\"widget\" data-e-type=\"widget\" data-widget_type=\"text-editor.default\">\n\t\t\t\t<div class=\"elementor-widget-container\">\n\t\t\t\t\t\t\t\t\t<h3><strong>Sauberkeit der Oberfl\u00e4che<\/strong><\/h3><p>Gesinterte Teile haben ein sauberes, gl\u00e4nzendes Aussehen und bilden keine zus\u00e4tzlichen Flecken, die zu Rostbildung f\u00fchren k\u00f6nnen.<\/p>\t\t\t\t\t\t\t\t<\/div>\n\t\t\t\t<\/div>\n\t\t\t\t\t<\/div>\n\t\t<\/div>\n\t\t\t\t\t<\/div>\n\t\t<\/section>\n\t\t\t\t<section data-particle_enable=\"false\" data-particle-mobile-disabled=\"false\" class=\"elementor-section elementor-top-section elementor-element elementor-element-bdf4440 elementor-section-boxed elementor-section-height-default elementor-section-height-default\" data-id=\"bdf4440\" data-element_type=\"section\" data-e-type=\"section\">\n\t\t\t\t\t\t<div class=\"elementor-container elementor-column-gap-default\">\n\t\t\t\t\t<div class=\"elementor-column elementor-col-33 elementor-top-column elementor-element elementor-element-b29159e\" data-id=\"b29159e\" data-element_type=\"column\" data-e-type=\"column\">\n\t\t\t<div class=\"elementor-widget-wrap elementor-element-populated\">\n\t\t\t\t\t\t<div class=\"elementor-element elementor-element-4a49692 elementor-widget elementor-widget-text-editor\" data-id=\"4a49692\" data-element_type=\"widget\" data-e-type=\"widget\" data-widget_type=\"text-editor.default\">\n\t\t\t\t<div class=\"elementor-widget-container\">\n\t\t\t\t\t\t\t\t\t<p><strong>Hohe Reinheit<\/strong><br \/>Die Produktreinheit ist sehr hoch.<br \/><br \/><strong>Beschreibung des Produkts<\/strong><br \/>Feink\u00f6rniges, gr\u00fcnes Pulver.<br \/><br \/><strong>Produkt-Spezifikation<\/strong><br \/>Kontrollanzeigen Norm\u00a0\u00a0\u00a0\u00a0\u00a0\u00a0\u00a0\u00a0\u00a0\u00a0\u00a0\u00a0\u00a0<br \/>W\u00e4rmeverlust Max 0,8%\u00a0\u00a0\u00a0\u00a0\u00a0<br \/>Partikelgr\u00f6\u00dfe D90 &lt; 10microns\u00a0\u00a0<br \/>Wirkstoffgehalt &gt;99%\u00a0<br \/>Lose Dichte &gt;2,5g\/cm\u00b3\u00a0<\/p>\t\t\t\t\t\t\t\t<\/div>\n\t\t\t\t<\/div>\n\t\t\t\t\t<\/div>\n\t\t<\/div>\n\t\t\t\t<div class=\"elementor-column elementor-col-66 elementor-top-column elementor-element elementor-element-1fbb8dc\" data-id=\"1fbb8dc\" data-element_type=\"column\" data-e-type=\"column\">\n\t\t\t<div class=\"elementor-widget-wrap elementor-element-populated\">\n\t\t\t\t\t\t<div class=\"elementor-element elementor-element-f1ed6bd elementor-widget elementor-widget-text-editor\" data-id=\"f1ed6bd\" data-element_type=\"widget\" data-e-type=\"widget\" data-widget_type=\"text-editor.default\">\n\t\t\t\t<div class=\"elementor-widget-container\">\n\t\t\t\t\t\t\t\t\t<p><strong>Lagerungsbedingungen<\/strong><br \/>Kontrolle der Luftfeuchtigkeit und der Temperatur (Luftfeuchtigkeit unter 60%, Temperatur unter 40\u00b0C),<br \/>nach Gebrauch versiegelt werden, um ein offenes Ablegen zu verhindern, und innerhalb von sechs Monaten verwendet werden.<br \/>\u00a0<br \/><strong>Empfohlen zum Mischen<\/strong><br \/>1. Der Gewichtsprozentsatz liegt zwischen 0,4\uff5e0,5.\u00a0\u00a0\u00a0\u00a0\u00a0<br \/>2. Wiegen in einer geschlossenen Umgebung, geeignet f\u00fcr Doppelkonus und V-Typ-Mischer.<br \/><br \/><strong>Verpackung und Transport<\/strong><br \/>1. Verpackung: 25 kg Nettogewicht in Kunststoff- oder Eisenf\u00e4ssern, feuchtigkeitsdichter Innenbeutel aus Polyethylen.<br \/>2. Transport: nicht gef\u00e4hrliche G\u00fcter, geeignet f\u00fcr normalen Land-, See- und Lufttransport.<\/p>\t\t\t\t\t\t\t\t<\/div>\n\t\t\t\t<\/div>\n\t\t\t\t\t<\/div>\n\t\t<\/div>\n\t\t\t\t\t<\/div>\n\t\t<\/section>\n\t\t\t\t<section data-particle_enable=\"false\" data-particle-mobile-disabled=\"false\" class=\"elementor-section elementor-top-section elementor-element elementor-element-dcdc900 elementor-section-boxed elementor-section-height-default elementor-section-height-default\" data-id=\"dcdc900\" data-element_type=\"section\" data-e-type=\"section\">\n\t\t\t\t\t\t<div class=\"elementor-container elementor-column-gap-default\">\n\t\t\t\t\t<div class=\"elementor-column elementor-col-100 elementor-top-column elementor-element elementor-element-88f110b\" data-id=\"88f110b\" data-element_type=\"column\" data-e-type=\"column\">\n\t\t\t<div class=\"elementor-widget-wrap elementor-element-populated\">\n\t\t\t\t\t\t<div class=\"elementor-element elementor-element-8fdc401 elementor-widget elementor-widget-image\" data-id=\"8fdc401\" data-element_type=\"widget\" data-e-type=\"widget\" data-widget_type=\"image.default\">\n\t\t\t\t<div class=\"elementor-widget-container\">\n\t\t\t\t\t\t\t\t\t\t\t\t\t\t\t<img decoding=\"async\" width=\"852\" height=\"1024\" src=\"https:\/\/am-material.com\/wp-content\/uploads\/2024\/05\/\uff2doS2\u3000production-852x1024.png\" class=\"attachment-large size-large wp-image-7389\" alt=\"\" srcset=\"\" sizes=\"(max-width: 852px) 100vw, 852px\" title=\"\" data-srcset=\"\">\t\t\t\t\t\t\t\t\t\t\t\t\t\t\t<\/div>\n\t\t\t\t<\/div>\n\t\t\t\t\t<\/div>\n\t\t<\/div>\n\t\t\t\t\t<\/div>\n\t\t<\/section>\n\t\t\t\t<\/div>","protected":false},"excerpt":{"rendered":"<p>MnS Product Features MnS is a special cutting agent for powder metallurgy parts. Due to characteristics such as dry state machining and intermittent impact on the cutting edge, the tool life of powder metallurgy parts is significantly increased during machining.Molybdenum disulfide is uniquely designed for solid-state lubrication and chip breakage to extend tool life several [&hellip;]<\/p>\n","protected":false},"author":5,"featured_media":0,"parent":0,"menu_order":0,"comment_status":"closed","ping_status":"closed","template":"","meta":{"site-sidebar-layout":"no-sidebar","site-content-layout":"page-builder","ast-site-content-layout":"full-width-container","site-content-style":"default","site-sidebar-style":"default","ast-global-header-display":"","ast-banner-title-visibility":"","ast-main-header-display":"","ast-hfb-above-header-display":"","ast-hfb-below-header-display":"","ast-hfb-mobile-header-display":"","site-post-title":"disabled","ast-breadcrumbs-content":"","ast-featured-img":"disabled","footer-sml-layout":"","ast-disable-related-posts":"","theme-transparent-header-meta":"","adv-header-id-meta":"","stick-header-meta":"","header-above-stick-meta":"","header-main-stick-meta":"","header-below-stick-meta":"","astra-migrate-meta-layouts":"set","ast-page-background-enabled":"default","ast-page-background-meta":{"desktop":{"background-color":"","background-image":"","background-repeat":"repeat","background-position":"center center","background-size":"auto","background-attachment":"scroll","background-type":"","background-media":"","overlay-type":"","overlay-color":"","overlay-opacity":"","overlay-gradient":""},"tablet":{"background-color":"","background-image":"","background-repeat":"repeat","background-position":"center center","background-size":"auto","background-attachment":"scroll","background-type":"","background-media":"","overlay-type":"","overlay-color":"","overlay-opacity":"","overlay-gradient":""},"mobile":{"background-color":"","background-image":"","background-repeat":"repeat","background-position":"center center","background-size":"auto","background-attachment":"scroll","background-type":"","background-media":"","overlay-type":"","overlay-color":"","overlay-opacity":"","overlay-gradient":""}},"ast-content-background-meta":{"desktop":{"background-color":"var(--ast-global-color-5)","background-image":"","background-repeat":"repeat","background-position":"center center","background-size":"auto","background-attachment":"scroll","background-type":"","background-media":"","overlay-type":"","overlay-color":"","overlay-opacity":"","overlay-gradient":""},"tablet":{"background-color":"var(--ast-global-color-5)","background-image":"","background-repeat":"repeat","background-position":"center center","background-size":"auto","background-attachment":"scroll","background-type":"","background-media":"","overlay-type":"","overlay-color":"","overlay-opacity":"","overlay-gradient":""},"mobile":{"background-color":"var(--ast-global-color-5)","background-image":"","background-repeat":"repeat","background-position":"center center","background-size":"auto","background-attachment":"scroll","background-type":"","background-media":"","overlay-type":"","overlay-color":"","overlay-opacity":"","overlay-gradient":""}},"footnotes":""},"folder":[],"class_list":["post-7443","page","type-page","status-publish","hentry"],"_links":{"self":[{"href":"https:\/\/am-material.com\/de\/wp-json\/wp\/v2\/pages\/7443","targetHints":{"allow":["GET"]}}],"collection":[{"href":"https:\/\/am-material.com\/de\/wp-json\/wp\/v2\/pages"}],"about":[{"href":"https:\/\/am-material.com\/de\/wp-json\/wp\/v2\/types\/page"}],"author":[{"embeddable":true,"href":"https:\/\/am-material.com\/de\/wp-json\/wp\/v2\/users\/5"}],"replies":[{"embeddable":true,"href":"https:\/\/am-material.com\/de\/wp-json\/wp\/v2\/comments?post=7443"}],"version-history":[{"count":5,"href":"https:\/\/am-material.com\/de\/wp-json\/wp\/v2\/pages\/7443\/revisions"}],"predecessor-version":[{"id":7450,"href":"https:\/\/am-material.com\/de\/wp-json\/wp\/v2\/pages\/7443\/revisions\/7450"}],"wp:attachment":[{"href":"https:\/\/am-material.com\/de\/wp-json\/wp\/v2\/media?parent=7443"}],"wp:term":[{"taxonomy":"folder","embeddable":true,"href":"https:\/\/am-material.com\/de\/wp-json\/wp\/v2\/folder?post=7443"}],"curies":[{"name":"wp","href":"https:\/\/api.w.org\/{rel}","templated":true}]}}