{"id":7378,"date":"2024-05-30T13:27:49","date_gmt":"2024-05-30T05:27:49","guid":{"rendered":"https:\/\/am-material.com\/?page_id=7378"},"modified":"2024-05-30T13:46:24","modified_gmt":"2024-05-30T05:46:24","slug":"mos2-powder","status":"publish","type":"page","link":"https:\/\/am-material.com\/de\/mos2-powder\/","title":{"rendered":"MoS2-Pulver \u2503Molybd\u00e4ndisulfid-Pulver"},"content":{"rendered":"<div data-elementor-type=\"wp-page\" data-elementor-id=\"7378\" class=\"elementor elementor-7378\" data-elementor-post-type=\"page\">\n\t\t\t\t\t\t<section data-particle_enable=\"false\" data-particle-mobile-disabled=\"false\" class=\"elementor-section elementor-top-section elementor-element elementor-element-77df398 elementor-section-boxed elementor-section-height-default elementor-section-height-default\" data-id=\"77df398\" data-element_type=\"section\" data-e-type=\"section\">\n\t\t\t\t\t\t<div class=\"elementor-container elementor-column-gap-default\">\n\t\t\t\t\t<div class=\"elementor-column elementor-col-100 elementor-top-column elementor-element elementor-element-3fb46a9\" data-id=\"3fb46a9\" data-element_type=\"column\" data-e-type=\"column\">\n\t\t\t<div class=\"elementor-widget-wrap elementor-element-populated\">\n\t\t\t\t\t\t<div class=\"elementor-element elementor-element-078e8f4 elementor-widget elementor-widget-spacer\" data-id=\"078e8f4\" data-element_type=\"widget\" data-e-type=\"widget\" data-widget_type=\"spacer.default\">\n\t\t\t\t<div class=\"elementor-widget-container\">\n\t\t\t\t\t\t\t<div class=\"elementor-spacer\">\n\t\t\t<div class=\"elementor-spacer-inner\"><\/div>\n\t\t<\/div>\n\t\t\t\t\t\t<\/div>\n\t\t\t\t<\/div>\n\t\t\t\t\t<\/div>\n\t\t<\/div>\n\t\t\t\t\t<\/div>\n\t\t<\/section>\n\t\t\t\t<section data-particle_enable=\"false\" data-particle-mobile-disabled=\"false\" class=\"elementor-section elementor-top-section elementor-element elementor-element-cf1dbd4 elementor-section-boxed elementor-section-height-default elementor-section-height-default\" data-id=\"cf1dbd4\" data-element_type=\"section\" data-e-type=\"section\">\n\t\t\t\t\t\t<div class=\"elementor-container elementor-column-gap-default\">\n\t\t\t\t\t<div class=\"elementor-column elementor-col-50 elementor-top-column elementor-element elementor-element-4f867c9\" data-id=\"4f867c9\" data-element_type=\"column\" data-e-type=\"column\">\n\t\t\t<div class=\"elementor-widget-wrap elementor-element-populated\">\n\t\t\t\t\t\t<div class=\"elementor-element elementor-element-2aaaaa0 elementor-widget elementor-widget-spacer\" data-id=\"2aaaaa0\" data-element_type=\"widget\" data-e-type=\"widget\" data-widget_type=\"spacer.default\">\n\t\t\t\t<div class=\"elementor-widget-container\">\n\t\t\t\t\t\t\t<div class=\"elementor-spacer\">\n\t\t\t<div class=\"elementor-spacer-inner\"><\/div>\n\t\t<\/div>\n\t\t\t\t\t\t<\/div>\n\t\t\t\t<\/div>\n\t\t\t\t<div class=\"elementor-element elementor-element-1662c99 elementor-widget elementor-widget-image\" data-id=\"1662c99\" data-element_type=\"widget\" data-e-type=\"widget\" data-widget_type=\"image.default\">\n\t\t\t\t<div class=\"elementor-widget-container\">\n\t\t\t\t\t\t\t\t\t\t\t\t\t\t\t<img fetchpriority=\"high\" decoding=\"async\" width=\"550\" height=\"366\" src=\"https:\/\/am-material.com\/wp-content\/uploads\/2024\/05\/MoS2.png\" class=\"attachment-large size-large wp-image-7380\" alt=\"MoS2\" srcset=\"https:\/\/am-material.com\/wp-content\/uploads\/2024\/05\/MoS2.png 550w, https:\/\/am-material.com\/wp-content\/uploads\/2024\/05\/MoS2-300x200.png 300w, https:\/\/am-material.com\/wp-content\/uploads\/2024\/05\/MoS2-18x12.png 18w\" sizes=\"(max-width: 550px) 100vw, 550px\" title=\"\">\t\t\t\t\t\t\t\t\t\t\t\t\t\t\t<\/div>\n\t\t\t\t<\/div>\n\t\t\t\t<div class=\"elementor-element elementor-element-41c73fe elementor-align-center elementor-widget elementor-widget-button\" data-id=\"41c73fe\" data-element_type=\"widget\" data-e-type=\"widget\" data-widget_type=\"button.default\">\n\t\t\t\t<div class=\"elementor-widget-container\">\n\t\t\t\t\t\t\t\t\t<div class=\"elementor-button-wrapper\">\n\t\t\t\t\t<a class=\"elementor-button elementor-button-link elementor-size-sm\" href=\"#elementor-action%3Aaction%3Dpopup%3Aopen%26settings%3DeyJpZCI6IjYyODgiLCJ0b2dnbGUiOmZhbHNlfQ%3D%3D\">\n\t\t\t\t\t\t<span class=\"elementor-button-content-wrapper\">\n\t\t\t\t\t\t\t\t\t<span class=\"elementor-button-text\">Jetzt anfragen<\/span>\n\t\t\t\t\t<\/span>\n\t\t\t\t\t<\/a>\n\t\t\t\t<\/div>\n\t\t\t\t\t\t\t\t<\/div>\n\t\t\t\t<\/div>\n\t\t\t\t\t<\/div>\n\t\t<\/div>\n\t\t\t\t<div class=\"elementor-column elementor-col-50 elementor-top-column elementor-element elementor-element-151eaff\" data-id=\"151eaff\" data-element_type=\"column\" data-e-type=\"column\">\n\t\t\t<div class=\"elementor-widget-wrap elementor-element-populated\">\n\t\t\t\t\t\t<div class=\"elementor-element elementor-element-658c06d elementor-widget elementor-widget-heading\" data-id=\"658c06d\" data-element_type=\"widget\" data-e-type=\"widget\" data-widget_type=\"heading.default\">\n\t\t\t\t<div class=\"elementor-widget-container\">\n\t\t\t\t\t<h4 class=\"elementor-heading-title elementor-size-default\">Molybd\u00e4ndisulfid-Pulver<\/h4>\t\t\t\t<\/div>\n\t\t\t\t<\/div>\n\t\t\t\t<div class=\"elementor-element elementor-element-c163ef3 elementor-widget elementor-widget-text-editor\" data-id=\"c163ef3\" data-element_type=\"widget\" data-e-type=\"widget\" data-widget_type=\"text-editor.default\">\n\t\t\t\t<div class=\"elementor-widget-container\">\n\t\t\t\t\t\t\t\t\t<p>Feinheit: 325 Maschen - 2500 Maschen;<br \/>PH-Wert: 7-8;<br \/>Dichte: 4,8-5,0 g\/cm\u00b3;<br \/>H\u00e4rte: 1-1,5;<br \/>Gl\u00fchverlust: 18-22%;<br \/>Reibungskoeffizient: 0,05-0,09.<br \/>Au\u00dferdem kann Molybd\u00e4ndisulfid ein neues Material f\u00fcr die Herstellung von Transistoren sein. Molybd\u00e4ndisulfid hat eine Energiebandl\u00fccke von 1,8 eV im Vergleich zu Graphen, das ein zweidimensionales Material ist, w\u00e4hrend Graphen keine Energiebandl\u00fccke hat. Dar\u00fcber hinaus kann die Elektronenbeweglichkeit von einschichtigen Molybd\u00e4ndisulfid-Transistoren bis zu 500 cm^2\/(V-s) erreichen, und die Stromschaltrate kann 1\u00d710^8 erreichen.<\/p>\t\t\t\t\t\t\t\t<\/div>\n\t\t\t\t<\/div>\n\t\t\t\t\t<\/div>\n\t\t<\/div>\n\t\t\t\t\t<\/div>\n\t\t<\/section>\n\t\t\t\t<section data-particle_enable=\"false\" data-particle-mobile-disabled=\"false\" class=\"elementor-section elementor-top-section elementor-element elementor-element-047ab15 elementor-section-boxed elementor-section-height-default elementor-section-height-default\" data-id=\"047ab15\" data-element_type=\"section\" data-e-type=\"section\">\n\t\t\t\t\t\t<div class=\"elementor-container elementor-column-gap-default\">\n\t\t\t\t\t<div class=\"elementor-column elementor-col-100 elementor-top-column elementor-element elementor-element-e0d90f0\" data-id=\"e0d90f0\" data-element_type=\"column\" data-e-type=\"column\">\n\t\t\t<div class=\"elementor-widget-wrap elementor-element-populated\">\n\t\t\t\t\t\t<div class=\"elementor-element elementor-element-ffeaef3 elementor-widget elementor-widget-text-editor\" data-id=\"ffeaef3\" data-element_type=\"widget\" data-e-type=\"widget\" data-widget_type=\"text-editor.default\">\n\t\t\t\t<div class=\"elementor-widget-container\">\n\t\t\t\t\t\t\t\t\t<p>Molybd\u00e4ndisulfid ist ein wichtiger Festschmierstoff, der sich besonders f\u00fcr Anwendungen bei hohen Temperaturen und hohem Druck eignet. Es ist au\u00dferdem antimagnetisch und kann als linearer Photoleiter und als Halbleiter mit P- oder N-leitenden Eigenschaften, mit Gleichrichtung und Energie\u00fcbertragung, verwendet werden. Molybd\u00e4ndisulfid wird auch als Katalysator f\u00fcr die Dehydrierung von komplexen Kohlenwasserstoffen verwendet.<br \/>Es ist auch bekannt als der \"K\u00f6nig der fortschrittlichen Festschmierstoffe\". Molybd\u00e4ndisulfid ist ein festes Pulver, das aus nat\u00fcrlichem Molybd\u00e4nkonzentratpulver hergestellt wird, das chemisch gereinigt und in seiner Molekularstruktur ver\u00e4ndert wurde.<br \/>Das Produkt ist schwarz mit leicht silbrig-grauer Farbe, metallisch gl\u00e4nzend, f\u00fchlt sich glatt an und ist unl\u00f6slich in Wasser.<br \/>Das Produkt hat die Vorteile der guten Dispersion, keine Bindung, kann auf alle Arten von Fett hinzugef\u00fcgt werden, bilden einen kolloidalen Zustand nie Bindung, kann die Schmierf\u00e4higkeit von Fett und extremen Druck zu erh\u00f6hen. Auch anwendbar auf hohe Temperatur, hoher Druck, hohe Geschwindigkeit und hohe Last mechanische Arbeitsbedingungen, um die Lebensdauer der Ausr\u00fcstung zu verl\u00e4ngern.<br \/>Molybd\u00e4ndisulfid ist f\u00fcr die Reibung Materialien verwendet werden, ist die wichtigste Funktion zur Verringerung der Reibung bei niedrigen Temperaturen, Hochtemperatur-Reibung, die H\u00f6he der Verbrennung Verlust ist klein, leicht zu verfl\u00fcchtigen in der Reibung Materialien.<br \/>Reibungsreduzierung: Molybd\u00e4ndisulfid Teilchengr\u00f6\u00dfe erreicht 325-2500 Mesh durch \u00dcberschall-Luftstrom Zerkleinerung Verarbeitung, Mikro-Partikel H\u00e4rte 1-1,5, Reibungskoeffizient 0,05-0,1, so kann es in Reibung Materialien verwendet werden kann eine Rolle bei der Verringerung der Reibung spielen.<br \/>Reibung: Molybd\u00e4ndisulfid ist nicht leitend und liegt als Copolymer aus Molybd\u00e4ndisulfid, Molybd\u00e4ntrisulfid und Molybd\u00e4ntrioxid vor. Wenn die Temperatur eines Reibmaterials aufgrund von Reibung stark ansteigt, dehnen sich die Molybd\u00e4ntrioxidteilchen im Copolymer bei Erw\u00e4rmung aus und erh\u00f6hen die Reibung.<br \/>Anti-Oxidation: Molybd\u00e4ndisulfid wird durch eine umfassende Reaktion der chemischen Reinigung erhalten, seinen pH-Wert von 7-8, slightl<\/p>\t\t\t\t\t\t\t\t<\/div>\n\t\t\t\t<\/div>\n\t\t\t\t\t<\/div>\n\t\t<\/div>\n\t\t\t\t\t<\/div>\n\t\t<\/section>\n\t\t\t\t<section data-particle_enable=\"false\" data-particle-mobile-disabled=\"false\" class=\"elementor-section elementor-top-section elementor-element elementor-element-0714863 elementor-section-boxed elementor-section-height-default elementor-section-height-default\" data-id=\"0714863\" data-element_type=\"section\" data-e-type=\"section\">\n\t\t\t\t\t\t<div class=\"elementor-container elementor-column-gap-default\">\n\t\t\t\t\t<div class=\"elementor-column elementor-col-100 elementor-top-column elementor-element elementor-element-e02242b\" data-id=\"e02242b\" data-element_type=\"column\" data-e-type=\"column\">\n\t\t\t<div class=\"elementor-widget-wrap elementor-element-populated\">\n\t\t\t\t\t\t<div class=\"elementor-element elementor-element-01824ea elementor-widget elementor-widget-text-editor\" data-id=\"01824ea\" data-element_type=\"widget\" data-e-type=\"widget\" data-widget_type=\"text-editor.default\">\n\t\t\t\t<div class=\"elementor-widget-container\">\n\t\t\t\t\t\t\t\t\t<table border=\"1\" cellspacing=\"0\" cellpadding=\"0\"><tbody><tr><td>Spezifikation<\/td><td>M01<\/td><td>M02<\/td><td>M03<\/td><td>M04<\/td><\/tr><tr><td><br \/>MoS2(%) \u2265<\/td><td colspan=\"4\">\u00a0\u00a0\u00a0\u00a0\u00a0 \u00a0<br \/>98.5<\/td><\/tr><tr><td>Durchschnittliche Partikelgr\u00f6\u00dfe<\/td><td>16.0-30.0<\/td><td>12.0-16<\/td><td>3.0-6.0<\/td><td>1.3-1.5<\/td><\/tr><tr><td>S\u00e4ureunl\u00f6slicher Stoff\uff08%\uff09\u2264<\/td><td>0.50<\/td><td>0.50<\/td><td>0.50<\/td><td>0.50<\/td><\/tr><tr><td>Molybd\u00e4ntrioxid\uff08%\uff09\u2264<\/td><td>0.05<\/td><td>0.05<\/td><td>0.10<\/td><td>0.10<\/td><\/tr><tr><td>Siliziumdioxid (SiO2)\uff08%\uff09\u2264<\/td><td>0.10<\/td><td>0.10<\/td><td>0.10<\/td><td>0.10<\/td><\/tr><tr><td>Eisen(%) \u2264<\/td><td>0.25<\/td><td>0.25<\/td><td>0.25<\/td><td>0.25<\/td><\/tr><tr><td>Wasser(%) \u2264<\/td><td>0.10<\/td><td>0.10<\/td><td>0.10<\/td><td>0.10<\/td><\/tr><tr><td>\u00d6l(%)\u2264<\/td><td>0.05<\/td><td>0.20<\/td><td>0.25<\/td><td>0.25<\/td><\/tr><tr><td>Kohlenstoff(%)\u2264<\/td><td>0.50<\/td><td>0.50<\/td><td>0.50<\/td><td>0.50<\/td><\/tr><tr><td>S\u00e4urewert \u2264<\/td><td>0.05<\/td><td>0.30<\/td><td>0.30<\/td><td>0.50<\/td><\/tr><\/tbody><\/table>\t\t\t\t\t\t\t\t<\/div>\n\t\t\t\t<\/div>\n\t\t\t\t\t<\/div>\n\t\t<\/div>\n\t\t\t\t\t<\/div>\n\t\t<\/section>\n\t\t\t\t<section data-particle_enable=\"false\" data-particle-mobile-disabled=\"false\" class=\"elementor-section elementor-top-section elementor-element elementor-element-50dfaf4 elementor-section-boxed elementor-section-height-default elementor-section-height-default\" data-id=\"50dfaf4\" data-element_type=\"section\" data-e-type=\"section\">\n\t\t\t\t\t\t<div class=\"elementor-container elementor-column-gap-default\">\n\t\t\t\t\t<div class=\"elementor-column elementor-col-100 elementor-top-column elementor-element elementor-element-d2df5ad\" data-id=\"d2df5ad\" data-element_type=\"column\" data-e-type=\"column\">\n\t\t\t<div class=\"elementor-widget-wrap elementor-element-populated\">\n\t\t\t\t\t\t<div class=\"elementor-element elementor-element-3f1b3c5 elementor-widget elementor-widget-image\" data-id=\"3f1b3c5\" data-element_type=\"widget\" data-e-type=\"widget\" data-widget_type=\"image.default\">\n\t\t\t\t<div class=\"elementor-widget-container\">\n\t\t\t\t\t\t\t\t\t\t\t\t\t\t\t<img decoding=\"async\" width=\"1067\" height=\"1283\" src=\"https:\/\/am-material.com\/wp-content\/uploads\/2024\/05\/\uff2doS2\u3000production.png\" class=\"attachment-full size-full wp-image-7389\" alt=\"\" srcset=\"https:\/\/am-material.com\/wp-content\/uploads\/2024\/05\/\uff2doS2\u3000production.png 1067w, https:\/\/am-material.com\/wp-content\/uploads\/2024\/05\/\uff2doS2\u3000production-249x300.png 249w, https:\/\/am-material.com\/wp-content\/uploads\/2024\/05\/\uff2doS2\u3000production-852x1024.png 852w, https:\/\/am-material.com\/wp-content\/uploads\/2024\/05\/\uff2doS2\u3000production-768x923.png 768w, https:\/\/am-material.com\/wp-content\/uploads\/2024\/05\/\uff2doS2\u3000production-10x12.png 10w\" sizes=\"(max-width: 1067px) 100vw, 1067px\" title=\"\">\t\t\t\t\t\t\t\t\t\t\t\t\t\t\t<\/div>\n\t\t\t\t<\/div>\n\t\t\t\t\t<\/div>\n\t\t<\/div>\n\t\t\t\t\t<\/div>\n\t\t<\/section>\n\t\t\t\t<\/div>","protected":false},"excerpt":{"rendered":"<p>Inquiry Now Molybdenum Disulfide Powder Fineness: 325 mesh \u2013 2500 mesh;PH value: 7-8;Density: 4.8-5.0g\/cm\u00b3;Hardness: 1-1.5;Loss on Ignition: 18-22%;Friction Coefficient: 0.05-0.09.Besides, molybdenum disulfide can be new material for making transistors. Molybdenum disulfide has an energy band gap of 1.8 eV compared to graphene, which is a two-dimensional material, while graphene has no energy bandgap. Moreover, the [&hellip;]<\/p>\n","protected":false},"author":5,"featured_media":0,"parent":0,"menu_order":0,"comment_status":"closed","ping_status":"closed","template":"","meta":{"site-sidebar-layout":"no-sidebar","site-content-layout":"page-builder","ast-site-content-layout":"full-width-container","site-content-style":"default","site-sidebar-style":"default","ast-global-header-display":"","ast-banner-title-visibility":"","ast-main-header-display":"","ast-hfb-above-header-display":"","ast-hfb-below-header-display":"","ast-hfb-mobile-header-display":"","site-post-title":"disabled","ast-breadcrumbs-content":"","ast-featured-img":"disabled","footer-sml-layout":"","ast-disable-related-posts":"","theme-transparent-header-meta":"","adv-header-id-meta":"","stick-header-meta":"","header-above-stick-meta":"","header-main-stick-meta":"","header-below-stick-meta":"","astra-migrate-meta-layouts":"set","ast-page-background-enabled":"default","ast-page-background-meta":{"desktop":{"background-color":"","background-image":"","background-repeat":"repeat","background-position":"center center","background-size":"auto","background-attachment":"scroll","background-type":"","background-media":"","overlay-type":"","overlay-color":"","overlay-opacity":"","overlay-gradient":""},"tablet":{"background-color":"","background-image":"","background-repeat":"repeat","background-position":"center center","background-size":"auto","background-attachment":"scroll","background-type":"","background-media":"","overlay-type":"","overlay-color":"","overlay-opacity":"","overlay-gradient":""},"mobile":{"background-color":"","background-image":"","background-repeat":"repeat","background-position":"center center","background-size":"auto","background-attachment":"scroll","background-type":"","background-media":"","overlay-type":"","overlay-color":"","overlay-opacity":"","overlay-gradient":""}},"ast-content-background-meta":{"desktop":{"background-color":"var(--ast-global-color-5)","background-image":"","background-repeat":"repeat","background-position":"center center","background-size":"auto","background-attachment":"scroll","background-type":"","background-media":"","overlay-type":"","overlay-color":"","overlay-opacity":"","overlay-gradient":""},"tablet":{"background-color":"var(--ast-global-color-5)","background-image":"","background-repeat":"repeat","background-position":"center center","background-size":"auto","background-attachment":"scroll","background-type":"","background-media":"","overlay-type":"","overlay-color":"","overlay-opacity":"","overlay-gradient":""},"mobile":{"background-color":"var(--ast-global-color-5)","background-image":"","background-repeat":"repeat","background-position":"center center","background-size":"auto","background-attachment":"scroll","background-type":"","background-media":"","overlay-type":"","overlay-color":"","overlay-opacity":"","overlay-gradient":""}},"footnotes":""},"folder":[],"class_list":["post-7378","page","type-page","status-publish","hentry"],"_links":{"self":[{"href":"https:\/\/am-material.com\/de\/wp-json\/wp\/v2\/pages\/7378","targetHints":{"allow":["GET"]}}],"collection":[{"href":"https:\/\/am-material.com\/de\/wp-json\/wp\/v2\/pages"}],"about":[{"href":"https:\/\/am-material.com\/de\/wp-json\/wp\/v2\/types\/page"}],"author":[{"embeddable":true,"href":"https:\/\/am-material.com\/de\/wp-json\/wp\/v2\/users\/5"}],"replies":[{"embeddable":true,"href":"https:\/\/am-material.com\/de\/wp-json\/wp\/v2\/comments?post=7378"}],"version-history":[{"count":10,"href":"https:\/\/am-material.com\/de\/wp-json\/wp\/v2\/pages\/7378\/revisions"}],"predecessor-version":[{"id":7393,"href":"https:\/\/am-material.com\/de\/wp-json\/wp\/v2\/pages\/7378\/revisions\/7393"}],"wp:attachment":[{"href":"https:\/\/am-material.com\/de\/wp-json\/wp\/v2\/media?parent=7378"}],"wp:term":[{"taxonomy":"folder","embeddable":true,"href":"https:\/\/am-material.com\/de\/wp-json\/wp\/v2\/folder?post=7378"}],"curies":[{"name":"wp","href":"https:\/\/api.w.org\/{rel}","templated":true}]}}